{"id":1372,"date":"2011-03-25T09:44:34","date_gmt":"2011-03-25T07:44:34","guid":{"rendered":"https:\/\/vana.mybrand.ee"},"modified":"2016-11-03T11:58:17","modified_gmt":"2016-11-03T09:58:17","slug":"nipntuck-first-lady","status":"publish","type":"page","link":"https:\/\/vana.mybrand.ee\/en\/about-us\/koerad-minevikust\/nipntuck-first-lady\/","title":{"rendered":"Nipntuck First Lady"},"content":{"rendered":"<p><\/p>\n<table border=\"0\">\n<tbody>\n<tr>\n<td valign=\"top\">\n<p><img loading=\"lazy\" decoding=\"async\" class=\"ngg-singlepic ngg-none\" src=\"https:\/\/vana.mybrand.ee\/\/wp-content\/gallery\/nipntuck-first-lady\/baby3.jpg\" alt=\"Nipntuck First Lady\" width=\"400\" height=\"300\" \/><em> <\/em><\/p>\n<p><em><br \/>\n <\/em><\/p>\n<\/td>\n<td valign=\"top\">\n<h3>&#8220;Emma&#8221;<\/h3>\n<p>black female (BBEe, carries yellow)<br \/>\n DoB: 20.12.2010<br \/>\n Breeder Becky Dannaker, USA<\/p>\n<p><em>* 13 weeks old in the photo<\/em><\/p>\n<h4>HEALTH RECORD:<\/h4>\n<ul>\n<li>hips A\/A, <\/li>\n<li>elbows 0:0<\/li>\n<li>Eyes Clear (Febr&#8217;12)<\/li>\n<li>Optigen prcd-PRA Normal\/Clear by parentage.<\/li>\n<li>EIC Clear N\/N (by parentage)<\/li>\n<li><a href=\"http:\/\/register.kennelliit.ee\/reg\/index.php?page=dogCard&amp;dogId=143844\" target=\"_blank\">In EKU database \u00bb<\/a><\/li>\n<\/ul>\n<p><em> <\/em><\/p>\n<\/td>\n<\/tr>\n<\/tbody>\n<\/table>\n<ul>\n<li><strong>Estonian Champion<\/strong><\/li>\n<li><strong>Estonian Junior Champion<\/strong><\/li>\n<li><strong>Tallinn Junior Winner&#8217;12<\/strong><\/li>\n<li><strong>Tallinn Winner&#8217;12<\/strong><\/li>\n<\/ul>\n<p>After a long waiting we can finally welcome this beautiful puppy from kennel Nipntuck! Over the years we&#8217;ve admired the puppies of her mother and now we have one of our own, I just can&#8217;t believe it \ud83d\ude42<\/p>\n<ul>\n<li>Thank You, Becky, for trusting us this lovely puppy! We love her!<\/li>\n<li>Also I would like to thank Kirsi, Mary, Michael and Fabian for your huge help! Thank You!<\/li>\n<li>And last but not the least &#8211; thank You, Elen, for bringing this baby over the ocean!<\/li>\n<\/ul>\n<p><img decoding=\"async\" class=\"ngg-singlepic ngg-none\" src=\"https:\/\/vana.mybrand.ee\/\/wp-content\/gallery\/nipntuck-first-lady\/img_6386-bw-web.jpg\" alt=\"img_6386-bw-web\" \/><\/p>\n<h4>PEDIGREE:<\/h4>\n<table class=\"tree\" style=\"border: 1px solid #969696; background-color: #dfe1c8;\" border=\"1\">\n<tbody>\n<tr>\n<td class=\"tree\" style=\"width: 25%;\" rowspan=\"8\">Banbury Vincent<br \/>\n Optigen <span style=\"color: #444444;\"> <\/span>prcd-PRA Normal\/Clear (USA)<\/td>\n<td class=\"tree\" style=\"width: 25%;\" rowspan=\"4\">AM CH Puckett&#8217;s Andre   at Dickendall<br \/>\n (USA)<span style=\"color: #444444;\"> <\/span><\/td>\n<td class=\"tree\" style=\"width: 25%;\" rowspan=\"2\">AM CH Dickendall Arnold<\/td>\n<td class=\"tree\" style=\"width: 25%;\">AM CH Dickendalls Ruffy SH<\/td>\n<\/tr>\n<tr>\n<td class=\"tree\" style=\"width: 25%;\">Dickendall A-HA<\/td>\n<\/tr>\n<tr>\n<td class=\"tree\" style=\"width: 25%;\" rowspan=\"2\">Pucketts Bunnie of   Rosehill<\/td>\n<td class=\"tree\" style=\"width: 25%;\">Follytower Man O&#8217;War<\/td>\n<\/tr>\n<tr>\n<td class=\"tree\" style=\"width: 25%;\">Dickendall H of Criner Hills<\/td>\n<\/tr>\n<tr>\n<td class=\"tree\" style=\"width: 25%;\" rowspan=\"4\">Banbury&#8217;s After While   Crocodile<br \/>\n (USA)<span style=\"color: #444444;\"> <\/span><\/td>\n<td class=\"tree\" style=\"width: 25%;\" rowspan=\"2\">NL                                        CH NLV CV&#8217;99 NORD W&#8217;99 Trendmaker&#8217;s Tycoon<\/td>\n<td class=\"tree\" style=\"width: 25%;\">INT                                        S SF DK CH Trendmaker&#8217;s Mugwump<\/td>\n<\/tr>\n<tr>\n<td class=\"tree\" style=\"width: 25%;\">Trendmaker&#8217;s                                        Traffic Jam<\/td>\n<\/tr>\n<tr>\n<td class=\"tree\" style=\"width: 25%;\" rowspan=\"2\">Banbury See Ya   Later Alligater<\/td>\n<td class=\"tree\" style=\"width: 25%;\">AM CH Dickendall Arnold<\/td>\n<\/tr>\n<tr>\n<td class=\"tree\" style=\"width: 25%;\">Dickendall Buckstone Toodaloo<\/td>\n<\/tr>\n<tr>\n<td class=\"tree\" style=\"width: 25%;\" rowspan=\"8\">Nipntuck Boot Scootin&#8217;<br \/>\n (USA)<\/td>\n<td class=\"tree\" style=\"width: 25%;\" rowspan=\"4\">BISS CH Sure Shot Hyspire Impressive<br \/>\n (USA)<\/td>\n<td class=\"tree\" style=\"width: 25%;\" rowspan=\"2\">AM CH Windfall&#8217;s Pipe Major<\/td>\n<td class=\"tree\" style=\"width: 25%;\">GB CH BISS CH Hyspire Darktown Strutter<\/td>\n<\/tr>\n<tr>\n<td class=\"tree\" style=\"width: 25%;\">BISS CH Windfall Black Piper<\/td>\n<\/tr>\n<tr>\n<td class=\"tree\" style=\"width: 25%;\" rowspan=\"2\">AM CH Hyspire Pipin Hot<\/td>\n<td class=\"tree\" style=\"width: 25%;\">AM CH Windfall&#8217;s Pipe Major<\/td>\n<\/tr>\n<tr>\n<td class=\"tree\" style=\"width: 25%;\">HySpire Somethings Amiss<\/td>\n<\/tr>\n<tr>\n<td class=\"tree\" style=\"width: 25%;\" rowspan=\"4\">BISS CH Blackwaters Nipntuck Cheerleader<br \/>\n (USA)<\/td>\n<td class=\"tree\" style=\"width: 25%;\" rowspan=\"2\">AM CH Tabatha&#8217;s Nipntuck You Are It<\/td>\n<td class=\"tree\" style=\"width: 25%;\">Scent Trails Tug of War<\/td>\n<\/tr>\n<tr>\n<td class=\"tree\" style=\"width: 25%;\">CH Tabatha&#8217;s Morning Chat<\/td>\n<\/tr>\n<tr>\n<td class=\"tree\" style=\"width: 25%;\" rowspan=\"2\">Blackwater&#8217;s Remarkable<\/td>\n<td class=\"tree\" style=\"width: 25%;\">BISS CH Nipntuck Arncha Bold JH CD<\/td>\n<\/tr>\n<tr>\n<td class=\"tree\" style=\"width: 25%;\">Blackwater&#8217;s Rose of Cimarron<\/td>\n<\/tr>\n<\/tbody>\n<\/table>\n<p><br class=\"spacer_\" \/><\/p>\n<h2>Work results:<\/h2>\n<ul>\n<li>Passed the Water Duck Test with III grade = International Working Certificate. <\/li>\n<\/ul>\n<h2>Show results:<\/h2>\n<ul>\n<li>Tartu 11.1.2015: Winner of Open Class, CQ, Best Female, CC = EST CH, BOS (Anthony Kelly, IRE)<\/li>\n<li>Tartu 10.1.2015: II in Open Class, CQ, Best Female-3 (Jose Vidal Montero, Spain)<\/li>\n<li>Labrador Specialty 3.8.2013: Winner of Working Class, CQ (Lene Johansen, DK)<\/li>\n<li>Retrieverite Specialty 1.6.2013: II in Open Class, CQ (Saskia Rahtenau-Beijerman, NL)<\/li>\n<li>Tartu National 13.01.2013: II in Open Class, CQ, Best Female-4 (Ligita Zake, LV)<\/li>\n<li>Tartu National 12.01.2013: Open Class Winner, CQ, Best Female-4 (Helin Kasuk-Tenson, EST)<\/li>\n<li>Retriever Specialty 2012: <\/li>\n<li>Tallinn Winner&#8217;12 15.04.2012: Best of Breed Junior, Junior-CC, Best Female, BOS (Helin Kasuk-Tenson, EST)<\/li>\n<li>Tallinn International 12.02.2012: Best of Breed Junior, Junior CC (Alexey Belkin, RUS)<\/li>\n<li>Retriever Specialty 1.10.2011: II in Junior Class, Junior CC (Beppe Masia, ITA)<\/li>\n<li>Viimsi 17.07.2011: Best of Breed Puppy, Promotion Prize (Istvan Nagy, SER)<\/li>\n<li>Viimsi 16.07.2011: Best of Breed Puppy, Promotion Prize.<\/li>\n<li>Labrador Specialty 3.6.2011: 2nd place in a very strong Baby Class (Manuel Queijeiro, MEX)<\/li>\n<\/ul>\n<h2>Judges about her:<\/h2>\n<p><strong>Anthony Kelly<\/strong> (IRE) <em>&#8220;Escellent head, lovely expression,  correct eye &amp; muzzle, good depth of chest &amp; foreleg very good,  neck OK &amp; good shoulder placement, good topline &amp; depth of body,  hind angulations and hocks good, coat good, movement good, plenty of  drive, could be little steadier, temperament ok.&#8221;<\/em><\/p>\n<p><strong>Jose Vidal Montero <\/strong>(SP) <em>&#8220;Escellent head, good expression, feminine, good substance, good bones, excellent chest, topline and angulations, good mover.&#8221;<\/em><\/p>\n<p><strong>Lene Johansen <\/strong>(kennel Dee-Fair, DK) <em>&#8220;Excellent type, lovely head and expression, good neck, short coat, good texture, good topline, strog bone and feet, excellent hocks, sound mover.&#8221;<\/em><\/p>\n<p><strong>Saskia Rathenau-Beijerman, NL: <\/strong><em>&#8220;2,5 years old black, showing lots of temperament, typical head and expression and angulations, body OK, super coat, happy tail, correct bones and movement.&#8221;<\/em><\/p>\n<p><em> <\/em><strong>Helin Kasuk-Tenson <\/strong>(EST):<em>&#8220;Suurep\u00e4rast t\u00fc\u00fcpi, feminiinne, kaunis pea ja ilme, suurep\u00e4rane \u00fcla- ja alaliin, v\u00e4ga head esi- ja taganurgad, \u00f5ige asetusega \u00f5ieti kantud saba, v\u00e4ga hea temperament, suurep\u00e4rane esitlus, vaba liikumine.&#8221;<\/em><\/p>\n<p><em> <\/em><strong>Beppe Masia<\/strong> (kennel Masialab, ITA):<em> &#8220;Very showy black female,  good head, broad scull, good depth of chest, ribs and briscet, correct  topline and tailset, round feet, hocks well set down, moved soundly.&#8221;<\/em> &#8211; II place in Junior Class, Junior-CC.<\/p>\n<p><strong>Manuel Queijeiro <\/strong>(kennel Queijeiro, MEX): &#8220;Very good breed type, excellent head, very good front angulation, excellent coat, very good balance.&#8221; &#8211; 2nd in Baby Class at the Labrador Specialty.<\/p>\n<p><a name=\"gallery\"><\/a>ngg_shortcode_0_placeholder<\/p>\n<p><\/p>","protected":false},"excerpt":{"rendered":"<p>&#8220;Emma&#8221; black female (BBEe, carries yellow) DoB: 20.12.2010 Breeder Becky Dannaker, USA * 13 weeks old in the photo HEALTH RECORD: hips A\/A, elbows 0:0 Eyes Clear (Febr&#8217;12) Optigen prcd-PRA Normal\/Clear by parentage. EIC Clear N\/N (by parentage) In EKU database \u00bb Estonian Champion Estonian Junior Champion Tallinn Junior Winner&#8217;12 Tallinn Winner&#8217;12 After a long [&hellip;]<\/p>\n","protected":false},"author":1,"featured_media":0,"parent":5477,"menu_order":0,"comment_status":"closed","ping_status":"closed","template":"","meta":{"ngg_post_thumbnail":0,"footnotes":""},"class_list":["post-1372","page","type-page","status-publish","hentry"],"_links":{"self":[{"href":"https:\/\/vana.mybrand.ee\/en\/wp-json\/wp\/v2\/pages\/1372","targetHints":{"allow":["GET"]}}],"collection":[{"href":"https:\/\/vana.mybrand.ee\/en\/wp-json\/wp\/v2\/pages"}],"about":[{"href":"https:\/\/vana.mybrand.ee\/en\/wp-json\/wp\/v2\/types\/page"}],"author":[{"embeddable":true,"href":"https:\/\/vana.mybrand.ee\/en\/wp-json\/wp\/v2\/users\/1"}],"replies":[{"embeddable":true,"href":"https:\/\/vana.mybrand.ee\/en\/wp-json\/wp\/v2\/comments?post=1372"}],"version-history":[{"count":0,"href":"https:\/\/vana.mybrand.ee\/en\/wp-json\/wp\/v2\/pages\/1372\/revisions"}],"up":[{"embeddable":true,"href":"https:\/\/vana.mybrand.ee\/en\/wp-json\/wp\/v2\/pages\/5477"}],"wp:attachment":[{"href":"https:\/\/vana.mybrand.ee\/en\/wp-json\/wp\/v2\/media?parent=1372"}],"curies":[{"name":"wp","href":"https:\/\/api.w.org\/{rel}","templated":true}]}}