{"id":144,"date":"2011-02-04T01:15:41","date_gmt":"2011-02-03T23:15:41","guid":{"rendered":"https:\/\/vana.mybrand.ee"},"modified":"2016-11-03T12:49:51","modified_gmt":"2016-11-03T10:49:51","slug":"my-brand-miss-sunshine","status":"publish","type":"page","link":"https:\/\/vana.mybrand.ee\/en\/about-us\/koerad-minevikust\/my-brand-miss-sunshine\/","title":{"rendered":"My Brand Miss Sunshine"},"content":{"rendered":"<p><\/p>\n<table border=\"0\">\n<tbody>\n<tr>\n<td valign=\"top\">\n<p><img loading=\"lazy\" decoding=\"async\" class=\"ngg-singlepic ngg-none\" src=\"https:\/\/vana.mybrand.ee\/\/wp-content\/gallery\/my-brand-miss-sunshine\/fiona-2years.jpg\" alt=\"My Brand Miss Sunshine (2 years of age)\" width=\"400\" height=\"300\" \/><\/p>\n<\/td>\n<td valign=\"top\">\n<h3>&#8220;Fiona&#8221;<\/h3>\n<p>black female (BbEE, carries chocolate)<br \/>\n born: 5.07.2009<\/p>\n<ul>\n<li>hips A\/B, <\/li>\n<li>elbows 0:0, <\/li>\n<li>eyes clear (Feb&#8217;11)<\/li>\n<li>Optigen prcd-PRA Clear by Parentage.<\/li>\n<li>EIC N\/N (Clear).<\/li>\n<\/ul>\n<p>Full dentition.<\/p>\n<p><a href=\"http:\/\/register.kennelliit.ee\/reg\/index.php?page=dogCard&amp;dogId=115816\" target=\"_blank\">In database \u00bb<\/a><\/p>\n<p><em>* 23 months old on the photo. More photos of Fiona in her <a href=\"#gallery\">gallery<\/a>.<\/em><\/p>\n<\/td>\n<\/tr>\n<\/tbody>\n<\/table>\n<ul>\n<li><strong>Estonian &amp; Latvian Junior Champion, <\/strong><\/li>\n<li><strong>International Working Certificate.<\/strong><\/li>\n<\/ul>\n<p>Fiona is from Mokka&#8217;s one and only litter which was sired by Mallorn&#8217;s Romeo. Fiona is and easy dog to live with just like her mother.<\/p>\n<p>She never was any trouble as a puppy. Now she loves to work and play, has a good nose and is so hard trying to please. She is one of my favourites dog to go ride the bicycle with as her movement is easy and harmonic and she can trot beautifully in any tempo.<\/p>\n<p>She passed the retriever breed trials in September 2010, at the age of 14 months.<\/p>\n<p><em>* at the moment Fiona is residing in Poland, in <a href=\"http:\/\/www.aquarelle.pl\/\" target=\"_blank\">kennel Aquarelle<\/a>, where she will hopefully have a nice litter and gain some nice results from the shows as well. <br \/>\n<\/em><\/p>\n<p><img decoding=\"async\" class=\"ngg-singlepic ngg-none\" src=\"https:\/\/vana.mybrand.ee\/\/wp-content\/gallery\/my-brand-miss-sunshine\/fiona-21m.jpg\" alt=\"fiona-21m\" \/><\/p>\n<p><strong>FIONA&#8217;S PEDIGREE:<\/strong><\/p>\n<table class=\"tree\" style=\"border: 1px solid #969696; background-color: #dfe1c8;\" border=\"1\">\n<tbody>\n<tr>\n<td class=\"tree\" style=\"width: 25%;\" rowspan=\"8\">Mallorn&#8217;s Romeo<br \/>\n HD A\/A ED 0:0, eyes clear, Optigen prcd-PRA Normal\/Clear <br \/>\n (FIN)<\/td>\n<td class=\"tree\" style=\"width: 25%;\" rowspan=\"4\">Visions I&#8217;m Able<br \/>\n HD: OFA good, ED: OFA normal, eyes clear<br \/>\n (USA)<\/td>\n<td class=\"tree\" style=\"width: 25%;\" rowspan=\"2\">Multi BISS AM CH Sounder&#8217;s Hear Me Roar<\/td>\n<td class=\"tree\" style=\"width: 25%;\">Guideline&#8217;s                              Fat Cat<\/td>\n<\/tr>\n<tr>\n<td class=\"tree\" style=\"width: 25%;\">Sounder&#8217;s                              Vada Of Somis<\/td>\n<\/tr>\n<tr>\n<td class=\"tree\" style=\"width: 25%;\" rowspan=\"2\">AM CH Kelleygreen                              Amazing Grace<\/td>\n<td class=\"tree\" style=\"width: 25%;\">Visions                              American Express<\/td>\n<\/tr>\n<tr>\n<td class=\"tree\" style=\"width: 25%;\">Kelleygreen                              Starling<\/td>\n<\/tr>\n<tr>\n<td class=\"tree\" style=\"width: 25%;\" rowspan=\"4\">Rosanan La Rosa<br \/>\n HD A\/B ED 0:0, silmad puhtad, Optigen B <br \/>\n (FIN)<\/td>\n<td class=\"tree\" style=\"width: 25%;\" rowspan=\"2\">Mallorn&#8217;s Arcturus<\/td>\n<td class=\"tree\" style=\"width: 25%;\">FIN CH                              Mallorn&#8217;s Shenandigan<\/td>\n<\/tr>\n<tr>\n<td class=\"tree\" style=\"width: 25%;\">FIN CH                              Boothgates Miz Showbusiness<\/td>\n<\/tr>\n<tr>\n<td class=\"tree\" style=\"width: 25%;\" rowspan=\"2\">Rosanan                              Desert Rose<\/td>\n<td class=\"tree\" style=\"width: 25%;\">FIN                              CH Junior-WW&#8217;98 Rosanan Chelsea Bun<\/td>\n<\/tr>\n<tr>\n<td class=\"tree\" style=\"width: 25%;\">FIN CH                              Rosanan Purple Rose<\/td>\n<\/tr>\n<tr>\n<td class=\"tree\" style=\"width: 25%;\" rowspan=\"8\">FIN EST LV LTU BALT RUS CH FIN JW&#8217;03 Mallorn&#8217;s Terracotta<br \/>\n HD A\/A ED 1:1 eyes clear, Optigen prcd-PRA Normal\/Clear <br \/>\n (FIN)<\/td>\n<td class=\"tree\" style=\"width: 25%;\" rowspan=\"4\">SW W&#8217;01 NORW FIN SW SH CH Tjotte&#8217;s Broken Arrow<br \/>\n HD A\/A ED 0:0 <br \/>\n (SW)<\/td>\n<td class=\"tree\" style=\"width: 25%;\" rowspan=\"2\">NORW SW                              SH CH Mambrino&#8217;s Harvey<\/td>\n<td class=\"tree\" style=\"width: 25%;\">GB CH Cambremer                              Tom Cobbley of Charway<\/td>\n<\/tr>\n<tr>\n<td class=\"tree\" style=\"width: 25%;\">N CH KBHV&#8217;98 Mambrino&#8217;s Veslem\u00f6y<\/td>\n<\/tr>\n<tr>\n<td class=\"tree\" style=\"width: 25%;\" rowspan=\"2\">NORD FIN                              SW NORW CH Tjotte&#8217;s Babysitter&#8217;s Nightmare<\/td>\n<td class=\"tree\" style=\"width: 25%;\">AM CAN CH Banner&#8217;s Muskelunge Buckeye<\/td>\n<\/tr>\n<tr>\n<td class=\"tree\" style=\"width: 25%;\">NORW SW SH CH Imp&#8217;s Strictly Business<\/td>\n<\/tr>\n<tr>\n<td class=\"tree\" style=\"width: 25%;\" rowspan=\"4\">Mallorn&#8217;s MMM Marabou<br \/>\n HD B\/B ED 0:0 <br \/>\n (FIN)<\/td>\n<td class=\"tree\" style=\"width: 25%;\" rowspan=\"2\">FIN CH Loresho Ozzie<\/td>\n<td class=\"tree\" style=\"width: 25%;\">INT FIN EST CH Bubbling Churchill<\/td>\n<\/tr>\n<tr>\n<td class=\"tree\" style=\"width: 25%;\">FIN CH                              Mallorn&#8217;s Jersey Sour<\/td>\n<\/tr>\n<tr>\n<td class=\"tree\" style=\"width: 25%;\" rowspan=\"2\">FIN CH                              Boothgates Miz Showbusiness<\/td>\n<td class=\"tree\" style=\"width: 25%;\">Brandhams                              Show Stopper<\/td>\n<\/tr>\n<tr>\n<td class=\"tree\" style=\"width: 25%;\">Oulsmi                              Endless Love<\/td>\n<\/tr>\n<\/tbody>\n<\/table>\n<p><br class=\"spacer_\" \/><\/p>\n<h2>SHOW RESULTS<\/h2>\n<ul>\n<li> National Show in Poland: 22.01.2012: Winner of her Class, CC (Siv Sando, NOR)<\/li>\n<li>Labrador Specialty 3.6.2011: 2nd in Working Class, traveling trophy for the best working dog born in Estonia (Manuel Queijeiro, MEX)<\/li>\n<li>Kingissepp 2.04.2011: winner of Intermediate Class, CC (Olga A Gracheva, RUS).<\/li>\n<li>INT Tallinn, 13.02.2011: 2nd in intermediate class, 4th to compete to CC (Dusan Paunovic, SER).<\/li>\n<li>European Winner 3.10.2010: &#8220;excellent&#8221; in Junior Class (Tina Hermann, SLO).<\/li>\n<li>Slovenian Club Show 2.10.2010: 3rd in Junior Class (Margaret Brown, GB).<\/li>\n<li>Minsk INT 28.08.2010: &#8220;excellent&#8221; in Junior Class (Maria-Luise Doppelreiter (AUS)<\/li>\n<li>Minsk INT 29.08.2010: &#8220;excellent&#8221; in Junior Class (Zhanna Bondar, BLR)<\/li>\n<li>Viimsi 1.08.10: Winner of Junior Class, Junior CC, BOS-Junior, Best Female and BOS.<\/li>\n<li>Viimsi 31.07.10: Winner of Junior Class, Junior CC, BOS-Junior, Best Female-2 = Estonian and Latvian Junior Champion!<\/li>\n<li>Haapsalu 18.07.10: 2nd in Junior Class, Junior CC,<\/li>\n<li>P\u00e4rnu INT 17.07.10: Winner of the Junior Class, Junior CC (Vera Smirnova, EST).<\/li>\n<li>Luige National 3.07.10: 2nd in Junior Class and Best Female 2 (Galina Zhuk).<\/li>\n<li>Labrador Specialty Orivesi 13.06.2010: &#8220;excellent&#8221; in Junior Class (Andrew Brown, UK).<\/li>\n<li>8th Group Show 22.05.10: 2nd in Junior Class (Saija Juutilainen, FIN).<\/li>\n<li>Latvian Retriever Specialty 11.04.10: Junior Class Winner with Junior CC (Andrzej St\u0119pi\u0144ski, POL).<\/li>\n<li>Rakvere 10.04.2010: 3rd in Junior Class (Hannele Jokisilta, FIN).<\/li>\n<li>Tallinn National 6.03.10: Best of Breed Puppy (Matti Tuominen, FIN).<\/li>\n<li>Tallinn INT 14.02.10: Best of Breed Puppy (Tino Pehar, CR).<\/li>\n<li>Puppy Show 5.12.09: Best of Breed Puppy.<\/li>\n<\/ul>\n<ul style=\"list-style-image: url(\/wp-content\/gallery\/web\/bullet_gold.gif?1912582694);\">\n<\/ul>\n<h2>WORK RESULTS<\/h2>\n<p>Qualified at the field 18.09.2010 (judge Risto Aaltonen, FIN) = International Working Certificate.<\/p>\n<p><img decoding=\"async\" class=\"ngg-singlepic ngg-none\" src=\"https:\/\/vana.mybrand.ee\/\/wp-content\/gallery\/my-brand-miss-sunshine\/fiona-head2-14m.jpg\" alt=\"fiona-head2-14m\" \/><\/p>\n<h2>JUDGES ABOUT FIONA:<\/h2>\n<p><strong>Manuel Queijeiro <\/strong>(Mexico) &#8220;Very good breed type, good neck and shoulders, good topline and tailset.&#8221; 2nd in Working Class at the Labrador Specialty 2011.<\/p>\n<p><strong>Dusan Paunovic<\/strong> (Serbia) &#8220;1,5 years old, correct size, female  proportion, correct female head, good neck, good chest and bones, enough  correct topline, good angulations behind, a bit close behind when  moving, sound from silhouette, nice temperament&#8221; &#8211; 2nd in Intermediate  Class.<\/p>\n<p><strong>Margaret Brown<\/strong> (UK) &#8220;Well balanced black,  excellent condition, Stands foresquear, excellent topline and tailset,  although on the move she carries it higher than ideal. Her many  qualities out &#8230;?, first class coat, moved soundly, quality bitch.&#8221; &#8211;  3nd in Junior Class, Slovenian Club Show 02.10.2010.<\/p>\n<p><strong>Les Chambers<\/strong> (IRE) &#8220;11 months old black bitch, good head, neck  and shoulder placement, good depth of chest, good angulation front and  rear, overall very balanced dog.&#8221; EXC\/2 in Junior Class, Junior CC, Haapsalu 18.07.2010.<\/p>\n<p><strong>Vera Smirnova <\/strong>(EST) &#8220;Suurep\u00e4rane t\u00fc\u00fcp, head proportsioonid, ilus  feminiinne pea, kaunis kael, tugev selg, suurep\u00e4rane esirind, mahukas  rindkere, head nurgad, t\u00f5uline liikumine.&#8221; &#8211; Winner of Junior Class, Junior CC, P\u00e4rnu.<\/p>\n<p><strong>Saija Juutilainen<\/strong> (Finland) &#8220;nice bitch with lovely outlines,  proper bones, good spring of ribs, promising forechest, narrow scull,  lovely topline, tailset, correct angulations, strong feet, moves with  excellent drive, carries tail correctly, holding topline, happy  temperament.&#8221; &#8211; 2nd in Junior Class, Luige 8th Group Show 22.05.2010.<\/p>\n<p><strong>Tino Pehar<\/strong> (CR) &#8220;7 months old, excellent size and proportions,  nice strong bones, correct head, excellent body structure, nice barrel  chest, correct forechest, excellent movement for her age.&#8221; &#8211; Best of  Breed Puppy Tallinn INT 14.02.2010<\/p>\n<p><strong>Matti Tuominen <\/strong>(Finland) &#8220;excellent type, excellent  proportions, lovely temperament, a bit round eyes, enough bones, good  neck and topline, well presented.&#8221; &#8211; Best of Breed Puppy.<\/p>\n<p><strong>FIONA&#8217;S GALLERY:<\/strong><\/p>\n<p><a name=\"gallery\"><\/a><a name=\"gallery\"><\/a>ngg_shortcode_0_placeholder<\/p>\n<p><\/p>","protected":false},"excerpt":{"rendered":"<p>&#8220;Fiona&#8221; black female (BbEE, carries chocolate) born: 5.07.2009 hips A\/B, elbows 0:0, eyes clear (Feb&#8217;11) Optigen prcd-PRA Clear by Parentage. EIC N\/N (Clear). Full dentition. In database \u00bb * 23 months old on the photo. More photos of Fiona in her gallery. Estonian &amp; Latvian Junior Champion, International Working Certificate. Fiona is from Mokka&#8217;s one [&hellip;]<\/p>\n","protected":false},"author":1,"featured_media":0,"parent":5477,"menu_order":0,"comment_status":"closed","ping_status":"closed","template":"","meta":{"ngg_post_thumbnail":0,"footnotes":""},"class_list":["post-144","page","type-page","status-publish","hentry"],"_links":{"self":[{"href":"https:\/\/vana.mybrand.ee\/en\/wp-json\/wp\/v2\/pages\/144","targetHints":{"allow":["GET"]}}],"collection":[{"href":"https:\/\/vana.mybrand.ee\/en\/wp-json\/wp\/v2\/pages"}],"about":[{"href":"https:\/\/vana.mybrand.ee\/en\/wp-json\/wp\/v2\/types\/page"}],"author":[{"embeddable":true,"href":"https:\/\/vana.mybrand.ee\/en\/wp-json\/wp\/v2\/users\/1"}],"replies":[{"embeddable":true,"href":"https:\/\/vana.mybrand.ee\/en\/wp-json\/wp\/v2\/comments?post=144"}],"version-history":[{"count":0,"href":"https:\/\/vana.mybrand.ee\/en\/wp-json\/wp\/v2\/pages\/144\/revisions"}],"up":[{"embeddable":true,"href":"https:\/\/vana.mybrand.ee\/en\/wp-json\/wp\/v2\/pages\/5477"}],"wp:attachment":[{"href":"https:\/\/vana.mybrand.ee\/en\/wp-json\/wp\/v2\/media?parent=144"}],"curies":[{"name":"wp","href":"https:\/\/api.w.org\/{rel}","templated":true}]}}