{"id":3316,"date":"2014-01-03T15:54:22","date_gmt":"2014-01-03T13:54:22","guid":{"rendered":"https:\/\/vana.mybrand.ee"},"modified":"2023-09-26T11:41:03","modified_gmt":"2023-09-26T09:41:03","slug":"tawastways-snowholic","status":"publish","type":"page","link":"https:\/\/vana.mybrand.ee\/en\/about-us\/koerad-minevikust\/tawastways-snowholic\/","title":{"rendered":"CH Tawastway\u2019s Snowholic ~Robbie~"},"content":{"rendered":"<p><img loading=\"lazy\" decoding=\"async\" class=\"alignnone\" src=\"https:\/\/vana.mybrand.ee\/wp-content\/gallery\/tawastways-snowholic\/251216-Tawastways-Snowholic_12.jpg\" alt=\"Tawastway's Snowholic\" width=\"1000\" height=\"750\"><\/p>\n<p><strong>ESTONIAN CHAMPION<br \/>\n<\/strong><strong>ESTONIAN JUNIOR CHAMPION<br \/>\nRUSSIAN JUNIOR CHAMPION<br \/>\n<\/strong><strong>JUNIOR WINNER TALLINN WINTER CUP&#8217;15<br \/>\n<\/strong><strong>WINNER TALLINN WINTER CUP&#8217;15<\/strong><strong>QUALIFIED IN THE FIELD &#8211; INTERNATIONAL WORKING CERTIFICATE<\/strong><\/p>\n<h2>Tawastway\u2019s Snowholic &#8220;Robbie&#8221;<\/h2>\n<p><em>3 years old on the photo<\/em><\/p>\n<p>yellow male (eeBB, does not carry chocolate)<br \/>\nDoB: 21.10.2013<br \/>\nBreeder P\u00e4ivi Hoffren, Finland<br \/>\nCo-owner Ele P\u00e4rnpuu, P\u00e4rnu<\/p>\n<h4>CLEARANCES<em><br \/>\n<\/em><\/h4>\n<ul>\n<li>hips A\/A<\/li>\n<li>elbows 0:0<\/li>\n<li>Eyes Clear (Sept 2021)<\/li>\n<li>Cardiac Echo Doppler Normal\/Clear (Sept 2021)<\/li>\n<li>full dentition<\/li>\n<li>prcd-PRA Clear By Parentage.<\/li>\n<li>EIC Clear by parentage (N\/N)<\/li>\n<li>HNPK (Hereditary Nasal Parakeratosis) Clear (N\/N)<\/li>\n<li>CNM (Centronuclear Myopathy) Clear (n\/n)<\/li>\n<li>CY (Cystinuria) Clear (n\/n)<\/li>\n<li>DM (Degenerative Myelopathy) Clear (n\/n)<\/li>\n<li>HUU (Hyperuricosuria) Clear (n\/n)<\/li>\n<li>PKD (Pyruvate Kinase Deficiency) Clear (n\/n)<\/li>\n<li><a href=\"http:\/\/jalostus.kennelliitto.fi\/frmKoira.aspx?RekNo=FI55825\/13&amp;R=122\" target=\"_blank\" rel=\"noopener\">in the Finnish database \u00bb<\/a><\/li>\n<li><a href=\"http:\/\/register.kennelliit.ee\/index.php?page=dogCard&amp;dogId=194034\" target=\"_blank\" rel=\"noopener\">In EKU database \u00bb<\/a><\/li>\n<\/ul>\n<p><img loading=\"lazy\" decoding=\"async\" class=\"alignnone\" src=\"https:\/\/vana.mybrand.ee\/wp-content\/gallery\/tawastways-snowholic\/251216-Tawastways-Snowholic_20.jpg\" alt=\"\" width=\"1000\" height=\"667\"><\/p>\n<p><img decoding=\"async\" class=\"aligncenter\" title=\"\" src=\"https:\/\/vana.mybrand.ee\/wp-content\/gallery\/web\/title-bg.png\" alt=\"\"><\/p>\n<h4>LIFE WITH ROBBIE<\/h4>\n<p>Photos and pedigree of this cute little boy kept me awake, so it was inevitable, that he just had to come to live with us. He arrived at Christmas 2013. His father is POL JCH JW&#8217;11 SW SH CH Seawind Polish Poker (born in USA, living in Europe) and his mother is beautiful C.I.B. FI EE SW CH Tealway Early Bird.<\/p>\n<p><span style=\"color: #ff0000;\"><strong>NEWS FLASH!<\/strong> <\/span>On his 5th official show out and being just 14 months old, Robbie won the BEST IN SHOW at all-breed show in Tartu 11.1.2015! On the same show he also won the title of BEST IN SHOW JUNIOR! This does not happen often for a Labrador and I am grateful for the judges, who recognized him at this tender age!<\/p>\n<p>First litter by Robbie arrived in January 2015, dam being MY BRAND KISS FROM A ROSE. More info and photos on the page &#8220;puppies&#8221;.<\/p>\n<p>Robbie is a proud sire of man beautiful litters in Russia, Finland and Estonia. His health clearances have been excellent and his semen has been evaluated in September 2021 and it is in excellent shape.<\/p>\n<p><strong>PEDIGREE<\/strong><\/p>\n<table class=\"tree\" cellpadding=\"1\" border=\"1\">\n<tbody>\n<tr>\n<td class=\"tree\" style=\"width: 25%; border-color: #3a3a3a; text-align: left; vertical-align: middle;\" rowspan=\"8\">SW SH CH POL JCH JW&#8217;11 NL CH C.I.B. Seawinds Polish Poker<br \/>\nHD A\/A, ED 0:0, Optigen prcd-PRA Normal\/Clear, EIC Clear (N\/N)<br \/>\n(USA)<\/td>\n<td class=\"tree\" style=\"width: 25%; border-color: #3a3a3a; text-align: left; vertical-align: middle;\" rowspan=\"4\">BISS CH Wit&#8217;s End Jacks Or Better At Blackwing<br \/>\n(USA)<\/td>\n<td class=\"tree\" style=\"width: 25%; border-color: #3a3a3a; text-align: left; vertical-align: middle;\" rowspan=\"2\">BISS CH Blackwing Superfine<\/td>\n<td class=\"tree\" style=\"width: 25%; border-color: #3a3a3a; text-align: left; vertical-align: middle;\">BISS CH Blackwing Santee<\/td>\n<\/tr>\n<tr>\n<td class=\"tree\" style=\"width: 25%; border-color: #3a3a3a; text-align: left; vertical-align: middle;\">AM CH Blackwing Super Freak<\/td>\n<\/tr>\n<tr>\n<td class=\"tree\" style=\"width: 25%; border-color: #3a3a3a; text-align: left; vertical-align: middle;\" rowspan=\"2\">AM CH Wit&#8217;s End Vegas Showgirl<\/td>\n<td class=\"tree\" style=\"width: 25%; border-color: #3a3a3a; text-align: left; vertical-align: middle;\">AM CH Rozzay Hunt Club Clayview Grady<\/td>\n<\/tr>\n<tr>\n<td class=\"tree\" style=\"width: 25%; border-color: #3a3a3a; text-align: left; vertical-align: middle;\">AM CH Windfalls Lubberline Regatta<\/td>\n<\/tr>\n<tr>\n<td class=\"tree\" style=\"width: 25%; border-color: #3a3a3a; text-align: left; vertical-align: middle;\" rowspan=\"4\">AM CH Allegheny&#8217;s Belles Of Ireland<br \/>\n(USA)<\/td>\n<td class=\"tree\" style=\"width: 25%; border-color: #3a3a3a; text-align: left; vertical-align: middle;\" rowspan=\"2\">Dickendall Buckstone Superman JH<\/td>\n<td class=\"tree\" style=\"width: 25%; border-color: #3a3a3a; text-align: left; vertical-align: middle;\">AM CH Dickendall Arnold<\/td>\n<\/tr>\n<tr>\n<td class=\"tree\" style=\"width: 25%; border-color: #3a3a3a; text-align: left; vertical-align: middle;\">AM CH Dickendall Buckstone Lily<\/td>\n<\/tr>\n<tr>\n<td class=\"tree\" style=\"width: 25%; border-color: #3a3a3a; text-align: left; vertical-align: middle;\" rowspan=\"2\">AM CH Allegheny&#8217;s Gem Of Caer Bren JH<\/td>\n<td class=\"tree\" style=\"width: 25%; border-color: #3a3a3a; text-align: left; vertical-align: middle;\">AM CH Tabatha&#8217;s Drifter at Dickendall JH<\/td>\n<\/tr>\n<tr>\n<td class=\"tree\" style=\"width: 25%; border-color: #3a3a3a; text-align: left; vertical-align: middle;\">AM CH Allegheny&#8217;s Crystal JH<\/td>\n<\/tr>\n<tr>\n<td class=\"tree\" style=\"width: 25%; border-color: #3a3a3a; text-align: left; vertical-align: middle;\" rowspan=\"8\">C.I.B FI SW SH EST CH HeVW&#8217;15 EUVW&#8217;16 BENELUXVW&#8217;16 Tealway Early Bird<br \/>\nHD A\/A ED 0:0 eyes clear, prcd-PRA Normal\/Clear, EIC Clear (N\/N)<br \/>\n(FIN)<\/td>\n<td class=\"tree\" style=\"width: 25%; border-color: #3a3a3a; text-align: left; vertical-align: middle;\" rowspan=\"4\">INT &amp; SWISS CH Utter Nonsense of Tintagel Winds HD A\/A ED 0:0 eyes clear<br \/>\n(FRA)<\/td>\n<td class=\"tree\" style=\"width: 25%; border-color: #3a3a3a; text-align: left; vertical-align: middle;\" rowspan=\"2\">Lembas To The Moon And Back JW<\/td>\n<td class=\"tree\" style=\"width: 25%; border-color: #3a3a3a; text-align: left; vertical-align: middle;\">GB SH CH Sandylands Gadabout<\/td>\n<\/tr>\n<tr>\n<td class=\"tree\" style=\"width: 25%; border-color: #3a3a3a; text-align: left; vertical-align: middle;\">Lembas Mysterious Girl<\/td>\n<\/tr>\n<tr>\n<td class=\"tree\" style=\"width: 25%; border-color: #3a3a3a; text-align: left; vertical-align: middle;\" rowspan=\"2\">GB SH CH INT FR SWISS CH Poole&#8217;s Memory of Tintagel Winds<\/td>\n<td class=\"tree\" style=\"width: 25%; border-color: #3a3a3a; text-align: left; vertical-align: middle;\">MULTI-DUAL CH Carromer&#8217;s Charlie Chalk<\/td>\n<\/tr>\n<tr>\n<td class=\"tree\" style=\"width: 25%; border-color: #3a3a3a; text-align: left; vertical-align: middle;\">Trialer Lasting Memory of Tintagel Winds<\/td>\n<\/tr>\n<tr>\n<td class=\"tree\" style=\"width: 25%; border-color: #3a3a3a; text-align: left; vertical-align: middle;\" rowspan=\"4\">FIN CH Bubbling Savannah<br \/>\nHD B\/A ED 0:1 eyes clear<br \/>\n(FIN)<\/td>\n<td class=\"tree\" style=\"width: 25%; border-color: #3a3a3a; text-align: left; vertical-align: middle;\" rowspan=\"2\">C.I.B GB SH CH NORD FIN NO CH Carpenny Walpole<\/td>\n<td class=\"tree\" style=\"width: 25%; border-color: #3a3a3a; text-align: left; vertical-align: middle;\">Hawksmoor Webster<\/td>\n<\/tr>\n<tr>\n<td class=\"tree\" style=\"width: 25%; border-color: #3a3a3a; text-align: left; vertical-align: middle;\">GB SH CH Covetwood Elouise Of Carpenny<\/td>\n<\/tr>\n<tr>\n<td class=\"tree\" style=\"width: 25%; border-color: #3a3a3a; text-align: left; vertical-align: middle;\" rowspan=\"2\">FIN CH Bubbling Me-Oh-My<\/td>\n<td class=\"tree\" style=\"width: 25%; border-color: #3a3a3a; text-align: left; vertical-align: middle;\">GB CH Cambremer Tom Cobbley Of Charway<\/td>\n<\/tr>\n<tr>\n<td class=\"tree\" style=\"width: 25%; border-color: #3a3a3a; text-align: left; vertical-align: middle;\">Bubbling Claire De Lune<\/td>\n<\/tr>\n<\/tbody>\n<\/table>\n<h4>WORK RESULTS<\/h4>\n<p>Qualified in the field 24.10.2015 (judge Niko Hiltunen, FIN), Robbie was all trained and handled by Reeli Kuhi-Thalfeld, thank You very much!<\/p>\n<h4>SHOW RECORD<\/h4>\n<ul>\n<li>12.03.2017 Tallinn: Winner of Champion Class, CQ, Best Male-4 (Dorota Witkowska, Poland)&nbsp;&nbsp;&nbsp;&nbsp;<\/li>\n<li>11.03.2017 Tallinn: Winner of Champion Class, CQ, Best Male-3 (Irina Poletajeva, Finland)<\/li>\n<li>8th Group Specialty 11.2.2017: 3rd in Champion Class (Jari Partanen, NOR)<\/li>\n<li>Retriever Specialty in Haanjamehe 16.07.2016: Best Male, Best of Breed, BEST IN SHOW-3 (Rosa Agostini, ITA)<\/li>\n<li>Retriever Specialty 4.6.2016: EXC\/3 Champion Class, CQ (Borje Johansson, SW)<\/li>\n<li>Tallinn Winner&#8217;16 17.4.2016: Winner of Open Class, Best Male-2, CQ, CC = EST CH, reserve-CACIB (Dina Korna, EST)<\/li>\n<li>Baltic Winner\u201915 in Tallinn 23.8.2015: Winner of Intermediate Class, CQ (Sverre Sand, DK)<\/li>\n<li>Specialty for Labradors and Flatcoated Retrievers in Tallinn 21.8.2015: 2nd in Intermediate Class, CQ, Best Male-4 (Linda Harvey Major, UK)<\/li>\n<li>Estonian Winner 31.5.2015: Winner of Intermediate Class, CQ (Orlagh Murray, IRE)<\/li>\n<li>Labrador Specialty in Tallinn 29.5.2015: Winner of Intermediate Class, CQ, Best Male-3 (Paul Collins, UK)<\/li>\n<li>Tallinn Winter Cup\u201915 15.02.2015: Best of Breed Junior, CQ, Best Male, JTWC&#8217;15, TWC&#8217;15 (Hannele Jokisilta, FIN)<\/li>\n<li>Vaimastvere 18.1.2015: 2nd in Junior Class, CQ and Best Male-2 (Zofia Konderla, PL)<\/li>\n<li>Vaimastvere 17.1.2015: 2nd in Junior Class, Junior-CC = EST &amp; RUS JCH, CQ and Best Male-2 (Jerzy Olszewski, PL)<\/li>\n<li>Tartu 11.1.2015: Best of Breed Junior, Junior-CC, Best Male, Best of Breed! (Anthony Kelly, IRE), Winner of the Group (Anthony Kelly, IRE), BIS Junior (Jose Vidal Montero, SP) &amp; BEST IN SHOW!!! (Anthony Kelly, IRE)<\/li>\n<li>Tartu 10.1.2015: Best of Breed Junior, Junior-CC, Best Male, Best of Breed! (Jose Vidal Montero, SP), 2nd in Group (Igor Vyguzov, RUS) &amp; BIS-Junior-3 (Markku Kipin\u00e4, FIN)<\/li>\n<li>Pskov 28.12.2014: Best of Breed Junior, Junior-CC (Marina Ostrovskaja, Russia)<\/li>\n<li>Narva 29.11.2014: 2nd in Junior Class, &#8220;excellent&#8221;, CQ and Best Male-2 (Vera Smirnova, EST)<\/li>\n<li>Labrador Specialty Savastvere 2.8.2014: \u201cexcellent\u201d in Junior Class (Margaret Brown, UK)<\/li>\n<li>Retriever Puppy Show 11.5.2014: Winner of his class, BOS Puppy (Hedi Kumm, EST).<\/li>\n<\/ul>\n<h4>JUDGES ABOUT HIM<\/h4>\n<p><strong>Dorota Witkowska, POL:<\/strong><\/p>\n<blockquote><p>&#8220;Good size &amp; proportions &amp; expression, very good head, very good topline, good forechest, enought deep chest, very good movement.&#8221;<\/p><\/blockquote>\n<p><strong>Jari Partanen (NOR):<\/strong><\/p>\n<blockquote><p><em>&#8220;Excellent breed type, super proportions, shown little bit slim condition today, excellent masculine head, very nice expression, good strong neck, good front, nice body depth, excellent croup, nice broad thigh, active otter tail, double coat, well presented.&#8221;<\/em><\/p><\/blockquote>\n<p><strong><strong>Rosa Agostini (kennel Rosemade, ITA):<\/strong><\/strong><\/p>\n<blockquote><p><em>&#8220;Very nice dog, lovely head and expression, excellent pigment and reach of neck, lovely front, very well balanced overall, short coupled, correct rear and otter tail, moves very well, very well showed.&#8221;<\/em><\/p><\/blockquote>\n<p><strong>Borje Johansson (SW):<\/strong><\/p>\n<blockquote><p><em>&#8220;Well balanced, beautiful head, kind expression, good earset, strong neck &amp; shoulder, marked forechest, excellent ribcage, wide and strong in hindquarters, perfect coat, happy tail, good mover in front.&#8221;<\/em><\/p><\/blockquote>\n<p><strong><strong>Sverre Sand <\/strong><\/strong>(DK):<\/p>\n<blockquote><p><em>&#8220;Nice junior dog, good size, masculine head, good stop, normal bite, well laidback shoulder, good upperarms, good body and well ribs, good angulation, good bone, good coat, moves with long steps, lovely temperament, well handled.&#8221;<\/em><\/p><\/blockquote>\n<p><strong>Linda Harvey Major (UK):<\/strong><\/p>\n<blockquote><p><em>&#8220;Good breed tupe and substance, covered the ring well, lovliest of heads and expression, clean in neck and shoulders, excellent topline and tailset, good depth and spring of rib, powerful hindquarters, steady movement.&#8221;<\/em><\/p><\/blockquote>\n<p><strong><strong>Orlagh Murray <\/strong><\/strong>(IRE):<\/p>\n<blockquote><p><em>&#8220;Happy animated boy, good angulations front and rear, pleasant head and expression, correct coat, correct tail and tailset, tight feet are settled, moved well and with drive.&#8221;<\/em><\/p><\/blockquote>\n<p><strong>Paul Collins <\/strong>(UK):<\/p>\n<blockquote><p><em>&#8220;Very strongly built, good masculine head, excellent shoulders, very good topline, good stiffle, good straight legs from elbow, good hocks, little short in coat, moves well, when settled.&#8221;<br \/>\n<\/em><\/p><\/blockquote>\n<p><strong>Zofia Konderla <\/strong>(POL):<\/p>\n<blockquote><p><em>&#8220;Excellent size and proportions of body, excellent top- and underline, excellent set of angulations of legs, excellent forechest &amp; shape of ribs, strong bones, nice head and neck, nice coat, movement and temperament.&#8221;<\/em><\/p><\/blockquote>\n<p><strong>Anthony Kelly <\/strong>(IRE):<\/p>\n<blockquote><p><em> &#8220;Beautiful head, lovely expression, correct earplacement and muzzle, foreleg good and straight , neck and topline good, good body and good depth, hind angulations and hocks ok, coat good, movement could be a little steadier, but overall ok, temperament good.&#8221; <\/em><\/p><\/blockquote>\n<p><strong>Jose Vidal Montero <\/strong>(SP):<\/p>\n<blockquote><p><em>&#8220;masculine, beautiful head and expression, correct bones, good substance of body, excellent chest, topline and angulations, clean movement, excellent proportions of body.&#8221; <\/em><\/p><\/blockquote>\n<p><strong>Vera Smirnova <\/strong>(EST):<\/p>\n<blockquote><p><em>&#8220;Suurep\u00e4rane t\u00fc\u00fcp, hea luustik ja kasv, kaunis pea, tume silm, ilus \u00fclemine joon, hea saba, hea rindkere, head esi- ja taganurgad, hea temperament, liigub h\u00e4sti, v\u00f5imsa tagat\u00f5ukega.&#8221;<\/em><\/p><\/blockquote>\n<p><strong>Hedi Kumm<\/strong> (EST):<\/p>\n<blockquote><p><em>&#8220;Suurep\u00e4rast t\u00fc\u00fcpi ja kasvu r\u00fchikas 6-kuune isane kutsikas, tugev h\u00e4sti v\u00e4ljendunud kael, veel veidi eakohaselt pehme seljajoon, \u00f5ige ilme, tumedate silmadega pea, korrektsed k\u00f5rvad ja hambumus, suurep\u00e4rase asetusega \u00f5lad, hea laiuse ja s\u00fcgavusega \u00fcmar rinnakorv, suurep\u00e4raselt nurgistunud, suurep\u00e4rane tihe ja liibuv ilusa v\u00e4rviga karv, paralleelne hea sammuga r\u00f5\u00f5mus liikuja, kes kasutab h\u00e4sti oma saba, suurep\u00e4rane t\u00f5uomane iseloom, suurep\u00e4raselt n\u00e4idatud.&#8221; <\/em>BOS Puppy.<\/p><\/blockquote>\n<h4><img decoding=\"async\" class=\"aligncenter\" title=\"\" src=\"https:\/\/vana.mybrand.ee\/wp-content\/gallery\/web\/title-bg.png\" alt=\"\"><\/h4>\n<h4>GALLERY<\/h4>\nngg_shortcode_0_placeholder\n<h4>SOME OF ROBBIE&#8217;S PUPPIES<\/h4>\nngg_shortcode_1_placeholder\n<div id=\"_mcePaste\" style=\"position: absolute; left: -10000px; top: 240px; width: 1px; height: 1px; overflow: hidden;\">\n<p>&nbsp;<\/p>\n<ul>\n<li>HNPK (Hereditary Nasal Parakeratosis):<\/li>\n<li>CNM (Centronuclear Myopathy):<\/li>\n<li>CY (Cystinuria):<\/li>\n<li>DM (Degenerative Myelopathy):<\/li>\n<li>HUU (Hyperuricosuria):<\/li>\n<li>PKD (Pyruvate Kinase Deficiency):<\/li>\n<\/ul>\n<p>&nbsp;<\/p>\n<\/div>\n<div id=\"_mcePaste\" style=\"position: absolute; left: -10000px; top: 240px; width: 1px; height: 1px; overflow: hidden;\">\n<p>&nbsp;<\/p>\n<ul>\n<li>HNPK (Hereditary Nasal Parakeratosis):<\/li>\n<li>CNM (Centronuclear Myopathy):<\/li>\n<li>CY (Cystinuria):<\/li>\n<li>DM (Degenerative Myelopathy):<\/li>\n<li>HUU (Hyperuricosuria):<\/li>\n<li>PKD (Pyruvate Kinase Deficiency):<\/li>\n<\/ul>\n<p>&nbsp;<\/p>\n<\/div>\n<p><\/p>","protected":false},"excerpt":{"rendered":"<p>ESTONIAN CHAMPION ESTONIAN JUNIOR CHAMPION RUSSIAN JUNIOR CHAMPION JUNIOR WINNER TALLINN WINTER CUP&#8217;15 WINNER TALLINN WINTER CUP&#8217;15QUALIFIED IN THE FIELD &#8211; INTERNATIONAL WORKING CERTIFICATE Tawastway\u2019s Snowholic &#8220;Robbie&#8221; 3 years old on the photo yellow male (eeBB, does not carry chocolate) DoB: 21.10.2013 Breeder P\u00e4ivi Hoffren, Finland Co-owner Ele P\u00e4rnpuu, P\u00e4rnu CLEARANCES hips A\/A elbows 0:0 [&hellip;]<\/p>\n","protected":false},"author":1,"featured_media":0,"parent":5477,"menu_order":0,"comment_status":"closed","ping_status":"closed","template":"","meta":{"ngg_post_thumbnail":0,"footnotes":""},"class_list":["post-3316","page","type-page","status-publish","hentry"],"_links":{"self":[{"href":"https:\/\/vana.mybrand.ee\/en\/wp-json\/wp\/v2\/pages\/3316","targetHints":{"allow":["GET"]}}],"collection":[{"href":"https:\/\/vana.mybrand.ee\/en\/wp-json\/wp\/v2\/pages"}],"about":[{"href":"https:\/\/vana.mybrand.ee\/en\/wp-json\/wp\/v2\/types\/page"}],"author":[{"embeddable":true,"href":"https:\/\/vana.mybrand.ee\/en\/wp-json\/wp\/v2\/users\/1"}],"replies":[{"embeddable":true,"href":"https:\/\/vana.mybrand.ee\/en\/wp-json\/wp\/v2\/comments?post=3316"}],"version-history":[{"count":0,"href":"https:\/\/vana.mybrand.ee\/en\/wp-json\/wp\/v2\/pages\/3316\/revisions"}],"up":[{"embeddable":true,"href":"https:\/\/vana.mybrand.ee\/en\/wp-json\/wp\/v2\/pages\/5477"}],"wp:attachment":[{"href":"https:\/\/vana.mybrand.ee\/en\/wp-json\/wp\/v2\/media?parent=3316"}],"curies":[{"name":"wp","href":"https:\/\/api.w.org\/{rel}","templated":true}]}}