{"id":658,"date":"2011-02-13T00:02:21","date_gmt":"2011-02-12T22:02:21","guid":{"rendered":"https:\/\/vana.mybrand.ee"},"modified":"2016-11-17T14:00:25","modified_gmt":"2016-11-17T12:00:25","slug":"my-brand-rare-stone-rose","status":"publish","type":"page","link":"https:\/\/vana.mybrand.ee\/en\/about-us\/koerad-minevikust\/my-brand-rare-stone-rose\/","title":{"rendered":"My Brand Rare Stone Rose"},"content":{"rendered":"<p><\/p>\n<table border=\"0\">\n<tbody>\n<tr>\n<td align=\"left\" valign=\"top\"><img loading=\"lazy\" decoding=\"async\" class=\"ngg-singlepic ngg-none\" src=\"https:\/\/vana.mybrand.ee\/\/wp-content\/gallery\/my-brand-rare-stone-rose\/ranya-2y.jpg\" alt=\"My Brand Rare Stone Rose\" width=\"400\" height=\"300\" \/><\/td>\n<td align=\"left\" valign=\"top\">\n<h3>&#8220;Ranya&#8221;<\/h3>\n<p>black female (BBEe, carries yellow)<br \/>\nBorn: 28.04.2010<\/p>\n<ul>\n<li>hips B\/C,<\/li>\n<li>elbows 0:0<\/li>\n<li>Eyes Clear (April&#8217;12)<\/li>\n<\/ul>\n<p>Genetests:<\/p>\n<ul>\n<li>Optigen prcd\/PRA Clear By Parentage.<\/li>\n<li>EIC Clear (N\/N) by parentage.<\/li>\n<li>HNPK (dry nose = Normal<\/li>\n<\/ul>\n<p>Co-owned with Jaana Railamaa, <a href=\"http:\/\/www.advlabs.net\/\" target=\"_blank\">kennel Adventurer&#8217;s<\/a> (FIN)<\/p>\n<p><a href=\"http:\/\/register.kennelliit.ee\/reg\/index.php?page=dogCard&amp;dogId=127109\" target=\"_blank\">In the official database \u00bb<\/a><\/p>\n<p><em>*\u00a0 on the photo 2 years old. More photos of Ranya on her <a href=\"#gallery\">gallery<\/a>.<\/em><\/td>\n<\/tr>\n<\/tbody>\n<\/table>\n<p>Ranya is from our very special litter by AM BISS CH Big Sky Stone Kutteri out of CH Rocheby Liberty Belle. Ranya lives in Finland and is co-owned with Jaana Railamaa.<\/p>\n<p>It has been a very important litter for us. Sally is now retired and will have no more puppies and Mason hasn&#8217;t had any more litters in Europe so far. I am forever thankful for Maureen, Steven, Shari and Helen, who made this litter possible.<\/p>\n<p>Ranya has gained 3 CC-s in Finland, which means that she only needs to pass the breed trials in order to become a Finnish Champion. We are keeping our fingers crossed for her!<\/p>\n<p>Ranya had a lovely litter in our kennel in summer 2012, sired by Tabatha&#8217;s Caffu Queijeiro.<\/p>\n<h2>Pedigree of Ranya:<\/h2>\n<table class=\"tree\" border=\"1\">\n<tbody>\n<tr>\n<td style=\"width: 25%;\" rowspan=\"8\">BISS CH Big Sky&#8217;s Stone Kutter<br \/>\n(USA)<\/td>\n<td rowspan=\"4\">AM CH Paradoc&#8217;s Tabatha Stonehenge<br \/>\n(USA)<\/td>\n<td rowspan=\"2\">AM CAN CH Tabatha&#8217;s Rollick at Carowby CD JH<\/td>\n<td>AM CH Dickendall Arnold<\/td>\n<\/tr>\n<tr>\n<td>Tabatha&#8217;s Siren<\/td>\n<\/tr>\n<tr>\n<td rowspan=\"2\">AM CH Tabatha&#8217;s Tassel<\/td>\n<td>AM CH Linray&#8217;s Unforgetable<\/td>\n<\/tr>\n<tr>\n<td>AM CH Tabatha&#8217;s Dazzle WC<\/td>\n<\/tr>\n<tr>\n<td style=\"width: 25%;\" rowspan=\"4\">Big Sky&#8217;s Sable<br \/>\n(USA)<\/td>\n<td style=\"width: 25%;\" rowspan=\"2\">AM CH Empress Big Sky&#8217;s Blood &amp; Guts!!<\/td>\n<td style=\"width: 25%;\">Tabatha&#8217;s Brown Tuxedo<\/td>\n<\/tr>\n<tr>\n<td>AM CH Tabatha&#8217;s Sizzle<\/td>\n<\/tr>\n<tr>\n<td rowspan=\"2\">Tabatha&#8217;s Token Talent<\/td>\n<td>AM CH Tabatha&#8217;s Genuine Risk<\/td>\n<\/tr>\n<tr>\n<td>Tabatha&#8217;s Token WC<\/td>\n<\/tr>\n<tr>\n<td rowspan=\"8\">EST LV LTU BALT CH EST LV RUS JCH BALT JW&#8217;06 Rocheby Liberty Belle<br \/>\n(UK)<\/td>\n<td rowspan=\"4\">GB SH CH Rocheby Whisky Mac<br \/>\n(UK)<\/td>\n<td rowspan=\"2\">Poolstead Pretentious At Rocheby<\/td>\n<td>GB SH CH Poolstead Preferential<\/td>\n<\/tr>\n<tr>\n<td>Poolstead Precious Pearl<\/td>\n<\/tr>\n<tr>\n<td rowspan=\"2\">GB SH CH Rocheby Acorn<\/td>\n<td>Playmate of Bensondale<\/td>\n<\/tr>\n<tr>\n<td>Rocheby Polished Oak<\/td>\n<\/tr>\n<tr>\n<td rowspan=\"4\">Waterbrook Gentle Breeze Over Rocheby<br \/>\n(UK)<\/td>\n<td rowspan=\"2\">Rocheby Old Smokey<\/td>\n<td>Rocheby Navy Blue<\/td>\n<\/tr>\n<tr>\n<td>GB SH CH Rocheby Polkadot<\/td>\n<\/tr>\n<tr>\n<td rowspan=\"2\">Waterbrook Morning Breeze<\/td>\n<td>Poolstead Pretentious At Rocheby<\/td>\n<\/tr>\n<tr>\n<td>Morning Light Over Waterbrook<\/td>\n<\/tr>\n<\/tbody>\n<\/table>\n<p>&nbsp;<\/p>\n<h2>Show results<\/h2>\n<p>First of all I want to thank Jaana and Sanna for showing Ranya and taking her everywhere!<\/p>\n<ul>\n<li>Tampere International Dog Show 12.05.2012: Best Female, BOS, CC, CACIB (Satu Yl\u00e4-Mononen, FIN)<\/li>\n<li>Turku 13.08.2011: CC (Seamus Oates, IR)<\/li>\n<li>Lammi Group Specialty 9.07.2011: II in Junior Class, CCQ, Best Female 4.<\/li>\n<li>Kotka INT 18.06.2011: Best Female, BOS, CC (Lykourgos Zouboulidis, GRE).<\/li>\n<li>INT Helsinki 21.05.2011: Best junior, Best Female-3, reserve-CC! (Satu Yl\u00e4-Mononen, FIN)<\/li>\n<li>Finnish Specialty Show 6.02.2011: &#8220;excellent&#8221; in a big Junior Class (35 dogs) (&#8230;)<\/li>\n<li>Tampere All Breed Puppy Show 27.11.2010: Best Female, Best of Breed and Best In Group-2 Puppy! (Harto Stockmari, FIN).<\/li>\n<li>Lahti All Breed Puppy Show 24.10.2010:\u00a0 Best Female 3 Puppy (Saara Sampakoski, FIN).<\/li>\n<li>Hyvink\u00e4\u00e4 Retriever\u00a0 Specialty 10.10.2010: Best of Opposite Sex Puppy (Kirsi Luomanen, FIN).<\/li>\n<li>Lohja All Breed Puppy Show 2.10.2010: Best Female 2 Puppy and BIS-4 Brace with Wizard&#8217;s Creek B&amp;B At Adventurer&#8217;s (Riitta Niemel\u00e4, FIN).<\/li>\n<li>Labrador Puppy &amp; Veteran Show Kirkonummi 26.09.2010: Best In Show Puppy! (Eva Vilamo, FIN).<\/li>\n<\/ul>\n<h2>Work results<\/h2>\n<p>Hopefully soon.<\/p>\n<h2>Judges about Ranya<\/h2>\n<p><strong>Eva Vilamo<\/strong> (FIN, kennel Waterline&#8217;s)<em> &#8220;<\/em>Hyv\u00e4n tyyppinen pentu. Hyv\u00e4t mittasuhteet. Hyv\u00e4 luusto. Hyvin kulmautunut takaa. Hyv\u00e4 eturinta. Kaunis yl\u00e4linja. Kaunis p\u00e4\u00e4. Hivenen py\u00f6re\u00e4t silm\u00e4t. Erinomainen karvanlaatu. Liikkuu hyvin. Miellytt\u00e4v\u00e4 luonne. Kerrassan suloinen pentu.&#8221; (BIS-puppy at Labrador Puppy &amp; Veteran Show).<\/p>\n<p><a name=\"gallery\"><\/a>ngg_shortcode_0_placeholder<\/p>\n<div id=\"_mcePaste\" style=\"position: absolute; left: -10000px; top: 1826px; width: 1px; height: 1px; overflow: hidden;\">info@soldalenslabradors.comEST<\/div>\n<p><\/p>","protected":false},"excerpt":{"rendered":"<p>&#8220;Ranya&#8221; black female (BBEe, carries yellow) Born: 28.04.2010 hips B\/C, elbows 0:0 Eyes Clear (April&#8217;12) Genetests: Optigen prcd\/PRA Clear By Parentage. EIC Clear (N\/N) by parentage. HNPK (dry nose = Normal Co-owned with Jaana Railamaa, kennel Adventurer&#8217;s (FIN) In the official database \u00bb *\u00a0 on the photo 2 years old. More photos of Ranya on [&hellip;]<\/p>\n","protected":false},"author":1,"featured_media":0,"parent":5477,"menu_order":0,"comment_status":"closed","ping_status":"closed","template":"","meta":{"ngg_post_thumbnail":0,"footnotes":""},"class_list":["post-658","page","type-page","status-publish","hentry"],"_links":{"self":[{"href":"https:\/\/vana.mybrand.ee\/en\/wp-json\/wp\/v2\/pages\/658","targetHints":{"allow":["GET"]}}],"collection":[{"href":"https:\/\/vana.mybrand.ee\/en\/wp-json\/wp\/v2\/pages"}],"about":[{"href":"https:\/\/vana.mybrand.ee\/en\/wp-json\/wp\/v2\/types\/page"}],"author":[{"embeddable":true,"href":"https:\/\/vana.mybrand.ee\/en\/wp-json\/wp\/v2\/users\/1"}],"replies":[{"embeddable":true,"href":"https:\/\/vana.mybrand.ee\/en\/wp-json\/wp\/v2\/comments?post=658"}],"version-history":[{"count":0,"href":"https:\/\/vana.mybrand.ee\/en\/wp-json\/wp\/v2\/pages\/658\/revisions"}],"up":[{"embeddable":true,"href":"https:\/\/vana.mybrand.ee\/en\/wp-json\/wp\/v2\/pages\/5477"}],"wp:attachment":[{"href":"https:\/\/vana.mybrand.ee\/en\/wp-json\/wp\/v2\/media?parent=658"}],"curies":[{"name":"wp","href":"https:\/\/api.w.org\/{rel}","templated":true}]}}