{"id":6617,"date":"2018-05-08T18:51:21","date_gmt":"2018-05-08T16:51:21","guid":{"rendered":"https:\/\/vana.mybrand.ee\/?page_id=6617"},"modified":"2020-11-17T16:43:39","modified_gmt":"2020-11-17T14:43:39","slug":"my-brand-house-of-a-rising-sun","status":"publish","type":"page","link":"https:\/\/vana.mybrand.ee\/en\/about-us\/koerad-minevikust\/my-brand-house-of-a-rising-sun\/","title":{"rendered":"My Brand House Of A Rising Sun"},"content":{"rendered":"<p><img loading=\"lazy\" decoding=\"async\" class=\"alignnone\" src=\"https:\/\/vana.mybrand.ee\/my-brand-house-of-a-rising-sun\/koerad-aprill18-026.jpg\" width=\"1000\" height=\"750\"><\/p>\n<h2>&#8220;Simona&#8221;<\/h2>\n<p><em>* 8 months old on the photo.<\/em><\/p>\n<p>chocolate female (bbEE)<br \/>\nDoB 27.07.2017<br \/>\nCo-owned with Kersti Kuusk, Estonia<\/p>\n<h4>HEALT RECORD<\/h4>\n<ul>\n<li>hips, elbows and eyes will be examined 2018<\/li>\n<li>PRA-prcd Normal\/Clear (by parentage)<\/li>\n<li><a href=\"https:\/\/register.kennelliit.ee\/index.php?page=dogCard&amp;dogId=254340\" target=\"_blank\" rel=\"noopener noreferrer\">in EKU official database \u00bb<\/a><\/li>\n<\/ul>\n<p><img decoding=\"async\" class=\"aligncenter\" title=\"\" src=\"https:\/\/vana.mybrand.ee\/wp-content\/gallery\/web\/title-bg.png\" alt=\"\"><\/p>\n<p>Simona origins from a pedigree very close to my heart. Hopefully she will become as nice as her parents are.<\/p>\n<h4>PEDIGREE<\/h4>\n<table class=\"tree\" border=\"1\">\n<tbody>\n<tr>\n<td class=\"tree\" style=\"width: 25%;\" rowspan=\"8\">Waterline\u2019s House Blend<strong><br \/>\n<\/strong>HD A\/B ED 0:0 silmad puhtad<br \/>\nEIC, HNPK, prcd-PRA Normal\/Clear<br \/>\n(FIN)<\/td>\n<td class=\"tree\" style=\"width: 25%;\" rowspan=\"4\">BISS GCH Time Squares Ulysses<br \/>\nHD OFA Good ED Normal Eyes Clear,<br \/>\nPRA-prcd Normal\/Clear RD\/OSD Normal\/Clear<br \/>\nHNPK Clear CNM Clear EIC Clear DD (USA)<\/td>\n<td class=\"tree\" style=\"width: 25%;\" rowspan=\"2\">CH Hyspires Hot To Trot<\/td>\n<td class=\"tree\" style=\"width: 25%;\">AM CH Hyspire Mo Hotta Mo Betta<\/td>\n<\/tr>\n<tr>\n<td class=\"tree\">HySpire Inky Racer<\/td>\n<\/tr>\n<tr>\n<td class=\"tree\" rowspan=\"2\">Minefall\u2019s Mel-Lo<\/td>\n<td class=\"tree\">AM CH Withara&#8217;s Brodies Souvenir WC<\/td>\n<\/tr>\n<tr>\n<td class=\"tree\">AM CH Winfall&#8217;s Stormy Sunrise At Banner CGC<\/td>\n<\/tr>\n<tr>\n<td class=\"tree\" rowspan=\"4\">Waterline\u2019s Nocciola<br \/>\nHD A\/A ED 0:0 Eyes Clear<br \/>\n(FIN)<\/td>\n<td class=\"tree\" rowspan=\"2\">CH Naiken Way Out West<\/td>\n<td class=\"tree\">BISS CH Simerdown&#8217;s Dr Pepper<\/td>\n<\/tr>\n<tr>\n<td class=\"tree\">Buckholt Katie at Naiken JW<\/td>\n<\/tr>\n<tr>\n<td class=\"tree\" rowspan=\"2\">CH Mallorn\u2019s Beyond Choco<\/td>\n<td class=\"tree\">WVW&#8217;13 UA MOL CH Mallorn&#8217;s Capuccino<\/td>\n<\/tr>\n<tr>\n<td class=\"tree\">Mallorn&#8217;s Chocomotion<\/td>\n<\/tr>\n<tr>\n<td class=\"tree\" rowspan=\"8\">My Brand Special Indeed<br \/>\nHD A\/A ED 0:0 Eyes Clear<br \/>\nPRA-prcd Normal\/Clear<br \/>\nEIC Carrier<br \/>\n(EST)<\/td>\n<td class=\"tree\" rowspan=\"4\">RUS RKF BLR UKR FIN INT CH Stenveyz Get Popular<br \/>\nHD A\/A, ED 0:0, eyes clear<br \/>\n(RUS)<\/td>\n<td class=\"tree\" rowspan=\"2\">FIN EST RUS CH Palabras Keep On Movin\u2019<\/td>\n<td class=\"tree\">N CH NV-01 Birchbrook Barley Wine of Charway<\/td>\n<\/tr>\n<tr>\n<td class=\"tree\">FIN CH Tweedledum Palabras Kleo<\/td>\n<\/tr>\n<tr>\n<td class=\"tree\" rowspan=\"2\">Stenveyz Part of Million<\/td>\n<td class=\"tree\">FIN CH Follies Rule of Thumb<\/td>\n<\/tr>\n<tr>\n<td class=\"tree\">INT GRAND RUS LT UKR BLR RKF CH CLUB W\u201901 \u201903 Evellan\u2019s Halfmillion Kisses For Stenveyz<\/td>\n<\/tr>\n<tr>\n<td class=\"tree\" rowspan=\"4\">My Brand Mademoiselle<br \/>\nHD A\/A ED 0:0 silmad puhtad<br \/>\n(EST)<\/td>\n<td class=\"tree\" rowspan=\"2\">Mallorn\u2019s Romeo<\/td>\n<td class=\"tree\">Visions I\u2019m Able<\/td>\n<\/tr>\n<tr>\n<td class=\"tree\">Rosanan La Rosa<\/td>\n<\/tr>\n<tr>\n<td class=\"tree\" rowspan=\"2\">FIN EST LV LTU BALT RUS CH FIN JW\u201903 Mallorn\u2019s Terracotta<\/td>\n<td class=\"tree\">SW W\u201901 NORW FIN SW SH CH Tjotte\u2019s Broken Arrow<\/td>\n<\/tr>\n<tr>\n<td class=\"tree\">Mallorn\u2019s MMM Marabou<\/td>\n<\/tr>\n<\/tbody>\n<\/table>\n<h4>&nbsp;<img decoding=\"async\" class=\"aligncenter\" title=\"\" src=\"https:\/\/vana.mybrand.ee\/wp-content\/gallery\/web\/title-bg.png\" alt=\"\"><\/h4>\n<h4>&nbsp;<\/h4>\n<h4>SHOW RESULTS<\/h4>\n<table>\n<tbody>\n<tr>\n<th>Date<\/th>\n<th>Show<\/th>\n<th>Judge<\/th>\n<th>Class<\/th>\n<th>Results<\/th>\n<\/tr>\n<tr>\n<td>29.04.2018<\/td>\n<td>Rahvuslik n\u00e4itus, Rakvere<\/td>\n<td>Darko Drobnjak (Serbia)<\/td>\n<td>Juunioriklass<\/td>\n<td>SP 3 SK PE4<\/td>\n<\/tr>\n<tr>\n<td>28.04.2018<\/td>\n<td>Rahvuslik n\u00e4itus, Rakvere<\/td>\n<td>Olga Kojevnikova (Belarus)<\/td>\n<td>Juunioriklass<\/td>\n<td>SP 3<\/td>\n<\/tr>\n<tr>\n<td>15.04.2018<\/td>\n<td>Rahvusvaheline n\u00e4itus &#8220;Tallinna V\u00f5itja 2018&#8221;, Tallinn Saku Suurhall<\/td>\n<td>Panche Dameski (Macedonia)<\/td>\n<td>Kutsikaklass<\/td>\n<td>1 EAH VSPK<\/td>\n<\/tr>\n<tr>\n<td>10.02.2018<\/td>\n<td>8 &amp; 9 r\u00fchma n\u00e4itus, sh kuldsete retriiverite erin\u00e4itus, Tallinn<\/td>\n<td>Mariia Gvozdieva (Ukraine)<\/td>\n<td>Kutsikaklass<\/td>\n<td>1 EAH TPK<\/td>\n<\/tr>\n<tr>\n<td>21.01.2018<\/td>\n<td>VIII ja IX r\u00fchma n\u00e4itus, Pisisaare, J\u00f5gevamaa<\/td>\n<td>Tatjana Raschikhmarova (Russia)<\/td>\n<td>Beebiklass<\/td>\n<td>1 EAH TPB<\/td>\n<\/tr>\n<tr>\n<td>20.01.2018<\/td>\n<td>VIII ja IX r\u00fchma n\u00e4itus, Pisisaare, J\u00f5gevamaa<\/td>\n<td>Nikolay Sedykh (Russia)<\/td>\n<td>Beebiklass<\/td>\n<td>1 EAH TPB<\/td>\n<\/tr>\n<tr>\n<td>16.12.2017<\/td>\n<td>EKL J\u00f5ulushow, Kristiine Spordihall, Tallinn<\/td>\n<td>Attila Czegl\u00e9di (Hungary)<\/td>\n<td>Beebiklass<\/td>\n<td>VL 1 TPB<\/td>\n<\/tr>\n<\/tbody>\n<\/table>\n<h4>GALLERY<\/h4>\n<p>ngg_shortcode_0_placeholder<\/p>","protected":false},"excerpt":{"rendered":"<p>&#8220;Simona&#8221; * 8 months old on the photo. chocolate female (bbEE) DoB 27.07.2017 Co-owned with Kersti Kuusk, Estonia HEALT RECORD hips, elbows and eyes will be examined 2018 PRA-prcd Normal\/Clear (by parentage) in EKU official database \u00bb Simona origins from a pedigree very close to my heart. Hopefully she will become as nice as her [&hellip;]<\/p>\n","protected":false},"author":1,"featured_media":0,"parent":5477,"menu_order":5,"comment_status":"closed","ping_status":"closed","template":"","meta":{"ngg_post_thumbnail":0,"footnotes":""},"class_list":["post-6617","page","type-page","status-publish","hentry"],"_links":{"self":[{"href":"https:\/\/vana.mybrand.ee\/en\/wp-json\/wp\/v2\/pages\/6617","targetHints":{"allow":["GET"]}}],"collection":[{"href":"https:\/\/vana.mybrand.ee\/en\/wp-json\/wp\/v2\/pages"}],"about":[{"href":"https:\/\/vana.mybrand.ee\/en\/wp-json\/wp\/v2\/types\/page"}],"author":[{"embeddable":true,"href":"https:\/\/vana.mybrand.ee\/en\/wp-json\/wp\/v2\/users\/1"}],"replies":[{"embeddable":true,"href":"https:\/\/vana.mybrand.ee\/en\/wp-json\/wp\/v2\/comments?post=6617"}],"version-history":[{"count":0,"href":"https:\/\/vana.mybrand.ee\/en\/wp-json\/wp\/v2\/pages\/6617\/revisions"}],"up":[{"embeddable":true,"href":"https:\/\/vana.mybrand.ee\/en\/wp-json\/wp\/v2\/pages\/5477"}],"wp:attachment":[{"href":"https:\/\/vana.mybrand.ee\/en\/wp-json\/wp\/v2\/media?parent=6617"}],"curies":[{"name":"wp","href":"https:\/\/api.w.org\/{rel}","templated":true}]}}