{"id":7335,"date":"2020-02-17T11:43:34","date_gmt":"2020-02-17T09:43:34","guid":{"rendered":"https:\/\/vana.mybrand.ee\/?page_id=7335"},"modified":"2025-08-04T13:57:43","modified_gmt":"2025-08-04T11:57:43","slug":"my-brand-soul-sister","status":"publish","type":"page","link":"https:\/\/vana.mybrand.ee\/en\/females\/my-brand-soul-sister\/","title":{"rendered":"CH My Brand Soul Sister ~Missy~"},"content":{"rendered":"<p><img loading=\"lazy\" decoding=\"async\" class=\"alignnone size-full\" src=\"https:\/\/vana.mybrand.ee\/wp-content\/gallery\/my-brand-soul-sister\/IMG_6327-web.jpg\" width=\"1800\" height=\"1200\"><\/p>\n<p><strong>ESTONIAN CHAMPION<br \/>\nESTONIAN JUNIOR CHAMPION<\/strong><\/p>\n<h3>My Brand Soul Sister &#8220;Missy&#8221;<\/h3>\n<p>yellow female (BBee, does not carry chocolate)<br \/>\nDoB: 24.06.2019<\/p>\n<h4>HEALTH RECORD<\/h4>\n<ul>\n<li>hips A\/A<\/li>\n<li>elbows 0:0<\/li>\n<li>Eyes clear (nov&#8217;24)<\/li>\n<li>Heart clear (ECHO Doppler May 2022)<\/li>\n<li><a href=\"https:\/\/register.kennelliit.ee\/index.php?page=dogCard&amp;dogId=289781\">In Estonian Kennel Union database \u00bb<\/a><\/li>\n<\/ul>\n<h4>GENE TESTS<\/h4>\n<ul>\n<li>prcd-PRA Clear by Parentage<\/li>\n<li>EIC Carrier<\/li>\n<li>HNPK Clear by Parentage<\/li>\n<li>Long Coat gene Carrier<\/li>\n<\/ul>\n<p><img decoding=\"async\" class=\"aligncenter\" title=\"\" src=\"https:\/\/vana.mybrand.ee\/wp-content\/gallery\/web\/title-bg.png\" alt=\"\"><\/p>\n<h4>PEDIGREE<\/h4>\n<table class=\"tree\" border=\"1\">\n<tbody>\n<tr>\n<td class=\"tree\" style=\"width: 25%;\" rowspan=\"8\">POL LTU CH POL JCH JW JUN Club\u2019W GDR JUN Club\u2019W Bloomwood Royal Major Globtrotter<br \/>\nHD A\/A ED 0:0 Eyes Clear<br \/>\nprcd-PRA Normal\/Clear, EIC Clear HNPK Clear<br \/>\n(POL)<\/td>\n<td class=\"tree\" style=\"width: 25%;\" rowspan=\"4\">DK CH Lobuff-Shannon US Major Attraction<br \/>\nHD A\/A ED 0:0 Eyes Clear<br \/>\nprcd-PRA Normal\/Clear, EIC Clear HNPK Clear CNM Clear<br \/>\n(USA)<\/td>\n<td class=\"tree\" style=\"width: 25%;\" rowspan=\"2\"><span class=\"\u0441\u0442\u0438\u043b\u044c7\">AM CAN CH Lobuff Hollyridge The Aviator WC<\/span><\/td>\n<td class=\"tree\" style=\"width: 25%;\">AM CH Rozzay Hunt Club Clayview Grady<\/td>\n<\/tr>\n<tr>\n<td class=\"tree\"><span class=\"style118\">CH BISS Lobuffs Sandpiper At Hollyridge<\/span><\/td>\n<\/tr>\n<tr>\n<td class=\"tree\" rowspan=\"2\">Shannon\u2019s Amethyst Dreams<\/td>\n<td class=\"tree\">AM CH Ridge View Bugs Bunny<\/td>\n<\/tr>\n<tr>\n<td class=\"tree\">Shannon&#8217;s Rainbow In The Mist<\/td>\n<\/tr>\n<tr>\n<td class=\"tree\" rowspan=\"4\">POL RUS UZ MAC CH Merci Herbu Zadora<br \/>\nHD A\/A ED 0:0 Eyes Clear<br \/>\nprcd-PRA Normal\/Clear, EIC Clear<br \/>\n(POL)<\/td>\n<td class=\"tree\" rowspan=\"2\">POL CH Kimleigh\u2019s New Moon Rising<\/td>\n<td class=\"tree\">BISS AM CH Windfall&#8217;s Pipe Major<\/td>\n<\/tr>\n<tr>\n<td class=\"tree\">AM CH Kimleigh&#8217;s Once In A Blue Moon<\/td>\n<\/tr>\n<tr>\n<td class=\"tree\" rowspan=\"2\">Yunta Yara Herbu Zadora<\/td>\n<td class=\"tree\">Nimloth Logan At Herbu Zadora<\/td>\n<\/tr>\n<tr>\n<td class=\"tree\">Zebu Zadziora Herbu Zadora<\/td>\n<\/tr>\n<tr>\n<td class=\"tree\" rowspan=\"8\">Touch My Soul Reverie Stream<br \/>\nHD A\/A ED 0:0 Eyes Clear<br \/>\nprcd-PRA Clear by Parentage, EIC Carrier, HNPK Clear, long coat carrier<br \/>\n(LV)<\/td>\n<td class=\"tree\" rowspan=\"4\">FI CH Strongline&#8217;s Money For Nothing<br \/>\nHD A\/A, ED 0:0, prcd-PRA Normal\/Clear, EIC Clear (N\/N)<br \/>\n(FIN)<\/td>\n<td class=\"tree\" rowspan=\"2\">LCD JGD CH Flying Firecracker v.d.Weeward<\/td>\n<td class=\"tree\">Hunt Club Clayview Super Nova At Belquest<\/td>\n<\/tr>\n<tr>\n<td class=\"tree\">Xtra Ordinairy Xara V.d. Weeward<\/td>\n<\/tr>\n<tr>\n<td class=\"tree\" rowspan=\"2\">FI EST CH Strongline&#8217;s Xantamaria<\/td>\n<td class=\"tree\">Sidewild Northern Frost<\/td>\n<\/tr>\n<tr>\n<td class=\"tree\">FI CH Strongline&#8217;s Quantanamera<\/td>\n<\/tr>\n<tr>\n<td class=\"tree\" rowspan=\"4\">LV CH My Brand Rose Is A Rose<br \/>\nHD A\/A ED 0:0, Eyes Clear,<br \/>\nprcd-PRA Clear, HNPK Clear<br \/>\nEIC Carrier<br \/>\n(EST)<\/td>\n<td class=\"tree\" rowspan=\"2\">EST RUS JCH JTWC\u201915 TWC\u201915 Tawastway\u2019s Snowholic<\/td>\n<td class=\"tree\">SW SH CH POL JCH JW\u201911 NL CH C.I.B. Seawinds Polish Poker<\/td>\n<\/tr>\n<tr>\n<td class=\"tree\">C.I.B FI SW&nbsp; EST CH Tealway Early Bird<\/td>\n<\/tr>\n<tr>\n<td class=\"tree\" rowspan=\"2\">My Brand Kiss From A Rose<\/td>\n<td class=\"tree\">MEX EST CH Tabatha\u2019s Caffu Queijeiro<\/td>\n<\/tr>\n<tr>\n<td class=\"tree\">My Brand Rare Stone Rose<\/td>\n<\/tr>\n<\/tbody>\n<\/table>\n<h4>WORK RESULTS<\/h4>\n<p><strong>RETRIEVER QUALIFICATION TEST<\/strong><\/p>\n<ul>\n<li>11.09.2020 Retriever qualification test in Saarj\u00e4rve, qualified, judge Riin Kooli-K\u00f5nnussaar<\/li>\n<\/ul>\n<p><strong>RETRIEVER COLD GAME TEST (NOME-B)<\/strong><\/p>\n<ul>\n<li>29.06.2024 Linnam\u00e4e Estonian Retriever Championship, I prize in Winners Class, judge Ari-Pekka Fontell<\/li>\n<li>2.10.2023 Remte, Latvia, II prize in Winners Class, judge Ari-Pekka Fontell<\/li>\n<li>18.06.2023 Hunting test with gold game (NOME-B) in Viljandi county, I prize in Open Class, judges Vesa Turunen and Pasi Majuri<\/li>\n<li>26.09.2021 Hunting test with gold game (NOME-B) in Saarj\u00e4rve, I prize in Beginners Class, judge Ari-Pekka Fontell<\/li>\n<\/ul>\n<p><strong>RETRIEVER WORKING TEST<\/strong><\/p>\n<ul>\n<li>6.07.2025 Retriever Working Test in Upmali, Latvia, I prize, 2nd place in Winner Class, judge Maria Kacsalova (HU)<\/li>\n<li>28.06.2025 Retriever Working Test in Metsaj\u00f5e, II prize, 7th place in Winner Class, judges Maarit Saarinen (FIN), Minja Vitikka (FIN)<\/li>\n<li>19.04.2025 Retriever Working Test in P\u00e4rnumaa, II prize in Winner Class, judges Ronnie Farrelly (IRE), Imre Csaba Varasdy (HU)<\/li>\n<li>18.08.2024 Retriever Working Test in Kauksi, I prize and I place in Open Class (dummy trial), judges Maarit Saarinen (FIN) and Maria Kacsalova (HU)<\/li>\n<li>6.04.2024 Retriever Working Test in P\u00e4rnumaa, II prize in Intermediate Class, judges P\u00e9ter Yand\u00f3 (HU) &amp; Keld J\u00f8rgensen (DK)<\/li>\n<li>12.08.2023 Retriever Working Test in Kauksi, II prize in Intermediate Class, judge Anja M\u00f6ller<\/li>\n<li>9.10.2021 Retriever Working Test in P\u00e4rnumaa, I prize in Novice Class, judge Martin Incedi<\/li>\n<\/ul>\n<p><img loading=\"lazy\" decoding=\"async\" class=\"alignnone\" src=\"https:\/\/vana.mybrand.ee\/wp-content\/gallery\/my-brand-soul-sister\/IMG_6120.JPG\" alt=\"My Brand Soul Sister (photo by Mari-Liis Rihkrand)\" width=\"1800\" height=\"1200\"><\/p>\n<h4>SHOW RESULTS<\/h4>\n<table style=\"width: 100%;\">\n<tbody>\n<tr>\n<th>Date<\/th>\n<th>Show<\/th>\n<th>Judge<\/th>\n<th>Class<\/th>\n<th>Results<\/th>\n<\/tr>\n<tr>\n<td>26.07.2020<\/td>\n<td>National Show, Saku Suurhall, Tallinn<\/td>\n<td>Renata Petkevi\u010diene (Lithuania)<\/td>\n<td>Junior<\/td>\n<td>SP 1 SK PE2 TPJ Jun SERT<\/td>\n<\/tr>\n<tr>\n<td>25.07.2020<\/td>\n<td>National Show, Saku Suurhall, Tallinn<\/td>\n<td>Dina Korna (Eesti)<\/td>\n<td>Junior<\/td>\n<td>SP 1 SK PE2 VSPJ Jun SERT<\/td>\n<\/tr>\n<tr>\n<td>15.02.2020<\/td>\n<td>8 &amp; 9 Group Show, T1 Mall of Tallinn<\/td>\n<td>Doron Rachlin (Israel)<\/td>\n<td>Kutsikaklass<\/td>\n<td>1 EAH VSPK<\/td>\n<\/tr>\n<\/tbody>\n<\/table>\n<h4 class=\"wpview-selection-before\">GALLERY<\/h4>\n<p>ngg_shortcode_0_placeholder<\/p>","protected":false},"excerpt":{"rendered":"<p>ESTONIAN CHAMPION ESTONIAN JUNIOR CHAMPION My Brand Soul Sister &#8220;Missy&#8221; yellow female (BBee, does not carry chocolate) DoB: 24.06.2019 HEALTH RECORD hips A\/A elbows 0:0 Eyes clear (nov&#8217;24) Heart clear (ECHO Doppler May 2022) In Estonian Kennel Union database \u00bb GENE TESTS prcd-PRA Clear by Parentage EIC Carrier HNPK Clear by Parentage Long Coat gene [&hellip;]<\/p>\n","protected":false},"author":1,"featured_media":0,"parent":39,"menu_order":2,"comment_status":"closed","ping_status":"closed","template":"","meta":{"ngg_post_thumbnail":0,"footnotes":""},"class_list":["post-7335","page","type-page","status-publish","hentry"],"_links":{"self":[{"href":"https:\/\/vana.mybrand.ee\/en\/wp-json\/wp\/v2\/pages\/7335","targetHints":{"allow":["GET"]}}],"collection":[{"href":"https:\/\/vana.mybrand.ee\/en\/wp-json\/wp\/v2\/pages"}],"about":[{"href":"https:\/\/vana.mybrand.ee\/en\/wp-json\/wp\/v2\/types\/page"}],"author":[{"embeddable":true,"href":"https:\/\/vana.mybrand.ee\/en\/wp-json\/wp\/v2\/users\/1"}],"replies":[{"embeddable":true,"href":"https:\/\/vana.mybrand.ee\/en\/wp-json\/wp\/v2\/comments?post=7335"}],"version-history":[{"count":0,"href":"https:\/\/vana.mybrand.ee\/en\/wp-json\/wp\/v2\/pages\/7335\/revisions"}],"up":[{"embeddable":true,"href":"https:\/\/vana.mybrand.ee\/en\/wp-json\/wp\/v2\/pages\/39"}],"wp:attachment":[{"href":"https:\/\/vana.mybrand.ee\/en\/wp-json\/wp\/v2\/media?parent=7335"}],"curies":[{"name":"wp","href":"https:\/\/api.w.org\/{rel}","templated":true}]}}