{"id":7781,"date":"2020-11-23T10:21:22","date_gmt":"2020-11-23T08:21:22","guid":{"rendered":"https:\/\/vana.mybrand.ee\/?page_id=7781"},"modified":"2022-04-29T13:50:21","modified_gmt":"2022-04-29T11:50:21","slug":"my-brand-million-dollar-baby","status":"publish","type":"page","link":"https:\/\/vana.mybrand.ee\/en\/about-us\/koerad-minevikust\/my-brand-million-dollar-baby\/","title":{"rendered":"My Brand Million Dollar Baby ~Lota~"},"content":{"rendered":"<p><img loading=\"lazy\" decoding=\"async\" class=\"alignnone\" src=\"https:\/\/vana.mybrand.ee\/wp-content\/gallery\/my-brand-million-dollar-baby\/IMG_8549.jpg\" width=\"1800\" height=\"1200\"><\/p>\n<h2>&#8220;Lota&#8221;<\/h2>\n<p><em>* fotol 2-aastane<br \/>\n<\/em><\/p>\n<p>pruun emane (bbEE, ei j\u00e4ta kollast)<br \/>\ns\u00fcnd 28.06.2019<br \/>\nKaasomanik Karmen \u00dctsik, Eesti<\/p>\n<h4>TERVISEUURINGUD<\/h4>\n<ul>\n<li>puusad A\/A<\/li>\n<li>k\u00fc\u00fcnarliigesed 0:0<\/li>\n<li>silmad puhtad (mai 2020)<\/li>\n<li>olemas k\u00f5ik hambad<\/li>\n<li>PRA-prcd Normal\/Clear (vanemad puhtad)<\/li>\n<li>EIC Normal\/Clear (vanemad puhtad)<\/li>\n<li>HNPK Normal\/Clear (vanemad puhtad)<\/li>\n<li><a href=\"https:\/\/register.kennelliit.ee\/index.php?page=dogCard&amp;dogId=289792\" target=\"_blank\" rel=\"noopener noreferrer\">EKL registris \u00bb<\/a><\/li>\n<\/ul>\n<p><img decoding=\"async\" class=\"aligncenter\" title=\"\" src=\"https:\/\/vana.mybrand.ee\/wp-content\/gallery\/web\/title-bg.png\" alt=\"\"><\/p>\n<p>Lota on tore labradorit\u00fcdruk Windleaf Disco ja Lulaby Baby Malmesbury Optimus Canis pesakonnast. Loodame, et temast kasvab oma vanemate v\u00e4\u00e4riline tore labrador.<\/p>\n<h4>SUGUPUU<\/h4>\n<table class=\"tree\" border=\"1\">\n<tbody>\n<tr>\n<td class=\"tree\" style=\"width: 25%;\" rowspan=\"8\">SW SH CH Windleaf Disco<strong><br \/>\n<\/strong>HD A\/A ED 0:0 Eyes Clear<br \/>\nEIC, HNPK, prcd-PRA Normal\/Clear<br \/>\n(SW)<\/td>\n<td class=\"tree\" style=\"width: 25%;\" rowspan=\"4\">CAN CH Madabout\u2019s Rideon to Handyhill<br \/>\n(USA)<\/td>\n<td class=\"tree\" style=\"width: 25%;\" rowspan=\"2\"><span class=\"\u0441\u0442\u0438\u043b\u044c7\">BISS AM CH Lor-Als Hot Diggity JH WC<\/span><\/td>\n<td class=\"tree\">Huntmor&#8217;s Work Of Art<\/td>\n<\/tr>\n<tr>\n<td class=\"tree\">Lor-Als June Bug<\/td>\n<\/tr>\n<tr>\n<td class=\"tree\" rowspan=\"2\">Madabout\u2019s Juno My Name<\/td>\n<td class=\"tree\">AM CH Venetian&#8217;s Copy That<\/td>\n<\/tr>\n<tr>\n<td class=\"tree\">CH Staghorn&#8217;s Hot Toddy At Madabouts<\/td>\n<\/tr>\n<tr>\n<td class=\"tree\" rowspan=\"4\">SW SH CH NO CH Aquador Morgana<br \/>\n(SW)<\/td>\n<td class=\"tree\" rowspan=\"2\">NO CH Labry Berry Scherbet at Play Mor<\/td>\n<td class=\"tree\">CH Gilbron Pride Olaf Baltic Rock<\/td>\n<\/tr>\n<tr>\n<td class=\"tree\">Labry Berry Zenta Prima<\/td>\n<\/tr>\n<tr>\n<td class=\"tree\" rowspan=\"2\">Aquador Ilythia<\/td>\n<td class=\"tree\">CH Tjotte&#8217;s Lover Under Cover<\/td>\n<\/tr>\n<tr>\n<td class=\"tree\">Askrikes Winchat<\/td>\n<\/tr>\n<tr>\n<td class=\"tree\" rowspan=\"8\">EST JCH Lulaby Baby Malmesbury Optimus Canis<br \/>\nHD A\/A ED 0:0 Eyes Clear<br \/>\nprcd-PRA &amp; EIC &amp; HNPK Normal\/Clear<br \/>\n(POL)<\/td>\n<td class=\"tree\" rowspan=\"4\">POL JCH Mallorn\u2019s Black Gangsta<br \/>\nHD A\/A, ED 0:0, prcd-PRA Normal\/Clear, EIC Clear<br \/>\n(FIN)<\/td>\n<td class=\"tree\" rowspan=\"2\">Mallorn\u2019s Romeo<\/td>\n<td class=\"tree\">Visions I\u2019m Able<\/td>\n<\/tr>\n<tr>\n<td class=\"tree\">Rosanan La Rosa<\/td>\n<\/tr>\n<tr>\n<td class=\"tree\" rowspan=\"2\">Mallorn\u2019s Premium Chocolate<\/td>\n<td class=\"tree\">NORW SW SH CH Mementos Mario<\/td>\n<\/tr>\n<tr>\n<td class=\"tree\">Mallorn\u2019s Chocomotion<\/td>\n<\/tr>\n<tr>\n<td class=\"tree\" rowspan=\"4\">Pretty Since Birth Z Grodu Hrabiego Malmesbury<br \/>\nHD A\/A ED 0:0, prcd-PRA Normal\/Clear<br \/>\n(POL)<\/td>\n<td class=\"tree\" rowspan=\"2\">Lab Treasure\u2019s Windsor<\/td>\n<td class=\"tree\">DK SW CH Gowanvale Balance<\/td>\n<\/tr>\n<tr>\n<td class=\"tree\">Lab Treasure\u2019s Hazelnut<\/td>\n<\/tr>\n<tr>\n<td class=\"tree\" rowspan=\"2\">Maroccan Velvet Ushim<\/td>\n<td class=\"tree\">SR CH My Faith Tankaram<\/td>\n<\/tr>\n<tr>\n<td class=\"tree\">Maroccan Velvet Misha<\/td>\n<\/tr>\n<\/tbody>\n<\/table>\n<h4>&nbsp;<img decoding=\"async\" class=\"aligncenter\" title=\"\" src=\"https:\/\/vana.mybrand.ee\/wp-content\/gallery\/web\/title-bg.png\" alt=\"\"><\/h4>\n<h4>N\u00c4ITUSTE TULEMUSED<\/h4>\n<p>Loodetavasti varsti<\/p>\n<h4>KATSETE TULEMUSED<\/h4>\n<p>Loodetavasti varsti<\/p>\n<h4>GALERII<\/h4>\n<p>ngg_shortcode_0_placeholder<\/p>","protected":false},"excerpt":{"rendered":"<p>&#8220;Lota&#8221; * fotol 2-aastane pruun emane (bbEE, ei j\u00e4ta kollast) s\u00fcnd 28.06.2019 Kaasomanik Karmen \u00dctsik, Eesti TERVISEUURINGUD puusad A\/A k\u00fc\u00fcnarliigesed 0:0 silmad puhtad (mai 2020) olemas k\u00f5ik hambad PRA-prcd Normal\/Clear (vanemad puhtad) EIC Normal\/Clear (vanemad puhtad) HNPK Normal\/Clear (vanemad puhtad) EKL registris \u00bb Lota on tore labradorit\u00fcdruk Windleaf Disco ja Lulaby Baby Malmesbury Optimus Canis [&hellip;]<\/p>\n","protected":false},"author":1,"featured_media":0,"parent":5477,"menu_order":0,"comment_status":"closed","ping_status":"closed","template":"","meta":{"ngg_post_thumbnail":0,"footnotes":""},"class_list":["post-7781","page","type-page","status-publish","hentry"],"_links":{"self":[{"href":"https:\/\/vana.mybrand.ee\/en\/wp-json\/wp\/v2\/pages\/7781","targetHints":{"allow":["GET"]}}],"collection":[{"href":"https:\/\/vana.mybrand.ee\/en\/wp-json\/wp\/v2\/pages"}],"about":[{"href":"https:\/\/vana.mybrand.ee\/en\/wp-json\/wp\/v2\/types\/page"}],"author":[{"embeddable":true,"href":"https:\/\/vana.mybrand.ee\/en\/wp-json\/wp\/v2\/users\/1"}],"replies":[{"embeddable":true,"href":"https:\/\/vana.mybrand.ee\/en\/wp-json\/wp\/v2\/comments?post=7781"}],"version-history":[{"count":0,"href":"https:\/\/vana.mybrand.ee\/en\/wp-json\/wp\/v2\/pages\/7781\/revisions"}],"up":[{"embeddable":true,"href":"https:\/\/vana.mybrand.ee\/en\/wp-json\/wp\/v2\/pages\/5477"}],"wp:attachment":[{"href":"https:\/\/vana.mybrand.ee\/en\/wp-json\/wp\/v2\/media?parent=7781"}],"curies":[{"name":"wp","href":"https:\/\/api.w.org\/{rel}","templated":true}]}}