{"id":792,"date":"2011-02-15T19:31:23","date_gmt":"2011-02-15T17:31:23","guid":{"rendered":"https:\/\/vana.mybrand.ee"},"modified":"2016-11-03T11:53:00","modified_gmt":"2016-11-03T09:53:00","slug":"my-brand-june-bug","status":"publish","type":"page","link":"https:\/\/vana.mybrand.ee\/en\/about-us\/koerad-minevikust\/my-brand-june-bug\/","title":{"rendered":"My Brand June Bug"},"content":{"rendered":"<p><\/p>\n<ul>\n<li><strong>ESTONIAN JUNIOR CHAMPION<\/strong><\/li>\n<li><strong>LATVIAN JUNIOR CHAMPION<\/strong><\/li>\n<li><strong>ESTONIAN CHAMPION<\/strong><\/li>\n<li><strong>LATVIAN CHAMPION<\/strong><\/li>\n<li><strong>QUALIFIED IN THE FIELD = INTERNATIONAL WORKING CERTIFICATE<\/strong><\/li>\n<\/ul>\n<p><img loading=\"lazy\" decoding=\"async\" class=\"ngg-singlepic ngg-none\" src=\"https:\/\/vana.mybrand.ee\/\/wp-content\/gallery\/my-brand-june-bug\/mb-june-bug-01.jpg\" alt=\"My Brand June Bug\" width=\"640\" height=\"480\" \/><\/p>\n<h2>&#8220;Juanita&#8221;<\/h2>\n<p><em>* 2 years old on the photo<\/em><\/p>\n<p>chocolate female (bbEE, does not carry yellow)<br \/>\nborn: 10.07.2010<br \/>\nOwned by Kristi Kauponen, Estonia<\/p>\n<h4>HEALTH RECORD<\/h4>\n<ul>\n<li>hips A\/A,<\/li>\n<li>elbows 0:0,<\/li>\n<li>Eyes Clear (May&#8217;13)<\/li>\n<li>prcd-PRA Carrier<\/li>\n<li>EIC Carrier (N\/EIC)<\/li>\n<li>full dentition.<\/li>\n<li><a href=\"http:\/\/register.kennelliit.ee\/reg\/index.php?page=dogCard&amp;dogId=128944\" target=\"_blank\">In the Estonian Kennel Union database \u00bb<\/a><\/li>\n<\/ul>\n<p>Juanita is a sweet girl from a litter by CH Banner&#8217;s Epoch Jasper out of CH My Brand Immaterial Girl. She&#8217;s got lovely structure, wonderful coat, good bone and sweet head. I&#8217;m also head over heels about her character, she is so sweet and full of will to please.<\/p>\n<p>With limited showing so far she has already run in the Best In Show rings.<\/p>\n<p>Juanita has passed the retriever trials and is now retired.<\/p>\n<h4>PEDIGREE<strong><br \/>\n<\/strong><\/h4>\n<table class=\"tree\" border=\"1\">\n<tbody>\n<tr>\n<td class=\"tree\" style=\"width: 25%;\" rowspan=\"8\">INT ROM POL CH LTU W&#8217;11 AUSTR EST LV LTU BALT JCH<br \/>\nBanners Epoch Jasper<br \/>\nhips A\/A elbows 0:0, Optigen prcd-PRA Normal\/Clear<br \/>\n(USA)<\/td>\n<td class=\"tree\" style=\"width: 25%;\" rowspan=\"4\">Nipntuck Olly Olly Oxen Free<br \/>\n(USA)<\/td>\n<td class=\"tree\" style=\"width: 25%;\" rowspan=\"2\">AM CH Cressmoor&#8217;s Iron Oxen<\/td>\n<td class=\"tree\" style=\"width: 25%;\">Epoch&#8217;s Edward of Bonaventure<\/td>\n<\/tr>\n<tr>\n<td class=\"tree\" style=\"width: 25%;\">Honorbright Cressmoor&#8217;s Vixen<\/td>\n<\/tr>\n<tr>\n<td class=\"tree\" style=\"width: 25%;\" rowspan=\"2\">AM CH Nipntuck Miss American Pie<\/td>\n<td class=\"tree\" style=\"width: 25%;\">Brooklands Charlie Brown<\/td>\n<\/tr>\n<tr>\n<td class=\"tree\" style=\"width: 25%;\">AM CH Twinkle In Your Eyes<\/td>\n<\/tr>\n<tr>\n<td class=\"tree\" style=\"width: 25%;\" rowspan=\"4\">Banner&#8217;s Little Debbie At Epoch<br \/>\n(USA)<\/td>\n<td class=\"tree\" style=\"width: 25%;\" rowspan=\"2\">AM CH Epoch&#8217;s Bacardi Joe Banner<\/td>\n<td class=\"tree\" style=\"width: 25%;\">AM CAN CH Banners Muskelunge Buckeye<\/td>\n<\/tr>\n<tr>\n<td class=\"tree\" style=\"width: 25%;\">AM CH Epochs Rum Raisin The Banner<\/td>\n<\/tr>\n<tr>\n<td class=\"tree\" style=\"width: 25%;\" rowspan=\"2\">Serendipity&#8217;s Pocket Change<\/td>\n<td class=\"tree\" style=\"width: 25%;\">AM CH Stonecrest&#8217;s Davey Crocket<\/td>\n<\/tr>\n<tr>\n<td class=\"tree\" style=\"width: 25%;\">Epochs Kahlua Banner<\/td>\n<\/tr>\n<tr>\n<td class=\"tree\" style=\"width: 25%;\" rowspan=\"8\">EST JW&#8217;08 EST W&#8217;08 EST CH My Brand Immaterial Girl<br \/>\nHD A\/A ED 0:0 eyes clear, Optigen prcd-PRA Carrier, EIC Clear<br \/>\n(EST)<\/td>\n<td class=\"tree\" style=\"width: 25%;\" rowspan=\"4\">PL SLO CH Mallorn&#8217;s Chocomania<br \/>\nHD A\/A ED 0:0<br \/>\n(FIN)<\/td>\n<td class=\"tree\" style=\"width: 25%;\" rowspan=\"2\">S Sh CH Tjotte&#8217;s Now Or Never<\/td>\n<td class=\"tree\" style=\"width: 25%;\">DK &amp; S CH Cassatas Aladdin Aces<\/td>\n<\/tr>\n<tr>\n<td class=\"tree\" style=\"width: 25%;\">FIN SW NORW CH Tjotte&#8217;s Babysitter&#8217;s Nightmare<\/td>\n<\/tr>\n<tr>\n<td class=\"tree\" style=\"width: 25%;\" rowspan=\"2\">FIN CH Boothgates Miz Showbusiness<\/td>\n<td class=\"tree\" style=\"width: 25%;\">Brandhams Show Stopper<\/td>\n<\/tr>\n<tr>\n<td class=\"tree\" style=\"width: 25%;\">Oulsmi Endless Love<\/td>\n<\/tr>\n<tr>\n<td class=\"tree\" style=\"width: 25%;\" rowspan=\"4\">EST LV RUS JCH EST JW&#8217;05 EST W&#8217;05 LV JW&#8217;05 Mallorn&#8217;s Rosabrandy (FIN)<\/td>\n<td class=\"tree\" style=\"width: 25%;\" rowspan=\"2\">Vision&#8217;s I&#8217;m Able<\/td>\n<td class=\"tree\" style=\"width: 25%;\">MULTI BISS AM CH Sounder&#8217;s Hear Me Roar<\/td>\n<\/tr>\n<tr>\n<td class=\"tree\" style=\"width: 25%;\">AM CH Kelleygreen Amazing Grace<\/td>\n<\/tr>\n<tr>\n<td class=\"tree\" style=\"width: 25%;\" rowspan=\"2\">Rosanan La Rosa<\/td>\n<td class=\"tree\" style=\"width: 25%;\">Mallorn&#8217;s Arcturus<\/td>\n<\/tr>\n<tr>\n<td class=\"tree\" style=\"width: 25%;\">Rosanan Desert Rose<\/td>\n<\/tr>\n<\/tbody>\n<\/table>\n<p><img loading=\"lazy\" decoding=\"async\" class=\"ngg-singlepic ngg-none\" src=\"https:\/\/vana.mybrand.ee\/\/wp-content\/gallery\/my-brand-june-bug\/mb-june-bug-head-01.jpg\" alt=\"caffu-juanita\" width=\"640\" height=\"480\" \/><\/p>\n<h4>SHOW RESULTS<\/h4>\n<ul>\n<li>Luige 30.06.2013: Best Female, CC, BOS = EST &amp; LV CH (&#8230;)<\/li>\n<li>Haapsalu 29.06.2013: 2nd in Working Class (&#8230;)<\/li>\n<li>Estonian Winner&#8217;13 2.06.2013: Winner of Working Class, Best Female-3 (Juta Haranen, EST)<\/li>\n<li>Retriever Specialty 1.06.2013: Winner of Working Class (Saskia Rathenau-Beijerman, HOL)<\/li>\n<li>Jaunmarupe 22.07.2012: Open Class Winner, Best Female, Best of Breed! (Margret M\u00f6ller-Sieber, GER)<\/li>\n<li>Jaunmarupe 21.07.2012: Open Class Winner, Best Female, CC, BOS (Boris Aleksandrov, UKR)<\/li>\n<li>Zooexpo Riga 30.1.2011: Winner of Junior Class (Barbara M\u00fcller (CH)<\/li>\n<li>Estonian Retriever Specialty 1.10.2011: Best of Breed Junior, BEST IN SHOW-4 Junior (Beppe Masia, ITA)<\/li>\n<li>Latvian Retriever Specialty 18.09.2011: Winner of Junior Class, Junior CC = Latvian Junior Champion (Yvonne Saussi, SWI)<\/li>\n<li>Viimsi 17.07.2011: Winner of Junior Class, Junior CC = Estonian Junior Champion, Best of Opposite Sex Junior (Istvan Nagy, SER)<\/li>\n<li>Viimsi 16.07.2011: Winner of Junior Class, Junior CC, Best of Breed Junior.<\/li>\n<li>Retriever Specialty 4.6.2011: Best of breed Junior, BEST IN SHOW-3 Junior (Gera Toeters-Riethoff, Netherlands).<\/li>\n<li>Labrador Specialty 3.6.2011: EXC\/3 in Junior Class (Manuel Queijeiro, Mehhiko)<\/li>\n<li>Vaimastvere Group Specialty 9.01.2011: Best of Breed Baby &amp; BIS-3 Baby (Beata Petkevich, LV).<\/li>\n<li>Puppy &amp; Veteran show 4.12.2010: Best of Breed Baby (Inga Siil, EST).<\/li>\n<\/ul>\n<h4>WORK RESULTS<\/h4>\n<ul>\n<li>Passed the retriever breed trials on 6.08.2011, handled by Geito Oolo, judge Risto Aaltonen (Finland).<\/li>\n<\/ul>\n<h4>JUDGES ABOUT HER<\/h4>\n<p><strong>Juta Haranen, EST: <\/strong><em>&#8220;3-aastane tugev emane, naiselik pea ja ilme, silmad-k\u00f5rvad korrektsed, head hambad, tugev selg, innukas liikuja, j\u00f5ulise sammuga, h\u00e4sti esitatud.&#8221;<\/em><\/p>\n<p><strong>Beppe Masia<\/strong> (kennel Masialab, ITA): <em>&#8220;13 months, enjoyable temperament with tail all ways in movement, good muzzle and skull, well set ears, reach of neck in strong shoulder, correct topline and tailset, correct bone and angulation, drive with excellent action.&#8221; <\/em>BOB-Junior, BIS-4 Junior.<\/p>\n<p><strong>Manuel Queijeiro <\/strong>(kennel Queijeiro, Mehhiko): &#8220;Excellent breed type, very nice head, would like to see darker eye, very good neck and shoulders, good topline and tailset, beautiful mover.&#8221; &#8211; III koht juuniorklassis, labradoride erin\u00e4itus 2011 Luige.<\/p>\n<p><strong>Yvonne Saussi (SW) <\/strong><em>&#8220;14 months, typical size, feminine head, well shaped eye of correct colour, strong neck, excellent front angulations, level topline, short strong loin, excellent tailset and carriage, correct rear angulations, moves very well from side, a little close behind.&#8221;<\/em><\/p>\n<p><strong>Beata Petkevica (LV) <\/strong><em>&#8220;Very attractive and promising, excellent pigmentation, correct proportions of body, excellent neck, excellent shape and work of tail, excellent temperament, moves very well.&#8221;<\/em><\/p>\n<h4>GALLERY<\/h4>\nngg_shortcode_0_placeholder\n<h4>VIDEOS<\/h4>\n<p>Here&#8217;s a video of tiny Juanita at her second dog show, 8. &amp; 9. Group Specialty in Vaimastvere 9.01.2011, when she ended up BEST IN SHOW-3 BABY! Thank You, Britta, for showing her!<\/p>\n<p>httpv:\/\/www.youtube.com\/watch?v=6M8Delx6n_o<\/p>\n<p>This next video is taken at the breed trials 28.05.2011, I have filmed the searching part of the trial. 5 birds have been hidden and the 6th one is thrown with the gun shot. She has to find and retrieve them all. Juanita was handled by Britta Puusepp.<\/p>\n<p>httpv:\/\/www.youtube.com\/watch?v=XP8_uC9OBX4<\/p>\n<p>Juanita has inherited her mothers and grandmothers clown gene. One option how to entertain people at the breed trials, can be seen on the following video (2:44). Luckily the judge didn&#8217;t mind and Juanita passed the test.<\/p>\n<p>httpv:\/\/www.youtube.com\/watch?v=A98Gl__lwDY<\/p>","protected":false},"excerpt":{"rendered":"<p>ESTONIAN JUNIOR CHAMPION LATVIAN JUNIOR CHAMPION ESTONIAN CHAMPION LATVIAN CHAMPION QUALIFIED IN THE FIELD = INTERNATIONAL WORKING CERTIFICATE &#8220;Juanita&#8221; * 2 years old on the photo chocolate female (bbEE, does not carry yellow) born: 10.07.2010 Owned by Kristi Kauponen, Estonia HEALTH RECORD hips A\/A, elbows 0:0, Eyes Clear (May&#8217;13) prcd-PRA Carrier EIC Carrier (N\/EIC) full [&hellip;]<\/p>\n","protected":false},"author":1,"featured_media":0,"parent":5477,"menu_order":0,"comment_status":"closed","ping_status":"closed","template":"","meta":{"ngg_post_thumbnail":0,"footnotes":""},"class_list":["post-792","page","type-page","status-publish","hentry"],"_links":{"self":[{"href":"https:\/\/vana.mybrand.ee\/en\/wp-json\/wp\/v2\/pages\/792","targetHints":{"allow":["GET"]}}],"collection":[{"href":"https:\/\/vana.mybrand.ee\/en\/wp-json\/wp\/v2\/pages"}],"about":[{"href":"https:\/\/vana.mybrand.ee\/en\/wp-json\/wp\/v2\/types\/page"}],"author":[{"embeddable":true,"href":"https:\/\/vana.mybrand.ee\/en\/wp-json\/wp\/v2\/users\/1"}],"replies":[{"embeddable":true,"href":"https:\/\/vana.mybrand.ee\/en\/wp-json\/wp\/v2\/comments?post=792"}],"version-history":[{"count":0,"href":"https:\/\/vana.mybrand.ee\/en\/wp-json\/wp\/v2\/pages\/792\/revisions"}],"up":[{"embeddable":true,"href":"https:\/\/vana.mybrand.ee\/en\/wp-json\/wp\/v2\/pages\/5477"}],"wp:attachment":[{"href":"https:\/\/vana.mybrand.ee\/en\/wp-json\/wp\/v2\/media?parent=792"}],"curies":[{"name":"wp","href":"https:\/\/api.w.org\/{rel}","templated":true}]}}