{"id":8704,"date":"2022-08-01T10:45:10","date_gmt":"2022-08-01T08:45:10","guid":{"rendered":"https:\/\/vana.mybrand.ee\/?page_id=8704"},"modified":"2025-09-22T13:11:21","modified_gmt":"2025-09-22T11:11:21","slug":"upwards-oh-my-what-a-night","status":"publish","type":"page","link":"https:\/\/vana.mybrand.ee\/en\/females\/upwards-oh-my-what-a-night\/","title":{"rendered":"Upwards Oh My What A Night ~Merida~"},"content":{"rendered":"<p><img loading=\"lazy\" decoding=\"async\" class=\"alignnone size-full\" src=\"https:\/\/vana.mybrand.ee\/wp-content\/gallery\/upwards-oh-my-what-a-night\/Merida-31.07.2022_21.JPG\" width=\"1800\" height=\"1200\"><\/p>\n<h3>Upwards Oh My What A Night &#8220;Merida&#8221;<\/h3>\n<p>black female (BbEE, carries chocolate, not yellow)<br \/>\nDoB 23.3.2022<br \/>\nBreeder Rita Nyg\u00e5rd, kennel Upwards, Finland<br \/>\n<a href=\"https:\/\/jalostus.kennelliitto.fi\/frmKoira.aspx?RekNo=FI25727\/22&amp;R=122\" target=\"_blank\" rel=\"noopener\">Finnish Kennel Club database \u00bb<\/a><br \/>\n<a href=\"https:\/\/register.kennelliit.ee\/index.php?page=dogCard&amp;dogId=338048\" target=\"_blank\" rel=\"noopener\">Estonian Kennel Union database \u00bb<\/a><\/p>\n<h4>HEALTH RECORD<\/h4>\n<ul>\n<li>hips A\/A<\/li>\n<li>elbows 0:0<\/li>\n<li>eyes clear (April 2023)<\/li>\n<li>heart ECHO Doppler clear (April 2023)<\/li>\n<\/ul>\n<h4>GENE TESTS<\/h4>\n<ul>\n<li>prcd-PRA Normal\/Clear (by parentage)<\/li>\n<li>EIC Normal\/Clear (by parentage)<\/li>\n<li>HNPK Normal\/Clear (by parentage)<\/li>\n<li>STGD Carrier (N\/STGD)<\/li>\n<li>does not carry long coat<\/li>\n<li>does not carry curly coat<\/li>\n<li><a href=\"https:\/\/www.wisdompanel.com\/app\/s\/0s3dck4\">all gene test results (Wisdom Panel)<\/a><\/li>\n<\/ul>\n<h4>PEDIGREE<\/h4>\n<table class=\"tree\" border=\"1\">\n<tbody>\n<tr>\n<td class=\"tree\" style=\"width: 25%;\" rowspan=\"8\">C.I.B. C.I.E. EST FIN LV LTU BALT NORW CH LVV-23 TLNW-24 My Brand Night To Remember<br \/>\nHD B\/B ED 0:0 Eyes &amp; Heart ECHO Clear<br \/>\nEIC, HNPK, prcd-PRA, RD\/OSD Clear<br \/>\nlong coat gene Clear<br \/>\n(EST)<\/td>\n<td class=\"tree\" style=\"width: 25%;\" rowspan=\"4\">MBISJ MX CH PR CH Maroma\u2019s Captain Cove<br \/>\nHD A\/A ED 0:0 Eyes Clear (AVCO)<br \/>\nprcd-PRA, CNM, HNPK, long coat &amp; EIC Heart: Clear by Doppler<br \/>\n(MEX)<\/td>\n<td class=\"tree\" style=\"width: 25%;\" rowspan=\"2\">AM GR CH Lakeside Memoir Of Gallivant<\/td>\n<td class=\"tree\" style=\"width: 25%;\">Gallivant Big Pine Out of Africa<\/td>\n<\/tr>\n<tr>\n<td class=\"tree\">AM CH Meredith Herbu Zadora<\/td>\n<\/tr>\n<tr>\n<td class=\"tree\" rowspan=\"2\">The Princess Of Oz (Concha)<\/td>\n<td class=\"tree\">AM CH Lobuff Hollyridge Wizard of Oz<\/td>\n<\/tr>\n<tr>\n<td class=\"tree\">Belquest Princess Maya<\/td>\n<\/tr>\n<tr>\n<td class=\"tree\" rowspan=\"4\">My Brand Last Night At Cheyas<br \/>\nHD A\/A ED 0:0 Eyes Clear<br \/>\nprcd-PRA, HNPK &amp; EIC Normal\/Clear<br \/>\n(EST)<\/td>\n<td class=\"tree\" rowspan=\"2\">AM POL MEX CH Vegas Night Bella Mare<\/td>\n<td class=\"tree\">AM CH POL CH Dickendall Buckstone Three Dog Night<\/td>\n<\/tr>\n<tr>\n<td class=\"tree\">JCH PL Sandamar HySpire I\u2019m So Vain<\/td>\n<\/tr>\n<tr>\n<td class=\"tree\" rowspan=\"2\">My Brand Kiss From A Rose<\/td>\n<td class=\"tree\">MEX EST CH Tabatha\u2019s Caffu Queijeiro<\/td>\n<\/tr>\n<tr>\n<td class=\"tree\">My Brand Rare Stone Rose<\/td>\n<\/tr>\n<tr>\n<td class=\"tree\" rowspan=\"8\">FIN CH FIN TR CH FIN VP Water Rescue CH Upwards You Raise Me Up<br \/>\nHD A\/A ED 0:0 Eyes &amp; Heart Clear<br \/>\n(FIN)<\/td>\n<td class=\"tree\" rowspan=\"4\">NW SW CH Mementos Vadillo<br \/>\nHD A\/A ED 0:0 Eyes Clear<br \/>\nprcd-PRA, HNPK &amp; EIC Normal\/Clear<br \/>\n(NORW)<\/td>\n<td class=\"tree\" rowspan=\"2\">FIN CH Upwards Goodwill Gunnar<\/td>\n<td class=\"tree\">C.I.B. NORD CH FIN SW CH Cassatas Fantom Ferdinand<\/td>\n<\/tr>\n<tr>\n<td class=\"tree\">FIN CH Upwards Camilla<\/td>\n<\/tr>\n<tr>\n<td class=\"tree\" rowspan=\"2\">Mementos Melodi<\/td>\n<td class=\"tree\">NO CH Cha&#8217;s Didrik Champ<\/td>\n<\/tr>\n<tr>\n<td class=\"tree\">SW NW CH NW W&#8217;05 Mementos Fantasia<\/td>\n<\/tr>\n<tr>\n<td class=\"tree\" rowspan=\"4\">FIN CH Upwards Urban Legend<br \/>\nHD A\/A ED 0:0 Eyes Clear<br \/>\n(FIN)<\/td>\n<td class=\"tree\" rowspan=\"2\">FIN CH Naiken Xavier<\/td>\n<td class=\"tree\">Buckholt Kestrel<\/td>\n<\/tr>\n<tr>\n<td class=\"tree\">Naiken Quizzical<\/td>\n<\/tr>\n<tr>\n<td class=\"tree\" rowspan=\"2\">Upwards Judith<\/td>\n<td class=\"tree\">FIN CH Palabras Keep On Movin&#8217;<\/td>\n<\/tr>\n<tr>\n<td class=\"tree\">FIN CH Upwards Camilla<\/td>\n<\/tr>\n<\/tbody>\n<\/table>\n<p><img loading=\"lazy\" decoding=\"async\" class=\"alignnone\" src=\"https:\/\/vana.mybrand.ee\/wp-content\/gallery\/upwards-oh-my-what-a-night\/mai22_42.JPG\" alt=\"Upwards Oh My What A Night\" width=\"1800\" height=\"1200\"><\/p>\n<h4>WORK RESULTS<\/h4>\n<p><strong>RETRIEVER QUALIFICATION TEST<\/strong><\/p>\n<ul>\n<li>15.09.2023 Retriever qualification test with cold game in Saarj\u00e4rve, qualified, judge Ari-Pekka Fontell<\/li>\n<\/ul>\n<p><strong>RETRIEVER COLD GAME TEST (NOME-B)<\/strong><\/p>\n<ul>\n<li>20.09.2025 Kooraste k\u00f5verj\u00e4rv, P\u00f5lvamaa, I prize in Beginners Class, judge Vesa Hietikko (FIN)<\/li>\n<li>03.08.2025 Harjumaa, Eesti, II prize in Beginners Class, judge Ari-Pekka Fontell (FIN)<\/li>\n<li>14.06.2024 Linnam\u00e4e, L\u00e4\u00e4nemaa, II prize in Beginners Class, judge Petri Tuominen<\/li>\n<li>28.06.2024 Linnam\u00e4e, L\u00e4\u00e4nemaa, II prize in Beginners Class, judge Vesa Hietikko<\/li>\n<\/ul>\n<p><strong>RETRIEVER WORKING TEST (WT)<\/strong><\/p>\n<table>\n<tbody>\n<tr>\n<td><b>Date<\/b><\/td>\n<td><strong>Class<\/strong><\/td>\n<td><strong>Results<\/strong><\/td>\n<td><strong>Judge<\/strong><\/td>\n<td><strong>Place<\/strong><\/td>\n<\/tr>\n<tr>\n<td>19.07.2025<\/td>\n<td>BEG<\/td>\n<td>I prize, 4. place<\/td>\n<td>Pauliina Ahola, FI<\/td>\n<td>Linnam\u00e4e, Estonia<\/td>\n<\/tr>\n<tr>\n<td>6.07.2025<\/td>\n<td>BEG<\/td>\n<td>II prize, 2. place, <strong>judges choice<\/strong><\/td>\n<td>Maria Kacsalova, HU<\/td>\n<td>Upmali, Latvia<\/td>\n<\/tr>\n<tr>\n<td>28.06.2025<\/td>\n<td>BEG<\/td>\n<td>I prize, 5. place<\/td>\n<td>Maarit Saarinen, Minja Vitikka, FI<\/td>\n<td>Metsaj\u00f5e, Estonia<\/td>\n<\/tr>\n<tr>\n<td>10.05.2025<\/td>\n<td>BEG<\/td>\n<td>II prize<\/td>\n<td>Maria Kacsalova, Bogdan Bartakovics<\/td>\n<td>K\u00fctioru, Estonia<\/td>\n<\/tr>\n<\/tbody>\n<\/table>\n<p><strong>WATER RESCUE<br \/>\n<\/strong><\/p>\n<ul>\n<li>20.08.2024 EOKK National water rescue test, judge Monika Rusing (FCI) = VP2 class 95 points \u201cvery good\u201d and 1st place<\/li>\n<li>27.07.2024 EOKK National water rescue test, judge Daniel Sedlak = VP1 class 93 points \u201cvery good and 5th place<\/li>\n<\/ul>\n<h4 class=\"wpview-selection-before\">JUDGES ABOUT HER<\/h4>\n<p><strong>Bruno Facq, France<\/strong><\/p>\n<blockquote><p>&#8220;14 months old, pretty feminine head, excellent length of neck, very good back and front angulations, good bone and feet, very good ribcage, moves correctly with happiness.&#8221;<\/p><\/blockquote>\n<h4 class=\"wpview-selection-before\">GALLERY<\/h4>\n<p>ngg_shortcode_0_placeholder<\/p>","protected":false},"excerpt":{"rendered":"<p>Upwards Oh My What A Night &#8220;Merida&#8221; black female (BbEE, carries chocolate, not yellow) DoB 23.3.2022 Breeder Rita Nyg\u00e5rd, kennel Upwards, Finland Finnish Kennel Club database \u00bb Estonian Kennel Union database \u00bb HEALTH RECORD hips A\/A elbows 0:0 eyes clear (April 2023) heart ECHO Doppler clear (April 2023) GENE TESTS prcd-PRA Normal\/Clear (by parentage) EIC [&hellip;]<\/p>\n","protected":false},"author":1,"featured_media":0,"parent":39,"menu_order":15,"comment_status":"closed","ping_status":"closed","template":"","meta":{"ngg_post_thumbnail":0,"footnotes":""},"class_list":["post-8704","page","type-page","status-publish","hentry"],"_links":{"self":[{"href":"https:\/\/vana.mybrand.ee\/en\/wp-json\/wp\/v2\/pages\/8704","targetHints":{"allow":["GET"]}}],"collection":[{"href":"https:\/\/vana.mybrand.ee\/en\/wp-json\/wp\/v2\/pages"}],"about":[{"href":"https:\/\/vana.mybrand.ee\/en\/wp-json\/wp\/v2\/types\/page"}],"author":[{"embeddable":true,"href":"https:\/\/vana.mybrand.ee\/en\/wp-json\/wp\/v2\/users\/1"}],"replies":[{"embeddable":true,"href":"https:\/\/vana.mybrand.ee\/en\/wp-json\/wp\/v2\/comments?post=8704"}],"version-history":[{"count":0,"href":"https:\/\/vana.mybrand.ee\/en\/wp-json\/wp\/v2\/pages\/8704\/revisions"}],"up":[{"embeddable":true,"href":"https:\/\/vana.mybrand.ee\/en\/wp-json\/wp\/v2\/pages\/39"}],"wp:attachment":[{"href":"https:\/\/vana.mybrand.ee\/en\/wp-json\/wp\/v2\/media?parent=8704"}],"curies":[{"name":"wp","href":"https:\/\/api.w.org\/{rel}","templated":true}]}}