{"id":9308,"date":"2023-11-05T00:29:15","date_gmt":"2023-11-04T22:29:15","guid":{"rendered":"https:\/\/vana.mybrand.ee\/?page_id=9308"},"modified":"2025-02-12T09:58:39","modified_gmt":"2025-02-12T07:58:39","slug":"my-brand-unforgettable-me","status":"publish","type":"page","link":"https:\/\/vana.mybrand.ee\/en\/females\/my-brand-unforgettable-me\/","title":{"rendered":"My Brand Unforgettable Me ~Liisa~"},"content":{"rendered":"<p><div style=\"width: 1810px\" class=\"wp-caption alignnone\"><img loading=\"lazy\" decoding=\"async\" src=\"https:\/\/vana.mybrand.ee\/wp-content\/gallery\/my-brand-unforgettable-me\/web-MB-Unforgettable-Me-6w_3.jpg?i=523838740\" alt=\"\" width=\"1800\" height=\"1200\"><p class=\"wp-caption-text\">Liisa 7 weeks old on the photo. Photo My Brand Labradors.<\/p><\/div><\/p>\n<h2>My Brand Unforgettable Me &#8220;Liisa&#8221;<\/h2>\n<p>chocolate female (bbEE, does not carry yellow)<br \/>\nDoB 01.07.2022<br \/>\n<a href=\"https:\/\/register.kennelliit.ee\/index.php?page=dogCard&amp;dogId=336433\" target=\"_blank\" rel=\"noopener noreferrer\">Estonian Kennel Union database \u00bb<\/a><br \/>\nco-owner Sven Majorov, Estonia<\/p>\n<h4>HEALTH RECORDS<\/h4>\n<ul>\n<li>hips A\/A<\/li>\n<li>elbows 0:0<\/li>\n<li>eyes clear<\/li>\n<li>heart Echo Doppler Clear<\/li>\n<\/ul>\n<h4>GENE TESTS<\/h4>\n<ul>\n<li>HNPK Normal\/Clear (by parentage)<\/li>\n<li>EIC &#8212;<\/li>\n<li>PRA-prcd Normal\/Clear (by parentage)<\/li>\n<\/ul>\n<p>&nbsp;<\/p>\n<h4>PEDIGREE<\/h4>\n<table class=\"tree\" border=\"1\">\n<tbody>\n<tr>\n<td class=\"tree\" style=\"width: 25%;\" rowspan=\"8\">LVA JCH LVA EST BLR LTU CZE BALT RUS POL CH Nuga Nuga Of Bohemia Bras<br \/>\nHD A\/A ED 0:0 Eyes Clear<br \/>\nprcd-PRA, HNPK, CNM, HUU, CY, DM, PKD Normal\/Clear, EIC Carrier<br \/>\nl\u00e4binud retriiverite t\u00f5ukatse, RTT ALG II j\u00e4rk<br \/>\n(CZ)<\/td>\n<td class=\"tree\" style=\"width: 25%;\" rowspan=\"4\">SVK CH Handy Hedgehog of Bohemia Bras<br \/>\nHD A\/A ED 0:0 Eyes Clear<br \/>\nNormal\/Clear on prcd-PRA, HNPK, CNM, CY, DM, EIC<br \/>\n(CZ)<\/td>\n<td class=\"tree\" style=\"width: 25%;\" rowspan=\"2\">POL UKR CH Mallorn\u2019s Love In A Mist<\/td>\n<td class=\"tree\" style=\"width: 25%;\">SWE SH CH NORW CH Tjotte&#8217;s Lover Under Cover<\/td>\n<\/tr>\n<tr>\n<td class=\"tree\">Mallorn\u2019s Ring Any Bells<\/td>\n<\/tr>\n<tr>\n<td class=\"tree\" rowspan=\"2\">Viva La Vida De Bohemia Bras<\/td>\n<td class=\"tree\">I HU CH GCH CZ CH CZ GCH AT SK Mallorn&#8217;s Rogue&#8217;s Gallery<\/td>\n<\/tr>\n<tr>\n<td class=\"tree\">King&#8217;s Swear of Bohemia Bras<\/td>\n<\/tr>\n<tr>\n<td class=\"tree\" rowspan=\"4\">Qu\u00e9 Suerte De La Bohemia Bras<br \/>\nHD A\/A ED 0:0<br \/>\nNormal\/Clear on prcd-PRA, EIC<br \/>\n(CZ)<\/td>\n<td class=\"tree\" rowspan=\"2\">Rosanan Lazzarone<\/td>\n<td class=\"tree\">Mallorn&#8217;s Arcturus<\/td>\n<\/tr>\n<tr>\n<td class=\"tree\">Rosanan Desert Rose<\/td>\n<\/tr>\n<tr>\n<td class=\"tree\" rowspan=\"2\">King\u2019s Swear Bohemia Bras<\/td>\n<td class=\"tree\">Rosanan Elvis Presley<\/td>\n<\/tr>\n<tr>\n<td class=\"tree\">Viking-Countess Bohemia Bras<\/td>\n<\/tr>\n<tr>\n<td class=\"tree\" rowspan=\"8\">My Brand Twice As Sweet<br \/>\nHD A\/A ED 0:0 Eyes Clear, Heart ECHO Doppler Clear<br \/>\nHNPK, EIC, prcd-PRA Normal\/Clear<br \/>\n(EST)<\/td>\n<td class=\"tree\" rowspan=\"4\">CAN CH Eagertrieves True Gravity<br \/>\nHips OFA Fair Elbows OFA Normal Eyes: OFA Clear<br \/>\nNormal\/Clear: prcd-PRA, EIC, HNPK, CNM, DM, Long Coat Gene<br \/>\nHeart ECHO: Clear<br \/>\n(CAN)<\/td>\n<td class=\"tree\" rowspan=\"2\">Ramblin Man Of Buddy Hunter<\/td>\n<td class=\"tree\">AC Pekka of Lontras Labs<\/td>\n<\/tr>\n<tr>\n<td class=\"tree\">Kiss Zen of Buddy Hunter<\/td>\n<\/tr>\n<tr>\n<td class=\"tree\" rowspan=\"2\">CAN CH Eagertrieves Grin And Bear It<\/td>\n<td class=\"tree\">CAN NZ CH Eagertrieves Downtown Brown<\/td>\n<\/tr>\n<tr>\n<td class=\"tree\">CAN CH Eagertrieves Ursa Major<\/td>\n<\/tr>\n<tr>\n<td class=\"tree\" rowspan=\"4\">My Brand Indian Magic<br \/>\nHD A\/A ED 0:0 Eyes Clear<br \/>\nNormal\/Clear: EIC, HNPK, prcd-PRA Carrier<br \/>\n(EST)<\/td>\n<td class=\"tree\" rowspan=\"2\">BALT JW\u201915 EST JCH Genuine My Brand Optimus Canis<\/td>\n<td class=\"tree\">INT CH POL JCH POL BLK UKR BUL CH Mallorn\u2019s Black Gangsta<\/td>\n<\/tr>\n<tr>\n<td class=\"tree\">Amazing Poppy Optimus Canis<\/td>\n<\/tr>\n<tr>\n<td class=\"tree\" rowspan=\"2\">Karankawa Maiara<\/td>\n<td class=\"tree\">MEX EST CH Tabatha\u2019s Caffu Queijeiro<\/td>\n<\/tr>\n<tr>\n<td class=\"tree\">Forest Fan Lilith<\/td>\n<\/tr>\n<\/tbody>\n<\/table>\n<h4>WORK RESULTS<\/h4>\n<p><strong>WATER RESCUE<br \/>\n<\/strong><\/p>\n<ul>\n<li>20.08.2024 National water rescue test, judge Monika Rusing (FCI) = VP1 class 93 points &#8220;very good&#8221;<\/li>\n<\/ul>\n<h4>GALLERY<\/h4>\n<p>ngg_shortcode_0_placeholder<\/p>","protected":false},"excerpt":{"rendered":"<p>My Brand Unforgettable Me &#8220;Liisa&#8221; chocolate female (bbEE, does not carry yellow) DoB 01.07.2022 Estonian Kennel Union database \u00bb co-owner Sven Majorov, Estonia HEALTH RECORDS hips A\/A elbows 0:0 eyes clear heart Echo Doppler Clear GENE TESTS HNPK Normal\/Clear (by parentage) EIC &#8212; PRA-prcd Normal\/Clear (by parentage) &nbsp; PEDIGREE LVA JCH LVA EST BLR LTU [&hellip;]<\/p>\n","protected":false},"author":1,"featured_media":0,"parent":39,"menu_order":17,"comment_status":"closed","ping_status":"closed","template":"","meta":{"ngg_post_thumbnail":0,"footnotes":""},"class_list":["post-9308","page","type-page","status-publish","hentry"],"_links":{"self":[{"href":"https:\/\/vana.mybrand.ee\/en\/wp-json\/wp\/v2\/pages\/9308","targetHints":{"allow":["GET"]}}],"collection":[{"href":"https:\/\/vana.mybrand.ee\/en\/wp-json\/wp\/v2\/pages"}],"about":[{"href":"https:\/\/vana.mybrand.ee\/en\/wp-json\/wp\/v2\/types\/page"}],"author":[{"embeddable":true,"href":"https:\/\/vana.mybrand.ee\/en\/wp-json\/wp\/v2\/users\/1"}],"replies":[{"embeddable":true,"href":"https:\/\/vana.mybrand.ee\/en\/wp-json\/wp\/v2\/comments?post=9308"}],"version-history":[{"count":0,"href":"https:\/\/vana.mybrand.ee\/en\/wp-json\/wp\/v2\/pages\/9308\/revisions"}],"up":[{"embeddable":true,"href":"https:\/\/vana.mybrand.ee\/en\/wp-json\/wp\/v2\/pages\/39"}],"wp:attachment":[{"href":"https:\/\/vana.mybrand.ee\/en\/wp-json\/wp\/v2\/media?parent=9308"}],"curies":[{"name":"wp","href":"https:\/\/api.w.org\/{rel}","templated":true}]}}