{"id":9472,"date":"2024-02-07T16:50:07","date_gmt":"2024-02-07T14:50:07","guid":{"rendered":"https:\/\/vana.mybrand.ee\/?page_id=9472"},"modified":"2024-02-07T16:54:36","modified_gmt":"2024-02-07T14:54:36","slug":"dummy-loovutamine","status":"publish","type":"page","link":"https:\/\/vana.mybrand.ee\/en\/library\/dummy-loovutamine\/","title":{"rendered":"Delivery of the dummy"},"content":{"rendered":"<p><img loading=\"lazy\" decoding=\"async\" class=\"alignnone\" src=\"https:\/\/vana.mybrand.ee\/wp-content\/gallery\/photos\/IMG_6030.JPG\" alt=\"My Brand Sky Wizard\" width=\"1800\" height=\"1200\"><\/p>\n<h2>Is your dog reluctant to deliver the game to you?<\/h2>\n<p>Author of photos and text: Maarit Saarinen, translated with the author&#8217;s permission<br \/>\nKennel Middle River&#8217;s, original January 2024: <a href=\"https:\/\/www.middlerivers.fi\/kuvasarja---daminriistan-palautus\">https:\/\/www.middlerivers.fi\/kuvasarja&#8212;daminriistan-palautus<\/a><\/p>\n<p>It&#8217;s a common problem that retrievers drop the dummy\/game in front of the handlers legs and don&#8217;t give it neatly to the handler. You have probably wondered why they do that. You are likely here for that reason. If you found this page before your dog developed such a problem, you are already halfway to success.<\/p>\n<p>There are various reasons for dropping the dummy: poor cooperation with humans, changing puppy teeth, rushing to fetch the next dummy, etc. The tips below will help improve handing over the dummy, regardless of why the dog sloppily surrenders or drops the game.<\/p>\n<p>What is a sloppy surrender?<\/p>\n<ul>\n<li>Dropping the dummy<\/li>\n<li>Handing over with a jump or restlessness<\/li>\n<li>Bringing the dummy to the handler&#8217;s feet<\/li>\n<li>Dog&#8217;s gaze directed downward during surrender<\/li>\n<li>Turning during surrender<\/li>\n<li>Turning the back or hindquarters to the handler, etc.<\/li>\n<\/ul>\n<p>&nbsp;<\/p>\n<p>\/more translation soon\/ &#8230;<\/p>\n<p><img loading=\"lazy\" decoding=\"async\" class=\"alignnone\" src=\"https:\/\/vana.mybrand.ee\/wp-content\/gallery\/dummy-loovutamine\/jalkoihin_326x.jpg\" alt=\"jalkoihin_326x\" width=\"326\" height=\"283\"><\/p>\n<p>Koer viskas dummy maha ja k\u00fcsib n\u00fc\u00fcd maiust<\/p>\n<p><img loading=\"lazy\" decoding=\"async\" class=\"alignnone\" src=\"https:\/\/vana.mybrand.ee\/wp-content\/gallery\/dummy-loovutamine\/kiemurtelu_321x.jpg\" alt=\"kiemurtelu_321x\" width=\"321\" height=\"289\"><\/p>\n<p>Koer keerutab \u00fcmber koerajuhi ja vaatab maha<\/p>\n<p><img loading=\"lazy\" decoding=\"async\" class=\"alignnone\" src=\"https:\/\/vana.mybrand.ee\/wp-content\/gallery\/dummy-loovutamine\/pomppu_321x.jpg\" alt=\"pomppu_321x\" width=\"321\" height=\"324\"><\/p>\n<p>Koer toob dummy ja h\u00fcppab sellega \u00fcles<\/p>\n<p><strong>Kuidas \u00f5petada koera korrektselt dummy loovutama?<\/strong><\/p>\n<p>Allpool leiad samm-sammuhaaval juhised ja harjutused, et dummy ja saak tuleks otsejoones sinuni ja koer \u00f5piks neid viisakalt sulle loovutama.<\/p>\n<p><strong>1. \u00d5PETA KUTSIKAS NAUTIMA SILITUSI PEA PEALT JA L\u00d5UA ALT<\/strong><\/p>\n<p>Harjuta kutsikat juba v\u00e4iksena, et sinu juures olles on parim kiitus paitamine ja pea hoidmine. Silita kutsikat pea pealt ja l\u00f5ua alt, hoia samal ajal kutsika pead k\u00e4es. \u00c4RA PATSUTA \u00fcmber tema keha. Nii harjutad kutsikat sellega, et tema peapiirkonna puudutamine on meeldiv ja kutsikas hakkab pakkuma sulle oma pead, et kiitust saada.<\/p>\n<p>See on juba hea algus.<\/p>\n<p><img loading=\"lazy\" decoding=\"async\" class=\"alignnone\" src=\"https:\/\/vana.mybrand.ee\/wp-content\/gallery\/dummy-loovutamine\/h_silmat_460x.jpg\" alt=\"h_silmat_460x\" width=\"460\" height=\"307\"><\/p>\n<p>Harjuta kutsikat k\u00e4ekontakti ja pea katsumisega<\/p>\n<p><strong>2. M\u00c4NGI KUTSIKAGA HOIA-ANNA M\u00c4NGU<\/strong><b><\/b><\/p>\n<ul>\n<li>Pane kutsikas enda ette istuma, anna talle dummy\/tennispall suhu ja kiida teda pea pealt silitades.<\/li>\n<li>V\u00f5ta dummy \u00e4ra ja samal ajal silita koera turja pealt v\u00f5i l\u00f5ua alt.<\/li>\n<li>Pane koer j\u00e4lle istuma ja anna talle dummy\/tennispall ja tagane m\u00f5ned sammud. Kutsu koer l\u00e4hemale ja v\u00f5ta ta vastu, silita samal ajal pea pealt ja l\u00f5ua alt. \u00c4RA KIIRUSTA DUMMY \u00c4RAV\u00d5TMISEGA. Piisab, kui kutsikas harjub sellega, et sinu l\u00e4hedal on tore tassida esemeid suus, neid sulle loovutada ja saada vastutasuks s\u00fcgamist ja kiitust.&nbsp;<\/li>\n<li>V\u00f5ta j\u00e4lle rahulikult dummy \u00e4ra ja kiida h\u00e4\u00e4lega.&nbsp;<\/li>\n<\/ul>\n<p>Oled juba poolel teel, aga veel pisut kannatust &#8230;<\/p>\n<p><img loading=\"lazy\" decoding=\"async\" class=\"alignnone\" src=\"https:\/\/vana.mybrand.ee\/wp-content\/gallery\/dummy-loovutamine\/ota_anna_221x.jpg\" alt=\"ota_anna_221x\" width=\"221\" height=\"245\"><\/p>\n<p>Anna koerale dummy &#8230;<\/p>\n<p><img loading=\"lazy\" decoding=\"async\" class=\"alignnone\" src=\"https:\/\/vana.mybrand.ee\/wp-content\/gallery\/dummy-loovutamine\/silita_istuessa_230x.jpg\" alt=\"silita_istuessa_230x\" width=\"230\" height=\"327\"><\/p>\n<p>&#8230; ja silita samal ajal tema pead. Kui dummy on koeral suus, siis silita teda l\u00f5ua alt.<\/p>\n<p>Just see 2. faas on v\u00e4ga t\u00e4htis, \u00c4RA KIIRUSTA.<\/p>\n<ul>\n<li>Tee harjutust rahulikus keskkonnas, kus pole h\u00e4irijaid, n\u00e4iteks alusta elutoas.<\/li>\n<li>\u00c4ra kiirusta dummy v\u00f5i palli \u00e4rav\u00f5tmisega, ole rahulik, silita koera. \u00dctle &#8220;ait\u00e4h&#8221; v\u00f5i &#8220;anna&#8221; ning v\u00f5ta rahulikult dummy koeral suust.<\/li>\n<li>Kui koer keerab pea \u00e4ra, on rahutu ning dummy ei p\u00fcsi suus, mine tagasi eelmise faasi juurde (punkt 1.). Piisab sellest, et koer istub su ees ja harjub pea pealt ja l\u00f5u alt s\u00fcgamisega. Nii j\u00e4\u00e4b varsti ka tema pea rahulikuks ja dummy hakkab rahulikumalt suus p\u00fcsima.<\/li>\n<li>Kui koer keerab pea \u00e4ra, aga dummy p\u00fcsib suus, v\u00f5id tema pea asendit kergelt k\u00e4ega parandada. L\u00fckka pea \u00f5iges suunas ja kiida kui koer rahuneb ja vaatab sind.<\/li>\n<li>Kui v\u00f5tad dummy koeralt, \u00e4ra kiirusta seda koera haardeulatusest v\u00e4lja t\u00f5stma. Kui koer p\u00fc\u00fcab dummyt ilma loata v\u00f5tta v\u00f5i selle j\u00e4rele h\u00fcpata, keela kohe. Selle j\u00e4rel n\u00e4ita talle dummyr, aga \u00e4ra luba ilma loata seda v\u00f5tta.<\/li>\n<\/ul>\n<p><img loading=\"lazy\" decoding=\"async\" class=\"alignnone\" src=\"https:\/\/vana.mybrand.ee\/wp-content\/gallery\/dummy-loovutamine\/dami_natisti_292x.jpg\" alt=\"dami_natisti_292x\" width=\"292\" height=\"385\"><\/p>\n<p>Dummy p\u00fcsib koera suus ja inimene kiidab koera silitusega<\/p>\n<p><img loading=\"lazy\" decoding=\"async\" class=\"alignnone\" src=\"https:\/\/vana.mybrand.ee\/wp-content\/gallery\/dummy-loovutamine\/dami_natisti_2_482x.jpg\" alt=\"dami_natisti_2_482x\" width=\"482\" height=\"477\"><\/p>\n<p>Silita koonu pealt ja julgusta l\u00f5ua alt, et koer vaataks \u00fcles ja \u00f5piks dummyt sulle &#8220;pakkuma&#8221;<\/p>\n<p><img decoding=\"async\" class=\"ngg-singlepic ngg-none\" src=\"https:\/\/vana.mybrand.ee\/wp-content\/gallery\/dummy-loovutamine\/ota_anna_1_460x.jpg\" alt=\"ota_anna_1_460x\"><\/p>\n<p>Ole dummyt hoides rahulik. Kasuta m\u00f5lemat k\u00e4tt nii dummyt koerale andes kui seda temalt v\u00f5ttes.<\/p>\n<p>Kui dummy kukub suust, aseta see koerale suhu tagasi ja kiida selle eest, et see p\u00fcsib suus. Astu samm tagasi, kutsu koera, silita teda ja v\u00f5ta rahulikult dummy \u00e4ra.<\/p>\n<p>Kui k\u00f5ik eelmised punktid toimivad juba kindlalt, koer on summyt loovutades rahulik, hoiab pead kenasti paigal ja dummy p\u00fcsib suus ka sel ajal, kui koera silitades kiidad v\u00f5i astud m\u00f5ned sammud tagasi, v\u00f5id allpool olevate juhistega edasi minna.<\/p>\n<p>Kui koer on veel rahutu, j\u00e4tka m\u00f5ned p\u00e4evad eelnevate harjutustega. Liigu edasi alles siis, kui koer on selleks valmis.<\/p>\n<p>MITTE MINGIL JUHUL \u00c4RA SUNNI koera istuma sinu ette enne loovutust. Pildil olev koer soovib ise vabatahtlikult loovutada dummyt inimese ees istudes. Ei ole vahet, kas koer selles faasis istub v\u00f5i seisab. Peaasi, et ta toob dummy koerajuhi juurde ja pakub seda \u00fclespoole vaadates. \u00c4ra kasuta survestavaid v\u00f5tteid.<\/p>\n<p>Kui n\u00fc\u00fcd hakkavad loovutused sujuma, on aeg liikuda edasi.<\/p>\n<p><img loading=\"lazy\" decoding=\"async\" class=\"alignnone\" src=\"https:\/\/vana.mybrand.ee\/wp-content\/gallery\/dummy-loovutamine\/p1_460x.jpg\" alt=\"p1_460x\" width=\"460\" height=\"322\"><\/p>\n<p>Algab \u00e4ratoomine<\/p>\n<p><strong>3. M\u00d5\u00d5DUKAD TOOMISED L\u00dcHIKESE VAHEMAA PEALT<\/strong><\/p>\n<ul>\n<li>Oled n\u00fc\u00fcd j\u00f5udnud nii kaugele, et koer loovutab sulle dummyd rahulikult ja ei rabele su juures olles. Pea t\u00f5useb \u00fcles ja koer &#8220;pakub&#8221; sulle dammyt. Koerale meeldivad silitused loovutuse ajal.<\/li>\n<li>\u00c4ra ka selles faasis l\u00f5peta koera kiitmist silitustega. \u00c4ra kiirusta dummy \u00e4ra v\u00f5tmisega.<\/li>\n<li>Kui koer j\u00f5uab dummyga sinu juurde, k\u00fckita ja kiida koera rahuliku h\u00e4\u00e4lega (ei mingeid kilkeid).<\/li>\n<\/ul>\n<p><img loading=\"lazy\" decoding=\"async\" class=\"alignnone\" src=\"https:\/\/vana.mybrand.ee\/wp-content\/gallery\/dummy-loovutamine\/p2_283x.jpg\" alt=\"p2_283x\" width=\"283\" height=\"308\"><\/p>\n<p>Ole rahulik, \u00e4ra unusta silitada<\/p>\n<p><img loading=\"lazy\" decoding=\"async\" class=\"alignnone\" src=\"https:\/\/vana.mybrand.ee\/wp-content\/gallery\/dummy-loovutamine\/p3_355x.jpg\" alt=\"p3_355x\" width=\"329\" height=\"317\"><\/p>\n<p>Ole loovutuse ajal pisut k\u00fckkis ja kiida h\u00e4\u00e4lega koera<\/p>\n<p>Kasuta s\u00f5na (ait\u00e4h, anna, jne) selleks, et koerale m\u00e4rku anda, millal ta peaks dummyst lahti laskma.<\/p>\n<ul>\n<li>\u00c4ra t\u00f5sta saaki kiirelt \u00fcles, vaid hoia seda lihtsalt pisut koerast kaugemal.<\/li>\n<li>Kui koer \u00fcritab h\u00fcpata saagile j\u00e4rele, keela konkreetselt. Saagi j\u00e4rele h\u00fcppamine on suur viga, mis v\u00f5ib hullemal juhul saagi l\u00f5hkuda.<\/li>\n<li>V\u00f5id koera suunata peale loovutust alati kiirelt k\u00f5rvale.<\/li>\n<li>Kui koer on su k\u00f5rvale tulnud, pane saak kotti, koerale rihm kaela ja kiida tema ja iseennast suurep\u00e4rase loovutuse puhul.<\/li>\n<li>Tee eelmainitud \u00e4ratoomisharjutusi vaid m\u00f5ned p\u00e4evas. L\u00f5peta siis, kui l\u00e4heb h\u00e4sti, \u00e4ra survesta koera kui sul on halb tuju.<\/li>\n<li>Viis minutit trenni p\u00e4evas viib kaugemale kui kaks trennitundi n\u00e4dalas.<\/li>\n<\/ul>\n<p><img loading=\"lazy\" decoding=\"async\" class=\"alignnone\" src=\"https:\/\/vana.mybrand.ee\/wp-content\/gallery\/dummy-loovutamine\/p5_225x.jpg\" alt=\"p5_225x\" width=\"224\" height=\"237\"><\/p>\n<p>\u00c4ra t\u00f5sta saaki kohe kiirelt \u00fcles<\/p>\n<p><img loading=\"lazy\" decoding=\"async\" class=\"alignnone\" src=\"https:\/\/vana.mybrand.ee\/wp-content\/gallery\/dummy-loovutamine\/p62_225x.jpg\" alt=\"p62_225x\" width=\"225\" height=\"265\"><\/p>\n<p>Julgusta koer enda k\u00f5rvale tulema<\/p>\n<p><img loading=\"lazy\" decoding=\"async\" class=\"alignnone\" src=\"https:\/\/vana.mybrand.ee\/wp-content\/gallery\/dummy-loovutamine\/p7_294x.jpg\" alt=\"p7_294x\" width=\"293\" height=\"345\"><\/p>\n<p>Rahulolev koer ja \u00f5nnelik omanik suurep\u00e4rase loovutuse j\u00e4rel.<\/p>","protected":false},"excerpt":{"rendered":"<p>Is your dog reluctant to deliver the game to you? Author of photos and text: Maarit Saarinen, translated with the author&#8217;s permission Kennel Middle River&#8217;s, original January 2024: https:\/\/www.middlerivers.fi\/kuvasarja&#8212;daminriistan-palautus It&#8217;s a common problem that retrievers drop the dummy\/game in front of the handlers legs and don&#8217;t give it neatly to the handler. You have probably [&hellip;]<\/p>\n","protected":false},"author":1,"featured_media":0,"parent":177,"menu_order":10,"comment_status":"closed","ping_status":"closed","template":"","meta":{"ngg_post_thumbnail":0,"footnotes":""},"class_list":["post-9472","page","type-page","status-publish","hentry"],"_links":{"self":[{"href":"https:\/\/vana.mybrand.ee\/en\/wp-json\/wp\/v2\/pages\/9472","targetHints":{"allow":["GET"]}}],"collection":[{"href":"https:\/\/vana.mybrand.ee\/en\/wp-json\/wp\/v2\/pages"}],"about":[{"href":"https:\/\/vana.mybrand.ee\/en\/wp-json\/wp\/v2\/types\/page"}],"author":[{"embeddable":true,"href":"https:\/\/vana.mybrand.ee\/en\/wp-json\/wp\/v2\/users\/1"}],"replies":[{"embeddable":true,"href":"https:\/\/vana.mybrand.ee\/en\/wp-json\/wp\/v2\/comments?post=9472"}],"version-history":[{"count":0,"href":"https:\/\/vana.mybrand.ee\/en\/wp-json\/wp\/v2\/pages\/9472\/revisions"}],"up":[{"embeddable":true,"href":"https:\/\/vana.mybrand.ee\/en\/wp-json\/wp\/v2\/pages\/177"}],"wp:attachment":[{"href":"https:\/\/vana.mybrand.ee\/en\/wp-json\/wp\/v2\/media?parent=9472"}],"curies":[{"name":"wp","href":"https:\/\/api.w.org\/{rel}","templated":true}]}}