{"id":10,"date":"2011-01-30T16:36:45","date_gmt":"2011-01-30T14:36:45","guid":{"rendered":"https:\/\/vana.mybrand.ee\/"},"modified":"2016-11-03T12:47:21","modified_gmt":"2016-11-03T10:47:21","slug":"loresho-love-mail","status":"publish","type":"page","link":"https:\/\/vana.mybrand.ee\/et\/about-us\/koerad-minevikust\/loresho-love-mail\/","title":{"rendered":"Loresho Love Mail"},"content":{"rendered":"<table border=\"0\">\n<tbody>\n<tr>\n<td valign=\"top\"><img loading=\"lazy\" decoding=\"async\" class=\"ngg-singlepic ngg-none\" src=\"https:\/\/vana.mybrand.ee\/\/wp-content\/gallery\/loresho-love-mail\/rufus_stand.jpg\" alt=\"EST LV LTU BALT BLR CH Loresho Love Mail\" width=\"399\" height=\"300\" \/><\/td>\n<td valign=\"top\">\n<h3><a name=\"wrapper\"><\/a>&#8220;Rufus&#8221;<\/h3>\n<p>must isane (BbEe, kannab pruuni ja kollast)<br \/>\ns\u00fcnd: 21.02.2002<\/p>\n<ul>\n<li>puusad A\/A,<\/li>\n<li>k\u00fc\u00fcnarliigesed 1:1,<\/li>\n<li>p\u00f5lved puhtad,<\/li>\n<li>silmad puhtad.<\/li>\n<li>Optigen PRA Normal\/Clear<\/li>\n<li>olemas k\u00f5ik hambad<\/li>\n<\/ul>\n<p><a href=\"http:\/\/register.kennelliit.ee\/reg\/index.php?page=dogCard&amp;dogId=33538\" target=\"_blank\">EKL andmebaasis \u00bb <\/a><\/p>\n<p>Kasvataja Annaliisa Harjukari, <a href=\"http:\/\/www.kolumbus.fi\/loresho\/\" target=\"_blank\">kennel Loresho<\/a>, Soome<\/p>\n<p>Omanik Riina Koris.<\/p>\n<p><em><span style=\"font-size: small;\"><span style=\"font-family: georgia,palatino;\">*<\/span><\/span> 3-aastane pildil. Rufusest on veel pilte <a href=\"#gallery\">galeriis<\/a>.<\/em><\/td>\n<\/tr>\n<\/tbody>\n<\/table>\n<p>&nbsp;<\/p>\n<ul>\n<li><strong>Eesti t\u0161empion,<br \/>\n<\/strong><\/li>\n<li><strong>L\u00e4ti t\u0161empion, <\/strong><\/li>\n<li><strong>Leedu t\u0161empion,<\/strong><\/li>\n<li><strong>Balti t\u0161empion,<\/strong><\/li>\n<li><strong>Valgevene t\u0161empion<\/strong><\/li>\n<li><strong>L\u00e4binud jahikatsed metsalinnule = rahvusvaheline t\u00f6\u00f6sertifikaat<\/strong><\/li>\n<\/ul>\n<p><span style=\"font-family: georgia,palatino;\">Rufus on k\u00f5ige r\u00f5\u00f5msam koer, keda ma tunnen. Ta on alati heas tujus ja r\u00f5\u00f5mus k\u00f5igiga kohtudes. Kas teadsid, et tal oli isegi oma kass Mimi? \u00dchel p\u00e4eval loodan saada digitaalsesse vormi video sellest, kuidas need kaks s\u00f5pra (\u00fcks 40 kg, teine vaevu 2) omavahel m\u00fcrasid.<br \/>\n<\/span><\/p>\n<p class=\"MsoNormal\"><span style=\"font-family: georgia,palatino;\">Rufusel olid m\u00f5ned pesakonnad Eestis ja m\u00f5ned v\u00e4lismaal ja tema j\u00e4rglaste seas on h\u00e4id n\u00e4itusekoeri ning ka mitmeid h\u00e4id t\u00f6\u00f6koeri. Nii m\u00f5nigi on l\u00e4binud retriiverite t\u00f5ukatsed, jahikatsed v\u00f5i t\u00f6\u00f6tavad p\u00e4\u00e4stekoerte v\u00f5i jahikoertena. Ka v\u00e4limuse poolest on nii m\u00f5ndagi n\u00e4itustel esile t\u00f5stetud. Kohtunik Jan Roger Sauge (NOR) kirjeldas Rufuse j\u00e4rglasteklassi\u00a0 9.08.2006 erin\u00e4itusel nii:<\/span><\/p>\n<p class=\"MsoNormal\"><em><span style=\"font-family: georgia,palatino;\">&#8220;a group of 3 combinations, where you can see the dog has given movements, coat and lovely types. Well done!&#8221;<\/span><\/em><\/p>\n<p class=\"MsoNormal\"><span style=\"font-family: georgia,palatino;\">N\u00fc\u00fcdseks peab Rufus v\u00e4lja teenitud pensionip\u00f5lve R\u00f5uges. Loodame, et tema lapsed ja lapselapsed on samal moel edukad mitmel alal ja hoiame neile p\u00f6ialt.<br \/>\n<\/span><\/p>\n<ul>\n<li><a href=\"#progeny\">M\u00f5ned pildid tema j\u00e4rglastest siin \u00bb<\/a><\/li>\n<\/ul>\n<p>Ait\u00e4h, Annaliisa, suurep\u00e4rase koera eest!<\/p>\n<p><strong>PEDIGREE OF RUFUS:<\/strong><\/p>\n<table class=\"tree\" style=\"border: 1px solid #969696; background-color: #dfe1c8;\" border=\"1\">\n<tbody>\n<tr>\n<td style=\"width: 25%;\" rowspan=\"8\">FIN Winner&#8217;03 Mailiksen Gentleman<br \/>\nHD A\/A ED 0:0, 3 CC, 2 x CACIB, BIS<br \/>\n(FIN)<\/td>\n<td style=\"width: 25%;\" rowspan=\"4\">FIN S CH Strongline&#8217;s Eternal Flame<br \/>\nHD A\/A ED 0:0<br \/>\n(FIN)<\/td>\n<td style=\"width: 25%;\" rowspan=\"2\">INT FIN EST CH WW&#8217;98 SW&#8217;98 ESTW&#8217;99 FINW&#8217;00 Tawastway&#8217;s Fooling Around<\/td>\n<td style=\"width: 25%;\">INT FIN EST RUS CH W&#8217;97 TR CH Strongline&#8217;s Flame Of Fame<\/td>\n<\/tr>\n<tr>\n<td style=\"width: 25%;\">FIN TR CH Mistmoor&#8217;s Blandbaker<\/td>\n<\/tr>\n<tr>\n<td style=\"width: 25%;\" rowspan=\"2\">INT FIN EST CH<br \/>\nStrongline&#8217;s Jolly Known<\/td>\n<td style=\"width: 25%;\">AM CH Graemoor Tim<\/td>\n<\/tr>\n<tr>\n<td style=\"width: 25%;\">INT FIN CH Strongline&#8217;s Ever Known<\/td>\n<\/tr>\n<tr>\n<td style=\"width: 25%;\" rowspan=\"4\">FIN CH Mailiksen Lumikki<br \/>\nHD B\/B ED 0:0<br \/>\n(FIN)<\/td>\n<td style=\"width: 25%;\" rowspan=\"2\">FIN JCH INT NORD NV SV FIN VCh DK SCH FIN CH Biggas Ynga<\/td>\n<td style=\"width: 25%;\">FIN CH Eatons Minstrel<\/td>\n<\/tr>\n<tr>\n<td style=\"width: 25%;\">FIN CH Artistico Giuliette<\/td>\n<\/tr>\n<tr>\n<td style=\"width: 25%;\" rowspan=\"2\">Mailiksen Villi-Ruusu<\/td>\n<td style=\"width: 25%;\">NL VDH CH Leije Royal Mail<\/td>\n<\/tr>\n<tr>\n<td style=\"width: 25%;\">FIN CH Rosanan Summer Rose<\/td>\n<\/tr>\n<tr>\n<td style=\"width: 25%;\" rowspan=\"8\">Loresho Get On<br \/>\nHD B\/C ED 1:0<br \/>\n(FIN)<\/td>\n<td style=\"width: 25%;\" rowspan=\"4\">INT FIN EST AM CAN CH Chancellor Merry<br \/>\nOFA: good<br \/>\n(USA)<\/td>\n<td style=\"width: 25%;\" rowspan=\"2\">Carromer Mystery<\/td>\n<td style=\"width: 25%;\">Poolstead Pretentious At Rocheby<\/td>\n<\/tr>\n<tr>\n<td style=\"width: 25%;\">Carromer Glamour Girl<\/td>\n<\/tr>\n<tr>\n<td style=\"width: 25%;\" rowspan=\"2\">Ardmargha Good Fortune<\/td>\n<td style=\"width: 25%;\">GB CH Sandyland&#8217;s My Guy<\/td>\n<\/tr>\n<tr>\n<td style=\"width: 25%;\">Sandylands Fino Cherry At Ardmargha<\/td>\n<\/tr>\n<tr>\n<td style=\"width: 25%;\" rowspan=\"4\">Watch-Out&#8217;s Holly<br \/>\nHD A\/A ED 1:1<br \/>\n(NOR)<\/td>\n<td style=\"width: 25%;\" rowspan=\"2\">GB CH Kupros Master Mariner<\/td>\n<td style=\"width: 25%;\">GB AM CAN CH Lindall Mastercraft<\/td>\n<\/tr>\n<tr>\n<td style=\"width: 25%;\">Kupros Bridget<\/td>\n<\/tr>\n<tr>\n<td style=\"width: 25%;\" rowspan=\"2\">Fieldvalley&#8217;s Frida<\/td>\n<td style=\"width: 25%;\">N CH Lundsidens Alex<\/td>\n<\/tr>\n<tr>\n<td style=\"width: 25%;\">N CH Fieldvalley&#8217;s Alina Mertoun<\/td>\n<\/tr>\n<\/tbody>\n<\/table>\n<p>&nbsp;<\/p>\n<h2>N\u00c4ITUSETULEMUSED<\/h2>\n<ul>\n<li>Labradoride erin\u00e4itus 19.08.2006: II koht t\u0161empionklassis, parim isane 4.<\/li>\n<li>Retriiverite erin\u00e4itus&#8217;06: t\u0161empionklassi v\u00f5itja, parim isane 3. Rufuse poeg\u00a0 My Brand Love Mission v\u00f5itis oma isa ja oli parim isane 2. Samal n\u00e4itusel sai ka Rufuse j\u00e4rglasteklass II koha.<\/li>\n<li>3 x erin\u00e4ituse parim isane, mitmeid t\u00f5u parima kohti, vastassoo parima kohti, r\u00fchma IV koht.<\/li>\n<\/ul>\n<h2>KATSETE TULEMUSED<\/h2>\n<ul>\n<li>Sooritatud jahikatse metsapardile (august 2005, III j\u00e4rk)<\/li>\n<\/ul>\n<p><a href=\"#wrapper\">[top]<\/a><\/p>\n<h2>KOHTUNIKUD KIRJELDAVAD RUFUST NII:<\/h2>\n<p><strong> Jan Roger Sauge <\/strong>(Norway, kennel Mambrinos), 19.08.2006 Labradoride erin\u00e4itus Tallinnas &#8211; <em>&#8220;4 years old champion, excellent breed type, lovely head and expression, good reach of neck, good angulations, good bones, level topline, good hindquarters, moves well, good coat.&#8221;<\/em> (II koht t\u0161empionklassis, parim isane 4)<\/p>\n<p><strong>Marlene Hepper<\/strong> (kennel Mardas, UK) 12.02.2006 Retriiverite erin\u00e4itus Tallinnas &#8211; <em>&#8220;black of excellent type, nice head and expression, good bone, deep ribbings, short back, level topline, good coat and tail, strong bone and quarters, moves ok.&#8221;<\/em> (avaklassi v\u00f5itja, parim isane 3).<\/p>\n<p><strong>Mary A. Wiest <\/strong>(kennel Beechcrofts, USA) 29.05.2004 Labradoride erin\u00e4itus Sauel &#8211; <em>&#8220;black dog of excellent breed type, kind expression, lovely neck going into good shoulders, good topline &amp; underline, lovely bone, a dog of one piece, seems to favour rear leg when moving, hopefully caused by the wood floor&#8221;<\/em> (Parim isane, vastassoo parim, SERT)<\/p>\n<p><strong>Keith Wallington<\/strong> (kennel Balnova, UK) 8.02.2004 Retriiverite erin\u00e4itus Tallinnas &#8211; <em>&#8220;Super-looking dog from the side, deep in chest, good front legs, strong quarters, head could be softer, narrow when viewed on front, needs more spring of ribs&#8221;<\/em> (avaklassi IV koht).<\/p>\n<p><strong>Barbara M\u00fcller<\/strong> (Svitzerland) 3.08.2002 Retriiverite erin\u00e4itus Leedus &#8211;<em> &#8220;5,5 months old black dog, strong bones, masculin head, nice stop, excellent neck, strict topline, well arched feet, nicely angulated, moves nicely, excellently presented. &#8220;<\/em><\/p>\n<p><strong>Gerard O&#8217;Shea <\/strong>(Ireland) 30.06.2002 K\u00f5ikide t\u00f5ugude kutsikashow &#8211; <em>&#8220;4 months, very typical, excellent bone and proportions, correct head and expression, very good ears and eyes, very good neck, overline, ribbing and angulation, excellent feet, movement, excellent carriage, good reach and drive.&#8221;<\/em> (t\u00f5u parim kutsikas, BIS-3 kutsikas)<\/p>\n<p><strong>Timo Penttinen<\/strong> (kennel Hill Heights, Finland) 25.05.2002 Retriiverite kutsikan\u00e4itus &#8211; <em>&#8220;3-kuukautinen urospentu, joka rungon mittasuhteeilta oikea, erinomaisesti kulmautunut takaa, hyv\u00e4 edest\u00e4, hyv\u00e4 p\u00e4\u00e4, oikea asentoiset korvat, otsapenger voisi olla aavistuksen jyrkempi.&#8221;<\/em> (t\u00f5u parim kutsikas)<\/p>\n<p><strong>Kirsi Luomanen<\/strong> (kennel Tweedledum, Finland) 25.08.2002 Labradoride Club Show &#8211; <em>&#8220;miellytt\u00e4v\u00e4n tyyppinen, lupaava nuorimies, joka voitaisiin esitt\u00e4\u00e4 hieman tukevammassa kunnossa. Oikeailmeinen p\u00e4\u00e4, jonka toivoisin kehittyv\u00e4n urosmaisemmaksi. Hyv\u00e4 kaula ja yl\u00e4linja, hyv\u00e4 eturinta, toivoisin t\u00e4ytel\u00e4isemm\u00e4n rintakeh\u00e4n, huvin kulmautunut takaa, riitt\u00e4v\u00e4sti edest\u00e4, liikkeet OK.&#8221;<\/em> (vastassoo parim kutsikas)<\/p>\n<p><a name=\"gallery\"><\/a>ngg_shortcode_0_placeholder<\/p>\n<p><a href=\"#wrapper\">[top]<\/a><\/p>\n<p><strong>Siin leiad pilte Rufuse j\u00e4rglastest nii Eestis kui v\u00e4lismaal:<\/strong><\/p>\n<p><a name=\"progeny\"><\/a>ngg_shortcode_1_placeholder<\/p>\n","protected":false},"excerpt":{"rendered":"<p>&#8220;Rufus&#8221; must isane (BbEe, kannab pruuni ja kollast) s\u00fcnd: 21.02.2002 puusad A\/A, k\u00fc\u00fcnarliigesed 1:1, p\u00f5lved puhtad, silmad puhtad. Optigen PRA Normal\/Clear olemas k\u00f5ik hambad EKL andmebaasis \u00bb Kasvataja Annaliisa Harjukari, kennel Loresho, Soome Omanik Riina Koris. * 3-aastane pildil. Rufusest on veel pilte galeriis. &nbsp; Eesti t\u0161empion, L\u00e4ti t\u0161empion, Leedu t\u0161empion, Balti t\u0161empion, Valgevene t\u0161empion [&hellip;]<\/p>\n","protected":false},"author":1,"featured_media":0,"parent":5477,"menu_order":0,"comment_status":"closed","ping_status":"closed","template":"","meta":{"ngg_post_thumbnail":0,"footnotes":""},"class_list":["post-10","page","type-page","status-publish","hentry"],"_links":{"self":[{"href":"https:\/\/vana.mybrand.ee\/et\/wp-json\/wp\/v2\/pages\/10","targetHints":{"allow":["GET"]}}],"collection":[{"href":"https:\/\/vana.mybrand.ee\/et\/wp-json\/wp\/v2\/pages"}],"about":[{"href":"https:\/\/vana.mybrand.ee\/et\/wp-json\/wp\/v2\/types\/page"}],"author":[{"embeddable":true,"href":"https:\/\/vana.mybrand.ee\/et\/wp-json\/wp\/v2\/users\/1"}],"replies":[{"embeddable":true,"href":"https:\/\/vana.mybrand.ee\/et\/wp-json\/wp\/v2\/comments?post=10"}],"version-history":[{"count":0,"href":"https:\/\/vana.mybrand.ee\/et\/wp-json\/wp\/v2\/pages\/10\/revisions"}],"up":[{"embeddable":true,"href":"https:\/\/vana.mybrand.ee\/et\/wp-json\/wp\/v2\/pages\/5477"}],"wp:attachment":[{"href":"https:\/\/vana.mybrand.ee\/et\/wp-json\/wp\/v2\/media?parent=10"}],"curies":[{"name":"wp","href":"https:\/\/api.w.org\/{rel}","templated":true}]}}