{"id":10079,"date":"2025-06-25T10:21:02","date_gmt":"2025-06-25T08:21:02","guid":{"rendered":"https:\/\/vana.mybrand.ee\/?page_id=10079"},"modified":"2025-06-25T13:14:15","modified_gmt":"2025-06-25T11:14:15","slug":"my-brand-next-generation","status":"publish","type":"page","link":"https:\/\/vana.mybrand.ee\/et\/noored-ja-lubavad\/my-brand-next-generation\/","title":{"rendered":"My Brand Next Generation &#8220;Iiris&#8221;"},"content":{"rendered":"<p><div style=\"width: 1810px\" class=\"wp-caption alignnone\"><img loading=\"lazy\" decoding=\"async\" src=\"https:\/\/vana.mybrand.ee\/wp-content\/gallery\/my-brand-next-generation\/MB-Next-Generation-07.jpg\" alt=\"\" width=\"1800\" height=\"1200\"><p class=\"wp-caption-text\">Iiris on fotol 5-kuune. Foto My Brand Labradors<\/p><\/div><\/p>\n<h2>My Brand Next Generation &#8220;Iiris&#8221;<\/h2>\n<p>must emane (BbEe? BBEe? kannab kollast ja v\u00f5ibolla ka pruuni)<br \/>\ns\u00fcnd 25.08.2024<br \/>\n<a href=\"https:\/\/register.kennelliit.ee\/index.php?page=dogCard&amp;dogId=372815\" target=\"_blank\" rel=\"noopener noreferrer\">Eesti Kennelliidu andmebaasis \u00bb<\/a><\/p>\n<h4>TERVISEUURINGUD<\/h4>\n<ul>\n<li>puusad &#8212;<\/li>\n<li>k\u00fc\u00fcnarliigesed&nbsp; &#8212;<\/li>\n<li>silmad &#8212;<\/li>\n<li>s\u00fcda &#8212;<\/li>\n<\/ul>\n<h4>GEENITESTID<\/h4>\n<ul>\n<li>HNPK Normal\/Clear (vanemad puhtad)<\/li>\n<li>EIC Normal\/Clear (vanemad puhtad)<\/li>\n<li>PRA-prcd Normal\/Clear (vanemad puhtad)<\/li>\n<li>t\u00e4ielikud tulemused &#8212;<\/li>\n<\/ul>\n<h4>SUGUPUU<\/h4>\n<table class=\"tree\" border=\"1\">\n<tbody>\n<tr>\n<td class=\"tree\" style=\"width: 25%;\" rowspan=\"8\">Waterline\u2019s Femi<br \/>\nHD A\/A ED 0:0 Eyes Clear, Heart ausc Clear<br \/>\nEIC, HNPK, prcd-PRA, RD\/OSD, MCD, STGD, SD2, CNM and DM Clear<br \/>\n(FIN)<\/td>\n<td class=\"tree\" style=\"width: 25%;\" rowspan=\"4\">BUL CH Greenstone\u2019s Earl Grey at Salt Creek<\/td>\n<td class=\"tree\" style=\"width: 25%;\" rowspan=\"2\">Greenstone\u2019s Music Man<\/td>\n<td class=\"tree\" style=\"width: 25%;\">GCHS CH Epoch&#8217;s Moccasin Joe<\/td>\n<\/tr>\n<tr>\n<td class=\"tree\">Greenstone&#8217;s Cuppa Delight<\/td>\n<\/tr>\n<tr>\n<td class=\"tree\" rowspan=\"2\">AM CH Greenstone\u2019s What Comes Around<\/td>\n<td class=\"tree\">CH Kimleigh Gucci Roll In The Moon<\/td>\n<\/tr>\n<tr>\n<td class=\"tree\">Blackwing Fancy That At Lousco<\/td>\n<\/tr>\n<tr>\n<td class=\"tree\" rowspan=\"4\">Waterline\u2019s Million Reasons<\/td>\n<td class=\"tree\" rowspan=\"2\">Flaming Volcano Z Grodu Hrabiego Malmesbury<\/td>\n<td class=\"tree\">AM POL CH Misty Mountain Bull Durham At Ghoststone<\/td>\n<\/tr>\n<tr>\n<td class=\"tree\">Scarlet z Grodu Hrabiego Malmesbury<\/td>\n<\/tr>\n<tr>\n<td class=\"tree\" rowspan=\"2\">Follies Maryland<\/td>\n<td class=\"tree\">MBISS Am Can CH Lubberline Martingale<\/td>\n<\/tr>\n<tr>\n<td class=\"tree\">Tweedledum Folies Bergerer<\/td>\n<\/tr>\n<tr>\n<td class=\"tree\" rowspan=\"8\">My Brand Last Minute Miracle<br \/>\nHD A\/A ED 0:0 Eyes Clear<br \/>\nprcd-PRA, HNPK, EIC Normal\/Clear<br \/>\n(EST)<\/td>\n<td class=\"tree\" rowspan=\"4\">Mallorn\u2019s Master Of Puppets<br \/>\nHD A\/A ED 0:0 Eyes Clear, Heart Clear<br \/>\nprcd-PRA, HNPK, EIC Clear by Parentage<br \/>\n(FIN)<\/td>\n<td class=\"tree\" rowspan=\"2\">C.I.B PL CH WW-18 Peter\u2019s Gang Masterpiece Bellamare<\/td>\n<td class=\"tree\">POL CH Hyspire Maritime Roc My Sock<\/td>\n<\/tr>\n<tr>\n<td class=\"tree\">POL CH Annual\u2019s The Desert Girl<\/td>\n<\/tr>\n<tr>\n<td class=\"tree\" rowspan=\"2\">Mallorn\u2019s Cindy Crawford<\/td>\n<td class=\"tree\">Queijeiro Dolce Gabbana<\/td>\n<\/tr>\n<tr>\n<td class=\"tree\">Mallorn\u2019s Next Top Model<\/td>\n<\/tr>\n<tr>\n<td class=\"tree\" rowspan=\"4\">EST JW\u201917 TLN JW\u201917 EST JCH CH FI CH BISS My Brand Last Minute Delivery<br \/>\nHD C\/B 0:0 Eyes Clear<br \/>\nprcd-PRA, EIC, HNPK Normal\/Clear<br \/>\n(EST)<\/td>\n<td class=\"tree\" rowspan=\"2\">MEX POL AM CH GR CH<br \/>\nVegas Night Bella Mare<\/td>\n<td class=\"tree\">AM CH POL CH Dickendall Buckstone Three Dog Night<\/td>\n<\/tr>\n<tr>\n<td class=\"tree\">JCH PL Sandamar HySpire I\u2019m So Vain<\/td>\n<\/tr>\n<tr>\n<td class=\"tree\" rowspan=\"2\">My Brand Kiss From A Rose<\/td>\n<td class=\"tree\">MEX EST CH Tabatha\u2019s Caffu Queijeiro<\/td>\n<\/tr>\n<tr>\n<td class=\"tree\">My Brand Rare Stone Rose<\/td>\n<\/tr>\n<\/tbody>\n<\/table>\n<p><img loading=\"lazy\" decoding=\"async\" class=\"alignnone\" src=\"https:\/\/vana.mybrand.ee\/wp-content\/gallery\/my-brand-next-generation\/MB-Next-Generation-02.jpg?i=1685942688\" alt=\"My Brand Next Generation\" width=\"1800\" height=\"1200\"><\/p>\n<h4>N\u00c4ITUSETULEMUSED<\/h4>\n<table>\n<tbody>\n<tr>\n<th>Kuup\u00e4ev<\/th>\n<th>N\u00e4itus<\/th>\n<th>Kohtunik<\/th>\n<th>Klass<\/th>\n<th>Tulemused<\/th>\n<\/tr>\n<tr>\n<td>15.03.2025<\/td>\n<td><a href=\"https:\/\/online.kennelliit.ee\/show\/show.php?lang=0&amp;show=1225\">Rahvusvaheline n\u00e4itus &#8220;Tallinna V\u00f5itja 2025&#8221;, Harjumaa<\/a><\/td>\n<td>Milosava Matejevic (Serbia)<\/td>\n<td>Kutsikaklass<\/td>\n<td>v\u00e4ga lubav, 2 koht, eriauhind<\/td>\n<\/tr>\n<\/tbody>\n<\/table>\n<h4>GALERII<\/h4>\n<p>ngg_shortcode_1_placeholder<\/p>","protected":false},"excerpt":{"rendered":"<p>My Brand Next Generation &#8220;Iiris&#8221; must emane (BbEe? BBEe? kannab kollast ja v\u00f5ibolla ka pruuni) s\u00fcnd 25.08.2024 Eesti Kennelliidu andmebaasis \u00bb TERVISEUURINGUD puusad &#8212; k\u00fc\u00fcnarliigesed&nbsp; &#8212; silmad &#8212; s\u00fcda &#8212; GEENITESTID HNPK Normal\/Clear (vanemad puhtad) EIC Normal\/Clear (vanemad puhtad) PRA-prcd Normal\/Clear (vanemad puhtad) t\u00e4ielikud tulemused &#8212; SUGUPUU Waterline\u2019s Femi HD A\/A ED 0:0 Eyes Clear, [&hellip;]<\/p>\n","protected":false},"author":1,"featured_media":0,"parent":783,"menu_order":35,"comment_status":"closed","ping_status":"closed","template":"","meta":{"ngg_post_thumbnail":0,"footnotes":""},"class_list":["post-10079","page","type-page","status-publish","hentry"],"_links":{"self":[{"href":"https:\/\/vana.mybrand.ee\/et\/wp-json\/wp\/v2\/pages\/10079","targetHints":{"allow":["GET"]}}],"collection":[{"href":"https:\/\/vana.mybrand.ee\/et\/wp-json\/wp\/v2\/pages"}],"about":[{"href":"https:\/\/vana.mybrand.ee\/et\/wp-json\/wp\/v2\/types\/page"}],"author":[{"embeddable":true,"href":"https:\/\/vana.mybrand.ee\/et\/wp-json\/wp\/v2\/users\/1"}],"replies":[{"embeddable":true,"href":"https:\/\/vana.mybrand.ee\/et\/wp-json\/wp\/v2\/comments?post=10079"}],"version-history":[{"count":0,"href":"https:\/\/vana.mybrand.ee\/et\/wp-json\/wp\/v2\/pages\/10079\/revisions"}],"up":[{"embeddable":true,"href":"https:\/\/vana.mybrand.ee\/et\/wp-json\/wp\/v2\/pages\/783"}],"wp:attachment":[{"href":"https:\/\/vana.mybrand.ee\/et\/wp-json\/wp\/v2\/media?parent=10079"}],"curies":[{"name":"wp","href":"https:\/\/api.w.org\/{rel}","templated":true}]}}