{"id":10200,"date":"2025-11-08T08:25:46","date_gmt":"2025-11-08T06:25:46","guid":{"rendered":"https:\/\/vana.mybrand.ee\/?page_id=10200"},"modified":"2025-11-08T08:56:30","modified_gmt":"2025-11-08T06:56:30","slug":"my-brand-san-antonio","status":"publish","type":"page","link":"https:\/\/vana.mybrand.ee\/et\/males\/my-brand-san-antonio\/","title":{"rendered":"My Brand San Antonio ~Antonio~"},"content":{"rendered":"<p><div style=\"width: 1389px\" class=\"wp-caption alignnone\"><img loading=\"lazy\" decoding=\"async\" src=\"https:\/\/vana.mybrand.ee\/wp-content\/gallery\/my-brand-san-antonio\/MB-San-Antonio.jpg?i=1965504288\" alt=\"\" width=\"1379\" height=\"919\"><p class=\"wp-caption-text\">My Brand San Antonio, 4 aastane. Foto My Brand Labradors.<\/p><\/div><\/p>\n<h4>EESTI JUUNIORT\u0160EMPION<br \/>\nEESTI T\u0160EMPION<br \/>\nTALLINNA V\u00d5ITJA&#8217;23<\/h4>\n<h2>My Brand San Antonio &#8220;Antonio&#8221;<\/h2>\n<p>must isane (BbEE, kannab pruuni, ei kanna kollast v\u00f5i dilute)<br \/>\ns\u00fcnd 12.04.2021<br \/>\nomanik Kaidi Reiljan-Sihvart, Harjumaa<br \/>\n<a href=\"https:\/\/register.kennelliit.ee\/index.php?page=dogCard&amp;dogId=313629\" target=\"_blank\" rel=\"noopener noreferrer\">Eesti Kennelliidu andmebaas \u00bb<\/a><\/p>\n<h4>TERVISEUURINGUD<\/h4>\n<ul>\n<li>puusad A\/A<\/li>\n<li>k\u00fc\u00fcnarliigesed 0:0<\/li>\n<li>silmad puhtad (2023)<\/li>\n<li>s\u00fcdameuuring puhas (ECHO Doppler 2023)<\/li>\n<\/ul>\n<h4>GEENITESTID<\/h4>\n<ul>\n<li>prcd-PRA kandja<\/li>\n<li>EIC Normal\/Clear (N\/N)<\/li>\n<li>CM Normal\/Clear (N\/N)<\/li>\n<li>Narkolepsia Normal\/Clear (N\/N)<\/li>\n<li>STGD Normal\/Clear (N\/N)<\/li>\n<li>HNPK Normal\/Clear (N\/N)<\/li>\n<li>ei kanna pikakarvalisust<\/li>\n<li>ei kanna kiharakarvalisust<\/li>\n<li>k\u00f5ik geeniuuringute tulemused <a href=\"https:\/\/www.wisdompanel.com\/app\/s\/1hxqbl7\" target=\"_blank\" rel=\"noopener\">MyDogDNA | WisdomPanel<\/a><\/li>\n<\/ul>\n<p>&nbsp;<\/p>\n<h4>SUGUPUU<\/h4>\n<table class=\"tree\" style=\"width: 100%;\" border=\"1\">\n<tbody>\n<tr>\n<td class=\"tree\" style=\"width: 24.8006%;\" rowspan=\"8\">Royal Brown Juampi Mama Te Ama<br \/>\nHD A\/A ED 0:0 Eyes Clear<br \/>\nEIC Clear, HNPK &amp; prcd-PRA Carrier<br \/>\n(EST)<\/td>\n<td class=\"tree\" style=\"width: 24.8006%;\" rowspan=\"4\">AM CH POL CH Dickendall Buckstone Three Dog Night<\/td>\n<td class=\"tree\" style=\"width: 24.8006%;\" rowspan=\"2\">MBISS AM GRCH CAN CH Saddlehill Late Knight Scramble<\/td>\n<td class=\"tree\" style=\"width: 24.8006%;\">AM CH Shalane Fly By Knight<\/td>\n<\/tr>\n<tr>\n<td class=\"tree\" style=\"width: 24.8006%;\"><span class=\"sukutaulu style2\">AM CH Saddlehill Don&#8217;t Be Late<br \/>\n<\/span><\/td>\n<\/tr>\n<tr>\n<td class=\"tree\" style=\"width: 24.8006%;\" rowspan=\"2\">CH Dickendall Princess Phoebe<\/td>\n<td class=\"tree\" style=\"width: 24.8006%;\">AM CH Dickendall Davaron Gable<\/td>\n<\/tr>\n<tr>\n<td class=\"tree\" style=\"width: 24.8006%;\">Saddlebrook&#8217;s Lauralei<\/td>\n<\/tr>\n<tr>\n<td class=\"tree\" style=\"width: 24.8006%;\" rowspan=\"4\">Royal Brown From Russia With Love<br \/>\nHD A\/A ED 0:0 Eyes Clear<br \/>\nHNPK Normal\/Clear<br \/>\n(EST)<\/td>\n<td class=\"tree\" style=\"width: 24.8006%;\" rowspan=\"2\"><span class=\"sukutaulu style2\">RUS RKF BLR UKR FIN INT CH<br \/>\nStenveyz Get Popular<\/span><\/td>\n<td class=\"tree\" style=\"width: 24.8006%;\">FIN EST RUS CH Palabras Keep On Movin\u2019<\/td>\n<\/tr>\n<tr>\n<td class=\"tree\" style=\"width: 24.8006%;\">Stenveyz Part of Million<\/td>\n<\/tr>\n<tr>\n<td class=\"tree\" style=\"width: 24.8006%;\" rowspan=\"2\"><span class=\"sukutaulu style2\">Royal Brown Bethany Bell<\/span><\/td>\n<td class=\"tree\" style=\"width: 24.8006%;\">POL SK CH Mallorn\u2019s Chocomania<\/td>\n<\/tr>\n<tr>\n<td class=\"tree\" style=\"width: 24.8006%;\">Irwlend Kimi-Charlotte<\/td>\n<\/tr>\n<tr>\n<td class=\"tree\" style=\"width: 24.8006%;\" rowspan=\"8\">Pia-Pearl Diamond Heap-Caff<br \/>\nHD A\/A 0:0 Eyes Clear<br \/>\nprcd-PRA &amp; HNPK Clear, EIC Carrier<br \/>\n(EST)<\/td>\n<td class=\"tree\" style=\"width: 24.8006%;\" rowspan=\"4\">MEX CH Tabatha\u2019s Caffu Queijeiro<br \/>\nHD OFA good, ED OFA normal, Eyes Clear, prcd-PRA Normal\/Clear<br \/>\n(USA)<\/td>\n<td class=\"tree\" style=\"width: 24.8006%;\" rowspan=\"2\">MEX CH Dickendall Bucky<\/td>\n<td class=\"tree\" style=\"width: 24.8006%;\">NL CH NLV CW \u201999 NW \u201999 Trendmaker\u2019s Tycoon<\/td>\n<\/tr>\n<tr>\n<td class=\"tree\" style=\"width: 24.8006%;\">Dickendall Barbie<\/td>\n<\/tr>\n<tr>\n<td class=\"tree\" style=\"width: 24.8006%;\" rowspan=\"2\">AM CH Tabatha\u2019s Gala WC<\/td>\n<td class=\"tree\" style=\"width: 24.8006%;\">AM CH Dickendall Davaron Gable<\/td>\n<\/tr>\n<tr>\n<td class=\"tree\" style=\"width: 24.8006%;\">AM CH Tabatha\u2019s Giggle WC<\/td>\n<\/tr>\n<tr>\n<td class=\"tree\" style=\"width: 24.8006%;\" rowspan=\"4\">Heap Gangsta\u2019s Love Reverie<br \/>\nHD A\/A ED 0:0, Eyes Clear<br \/>\nNormal\/Clear on prcd-PRA, EIC, HNPK<br \/>\n(LV)<\/td>\n<td class=\"tree\" style=\"width: 24.8006%;\" rowspan=\"2\">INT CH POL JCH POL BLK UKR BUL CH Mallorn\u2019s Black Gangsta<\/td>\n<td class=\"tree\" style=\"width: 24.8006%;\">Mallorn\u2019s Romeo<\/td>\n<\/tr>\n<tr>\n<td class=\"tree\" style=\"width: 24.8006%;\">Mallorn\u2019s Premium Chocolate<\/td>\n<\/tr>\n<tr>\n<td class=\"tree\" style=\"width: 24.8006%;\" rowspan=\"2\">LV EST CH Valmiera W\u201916 Club Winner\u201918 Lauminas Lady Chocolate<\/td>\n<td class=\"tree\" style=\"width: 24.8006%;\">Teepee Teodori Cee Cesar<\/td>\n<\/tr>\n<tr>\n<td class=\"tree\" style=\"width: 24.8006%;\">Richie Greysylvan<\/td>\n<\/tr>\n<\/tbody>\n<\/table>\n<h4>&nbsp;<img decoding=\"async\" class=\"aligncenter\" title=\"\" src=\"https:\/\/vana.mybrand.ee\/wp-content\/gallery\/web\/title-bg.png\" alt=\"\"><\/h4>\n<h4>T\u00d6\u00d6 JA KATSED<\/h4>\n<p><strong>RETRIIVERITE T\u00d5UKATSE (NOU)<\/strong><\/p>\n<div id=\"CONTENTDIV\">\n<div id=\"window\">\n<div align=\"left\">\n<div id=\"dogtests\" class=\"box\">\n<div id=\"datagrid\">\n<table>\n<tbody>\n<tr>\n<th>Aeg<\/th>\n<th>Katse<\/th>\n<th>Koht<\/th>\n<th>Kohtunik<\/th>\n<\/tr>\n<tr>\n<td>06.09.2024<\/td>\n<td>retriiverite t\u00f5ukatse dummyga<\/td>\n<td>Ellamaa, Eesti<\/td>\n<td>Tatjana Zamorskaja<\/td>\n<\/tr>\n<tr>\n<td>01.05.2025<\/td>\n<td>retriiverite t\u00f5ukatse saagiga<\/td>\n<td>Ellamaa, Eesti<\/td>\n<td>Maria Grigorjeva<\/td>\n<\/tr>\n<\/tbody>\n<\/table>\n<\/div>\n<\/div>\n<\/div>\n<\/div>\n<\/div>\n<h4>N\u00c4ITUSE TULEMUSED<\/h4>\n<table>\n<tbody>\n<tr>\n<th>Kuup\u00e4ev<\/th>\n<th>N\u00e4itus<\/th>\n<th>Kohtunik<\/th>\n<th>Klass<\/th>\n<th>Tulemused<\/th>\n<\/tr>\n<tr>\n<td>31.05.2025<\/td>\n<td><a href=\"https:\/\/online.kennelliit.ee\/show\/show.php?lang=0&amp;show=1240\">INT n\u00e4itus &#8220;Eesti V\u00f5itja 2025&#8221;, Tallinn<\/a><\/td>\n<td>Laura Cox (Ireland)<\/td>\n<td>T\u0161empioniklass<\/td>\n<td>SP 1 SK PI3<\/td>\n<\/tr>\n<tr>\n<td>30.05.2025<\/td>\n<td><a href=\"https:\/\/online.kennelliit.ee\/show\/show.php?lang=0&amp;show=1246\">Labradori Retriiverite Erin\u00e4itus, Harjumaa<\/a><\/td>\n<td>Margaret Brown (United Kingdom)<\/td>\n<td>T\u0161empioniklass<\/td>\n<td>SP 1 SK PI1 VSP<\/td>\n<\/tr>\n<tr>\n<td>08.09.2024<\/td>\n<td><a href=\"https:\/\/online.kennelliit.ee\/show\/show.php?lang=0&amp;show=1181\">Retriiverite Erin\u00e4itus, Harjumaa<\/a><\/td>\n<td>Ewa Kotowska (Poland)<\/td>\n<td>Avaklass<\/td>\n<td>SP 3<\/td>\n<\/tr>\n<tr>\n<td>13.04.2024<\/td>\n<td><a href=\"https:\/\/online.kennelliit.ee\/show\/show.php?lang=0&amp;show=1240\">INT <\/a><a href=\"https:\/\/online.kennelliit.ee\/show\/show.php?lang=0&amp;show=1133\">n\u00e4itus &#8220;Tallinna V\u00f5itja 2024&#8221;, Tallinn<\/a><\/td>\n<td>Maija Lehtonen (Finland)<\/td>\n<td>Avaklass<\/td>\n<td>SP 3<\/td>\n<\/tr>\n<tr>\n<td>22.10.2023<\/td>\n<td><a href=\"https:\/\/online.kennelliit.ee\/show\/show.php?lang=0&amp;show=1240\">INT <\/a><a href=\"https:\/\/online.kennelliit.ee\/show\/show.php?lang=0&amp;show=1104\">koerten\u00e4itus, Tallinn<\/a><\/td>\n<td>Harto Stockmari (Finland)<\/td>\n<td>Avaklass<\/td>\n<td>SP 1 SK PI1 VSP CACIB<\/td>\n<\/tr>\n<tr>\n<td>21.10.2023<\/td>\n<td><a href=\"https:\/\/online.kennelliit.ee\/show\/show.php?lang=0&amp;show=1240\">INT <\/a><a href=\"https:\/\/online.kennelliit.ee\/show\/show.php?lang=0&amp;show=1103\">koerten\u00e4itus, Tallinn<\/a><\/td>\n<td>Tiberiu Kozma (Romania)<\/td>\n<td>Avaklass<\/td>\n<td>SP 1 SK PI2 Res-CACIB<\/td>\n<\/tr>\n<tr>\n<td>03.09.2023<\/td>\n<td><a href=\"https:\/\/online.kennelliit.ee\/show\/show.php?lang=0&amp;show=1114\">Retriiverite Erin\u00e4itus, Puurmani, J\u00f5gevamaa<\/a><\/td>\n<td>Jan Roger Sauge (Norway)<\/td>\n<td>Avaklass<\/td>\n<td>SP 3 SK<\/td>\n<\/tr>\n<tr>\n<td>15.04.2023<\/td>\n<td><a href=\"https:\/\/online.kennelliit.ee\/show\/show.php?lang=0&amp;show=1240\">INT <\/a><a href=\"https:\/\/online.kennelliit.ee\/show\/show.php?lang=0&amp;show=1032\">n\u00e4itus &#8220;Tallinna V\u00f5itja 2023&#8221;, Harjumaa<\/a><\/td>\n<td>Bertil Lundgren (Sweden)<\/td>\n<td>Avaklass<\/td>\n<td>SP 1 SK PI1 TP SERT CACIB<\/td>\n<\/tr>\n<tr>\n<td>23.10.2022<\/td>\n<td><a href=\"https:\/\/online.kennelliit.ee\/show\/show.php?lang=0&amp;show=1240\">INT <\/a><a href=\"https:\/\/online.kennelliit.ee\/show\/show.php?lang=0&amp;show=1028\">koerten\u00e4itus, Tallinn<\/a><\/td>\n<td>Tomasz Kuszyk (Poland)<\/td>\n<td>Noorteklass<\/td>\n<td>SP 1 SK PI1 TP CACIB<\/td>\n<\/tr>\n<tr>\n<td>22.10.2022<\/td>\n<td><a href=\"https:\/\/online.kennelliit.ee\/show\/show.php?lang=0&amp;show=1240\">INT <\/a><a href=\"https:\/\/online.kennelliit.ee\/show\/show.php?lang=0&amp;show=1027\">koerten\u00e4itus, Tallinn<\/a><\/td>\n<td>Annika Ulltveit-Moe (Sweden)<\/td>\n<td>Noorteklass<\/td>\n<td>SP 1<\/td>\n<\/tr>\n<tr>\n<td>25.09.2022<\/td>\n<td><a href=\"https:\/\/online.kennelliit.ee\/show\/show.php?lang=0&amp;show=1240\">INT <\/a><a href=\"https:\/\/online.kennelliit.ee\/show\/show.php?lang=0&amp;show=1003\">n\u00e4itus &#8220;Tallinn Dogshow 2022-2&#8221;, Tallinn<\/a><\/td>\n<td>Alessandro Zeppi (Italy)<\/td>\n<td>Juunioriklass<\/td>\n<td>SP 1 SK PI2 TPJ Jun SERT<\/td>\n<\/tr>\n<tr>\n<td>24.09.2022<\/td>\n<td><a href=\"https:\/\/online.kennelliit.ee\/show\/show.php?lang=0&amp;show=1240\">INT <\/a><a href=\"https:\/\/online.kennelliit.ee\/show\/show.php?lang=0&amp;show=1002\">n\u00e4itus &#8220;Tallinn Dogshow 2022-1&#8221;, Tallinn<\/a><\/td>\n<td>Lidija Okle\u0161cen (Slovenia)<\/td>\n<td>Juunioriklass<\/td>\n<td>SP 1 SK PI2 VSPJ Jun SERT<\/td>\n<\/tr>\n<tr>\n<td>04.09.2022<\/td>\n<td><a href=\"https:\/\/online.kennelliit.ee\/show\/show.php?lang=0&amp;show=995\">Retriiverite erin\u00e4itus, Harjumaa<\/a><\/td>\n<td>Manuel Queijeiro (Mexico)<\/td>\n<td>Juunioriklass<\/td>\n<td>SP 1 SK PI4 TPJ Jun SERT<\/td>\n<\/tr>\n<\/tbody>\n<\/table>\n<h4>GALERII<\/h4>\n<p>ngg_shortcode_1_placeholder<\/p>","protected":false},"excerpt":{"rendered":"<p>EESTI JUUNIORT\u0160EMPION EESTI T\u0160EMPION TALLINNA V\u00d5ITJA&#8217;23 My Brand San Antonio &#8220;Antonio&#8221; must isane (BbEE, kannab pruuni, ei kanna kollast v\u00f5i dilute) s\u00fcnd 12.04.2021 omanik Kaidi Reiljan-Sihvart, Harjumaa Eesti Kennelliidu andmebaas \u00bb TERVISEUURINGUD puusad A\/A k\u00fc\u00fcnarliigesed 0:0 silmad puhtad (2023) s\u00fcdameuuring puhas (ECHO Doppler 2023) GEENITESTID prcd-PRA kandja EIC Normal\/Clear (N\/N) CM Normal\/Clear (N\/N) Narkolepsia Normal\/Clear [&hellip;]<\/p>\n","protected":false},"author":1,"featured_media":0,"parent":6,"menu_order":12,"comment_status":"closed","ping_status":"closed","template":"","meta":{"ngg_post_thumbnail":0,"footnotes":""},"class_list":["post-10200","page","type-page","status-publish","hentry"],"_links":{"self":[{"href":"https:\/\/vana.mybrand.ee\/et\/wp-json\/wp\/v2\/pages\/10200","targetHints":{"allow":["GET"]}}],"collection":[{"href":"https:\/\/vana.mybrand.ee\/et\/wp-json\/wp\/v2\/pages"}],"about":[{"href":"https:\/\/vana.mybrand.ee\/et\/wp-json\/wp\/v2\/types\/page"}],"author":[{"embeddable":true,"href":"https:\/\/vana.mybrand.ee\/et\/wp-json\/wp\/v2\/users\/1"}],"replies":[{"embeddable":true,"href":"https:\/\/vana.mybrand.ee\/et\/wp-json\/wp\/v2\/comments?post=10200"}],"version-history":[{"count":0,"href":"https:\/\/vana.mybrand.ee\/et\/wp-json\/wp\/v2\/pages\/10200\/revisions"}],"up":[{"embeddable":true,"href":"https:\/\/vana.mybrand.ee\/et\/wp-json\/wp\/v2\/pages\/6"}],"wp:attachment":[{"href":"https:\/\/vana.mybrand.ee\/et\/wp-json\/wp\/v2\/media?parent=10200"}],"curies":[{"name":"wp","href":"https:\/\/api.w.org\/{rel}","templated":true}]}}