{"id":1119,"date":"2011-02-26T12:12:49","date_gmt":"2011-02-26T10:12:49","guid":{"rendered":"https:\/\/vana.mybrand.ee"},"modified":"2015-11-14T14:14:51","modified_gmt":"2015-11-14T12:14:51","slug":"konti-voi-krobinaid","status":"publish","type":"page","link":"https:\/\/vana.mybrand.ee\/et\/library\/konti-voi-krobinaid\/","title":{"rendered":"Konti v\u00f5i kr\u00f5binaid?"},"content":{"rendered":"<p><img loading=\"lazy\" decoding=\"async\" class=\"ngg-singlepic ngg-none alignright\" src=\"https:\/\/vana.mybrand.ee\/\/wp-content\/gallery\/nimloth-zimply-my-brand\/rudy-bone.jpg\" alt=\"Rudy and his favourite bone\" width=\"400\" height=\"300\" \/>Koerad on tuhandeid aastaid elanud ilma kuivtoidufirmadeta ja on dokumenteeritud hunte, kes elavad 35-aastaseks. Kahjuks meie lemmikute elu nii pikk ei ole ja kindlasti m\u00f5jutab seda nende elukeskkond, laisk eluviis ja toitumine.<\/p>\n<p>Kehv ja koerale mitte loomuomane toitumine v\u00f5ib viia kasvuh\u00e4ireteni, allergiateni, korduvate silma- ja k\u00f5rvap\u00f5letikeni, probleemideni seedimise, karva v\u00f5i nahaga. Koera elukvaliteedi juures sama oluline ka \u00f5ige f\u00fc\u00fcsiline aktiivsus ja vaimne stimulatsioon, mis peaks olema eakohane ja vastama selle t\u00f5u ja isendi vajadustele. On meeldiv, kui loomaarsti juurde tuleb minna vaid vaktsineerimiste ja tervisekontrollide p\u00e4rast, mitte haiguste, p\u00f5letike ja krooniliste h\u00e4dade p\u00e4rast.<\/p>\n<p>Koer valib selle toidu, mille omanik talle ette paneb, aga kas ta valiks sarnase toidu ka looduses? \u00dcha enam leidub koeratoite, mille koostis l\u00e4heb v\u00e4ga kaugele sellest toiduvalikust, mida kiskjad looduses eelistaks, ent vastutus Sinu koera men\u00fc\u00fc eest lasub mitte kuivtoidufirmadel v\u00f5i loomaarstil, vaid sinul.<\/p>\n<p>Me oleme eksperimenteerinud oma koerte peal mitmete erinevate kuivtoitudega ning j\u00f5udnud kombineeritud toitmisviisi juurde. Meie koerad s\u00f6\u00f6vad toortoitu ning naturaalset kuivtoitu. Kui kuivtoidu kasutamine on v\u00e4ltimatu, siis peab kindlasti eelistama sellist, mis ei sisaldaks s\u00e4ilitusaineid, kunstlikke l\u00f5hna- ja maitseaineid ning muud, mis v\u00f5ib kahjustada koera immuunsuss\u00fcsteemi.<\/p>\n<p>Kord n\u00e4dalas soovitatakse k\u00f5ikidele koertele (va kutsikad) \u00fcht &#8220;veep\u00e4eva&#8221;, mil nende seedeelundkond saab puhata.<a href=\"http:\/\/www.lemmikutoit.ee\/\" target=\"_blank\"><img loading=\"lazy\" decoding=\"async\" class=\"ngg-singlepic ngg-none alignright\" src=\"https:\/\/vana.mybrand.ee\/\/wp-content\/gallery\/web\/logo-bonaventura.gif\" alt=\"logo-bonaventura\" width=\"260\" height=\"58\" \/><\/a><\/p>\n<h4>BONAVENTURA KUIVTOIT<\/h4>\n<p>Erinevatest kuivtoitudest oleme j\u00f5udnud Bonaventura kuivtoidu juurde ja selle juurde j\u00e4\u00e4nud. Mitmeaastased kogemused on meie valikut ainult \u00f5igustanud.<\/p>\n<p>Selle toidu eelisteks on:<\/p>\n<ul style=\"list-style-image: url('\/wp-content\/gallery\/web\/bullet_gold.gif?1912582694');\">\n<li>k\u00f5rge kvaliteediga tooraine \u2013 nii liha kui t\u00e4isteravili (v.a. riis)\u2013 on p\u00e4rit Saksamaa farmidest.<\/li>\n<li>Tooraine allub rangele kvaliteedikontrollile.<\/li>\n<li>Toitudes sisalduv liha\u00a0 on sama kvaliteetne kui inimtoiduks kasutatav liha.<\/li>\n<li>Ei ole kasutatud s\u00fcnteetilisi v\u00e4rvi-, maitse ja s\u00e4ilitusaineid, s\u00fcnteetilisi antioks\u00fcdante.<\/li>\n<li>Toidule ei ole lisatud maisi ja sojat ning kondijahu.<\/li>\n<li>Ei ole kasutatud GMO-d (geenmuundatud organisme).<\/li>\n<li>75-85% toidust moodustab t\u00f6\u00f6tlemata algkomponentidest naturaalne v\u00e4rske liha.<\/li>\n<\/ul>\n<p>T\u00e4psemalt saad lugeda:<br \/>\n<a href=\"http:\/\/www.bonaventura.de\/\" target=\"_blank\">http:\/\/www.bonaventura.de<\/a> (saksa keeles)<\/p>\n<ul>\n<li style=\"list-style-image: url('\/wp-content\/gallery\/web\/bullet-star-moving.gif');\">Bonaventura toitu saab tellida siit: <a href=\"http:\/\/www.lemmikutoit.ee\/\" target=\"_blank\">http:\/\/www.lemmikutoit.ee\/ <\/a><\/li>\n<\/ul>\n<h4>MIS ON BARF (BONES AND RAW FOOD)<\/h4>\n<p>L\u00fchidalt \u00f6eldes selline toortoit, mida valiks hunt endale taldrikusse. BARFi p\u00f5hireeglid n\u00e4evad ette koertele ja kassidele sellise toidu andmist, mis on neile loomuomane, toores, t\u00f6\u00f6tlemata nii k\u00fcpsetamise m\u00f5ttes kui ka s\u00e4ilitus-, l\u00f5hna- ja ja maitseainete poolest. Niisiis j\u00e4ljendab see toitu, mida nad s\u00f6\u00f6ksid siis, kui nad elaksid vabas looduses.<\/p>\n<p>BARF s\u00fcsteemi j\u00e4rgi toitumine t\u00e4hendab, et 60-80% toidust on toores looma- ja sealiha, kondid, kalkun, lammas, kana ja kala, muna; kord-kaks n\u00e4dalas antakse siseelundeid; 20-40% riivitud juurvilju. Toidukordadest eraldi v\u0151ib anda ka puuvilju. K\u00f5ik peab olema toores, ka kondid ja luud ei tohi olla keedetud v\u00f5i k\u00fcpsetatud.<\/p>\n<p>BARF s\u00fcsteemi looja on Ian Billinghurst, Austraalia loomaarst. Rohkem ingliskeelset infot:<br \/>\n<a href=\"http:\/\/www.ukbarfclub.co.uk\/\" target=\"_blank\">http:\/\/www.ukbarfclub.co.uk\/<\/a><br \/>\n<a href=\"http:\/\/www.barfworld.com\/\" target=\"_blank\">http:\/\/www.barfworld.com\/<\/a><\/p>\n<ul>\n<li style=\"list-style-image: url('\/wp-content\/gallery\/web\/bullet-star-moving.gif');\">Erinevaid toortoidu valikuid koerale saab tellida <a href=\"http:\/\/www.lemmikutoit.ee\" target=\"_blank\">www.lemmikutoit.ee<\/a> (RAFUSE toortoit)<\/li>\n<\/ul>\n<h4>SKANSENI MEETOD<\/h4>\n<p>Skansen on kennel, kus on kasvatatud alates 1951 aastast suuri kasvu t\u00f5uge nagu saksa lambakoer, rottweiler ja suur\u0161nautser. Kasvataja on eriti uhke oma saavutuste \u00fcle d\u00fcsplaasia-vastases v\u00f5itluses, nimelt ei ole v\u00e4idetavalt selles kennelis \u00fcle saja kasvatatud koera seas \u00fchtegi kliinilise d\u00fcsplaasiaga koera. P\u00f5hjuseks peab Skansen looduslikku, puhast toitu ja d\u00fcsplaasia teket seostab ta koera organismis oleva loodusliku C-vitamiini puudumisega.<\/p>\n<p>N\u00e4iteid men\u00fc\u00fcs sisalduvast: toores kanaliha koos luudega, t\u00fckeldatud toores lamba- ja vasikaliha, toores maks, magu, s\u00fcda, neerud, toores muna, sardiinid soja\u00f5liga, kodujuust, linaseemne\u00f5li 1 spl, toored riivitud k\u00f6\u00f6giviljad ja juurviljad (lillkapsas, brokoli), riisipudru t\u00e4isterariisist. Skanseni toitumisalaste n\u00f5uannete t\u00e4psemaks j\u00e4rgimiseks uuri nende kodulehte:<br \/>\n<a href=\"http:\/\/www.skansen.com\/\" target=\"_blank\">http:\/\/www.skansen.com\/<\/a><\/p>\n<p>Oleme kasutanud oma koerte toidu t\u00e4iustamiseks juba aastaid GNLD toidulisandeid ja seda mitmetel p\u00f5hjustel:<\/p>\n<ul style=\"list-style-image: url('\/wp-content\/gallery\/web\/bullet_gold.gif?1912582694');\">\n<li>nende tootmisel kasutatakse eriliselt kontrollitud kvaliteetset toorainet,<\/li>\n<li>nende taga on pikaajaline uurimist\u00f6\u00f6 (Scietific Advisory Board),<\/li>\n<li>nad on organismis 100% omastuvad,<\/li>\n<li>nende m\u00f5ju on koera pealt n\u00e4ha kiiresti ja pikaajaliselt.<\/li>\n<\/ul>\n<p>Ka Skanseni toitumissoovituste seas leiab viited sama firma toidulisanditele:<\/p>\n<ul>\n<li><strong>Tre-En-En<\/strong>, t\u00e4isterakontsentraat, mis varustab organismi lipiidide ja steroolidega, et rakud oleksid terved ja suudaksid toota energiat. 1 kapsel p\u00e4evas &#8211; purk kestab 4 kuud.<\/li>\n<li><strong>C-vitamiin kauaomastuval kujul (Sustained Release Vitamin-C)<\/strong>, Koerad vajavad looduslikku C-vitamiini ja osaliselt on nende organism v\u00f5imeline seda ka s\u00fcnteesima, kuid v\u00e4he. Keeruliseks teeb selle vitamiini lisamise fakt, et organism kasutab \u00e4ra selle osa C-vitamiinist, mida just sel hetkel on vaja, ning saadab \u00fclej\u00e4\u00e4gi v\u00e4lja.<\/li>\n<li>Sustained Release Vitamin-C toimib teistmoodi &#8211; tema kapsel laguneb maos aeglaselt ning eraldab C-vitamiini j\u00e4rk-j\u00e4rgult 8 tunni jooksul. 1 tablett p\u00e4evas &#8211; purk kestab 4 kuud.<\/li>\n<li><strong>Formula IV<\/strong>, mitmetoimeline multivitamiin-toidulisand, sisaldab nelja komponenti: vitamiine, mineraalaineid, valke, lipiide\/steroole. Eriti vajalik aktiivse eluviisiga koerte jaoks. 1 kapsel p\u00e4evas &#8211; purk kestab 3 kuud.<\/li>\n<li><strong>Omega 3 + <\/strong>, nagu nimi \u00fctleb, sisaldab see toidulisand omega 3 ja 6 rasvhappeid, mis on p\u00e4rit puhastest vetest p\u00fc\u00fctud l\u00f5he lihast. Oluline selleks, et kaitsta s\u00fcdant, veresoonkonda, hoida karva korras, aidata p\u00f5letike puhul, igemevaevuste vastu. 1-2 kapslit p\u00e4evas &#8211; purk kestab 2-4 kuud.<\/li>\n<li><strong>Kal-Mag koos D-vitamiiniga<\/strong>, vajalik kasvavale orgamismile ja toitumise tasakaalustamiseks, kui koer s\u00f6\u00f6b toorest liha. 1-2 tabletti p\u00e4evas &#8211; purk kestab 3-6 kuud.<\/li>\n<li><strong>Acidophilus Plus<\/strong>, piimhappebakterid selleks, et hoida koerte ja kutsikate seedimine korras. Aitab \u00e4ra hoida kutsikatel k\u00f5hulahtisust. Eriti oluline peale antibiootikumikuuri. 1 kapsel p\u00e4evas &#8211; purk kestab 2 kuud.<\/li>\n<li><strong>Nisuidu\u00f5li + E-vitamiin<\/strong>, parim antioks\u00fcdant, kaitse vabade radikaalide vastu. Aitab korras hoida karva ja nahka, paraneda sisemistel haavadel. 1 kapsel p\u00e4evas &#8211; purk peab vastu 3 kuud.<\/li>\n<li><strong>Garlic Allium Complex<\/strong>, preparaat, mis sisaldab mitmeid laugulisi: k\u00fc\u00fcslauku, murulauku, mugulsibulat ja porrut. Aitab kujundada kaitset haiguste vastu, sh k\u00f5huviirused, kennelk\u00f6ha. K\u00fc\u00fcslaugule omandatakse ka sise- ja v\u00e4lisparasiite peletavat toimet. V\u00f5ib teha n\u00e4dalaste kuuridena &#8211; karbist piisab kaheksaks kuuriks.<\/li>\n<\/ul>\n<p>GNLD toidulisandite ja muude toodete kohta saad lugeda:<br \/>\n<a href=\"http:\/\/www.gnld.com\" target=\"_blank\">http:\/\/www.gnld.com<\/a>, lisainfot samuti tel 50 40 116, e-mailil maarit (at) mybrand.ee.<\/p>\n<h4>KASVAVATE LABRADORIKUTSIKATE TOITMINE<\/h4>\n<p>Iga kutsikas on erinev oma vajaduste poolest, samuti erinevad ka pesakonnad. Seet\u00f5ttu anname iga kutsikaga kaasa kirjaliku toitmisjuhendi, p\u00fc\u00fcdes seda koostada v\u00f5imalikult detailselt, kuid j\u00e4ttes ruumi painlikkusele, et koera s\u00f6\u00f6tmisest ei kujuneks omanikele lisakoormust ja peavalu.<\/p>","protected":false},"excerpt":{"rendered":"<p>Koerad on tuhandeid aastaid elanud ilma kuivtoidufirmadeta ja on dokumenteeritud hunte, kes elavad 35-aastaseks. Kahjuks meie lemmikute elu nii pikk ei ole ja kindlasti m\u00f5jutab seda nende elukeskkond, laisk eluviis ja toitumine. Kehv ja koerale mitte loomuomane toitumine v\u00f5ib viia kasvuh\u00e4ireteni, allergiateni, korduvate silma- ja k\u00f5rvap\u00f5letikeni, probleemideni seedimise, karva v\u00f5i nahaga. Koera elukvaliteedi juures sama [&hellip;]<\/p>\n","protected":false},"author":1,"featured_media":0,"parent":177,"menu_order":0,"comment_status":"closed","ping_status":"closed","template":"","meta":{"ngg_post_thumbnail":0,"footnotes":""},"class_list":["post-1119","page","type-page","status-publish","hentry"],"_links":{"self":[{"href":"https:\/\/vana.mybrand.ee\/et\/wp-json\/wp\/v2\/pages\/1119","targetHints":{"allow":["GET"]}}],"collection":[{"href":"https:\/\/vana.mybrand.ee\/et\/wp-json\/wp\/v2\/pages"}],"about":[{"href":"https:\/\/vana.mybrand.ee\/et\/wp-json\/wp\/v2\/types\/page"}],"author":[{"embeddable":true,"href":"https:\/\/vana.mybrand.ee\/et\/wp-json\/wp\/v2\/users\/1"}],"replies":[{"embeddable":true,"href":"https:\/\/vana.mybrand.ee\/et\/wp-json\/wp\/v2\/comments?post=1119"}],"version-history":[{"count":0,"href":"https:\/\/vana.mybrand.ee\/et\/wp-json\/wp\/v2\/pages\/1119\/revisions"}],"up":[{"embeddable":true,"href":"https:\/\/vana.mybrand.ee\/et\/wp-json\/wp\/v2\/pages\/177"}],"wp:attachment":[{"href":"https:\/\/vana.mybrand.ee\/et\/wp-json\/wp\/v2\/media?parent=1119"}],"curies":[{"name":"wp","href":"https:\/\/api.w.org\/{rel}","templated":true}]}}