{"id":119,"date":"2011-02-04T00:48:18","date_gmt":"2011-02-03T22:48:18","guid":{"rendered":"https:\/\/vana.mybrand.ee"},"modified":"2016-11-03T12:04:22","modified_gmt":"2016-11-03T10:04:22","slug":"mallorns-elysee","status":"publish","type":"page","link":"https:\/\/vana.mybrand.ee\/et\/about-us\/koerad-minevikust\/mallorns-elysee\/","title":{"rendered":"Mallorn&#8217;s Elysee"},"content":{"rendered":"<p><\/p>\n<h2>&#8220;Eliza&#8221;<\/h2>\n<ul>\n<li><strong>9 x ERIN\u00c4ITUSE V\u00d5ITJA<\/strong><\/li>\n<li><strong>SOOME, VALGEVENE, EESTI, L\u00c4TI, LEEDU ja BALTI T\u0160EMPION<\/strong><\/li>\n<li><strong>EESTI, L\u00c4TI, LEEDU ja BALTI JUUNIORT\u0160EMPION<\/strong><\/li>\n<li><strong>BALTI JUUNIORV\u00d5ITJA 2004<\/strong><\/li>\n<li><strong>L\u00c4BINUD RETRIIVERITE T\u00d5UKATSED = RAHVUSVAHELINE T\u00d6\u00d6SERTIFIKAAT<br \/>\n<\/strong><\/li>\n<li><strong>CACIB<\/strong><\/li>\n<\/ul>\n<p><img loading=\"lazy\" decoding=\"async\" class=\"ngg-singlepic ngg-none\" src=\"https:\/\/vana.mybrand.ee\/\/wp-content\/gallery\/mallorns-elysee\/eliza-5y.jpg\" alt=\"Mallorn's Elysee\" width=\"500\" height=\"374\" \/><\/p>\n<p><em>* Pildil 5-aastane.<\/em><\/p>\n<p>kollane emane,<br \/>\ns\u00fcnd: 13.12.2003<\/p>\n<ul>\n<li>puusad A\/A,<\/li>\n<li>k\u00fc\u00fcnarliigesed 0:0,<\/li>\n<li>silmad puhtad<\/li>\n<li>Optigen prcd\/PRA puhas<\/li>\n<li>EIC kandja (N\/EIC)<\/li>\n<\/ul>\n<p>Olemas k\u00f5ik hambad<\/p>\n<p>kasvataja Anu Honkapirtti, <a href=\"http:\/\/www.mallorns.com\/\" target=\"_blank\">kennel Mallorn&#8217;s<\/a>, Soome.<\/p>\n<p><a href=\"http:\/\/register.kennelliit.ee\/reg\/index.php?page=dogCard&amp;dogId=59243\" target=\"_blank\">EKL andmebaasis \u00bb<\/a><\/p>\n<hr \/>\n<p>&nbsp;<\/p>\n<p>Meil on temaga vedanud.<\/p>\n<p>Eliza tuli meile kutsikana kaasomandisse kasvatajaga. Ta on t\u00f5eline kloun ja pole \u00fchtegi igavat p\u00e4eva, kui Eliza on kodus.<\/p>\n<p>Tal on suurep\u00e4rane t\u00fc\u00fcp ja kehaehitus, v\u00e4ga hea luustik ja suurep\u00e4rane kasukas, v\u00f5rratu ilme ja v\u00e4ga meeldiv iseloom. Ta on seltskonna hing ja valmis adopteerima iga last, j\u00e4nes v\u00f5i kutsikat. T\u00f5eline labrador! Meil on t\u00f5esti temaga v\u00e4ga vedanud.<\/p>\n<p>Eliza on v\u00e4ga uudishimulik koer &#8211; ta peab alati olema k\u00f5rval ja n\u00e4gema, mismoodi sa midagi teed. V\u00f5imalik, et ta on \u00f5ppinud niimoodi rehvi v\u00f5i lapse m\u00e4hkmeid vahetama, me lihtsalt pole talle v\u00f5imalust andnud!<\/p>\n<p>Ja ta on mu abikaasa \u00e4ra v\u00f5lunud. \u00dclej\u00e4\u00e4nud kamp peavad k\u00f5ndima n\u00f6\u00f6ri m\u00f6\u00f6da ja ilusti k\u00e4ituma, aga Blondie v\u00f5ib teha k\u00f5ike, mida tahab, kui Roman on kodus. Kus on \u00f5iglus?<\/p>\n<p>Anu, ait\u00e4h selle v\u00e4ikese p\u00e4ikese eest, me armastame teda v\u00e4ga!<\/p>\n<p>Eliza on meie E-pesakondade ema. Ta on n\u00fc\u00fcdseks j\u00e4\u00e4nud emakohustustest pensionile ja naudib oma elu kuningannana noorte koerte seas.<\/p>\n<p><img decoding=\"async\" class=\"ngg-singlepic ngg-none\" src=\"https:\/\/vana.mybrand.ee\/\/wp-content\/gallery\/mallorns-elysee\/eliza-bis2.jpg\" alt=\"another BIS in Finland\" \/><\/p>\n<p><strong>ELIZA SUGUPUU<\/strong><\/p>\n<table class=\"tree\" style=\"border: 1px solid #969696; background-color: #dfe1c8;\" border=\"1\">\n<tbody>\n<tr>\n<td class=\"tree\" style=\"width: 25%;\" rowspan=\"8\">SW CH NORW CH NW&#8217;97 Mambrinos Triumph<br \/>\nHD A\/A ED 0:0<br \/>\n(NORW)<\/td>\n<td class=\"tree\" style=\"width: 25%;\" rowspan=\"4\">N FIN CH SW&#8217;91 W&#8217;98 Guideline&#8217;s Copyright<br \/>\n(SW)<\/td>\n<td class=\"tree\" style=\"width: 25%;\" rowspan=\"2\">ENG SH CH Rocheby Royal Oak<\/td>\n<td class=\"tree\" style=\"width: 25%;\">Poolstead Pretentious at Rocheby<\/td>\n<\/tr>\n<tr>\n<td class=\"tree\" style=\"width: 25%;\">ENG SH CH Rocheby Acorn<\/td>\n<\/tr>\n<tr>\n<td class=\"tree\" style=\"width: 25%;\" rowspan=\"2\">Cambremer Copy Cat<\/td>\n<td class=\"tree\" style=\"width: 25%;\">GB CH Kupros Master Mariner<\/td>\n<\/tr>\n<tr>\n<td class=\"tree\" style=\"width: 25%;\">Cambremer Montclair<\/td>\n<\/tr>\n<tr>\n<td class=\"tree\" style=\"width: 25%;\" rowspan=\"4\">NORW CH KBHW&#8217;96 NW&#8217;98 Mambrinos Celebration<br \/>\n(NORW)<\/td>\n<td class=\"tree\" style=\"width: 25%;\" rowspan=\"2\">NORW CH Narjanas Thord<\/td>\n<td class=\"tree\" style=\"width: 25%;\">GB CH Trenow Brigadier<\/td>\n<\/tr>\n<tr>\n<td class=\"tree\" style=\"width: 25%;\">NORW CH Narjanas Faiscah<\/td>\n<\/tr>\n<tr>\n<td class=\"tree\" style=\"width: 25%;\" rowspan=\"2\">NORW CH Gretels Haizel<\/td>\n<td class=\"tree\" style=\"width: 25%;\">CH Surprisings Mathias<\/td>\n<\/tr>\n<tr>\n<td class=\"tree\" style=\"width: 25%;\">Gretels Ellymi<\/td>\n<\/tr>\n<tr>\n<td class=\"tree\" style=\"width: 25%;\" rowspan=\"8\">FIN CH Mallorn&#8217;s Xanadu<br \/>\nHD A\/A ED 0:0<br \/>\n(FIN)<\/td>\n<td class=\"tree\" style=\"width: 25%;\" rowspan=\"4\">Winnie&#8217;s Frankfurter Team<br \/>\n(SW)<\/td>\n<td class=\"tree\" style=\"width: 25%;\" rowspan=\"2\">Fieldvalley&#8217;s Fabianco<\/td>\n<td class=\"tree\" style=\"width: 25%;\">N CH Lunsidens Alex<\/td>\n<\/tr>\n<tr>\n<td class=\"tree\" style=\"width: 25%;\">N CH Fieldvalley&#8217;s Alina Mertoun<\/td>\n<\/tr>\n<tr>\n<td class=\"tree\" style=\"width: 25%;\" rowspan=\"2\">Novacroft Madeleine<\/td>\n<td class=\"tree\" style=\"width: 25%;\">Novacroft Magnum<\/td>\n<\/tr>\n<tr>\n<td class=\"tree\" style=\"width: 25%;\">Novacroft Hinny Cake<\/td>\n<\/tr>\n<tr>\n<td class=\"tree\" style=\"width: 25%;\" rowspan=\"4\">FIN CH Mallorn&#8217;s Poison<br \/>\nHD A\/A ED 0:0<br \/>\n(FIN)<\/td>\n<td class=\"tree\" style=\"width: 25%;\" rowspan=\"2\">FIN CH M&#8217;Lady&#8217;s Snow-Ball<\/td>\n<td class=\"tree\" style=\"width: 25%;\">FIN CH Palabras Spacecraft<\/td>\n<\/tr>\n<tr>\n<td class=\"tree\" style=\"width: 25%;\">Pastime&#8217;s Side-Kick<\/td>\n<\/tr>\n<tr>\n<td class=\"tree\" style=\"width: 25%;\" rowspan=\"2\">Mallorn&#8217;s Kiss Me Kate<\/td>\n<td class=\"tree\" style=\"width: 25%;\">AM CAN CH Beechcroft&#8217;s Danish Skydiver<\/td>\n<\/tr>\n<tr>\n<td class=\"tree\" style=\"width: 25%;\">FIN CH Craneridge Andwella<\/td>\n<\/tr>\n<\/tbody>\n<\/table>\n<h4>KATSETE TULEMUSED<\/h4>\n<ul>\n<li>l\u00e4binud retriiverite t\u00f5ukatsed (Oct&#8217;04, 10 kuu vanuselt)<\/li>\n<li>l\u00e4binud metspardi jahikatsed (08\/05, III j\u00e4rk)<\/li>\n<\/ul>\n<p><img decoding=\"async\" class=\"ngg-singlepic ngg-none\" src=\"https:\/\/vana.mybrand.ee\/\/wp-content\/gallery\/mallorns-elysee\/eliza_pardiga.jpg\" alt=\"After the hunting test\" \/><\/p>\n<h4>N\u00c4ITUSETULEMUSED EESTIS<strong><br \/>\n<\/strong><\/h4>\n<ul>\n<li>Labradoride erin\u00e4itus 9.11.08: t\u0161empionklassi v\u00f5itja, parim emane, t\u00f5u parim!<\/li>\n<li>Retriiverite erin\u00e4itus 16.08.08: t\u0161empionklassi v\u00f5itja, parim emane 2.<\/li>\n<li>Labradoride erin\u00e4itus 11.11.2007: t\u00f5u parim (Bolette Heering, kennel Melicmark, DK)!<\/li>\n<li>Labradoride erin\u00e4itus 19.08.2006: t\u00f5u parim, sert = EST CH (Jan Roger Sauge, kennel Mambrinos, NORW)!<\/li>\n<li>Labradoride erin\u00e4itus 2005: parim emane 2, sert (Laura Dedering, kennel Folklaur, USA)<\/li>\n<\/ul>\n<h4>N\u00c4ITUSETULEMUSED SOOMES<strong><br \/>\n<\/strong><\/h4>\n<ul>\n<li>Labradoride erin\u00e4itus 21.05.2009: BEST IN SHOW! (Manolo Queijeiro, kennel Queijeiro, Mehhiko)<\/li>\n<li>Labradoride erin\u00e4itus 10.09.2006: parim emane 3, reserv-sert! (Anja Verbeek, kennel Farbourne, NL)<\/li>\n<li>Soome labradoride Club Show 2006: BEST IN SHOW! (Torill Hanstad, kennel Narjana&#8217;s, NORW)<\/li>\n<\/ul>\n<h4>N\u00c4ITUSETULEMUSED L\u00c4TIS<strong><br \/>\n<\/strong><\/h4>\n<ul>\n<li>Retriiverite erin\u00e4itus 11.04.2010: t\u00f5u parim, BEST IN SHOW! (Andrzej St\u0119pi\u0144ski, kennel Oligarchia, POL)<\/li>\n<li>Retriiverite erin\u00e4itus 22.09.2007: t\u00f5u parim, Best In Show-2! (Judith Charlton, kennel Foxrush UK, BIS hindas Tina Sulce, LV)<\/li>\n<li>Retriiverite erin\u00e4itus 21.10.2006: t\u00f5u parim, sert = LV CH! (Per Iversen, Norway)<\/li>\n<\/ul>\n<h4>N\u00c4ITUSETULEMUSED VALGEVENES<strong><br \/>\n<\/strong><\/h4>\n<ul>\n<li>Minsk International 15.11.08: t\u0161empionklassi v\u00f5itja, parim emane, sert = BLR CH, CACIB.<\/li>\n<\/ul>\n<h4>JA LISAKS<\/h4>\n<p>2 x t\u00f5u parim beebi, BEST IN SHOW-kohti, 5 x t\u00f5u parim juunior.<\/p>\n<p><img decoding=\"async\" class=\"ngg-singlepic ngg-none\" src=\"https:\/\/vana.mybrand.ee\/\/wp-content\/gallery\/mallorns-elysee\/eliza-soomes.jpg\" alt=\"Eliza in Finland\" \/><\/p>\n<h4>KOHTUNIKUD ON \u00d6ELNUD ELIZA KOHTA<\/h4>\n<p><strong>Gunilla Ek<\/strong> (SW, kennel Attikonak) Labradoride erin\u00e4itus 9.11.08 &#8211;<em>&#8220;5,5 years old yellow, what a lovely old-fashioned girl, lovely head and expression, excellent neck and shoulder placement, topline and tail-set, so well angulated fore and after, lovely width of second thigh, excellent bone and feet, lovely roomy ribcage, excellent coat and texture, moves very well, oh, what a lovely bitch!&#8221; <\/em>(ERIN\u00c4ITUSE V\u00d5ITJA).<\/p>\n<p>&nbsp;<\/p>\n<p><strong>Tom Grant<\/strong> (UK, kennel Simandem) Retriiverite erin\u00e4itus 16.08.08 &#8211; <em>&#8220;Very good type, kind head and expression, good neck and topline, good depth and spring of rib, good angulations front and rear, good coat, moved well&#8221;<\/em><\/p>\n<p><strong>Judith Charlton<\/strong> (kennel Foxrush, UK), 22.09.2007 Retriiverite erin\u00e4itus L\u00e4tis &#8211; <em>&#8220;Typy bitch, full of breed type, typical head and expression, good neck and shoulders, short-coupled, balanced body with good spring of rib, level topline, excellent quarters, bone and feet, correct double coat, otter tail, moved extremely well&#8221; <\/em>(t\u0161empionklassi v\u00f5itja, parim emane, t\u00f5u parim, BEST IN SHOW-2.)<\/p>\n<p><strong>Per Iverson<\/strong> (Norra), 21.10.2006 Retriiverite erin\u00e4itus L\u00e4tis &#8211; <em>&#8220;Excellent type and size, Lovely well balanced yellow bitch with lovely head and epression, very good reach of neck, very good lay back of shoulders. Excellent body, strong topline, well angulated behind. Very typical coat and tail. Very sound in movement. Well presented. Super temperament.&#8221;<\/em> (t\u0161empionklassi v\u00f5itja, parim emane, sert = LV CH, t\u00f5u parim.)<\/p>\n<p><strong>Anja Veerbeck<\/strong> (Holland), 10.09.2006 Labradoride erin\u00e4itus Soomes &#8211; <em>&#8220;Quality girl with lovely head and sweet expression, excellent top line, goot tail set and otter tail, good angulations in front and rear, nice developed body, good bone and feet, beautiful coat, excellent mover, very showy.&#8221; <\/em>(II t\u0161empionklassis, parim emane 3, reserv-sert.)<\/p>\n<p><strong>Jan Roger Sauge<\/strong> (Norra, kennel Mambrinos), 19.08.2006 Labradoride erin\u00e4itus Tallinnas &#8211; <em>&#8220;2,5 years old bitch, excellent breed type, lovely head and expression, long neck, good front and bone, level topline, good angulations, moves very well, lovely coat.&#8221; <\/em>(kasutusklassi v\u00f5itja, parim emane, t\u00f5u parim, sert = EST CH)<\/p>\n<p><strong>David Hepper <\/strong>(kennel Mardas, UK) 12.02.2006 Retriiverite erin\u00e4itus Tallinnas &#8211; <em>&#8220;nice type with lovely head and expression, good neck and shoulder, good bone, nice feet, level topline, good strong quarters, short coupled, moved well&#8221;<\/em> (avaklassi v\u00f5itja, parim emane 3).<\/p>\n<p><strong>Anne Taylor<\/strong> (kennel Fabracken, UK) 13.02.2005 Labradoride erin\u00e4itus Tallinnas &#8211; <em>&#8220;well balanced typical bitch, very nice head and expression, strongly made, well angulated in front and rear, good bone and feet, well sprung ribs, correct lenght of neck, well developed size, moved very soundly&#8221;<\/em>. (t\u00f5u parim juunior, juunior-sert, parim emane 4).<\/p>\n<p><strong>Mary A Wiest<\/strong> (kennel Beechcrofts, USA) 29.05.2004 Labradoride erin\u00e4itus Sauel &#8211;\u00a0 <em>&#8220;yellow bitch of excellent breed type, lovely expression, good reach of neck going cleanly into good shoulders, good topline &amp; tailset, lovely otter tail, good depth of chest &amp; good brisket, lovely balance of front &amp; rear angulations&#8221;<\/em> (t\u00f5u parim beebi ja parim saarmasaba).<\/p>\n<p><strong>Annaliisa Harjukari<\/strong> (kennel Loresho, Soome) 25.04.2004 Labradoride kutsikashow Viljandis &#8211; <em>&#8220;Excellent type, excellent head type, needs more stop, beautiful expression, very good pigment, very good angulations front and back, good topline, very good coat, moves good front and side, little bit narrow behind (at this age), well shown.&#8221; <\/em>(2-4-kuuste t\u00f5u parim beebi ja &amp; BEST IN SHOW-3).<\/p>\nngg_shortcode_1_placeholder\n<p><\/p>","protected":false},"excerpt":{"rendered":"<p>&#8220;Eliza&#8221; 9 x ERIN\u00c4ITUSE V\u00d5ITJA SOOME, VALGEVENE, EESTI, L\u00c4TI, LEEDU ja BALTI T\u0160EMPION EESTI, L\u00c4TI, LEEDU ja BALTI JUUNIORT\u0160EMPION BALTI JUUNIORV\u00d5ITJA 2004 L\u00c4BINUD RETRIIVERITE T\u00d5UKATSED = RAHVUSVAHELINE T\u00d6\u00d6SERTIFIKAAT CACIB * Pildil 5-aastane. kollane emane, s\u00fcnd: 13.12.2003 puusad A\/A, k\u00fc\u00fcnarliigesed 0:0, silmad puhtad Optigen prcd\/PRA puhas EIC kandja (N\/EIC) Olemas k\u00f5ik hambad kasvataja Anu Honkapirtti, kennel [&hellip;]<\/p>\n","protected":false},"author":1,"featured_media":0,"parent":5477,"menu_order":0,"comment_status":"closed","ping_status":"closed","template":"","meta":{"ngg_post_thumbnail":0,"footnotes":""},"class_list":["post-119","page","type-page","status-publish","hentry"],"_links":{"self":[{"href":"https:\/\/vana.mybrand.ee\/et\/wp-json\/wp\/v2\/pages\/119","targetHints":{"allow":["GET"]}}],"collection":[{"href":"https:\/\/vana.mybrand.ee\/et\/wp-json\/wp\/v2\/pages"}],"about":[{"href":"https:\/\/vana.mybrand.ee\/et\/wp-json\/wp\/v2\/types\/page"}],"author":[{"embeddable":true,"href":"https:\/\/vana.mybrand.ee\/et\/wp-json\/wp\/v2\/users\/1"}],"replies":[{"embeddable":true,"href":"https:\/\/vana.mybrand.ee\/et\/wp-json\/wp\/v2\/comments?post=119"}],"version-history":[{"count":0,"href":"https:\/\/vana.mybrand.ee\/et\/wp-json\/wp\/v2\/pages\/119\/revisions"}],"up":[{"embeddable":true,"href":"https:\/\/vana.mybrand.ee\/et\/wp-json\/wp\/v2\/pages\/5477"}],"wp:attachment":[{"href":"https:\/\/vana.mybrand.ee\/et\/wp-json\/wp\/v2\/media?parent=119"}],"curies":[{"name":"wp","href":"https:\/\/api.w.org\/{rel}","templated":true}]}}