{"id":137,"date":"2011-02-04T01:08:55","date_gmt":"2011-02-03T23:08:55","guid":{"rendered":"https:\/\/vana.mybrand.ee"},"modified":"2016-11-03T12:09:39","modified_gmt":"2016-11-03T10:09:39","slug":"mallorns-terracotta","status":"publish","type":"page","link":"https:\/\/vana.mybrand.ee\/et\/about-us\/koerad-minevikust\/mallorns-terracotta\/","title":{"rendered":"Mallorn&#8217;s Terracotta"},"content":{"rendered":"<p><\/p>\n<table border=\"0\">\n<tbody>\n<tr>\n<td align=\"left\" valign=\"top\"><img loading=\"lazy\" decoding=\"async\" class=\"ngg-singlepic ngg-none alignnone\" src=\"https:\/\/vana.mybrand.ee\/\/wp-content\/gallery\/mallorns-terracotta\/mallorns-terracotta-6y.jpg\" alt=\"Mallorn's Terracotta\" width=\"400\" height=\"300\" \/><\/p>\n<ul style=\"list-style-image: url(\/wp-content\/gallery\/web\/bullet-star-moving.gif);\">\n<\/ul>\n<\/td>\n<td align=\"left\" valign=\"top\">\n<h3>&#8220;Mokka&#8221;<\/h3>\n<p>pruun emane<br \/>\n s\u00fcnd: 5.01.2002<\/p>\n<ul>\n<li>puusad A\/A, <\/li>\n<li>k\u00fc\u00fcnarliigesed 1:1, <\/li>\n<li>silmad puhtad (01\/2009)<\/li>\n<li>Optigen prcd-PRA puhas.<\/li>\n<\/ul>\n<p>kasvataja Anu Honkapirtti, Soome<\/p>\n<p><a href=\"http:\/\/register.kennelliit.ee\/reg\/index.php?page=dogCard&amp;dogId=67591\" target=\"_blank\">Eesti Kennelliidu andmebaasis \u00bb<\/a><\/p>\n<p><em>* pildil kuue-aastane. Rohkem pilte Mokkast tema <a href=\"#gallery\">galeriis<\/a>.<\/em><\/p>\n<\/td>\n<\/tr>\n<\/tbody>\n<\/table>\n<ul>\n<li><strong>Soome, Eesti, Venemaa, L\u00e4ti, Leedu ja Balti t\u0161empion,<\/strong><\/li>\n<li><strong>Soome juuniorv\u00f5itja 2003<\/strong><\/li>\n<li><strong>kvalifitseerunud Cruftsile 2003<\/strong><\/li>\n<li><strong>BEST IN SHOW V\u00d5ITJA<br \/>\n<\/strong><\/li>\n<li><strong>Rahvusvaheline t\u00f6\u00f6sertifikaat<\/strong><\/li>\n<\/ul>\n<p>Mokka liitus meiega 2005. aastal, kui ta oli peaaegu 4-aastane. Tal on selja taga aukartust \u00e4ratav n\u00e4itusekarj\u00e4\u00e4r ja n\u00fc\u00fcdseks ka l\u00e4bitud t\u00f5ukatsed. Ta on armas ja v\u00e4hen\u00f5udliku loomuga koer, kellesse kiinduvad paljud. Kui ta on kodus, ei pane teda t\u00e4helegi, aga \u00f5ues j\u00e4tkub m\u00e4ngu teistega kauaks.<\/p>\n<p>Mokka sai meie juures vaid \u00fche pesakonna, mille isaks oli Mallorn&#8217;s Romeo. Sellest pesakonnast on p\u00e4rit mustad t\u00fcdrukud <a href=\"\/et\/females\/my-brand-miss-sunshine\">My Brand Miss Sunshine<\/a> ja <a href=\"\/et\/females\/my-brand-mademoiselle\">My Brand Mademoiselle<\/a>. Venemaal elab nende kolmas \u00f5de My Brand Miss Vey Talie. N\u00fc\u00fcdseks on Mokka j\u00e4\u00e4nud pensionile.<\/p>\n<h2>KATSETE TULEMUSED<\/h2>\n<ul>\n<li>T\u00f5ukatsed 29.09.2007: sooritatud = rahvusvaheline t\u00f6\u00f6sertifikaat.<\/li>\n<\/ul>\n<h2>N\u00c4ITUSTE TULEMUSED EESTIS<\/h2>\n<ul>\n<li> Retriiverite erin\u00e4itus 02.06.2007: avaklassi v\u00f5itja,<\/li>\n<li>Labradoride erin\u00e4itus 19.08.2006: avaklassi v\u00f5itja, parim emane-3.<\/li>\n<\/ul>\n<ul style=\"list-style-image: url(\/wp-content\/gallery\/web\/bullet_gold.gif?1912582694);\">\n<\/ul>\n<h2>N\u00c4ITUSTE TULEMUSED L\u00c4TIS<\/h2>\n<ul>\n<li> Erin\u00e4itus: avaklassi v\u00f5itja, parim emane-3, SERT (Judith Charlton, kennel Foxrush)<\/li>\n<\/ul>\n<ul>\n<\/ul>\n<h2>N\u00c4ITUSTE TULEMUSED LEEDUS<\/h2>\n<ul>\n<li> Plunge, 21.5.2006 &#8211; SERT, vastassoo parim.<\/li>\n<\/ul>\n<ul>\n<\/ul>\n<h2>N\u00c4ITUSTE TULEMUSED SOOMES<\/h2>\n<ul>\n<li> Aasta 2003 n\u00e4ituselabradori v\u00f5istluse II koht,<\/li>\n<li>Virpiniemi, 11.7.2004 &#8211; SERT, t\u00f5u parim, r\u00fchma-3,<\/li>\n<li>Rovaniemi, 21.6.2003 &#8211; SERT, t\u00f5u parim,<\/li>\n<li>Kajaani, 5.1.2003 &#8211; SERT, t\u00f5u parim, r\u00fchma-4,<\/li>\n<li>Helsinki INT Show, 7.12.2002 &#8211; juunioriklassi v\u00f5itja, parim emane-3,<\/li>\n<li>Retriiverite peaerin\u00e4itus&#8217;02 &#8211; parim emane, SERT, VSP,<\/li>\n<li>Soome labradoride Club Show 17.8.2002 &#8211; klassi v\u00f5itja,<\/li>\n<li>Labradoride erin\u00e4itus Kemi&#8217;02 &#8211; &#8220;Parim emane kutsikas n\u00e4itusel&#8221;<\/li>\n<\/ul>\n<ul style=\"list-style-image: url(\/wp-content\/gallery\/web\/bullet_gold.gif?1912582694);\">\n<\/ul>\n<h2>N\u00c4ITUSTE TULEMUSED ROOTSIS<\/h2>\n<ul>\n<li> Stockholm INT Show 8.12.02 Juuniorklassi v\u00f5itja, parim emane-3 = kvalifitseerus osalema n\u00e4itusel Crufts 2003<\/li>\n<li>Lule\u00e5, SSRK 30.5.03 SERT, t\u00f5u parim, Best in Show!!!<\/li>\n<li>G\u00e4llivare, SKK 28.6.03, SERT, CACIB, VSP.<\/li>\n<\/ul>\n<ul style=\"list-style-image: url(\/wp-content\/gallery\/web\/bullet_gold.gif?1912582694);\">\n<\/ul>\n<h2>KOHTUNIKUD MOKKA KOHTA<\/h2>\n<p><strong>Jan Roger Sauge <\/strong>(Norway, kennel Mambrinos), 19.08.2006 Labrador Specialty Show in Tallinn &#8211; <em>&#8220;4 years, excellent breed type, sweet head and expression, nice neck, front and bone, body with beautiful lines, good coat, moves very well.&#8221;<\/em> (Winner of Open Class, Best Bitch-3)<\/p>\n<p><strong>Susanna Wiles<\/strong> (UK), 10.06.2006 Finnish Labrador Main Specialty in Espoo &#8211; <em>&#8220;chocolate of a good breedtype, good coat colour and expression, strong neck and good spring of rib, good depth of chest, excelent bone, correct tail and powerful hindquarters, moved OK and showed well.&#8221;<\/em><br \/>\n <strong><br \/>\n Judith Charlton<\/strong> (UK, kennel Foxrush), 22.09.2007 Latvian Retriever Specialty &#8211; <em>&#8220;typical head and expression, good neck and shoulders, short-coupled, balanced body, good eye and coat colour, ood bone and feet, correct double coat and otter tail, moved extremely well.&#8221;<\/em> ( Winner of Open Class, Best Bitch-3, CC)\ufeff<\/p>\n<p><a name=\"gallery\"><\/a><\/p>\n<p><span style=\"font-size: small;\"><span style=\"font-family: trebuchet ms,geneva;\">ngg_shortcode_1_placeholder<\/span><\/span><\/p>\n<table class=\"tree\" style=\"border: 1px solid #969696; background-color: #dfe1c8;\" border=\"1\">\n<tbody>\n<tr>\n<td class=\"tree\" style=\"width: 25%;\" rowspan=\"8\">SW W&#8217;01 NORW FIN SW SH CH Tjotte&#8217;s Broken Arrow<br \/>\n HD A\/A ED 0:0<br \/>\n (SW)<\/td>\n<td class=\"tree\" style=\"width: 25%;\" rowspan=\"4\">NORW SW SH CH Mambrino&#8217;s Harvey<br \/>\n HD B\/C ED 0:0<br \/>\n (NORW)<\/td>\n<td class=\"tree\" style=\"width: 25%;\" rowspan=\"2\">GB CH Cambremer Tom Cobbley of Charway<\/td>\n<td class=\"tree\" style=\"width: 25%;\">Charway Uncle Tom<\/td>\n<\/tr>\n<tr>\n<td class=\"tree\" style=\"width: 25%;\">Cambremer All That Jazz<\/td>\n<\/tr>\n<tr>\n<td class=\"tree\" style=\"width: 25%;\" rowspan=\"2\">N CH KBHV&#8217;98                                Mambrino&#8217;s Veslem\u00f6y<\/td>\n<td class=\"tree\" style=\"width: 25%;\">CH Cuanbank Tug O&#8217;War<\/td>\n<\/tr>\n<tr>\n<td class=\"tree\" style=\"width: 25%;\">NORW CH Gretels Haizel<\/td>\n<\/tr>\n<tr>\n<td class=\"tree\" style=\"width: 25%;\" rowspan=\"4\">NORD FIN                                SW NORW CH Tjotte&#8217;s Babysitter&#8217;s Nightmare<br \/>\n HD A\/A ED 0:0<br \/>\n <span style=\"color: #8b8b5a;\">(SW) <\/span><\/td>\n<td class=\"tree\" style=\"width: 25%;\" rowspan=\"2\">AM CAN                                CH<br \/>\n Banner&#8217;s Muskelunge Buckeye<\/td>\n<td class=\"tree\" style=\"width: 25%;\">Banner&#8217;s Wenwood Obleo Arrow<\/td>\n<\/tr>\n<tr>\n<td class=\"tree\" style=\"width: 25%;\">Ambleside&#8217;s Banner of Triple L<\/td>\n<\/tr>\n<tr>\n<td class=\"tree\" style=\"width: 25%;\" rowspan=\"2\">NORW SW                                SH CH<br \/>\n Imp&#8217;s Strictly Business<\/td>\n<td class=\"tree\" style=\"width: 25%;\">Tjotte&#8217;s Billy The Bruno<\/td>\n<\/tr>\n<tr>\n<td class=\"tree\" style=\"width: 25%;\">Broadmarks&#8217;s Nancy<\/td>\n<\/tr>\n<tr>\n<td class=\"tree\" style=\"width: 25%;\" rowspan=\"8\">Mallorn&#8217;s MMM Marabou<br \/>\n HD B\/B ED 0:0<br \/>\n (FIN)<\/td>\n<td class=\"tree\" style=\"width: 25%;\" rowspan=\"4\">FIN CH Loresho Ozzie<br \/>\n HD A\/A ED 0:0<br \/>\n (FIN)<\/td>\n<td class=\"tree\" style=\"width: 25%;\" rowspan=\"2\">INT FIN                                EST CH Bubbling Churchill<\/td>\n<td class=\"tree\" style=\"width: 25%;\">NL LUX VDH CH Leije                                Royal Mail<\/td>\n<\/tr>\n<tr>\n<td class=\"tree\" style=\"width: 25%;\">FIN CH Loresho Oystercatcher<\/td>\n<\/tr>\n<tr>\n<td class=\"tree\" style=\"width: 25%;\" rowspan=\"2\">FIN CH                                Mallorn&#8217;s Jersey Sour<\/td>\n<td class=\"tree\" style=\"width: 25%;\">Cambremer Star Trekker<\/td>\n<\/tr>\n<tr>\n<td class=\"tree\" style=\"width: 25%;\">Mallorn&#8217;s April Fool<\/td>\n<\/tr>\n<tr>\n<td class=\"tree\" style=\"width: 25%;\" rowspan=\"4\">FIN CH                                Boothgates Miz Showbusiness<br \/>\n HD B\/B ED 0:0<br \/>\n <span style=\"color: #8b8b5a;\">(UK) <\/span><\/td>\n<td class=\"tree\" style=\"width: 25%;\" rowspan=\"2\">Brandhams                                Show Stopper<\/td>\n<td class=\"tree\" style=\"width: 25%;\">Boothgates Kountry                                Kraft<\/td>\n<\/tr>\n<tr>\n<td class=\"tree\" style=\"width: 25%;\">Brandhams Hot Choice                                For Oulsmi<\/td>\n<\/tr>\n<tr>\n<td class=\"tree\" style=\"width: 25%;\" rowspan=\"2\">Oulsmi                                Endless Love<\/td>\n<td class=\"tree\" style=\"width: 25%;\">Stormley Craftsman                                At Ludzska<\/td>\n<\/tr>\n<tr>\n<td class=\"tree\" style=\"width: 25%;\">Oulsmi Bold As Brass<\/td>\n<\/tr>\n<\/tbody>\n<\/table>\n<p><\/p>","protected":false},"excerpt":{"rendered":"<p>&#8220;Mokka&#8221; pruun emane s\u00fcnd: 5.01.2002 puusad A\/A, k\u00fc\u00fcnarliigesed 1:1, silmad puhtad (01\/2009) Optigen prcd-PRA puhas. kasvataja Anu Honkapirtti, Soome Eesti Kennelliidu andmebaasis \u00bb * pildil kuue-aastane. Rohkem pilte Mokkast tema galeriis. Soome, Eesti, Venemaa, L\u00e4ti, Leedu ja Balti t\u0161empion, Soome juuniorv\u00f5itja 2003 kvalifitseerunud Cruftsile 2003 BEST IN SHOW V\u00d5ITJA Rahvusvaheline t\u00f6\u00f6sertifikaat Mokka liitus meiega 2005. [&hellip;]<\/p>\n","protected":false},"author":1,"featured_media":0,"parent":5477,"menu_order":0,"comment_status":"closed","ping_status":"closed","template":"","meta":{"ngg_post_thumbnail":0,"footnotes":""},"class_list":["post-137","page","type-page","status-publish","hentry"],"_links":{"self":[{"href":"https:\/\/vana.mybrand.ee\/et\/wp-json\/wp\/v2\/pages\/137","targetHints":{"allow":["GET"]}}],"collection":[{"href":"https:\/\/vana.mybrand.ee\/et\/wp-json\/wp\/v2\/pages"}],"about":[{"href":"https:\/\/vana.mybrand.ee\/et\/wp-json\/wp\/v2\/types\/page"}],"author":[{"embeddable":true,"href":"https:\/\/vana.mybrand.ee\/et\/wp-json\/wp\/v2\/users\/1"}],"replies":[{"embeddable":true,"href":"https:\/\/vana.mybrand.ee\/et\/wp-json\/wp\/v2\/comments?post=137"}],"version-history":[{"count":0,"href":"https:\/\/vana.mybrand.ee\/et\/wp-json\/wp\/v2\/pages\/137\/revisions"}],"up":[{"embeddable":true,"href":"https:\/\/vana.mybrand.ee\/et\/wp-json\/wp\/v2\/pages\/5477"}],"wp:attachment":[{"href":"https:\/\/vana.mybrand.ee\/et\/wp-json\/wp\/v2\/media?parent=137"}],"curies":[{"name":"wp","href":"https:\/\/api.w.org\/{rel}","templated":true}]}}