{"id":1372,"date":"2011-03-25T09:44:34","date_gmt":"2011-03-25T07:44:34","guid":{"rendered":"https:\/\/vana.mybrand.ee"},"modified":"2016-11-03T11:58:17","modified_gmt":"2016-11-03T09:58:17","slug":"nipntuck-first-lady","status":"publish","type":"page","link":"https:\/\/vana.mybrand.ee\/et\/about-us\/koerad-minevikust\/nipntuck-first-lady\/","title":{"rendered":"Nipntuck First Lady"},"content":{"rendered":"<p><\/p>\n<table border=\"0\">\n<tbody>\n<tr>\n<td valign=\"top\"><img loading=\"lazy\" decoding=\"async\" class=\"ngg-singlepic ngg-none\" src=\"https:\/\/vana.mybrand.ee\/\/wp-content\/gallery\/nipntuck-first-lady\/baby3.jpg\" alt=\"Nipntuck First Lady\" width=\"400\" height=\"300\" \/><em><br \/>\n <\/em><\/td>\n<td valign=\"top\">\n<h3>&#8220;Emma&#8221;<\/h3>\n<p>must emane (BBEe, kannab kollast)<br \/>\n s\u00fcnd: 20.12.2010<br \/>\n kasvataja Becky Dannaker, USA<\/p>\n<p><em>* pildil 13-n\u00e4dalane<\/em><\/p>\n<h4>TERVISEUURINGUD:<\/h4>\n<ul>\n<li>puusad A\/A<\/li>\n<li>k\u00fc\u00fcnarliigesed 0:0,<\/li>\n<li>Silmad puhtad (veebr&#8217;12)<\/li>\n<li>Optigen prcd-PRA vanemad puhtad<\/li>\n<li>EIC puhas (vanemad puhtad N\/N)<\/li>\n<li><a href=\"http:\/\/register.kennelliit.ee\/reg\/index.php?page=dogCard&amp;dogId=143844\" target=\"_blank\">EKL andmebaasis \u00bb<\/a><\/li>\n<\/ul>\n<\/td>\n<\/tr>\n<\/tbody>\n<\/table>\n<ul>\n<li><strong>Eesti t\u0161empion<\/strong><\/li>\n<li><strong>Eesti juuniort\u0161empion<\/strong><\/li>\n<li><strong>Tallinna Juuniorv\u00f5itja 2012<\/strong><\/li>\n<li><strong>Tallinna V\u00f5itja 2012<\/strong><\/li>\n<\/ul>\n<p>Oleme v\u00e4ga r\u00f5\u00f5msad, et peale mitme aastast ootamist on meil l\u00f5puks kodus v\u00e4ike kutsikas Nipntuck kennelist. Tema ema, Nipntuck Boot Scootin&#8217; on olnud suurep\u00e4rane p\u00e4randaja ja tema isa on samuti meie suur lemmik.<\/p>\n<p>Emma on rahuliku iseloomuga kutsikas, kes \u00f5pib k\u00f5ike lennult ja on vaimustav kaaslane.<\/p>\n<ul>\n<li>Ait\u00e4h, Becky, et usaldasid meile selle imeilusa kutsika!<\/li>\n<li>Ait\u00e4h ka Kirsile, Maryle, Michaelile ja Fabianile suure abi eest!<\/li>\n<li>Ja suured t\u00e4nud ka Elenile tema hindamatu abi eest kutsika \u00fcle ookeani toomisel!<\/li>\n<\/ul>\n<p><img decoding=\"async\" class=\"ngg-singlepic ngg-none\" src=\"https:\/\/vana.mybrand.ee\/\/wp-content\/gallery\/nipntuck-first-lady\/img_6386-bw-web.jpg\" alt=\"img_6386-bw-web\" \/><\/p>\n<h4>SUGUPUU:<\/h4>\n<table class=\"tree\" style=\"border: 1px solid #969696; background-color: #dfe1c8;\" border=\"1\">\n<tbody>\n<tr>\n<td class=\"tree\" style=\"width: 25%;\" rowspan=\"8\">Banbury Vincent<span style=\"color: #444444;\"><br \/>\n Optigen prcd-PRA Normal\/Clear (USA)<\/span><\/td>\n<td class=\"tree\" style=\"width: 25%;\" rowspan=\"4\">AM CH Puckett&#8217;s Andre   at Dickendall<span style=\"color: #444444;\"><br \/>\n (USA)<\/span><\/td>\n<td class=\"tree\" style=\"width: 25%;\" rowspan=\"2\">AM CH Dickendall Arnold<\/td>\n<td class=\"tree\" style=\"width: 25%;\">AM CH Dickendalls Ruffy SH<\/td>\n<\/tr>\n<tr>\n<td class=\"tree\" style=\"width: 25%;\">Dickendall A-HA<\/td>\n<\/tr>\n<tr>\n<td class=\"tree\" style=\"width: 25%;\" rowspan=\"2\">Pucketts Bunnie of   Rosehill<\/td>\n<td class=\"tree\" style=\"width: 25%;\">Follytower Man O&#8217;War<\/td>\n<\/tr>\n<tr>\n<td class=\"tree\" style=\"width: 25%;\">Dickendall H of Criner Hills<\/td>\n<\/tr>\n<tr>\n<td class=\"tree\" style=\"width: 25%;\" rowspan=\"4\">Banbury&#8217;s After While   Crocodile<br \/>\n (USA)<span style=\"color: #444444;\"> <\/span><\/td>\n<td class=\"tree\" style=\"width: 25%;\" rowspan=\"2\">NL                                        CH NLV CV&#8217;99 NORD W&#8217;99 Trendmaker&#8217;s Tycoon<\/td>\n<td class=\"tree\" style=\"width: 25%;\">INT                                        S SF DK CH Trendmaker&#8217;s Mugwump<\/td>\n<\/tr>\n<tr>\n<td class=\"tree\" style=\"width: 25%;\">Trendmaker&#8217;s                                        Traffic Jam<\/td>\n<\/tr>\n<tr>\n<td class=\"tree\" style=\"width: 25%;\" rowspan=\"2\">Banbury See Ya   Later Alligater<\/td>\n<td class=\"tree\" style=\"width: 25%;\">AM CH Dickendall Arnold<\/td>\n<\/tr>\n<tr>\n<td class=\"tree\" style=\"width: 25%;\">Dickendall Buckstone Toodaloo<\/td>\n<\/tr>\n<tr>\n<td class=\"tree\" style=\"width: 25%;\" rowspan=\"8\">Nipntuck Boot Scootin&#8217;<br \/>\n (USA)<\/td>\n<td class=\"tree\" style=\"width: 25%;\" rowspan=\"4\">BISS CH Sure Shot Hyspire Impressive<br \/>\n (USA)<\/td>\n<td class=\"tree\" style=\"width: 25%;\" rowspan=\"2\">AM CH Windfall&#8217;s Pipe Major<\/td>\n<td class=\"tree\" style=\"width: 25%;\">GB CH BISS CH Hyspire Darktown Strutter<\/td>\n<\/tr>\n<tr>\n<td class=\"tree\" style=\"width: 25%;\">BISS CH Windfall Black Piper<\/td>\n<\/tr>\n<tr>\n<td class=\"tree\" style=\"width: 25%;\" rowspan=\"2\">AM CH Hyspire Pipin Hot<\/td>\n<td class=\"tree\" style=\"width: 25%;\">AM CH Windfall&#8217;s Pipe Major<\/td>\n<\/tr>\n<tr>\n<td class=\"tree\" style=\"width: 25%;\">HySpire Somethings Amiss<\/td>\n<\/tr>\n<tr>\n<td class=\"tree\" style=\"width: 25%;\" rowspan=\"4\">BISS CH Blackwaters Nipntuck Cheerleader<br \/>\n (USA)<\/td>\n<td class=\"tree\" style=\"width: 25%;\" rowspan=\"2\">AM CH Tabatha&#8217;s Nipntuck You Are It<\/td>\n<td class=\"tree\" style=\"width: 25%;\">Scent Trails Tug of War<\/td>\n<\/tr>\n<tr>\n<td class=\"tree\" style=\"width: 25%;\">CH Tabatha&#8217;s Morning Chat<\/td>\n<\/tr>\n<tr>\n<td class=\"tree\" style=\"width: 25%;\" rowspan=\"2\">Blackwater&#8217;s Remarkable<\/td>\n<td class=\"tree\" style=\"width: 25%;\">BISS CH Nipntuck Arncha Bold JH CD<\/td>\n<\/tr>\n<tr>\n<td class=\"tree\" style=\"width: 25%;\">Blackwater&#8217;s Rose of Cimarron<\/td>\n<\/tr>\n<\/tbody>\n<\/table>\n<p><br class=\"spacer_\" \/><\/p>\n<h2>Katsete tulemused<\/h2>\n<ul>\n<li>L\u00e4binud veelinnukatse III j\u00e4rgule = rahvusvaheline t\u00f6\u00f6sertifikaat. <\/li>\n<\/ul>\n<h2>N\u00e4ituste tulemused<\/h2>\n<ul>\n<li>Tartu 11.1.2015: avaklassi v\u00f5itja, SK, parim emane, SERT = EST CH, VSP (Anthony Kelly, Iirimaa)<\/li>\n<li>Tartu 10.1.2015: II koht avaklassis, SK, parim emane-3 (Jose Vidal Montero, Hisp)<\/li>\n<li>Labradoride erin\u00e4itus Luigel 3.8.2013: kasutusklassi v\u00f5itja, SK (Lene Johansen, DK)<\/li>\n<li>Retriiverite erin\u00e4itus 1.6.2013: II koht avaklassis, SK (Saskia Rahtenau-Beijerman, NL)<\/li>\n<li>Tartu rahvuslik 13.01.2013: II avaklassis, SK, Parim emane-4 (Ligita Zake, LV)<\/li>\n<li>Tartu rahvuslik 12.01.2013: avaklassi v\u00f5itja, SK, Parim emane-4 (Helin Kasuk-Tenson, EST)<\/li>\n<li>Retriiverite erin\u00e4itus 2012:<\/li>\n<li>Tallinna V\u00f5itja&#8217;12 15.04.2012: t\u00f5u parim juunior, juunior-sert, parim emane, VSP (Helin Kasuk-Tenson, EST)<\/li>\n<li>Tallinna rahvusvaheline 12.02.2012: t\u00f5u parim juunior, juunior-sert (Alexey Belkin, RUS)<\/li>\n<li>Retriiverite erin\u00e4itus 1.10.2011: II juuniorklassis, juunior-sert (Beppe Masia, ITA)<\/li>\n<li>Viimsi rahvuslik 17.07.2011: t\u00f5u parim kutsikas, eriauhind (Istvan Nagy, SER)<\/li>\n<li>Viimsi rahvuslik 16.07.2011: t\u00f5u parim kutsikas, eriauhind. <\/li>\n<li>Labradoride erin\u00e4itus 3.6.2011: II koht tugevas beebiklassis (Manuel Queijeiro, MEX)<\/li>\n<\/ul>\n<h2>Kohtunikud temast:<\/h2>\n<p><strong>Anthony Kelly<\/strong> (IRE) <em>&#8220;Escellent head, lovely expression, correct eye &amp; muzzle, good depth of chest &amp; foreleg very good, neck OK &amp; good shoulder placement, good topline &amp; depth of body, hind angulations and hocks good, coat good, movement good, plenty of drive, could be little steadier, temperament ok.&#8221;<\/em><\/p>\n<p><strong>Jose Vidal Montero <\/strong>(SP) <em>&#8220;Escellent head, good expression, feminine, good substance, good bones, excellent chest, topline and angulations, good mover.&#8221;<br \/>\n <\/em><\/p>\n<p><strong>Lene Johansen <\/strong>(kennel Dee-Fair, DK) <em>&#8220;Excellent type, lovely  head and expression, good neck, short coat, good texture, good topline,  strog bone and feet, excellent hocks, sound mover.&#8221;<\/em><\/p>\n<p><em><strong>Saskia Rathenau-Beijerman, NL: <\/strong><em>&#8220;2,5 years old black, showing lots of temperament, typical head and expression and angulations, body OK, super coat, happy tail, correct bones and movement.&#8221;<\/em><\/em><\/p>\n<p><strong>Helin Kasuk-Tenson <\/strong>(EST):<em>&#8220;Suurep\u00e4rast t\u00fc\u00fcpi, feminiinne, kaunis pea ja ilme, suurep\u00e4rane \u00fcla- ja alaliin, v\u00e4ga head esi- ja taganurgad, \u00f5ige asetusega \u00f5ieti kantud saba, v\u00e4ga hea temperament, suurep\u00e4rane esitlus, vaba liikumine.&#8221;<br \/>\n <\/em><\/p>\n<p><strong>Beppe Masia<\/strong> (kennel Masialab, ITA):<em> &#8220;Very showy black female, good head, broad scull, good depth of chest, ribs and briscet, correct topline and tailset, round feet, hocks well set down, moved soundly.&#8221;<\/em> &#8211; II koht juuniorklassis, juuniorsert.<\/p>\n<p><strong>Manuel Queijeiro <\/strong>(kennel Queijeiro, MEX): &#8220;Very good breed type, excellent head, very good front angulation, excellent coat, very good balance.&#8221; &#8211; II koht beebiklassis labradoride erin\u00e4itusel.<\/p>\n<p><br class=\"spacer_\" \/><\/p>\n<p><a name=\"gallery\"><\/a>ngg_shortcode_1_placeholder<\/p>\n<p><\/p>","protected":false},"excerpt":{"rendered":"<p>&#8220;Emma&#8221; must emane (BBEe, kannab kollast) s\u00fcnd: 20.12.2010 kasvataja Becky Dannaker, USA * pildil 13-n\u00e4dalane TERVISEUURINGUD: puusad A\/A k\u00fc\u00fcnarliigesed 0:0, Silmad puhtad (veebr&#8217;12) Optigen prcd-PRA vanemad puhtad EIC puhas (vanemad puhtad N\/N) EKL andmebaasis \u00bb Eesti t\u0161empion Eesti juuniort\u0161empion Tallinna Juuniorv\u00f5itja 2012 Tallinna V\u00f5itja 2012 Oleme v\u00e4ga r\u00f5\u00f5msad, et peale mitme aastast ootamist on meil [&hellip;]<\/p>\n","protected":false},"author":1,"featured_media":0,"parent":5477,"menu_order":0,"comment_status":"closed","ping_status":"closed","template":"","meta":{"ngg_post_thumbnail":0,"footnotes":""},"class_list":["post-1372","page","type-page","status-publish","hentry"],"_links":{"self":[{"href":"https:\/\/vana.mybrand.ee\/et\/wp-json\/wp\/v2\/pages\/1372","targetHints":{"allow":["GET"]}}],"collection":[{"href":"https:\/\/vana.mybrand.ee\/et\/wp-json\/wp\/v2\/pages"}],"about":[{"href":"https:\/\/vana.mybrand.ee\/et\/wp-json\/wp\/v2\/types\/page"}],"author":[{"embeddable":true,"href":"https:\/\/vana.mybrand.ee\/et\/wp-json\/wp\/v2\/users\/1"}],"replies":[{"embeddable":true,"href":"https:\/\/vana.mybrand.ee\/et\/wp-json\/wp\/v2\/comments?post=1372"}],"version-history":[{"count":0,"href":"https:\/\/vana.mybrand.ee\/et\/wp-json\/wp\/v2\/pages\/1372\/revisions"}],"up":[{"embeddable":true,"href":"https:\/\/vana.mybrand.ee\/et\/wp-json\/wp\/v2\/pages\/5477"}],"wp:attachment":[{"href":"https:\/\/vana.mybrand.ee\/et\/wp-json\/wp\/v2\/media?parent=1372"}],"curies":[{"name":"wp","href":"https:\/\/api.w.org\/{rel}","templated":true}]}}