{"id":140,"date":"2011-02-04T01:13:42","date_gmt":"2011-02-03T23:13:42","guid":{"rendered":"https:\/\/vana.mybrand.ee"},"modified":"2016-11-03T12:48:23","modified_gmt":"2016-11-03T10:48:23","slug":"rocheby-liberty-belle","status":"publish","type":"page","link":"https:\/\/vana.mybrand.ee\/et\/about-us\/koerad-minevikust\/rocheby-liberty-belle\/","title":{"rendered":"Rocheby Liberty Belle"},"content":{"rendered":"<p><\/p>\n<table border=\"0\">\n<tbody>\n<tr>\n<td valign=\"top\"><img loading=\"lazy\" decoding=\"async\" src=\"https:\/\/vana.mybrand.ee\/\/wp-content\/gallery\/rocheby-liberty-belle\/sally.jpg\" alt=\"Rocheby Liberty Belle at the age of 5 years\" width=\"400\" height=\"300\" \/><\/td>\n<td valign=\"top\">\n<h3>&#8220;Sally&#8221;<\/h3>\n<p>kollane emane (BBee)<br \/>\ns\u00fcnd: 13.09.2004<\/p>\n<ul>\n<li>puusad A\/A,<\/li>\n<li>k\u00fc\u00fcnarliigesed 0:0,<\/li>\n<li>silmad puhtad\u00a0(veebr&#8217;10)<\/li>\n<li>Optigen prcd-PRA puhas.<\/li>\n<li>EIC puhas (N\/N).<\/li>\n<\/ul>\n<p>kasvataja Marion Hopkinson, <a href=\"http:\/\/www.rochebylabradors.co.uk\/\" target=\"_blank\">kennel Rocheby<\/a>, UK.<\/p>\n<p><a href=\"http:\/\/register.kennelliit.ee\/reg\/index.php?page=dogCard&amp;dogId=57781\" target=\"_blank\">EKL andmebaasis \u00bb<\/a><\/p>\n<p><em>* pildil 5-aastane. Rohkem pilte Sallyst tema <a href=\"#gallery\">galeriis<\/a>.<\/em><\/td>\n<\/tr>\n<\/tbody>\n<\/table>\n<ul>\n<li><strong>Eesti, L\u00e4ti, Leedu, Venemaa juuniort\u0161empion,<br \/>\n<\/strong><\/li>\n<li><strong>Eesti, Venemaa, L\u00e4ti, Leedu ja Balti t\u0161empion,<br \/>\n<\/strong><\/li>\n<li><strong>Balti V\u00f5itja 2006,<br \/>\n<\/strong><\/li>\n<li><strong>CACIB<\/strong><\/li>\n<li><strong>l\u00e4binud retriiverite t\u00f5ukatsed = rahvusvaheline t\u00f6\u00f6sertifikaat<\/strong><\/li>\n<\/ul>\n<p>Meil oli au v\u00f5\u00f5rustada meie juures Sallyt ja saada temalt pesakond. Sally liitus meiega eesm\u00e4rgil j\u00e4tkata oma aretus- ja n\u00e4itusekarj\u00e4\u00e4ri. Tal olid juba olemas serdid Venemaalt, Eestist, L\u00e4tist ja Leedust, mis ootasid viimast punkti &#8211; t\u00f5uomaseid katseid ning need l\u00e4bisime Sallyga 18.09.2010 Ellamaal.<\/p>\n<p>Sally viimasest ja ainukesest pesakonnast meie kennelis on meil kasvamas\u00a0<a href=\"https:\/\/vana.mybrand.ee\/en\/females\/my-brand-rare-stone-rose\">My Brand Rare Stone Rose<\/a>, kes elab kaasomandis Jaana Railamaaga (Adventurer&#8217;s kennel Soomes). Loodetavasti need kaks t\u00fcdrukut j\u00e4tkavad tulevikus seda liini.<\/p>\n<p>Ait\u00e4h usalduse eest, Helen!<\/p>\n<h2>N\u00c4ITUSETULEMUSED EESTIS:<\/h2>\n<ul>\n<li>Retriever Specialty Luige, 22.08.2009 &#8211; Winner of Open Class.<\/li>\n<li>Tartu, 4.11.2006 &#8211; Winner of Open Class, Best Female-2, Junior-CC, Reserve-CACIB.<\/li>\n<li>Baltic Winner&#8217;06 4.06.2006 &#8211; Winner of Intermediate Class, Best Female, BOS, CC, CACIB.<\/li>\n<li>Viljandi, 30.07.2005 &#8211; Winner of Junior Class, BOS Junior, Junior-CC.<\/li>\n<li>Haapsalu 24.07.2005 &#8211; 2nd in Junior Class, Junior-CC.<\/li>\n<li>Luige 09.07.2005 &#8211; Winner of Junior Class, BOS Junior, Junior-CC, BOS.<\/li>\n<li>Rakvere 26.03.2005 &#8211; Winner of Puppy Class, BOB Puppy.<\/li>\n<\/ul>\n<h2><span style=\"font-size: 16px; font-family: Georgia, 'Bitstream Charter', serif; line-height: 24px;\">N\u00c4ITUSETULEMUSED VENEMAAL:<\/span><\/h2>\n<ul>\n<li>St Peterburg 8.04.2006 &#8211; Winner of Intermediate Class, CC, Best Female.<\/li>\n<\/ul>\n<h2><span style=\"font-size: 16px; font-family: Georgia, 'Bitstream Charter', serif; line-height: 24px;\">N\u00c4ITUSETULEMUSED L\u00c4TIS:<\/span><\/h2>\n<ul>\n<li>Riga 15.07.2006 &#8211; Winner of Open Class, CAC, Best Female-2.<\/li>\n<li>Riga, 13.-14.08.2005 &#8211; Winner of Junior Class.<\/li>\n<\/ul>\n<h2><span style=\"font-size: 16px; font-family: Georgia, 'Bitstream Charter', serif; line-height: 24px;\">KATSETE TULEMUSED<\/span><\/h2>\n<ul>\n<li>L\u00e4bis retriiverite t\u00f5ukatsed 18.09.2010 (kohtunik Risto Aaltonen, FIN) = rahvusvaheline t\u00f6\u00f6sertifikaat.<\/li>\n<\/ul>\n<h2>KOHTUNIKUD SALLY KOHTA:<\/h2>\n<p><strong>John R. Crook <\/strong>(UK, kennel Balrion), retriiverite erin\u00e4itus Luigel, 22.08.2009 &#8211; &#8220;Well balanced, good reach of neck, good front angulation and topline, nice depth of body, short coupled, good quarters, moved soundly.&#8221; (avaklassi v\u00f5itja)<\/p>\n<p><strong>Valentina Ivanishcheva<\/strong> (RUS), Baltic Winner&#8217;06 Tallinn 4.06.2006 &#8211; &#8220;Otlitshnaja suka v otlitshnym forme.&#8221; (noorteklassi v\u00f5itja, parim emane, SERT, CACIB, VSP)<\/p>\n<p><strong>Harry Tast <\/strong>(FIN), Luige rahvuslik 9.07.05 &#8211; &#8220;Erinomainen rint\u00e4keh\u00e4, muoto ja tila, huv\u00e4mallinen kaunisilmeinen narttumainen p\u00e4\u00e4, hyv\u00e4t kulmaukset ja luusto, oikea karvanlaatu, tyyppillinen h\u00e4nt\u00e4, liikkuu hyvin ja esintyy iloisesti.&#8221; (juuniorklassi v\u00f5itja, VSP)<\/p>\n<p><strong>Rune Fagerstr\u00f6m<\/strong> (FIN), Tallinn INT 13.02.2005 &#8211; &#8220;Five months old puppy of excellent type, lovely body proportions, very balanced all over, feminine head, good expression, good neck and forechest, straight upper arm, well bodied, well angulated rear, good coat and tail, moves well, well shown, lovely temperament.&#8221; (kutsikaklassi v\u00f5itja, t\u00f5u parim kutsikas)<\/p>\n<p><a name=\"gallery\"><\/a>ngg_shortcode_1_placeholder<\/p>\n<table class=\"tree\" style=\"background-color: #dfe1c8; border: 1px solid #969696;\" border=\"1\">\n<tbody>\n<tr>\n<td class=\"tree\" style=\"width: 25%;\" rowspan=\"8\">GB SH CH Rocheby Whisky Mac<br \/>\n(UK)<\/td>\n<td class=\"tree\" style=\"width: 25%;\" rowspan=\"4\">Poolstead Pretentious At Rocheby<br \/>\n(UK)<\/td>\n<td class=\"tree\" style=\"width: 25%;\" rowspan=\"2\">GB SH CH Poolstead Preferential<\/td>\n<td class=\"tree\" style=\"width: 25%;\">GB CH Poolstead Problem<\/td>\n<\/tr>\n<tr>\n<td class=\"tree\" style=\"width: 25%;\">ENG SH CH Poolstead Preface<\/td>\n<\/tr>\n<tr>\n<td class=\"tree\" style=\"width: 25%;\" rowspan=\"2\">Poolstead Precious Pearl<\/td>\n<td class=\"tree\" style=\"width: 25%;\">Poolstead Pearl Barley<\/td>\n<\/tr>\n<tr>\n<td class=\"tree\" style=\"width: 25%;\">Poolstead Package Holiday<\/td>\n<\/tr>\n<tr>\n<td class=\"tree\" style=\"width: 25%;\" rowspan=\"4\">ENG SH CH Rocheby Acorn<\/td>\n<td class=\"tree\" style=\"width: 25%;\" rowspan=\"2\">Playmate of Bensondale<\/td>\n<td class=\"tree\" style=\"width: 25%;\">Lyndhurst Rhumba<\/td>\n<\/tr>\n<tr>\n<td class=\"tree\" style=\"width: 25%;\">Jade Star of Darkness<\/td>\n<\/tr>\n<tr>\n<td class=\"tree\" style=\"width: 25%;\" rowspan=\"2\">Rocheby Polished Oak<\/td>\n<td class=\"tree\" style=\"width: 25%;\">ENG CH Keysun Krispin of Blondella<\/td>\n<\/tr>\n<tr>\n<td class=\"tree\" style=\"width: 25%;\">Rocheby Dark Ebony<\/td>\n<\/tr>\n<tr>\n<td class=\"tree\" style=\"width: 25%;\" rowspan=\"8\">Waterbrook Gentle Breeze Over Rocheby<br \/>\n(UK)<\/td>\n<td class=\"tree\" style=\"width: 25%;\" rowspan=\"4\">Rocheby Old Smokey<br \/>\n(UK)<\/td>\n<td class=\"tree\" style=\"width: 25%;\" rowspan=\"2\">Rocheby Navy Blue<\/td>\n<td class=\"tree\" style=\"width: 25%;\">Rocheby Sailing By<\/td>\n<\/tr>\n<tr>\n<td class=\"tree\" style=\"width: 25%;\">Cambremer Royal Velvet at Rocheby<\/td>\n<\/tr>\n<tr>\n<td class=\"tree\" style=\"width: 25%;\" rowspan=\"2\">ENG SH CH Rocheby Polkadot<\/td>\n<td class=\"tree\" style=\"width: 25%;\">Poolstead Pretentious At Rocheby<\/td>\n<\/tr>\n<tr>\n<td class=\"tree\" style=\"width: 25%;\">ENG SH CH Rocheby Acorn<\/td>\n<\/tr>\n<tr>\n<td class=\"tree\" style=\"width: 25%;\" rowspan=\"4\">Waterbrook Morning Breeze<br \/>\n(UK)<\/td>\n<td class=\"tree\" style=\"width: 25%;\" rowspan=\"2\">Poolstead Pretentious At Rocheby<\/td>\n<td class=\"tree\" style=\"width: 25%;\">ENG SH CH Poolstead Preferential<\/td>\n<\/tr>\n<tr>\n<td class=\"tree\" style=\"width: 25%;\">Poolstead Precious Pearl<\/td>\n<\/tr>\n<tr>\n<td class=\"tree\" style=\"width: 25%;\" rowspan=\"2\">Morning Light Over Waterbrook<\/td>\n<td class=\"tree\" style=\"width: 25%;\">ENG SH CH Waterbrook Bugsy Malone<\/td>\n<\/tr>\n<tr>\n<td class=\"tree\" style=\"width: 25%;\">Darrygine Distant Light<\/td>\n<\/tr>\n<\/tbody>\n<\/table>\n<p><\/p>","protected":false},"excerpt":{"rendered":"<p>&#8220;Sally&#8221; kollane emane (BBee) s\u00fcnd: 13.09.2004 puusad A\/A, k\u00fc\u00fcnarliigesed 0:0, silmad puhtad\u00a0(veebr&#8217;10) Optigen prcd-PRA puhas. EIC puhas (N\/N). kasvataja Marion Hopkinson, kennel Rocheby, UK. EKL andmebaasis \u00bb * pildil 5-aastane. Rohkem pilte Sallyst tema galeriis. Eesti, L\u00e4ti, Leedu, Venemaa juuniort\u0161empion, Eesti, Venemaa, L\u00e4ti, Leedu ja Balti t\u0161empion, Balti V\u00f5itja 2006, CACIB l\u00e4binud retriiverite t\u00f5ukatsed = [&hellip;]<\/p>\n","protected":false},"author":1,"featured_media":0,"parent":5477,"menu_order":0,"comment_status":"closed","ping_status":"closed","template":"","meta":{"ngg_post_thumbnail":0,"footnotes":""},"class_list":["post-140","page","type-page","status-publish","hentry"],"_links":{"self":[{"href":"https:\/\/vana.mybrand.ee\/et\/wp-json\/wp\/v2\/pages\/140","targetHints":{"allow":["GET"]}}],"collection":[{"href":"https:\/\/vana.mybrand.ee\/et\/wp-json\/wp\/v2\/pages"}],"about":[{"href":"https:\/\/vana.mybrand.ee\/et\/wp-json\/wp\/v2\/types\/page"}],"author":[{"embeddable":true,"href":"https:\/\/vana.mybrand.ee\/et\/wp-json\/wp\/v2\/users\/1"}],"replies":[{"embeddable":true,"href":"https:\/\/vana.mybrand.ee\/et\/wp-json\/wp\/v2\/comments?post=140"}],"version-history":[{"count":0,"href":"https:\/\/vana.mybrand.ee\/et\/wp-json\/wp\/v2\/pages\/140\/revisions"}],"up":[{"embeddable":true,"href":"https:\/\/vana.mybrand.ee\/et\/wp-json\/wp\/v2\/pages\/5477"}],"wp:attachment":[{"href":"https:\/\/vana.mybrand.ee\/et\/wp-json\/wp\/v2\/media?parent=140"}],"curies":[{"name":"wp","href":"https:\/\/api.w.org\/{rel}","templated":true}]}}