{"id":142,"date":"2011-02-04T01:14:54","date_gmt":"2011-02-03T23:14:54","guid":{"rendered":"https:\/\/vana.mybrand.ee"},"modified":"2016-11-03T12:48:51","modified_gmt":"2016-11-03T10:48:51","slug":"my-brand-edelweiss","status":"publish","type":"page","link":"https:\/\/vana.mybrand.ee\/et\/about-us\/koerad-minevikust\/my-brand-edelweiss\/","title":{"rendered":"My Brand Edelweiss"},"content":{"rendered":"<p><\/p>\n<table border=\"0\">\n<tbody>\n<tr>\n<td valign=\"top\"><img loading=\"lazy\" decoding=\"async\" class=\"ngg-singlepic ngg-none\" src=\"https:\/\/vana.mybrand.ee\/\/wp-content\/gallery\/my-brand-edelweiss\/haylee-3y-1.jpg\" alt=\"haylee-3y-1\" width=\"400\" height=\"300\" \/><em><br \/>\n * pildil 3-aastane. Rohkem pilte Hayleest tema <a href=\"#gallery\">galeriis<\/a>.<\/em><\/td>\n<td valign=\"top\">\n<h3>&#8220;Haylee&#8221;<\/h3>\n<p>kollane emane (Bbee, kannab pruuni v\u00e4rvi<br \/>\n s\u00fcnd: 22.01.2008<\/p>\n<ul>\n<li>puusad C\/C, <\/li>\n<li>k\u00fc\u00fcnarliigesed 0:0, <\/li>\n<li>silmad puhtad (02\/2011)<\/li>\n<li>EIC\u00a0 haige (EIC\/EIC)<\/li>\n<\/ul>\n<p>Kaasomandis Abi- ja Teraapiakoerte \u00dchinguga.<\/p>\n<p>Haylee on t\u00f6\u00f6tav pimeda juhtkoer.<\/p>\n<\/td>\n<\/tr>\n<\/tbody>\n<\/table>\n<p>Elu teeb ootamatuid k\u00e4ike ja Hayleel on olnud kirev elu, mis \u00f5nneks pole tema entusiasmi ja r\u00f5\u00f5msat loomust muutnud. Ta tuli meile tagasi aastaselt, kuna tema peres oli allergia ja temast sai hiljem pimeda juhtkoer.<\/p>\n<p>Ta on suurep\u00e4rast t\u00fc\u00fcpi emane, kauni kaela, hea \u00fclaliini, hea karva, suurep\u00e4raste murkade ja ilusa peaga. Tema t\u00f6\u00f6 iseloom ei luba tal eriti tihti n\u00e4itustel osaleda, kuid ta on teinud seda paar korda ja heade tulemustega.<\/p>\n<p><strong>HAYLEE SUGUPUU:<\/strong><\/p>\n<table class=\"tree\" style=\"border: 1px solid #969696; background-color: #dfe1c8;\" border=\"1\">\n<tbody>\n<tr>\n<td style=\"width: 25%;\" rowspan=\"8\">NORD SW &amp; NORW CH Licithas Terje Vigen<br \/>\n HD A\/A ED 0:0 silmad puhtad<br \/>\n (NORW)<\/td>\n<td rowspan=\"4\">FIN Winner&#8217;03 Mailiksen Gentleman<br \/>\n (FIN)<\/td>\n<td rowspan=\"2\">FIN S CH Strongline&#8217;s Eternal Flame<\/td>\n<td>INT FIN EST CH WW&#8217;98 SW&#8217;98 ESTW&#8217;99 FINW&#8217;00 Tawastway&#8217;s Fooling Around<\/td>\n<\/tr>\n<tr>\n<td>INT FIN EST CH<br \/>\n Strongline&#8217;s Jolly Known<\/td>\n<\/tr>\n<tr>\n<td rowspan=\"2\">FIN CH Mailiksen Lumikki<\/td>\n<td>FIN JCH                                INT NORD NV SV FIN VCh DK SCH FIN CH Biggas Ynga<\/td>\n<\/tr>\n<tr>\n<td>Mailiksen Villi-Ruusu<\/td>\n<\/tr>\n<tr>\n<td style=\"width: 25%;\" rowspan=\"4\">NORW CH Licithas Symfoni Norah<br \/>\n (NORW)<\/td>\n<td style=\"width: 25%;\" rowspan=\"2\">N FIN CH                              SW&#8217;91 W&#8217;98 Guideline&#8217;s Copyright<\/td>\n<td style=\"width: 25%;\">ENG SH CH Rocheby Royal                              Oak<\/td>\n<\/tr>\n<tr>\n<td>Cambremer Copy Cat<\/td>\n<\/tr>\n<tr>\n<td rowspan=\"2\">NORW CH                              Licithas Marigold<\/td>\n<td>NORW CH Surprising&#8217;s                              Rhufus<\/td>\n<\/tr>\n<tr>\n<td>Licithas Katinka<\/td>\n<\/tr>\n<tr>\n<td rowspan=\"8\">FIN EST LV LTU BALT CH EST LV CH EST LV LTU BALT JCH BALT JW&#8217;04<br \/>\n 9 x BISS<br \/>\n Mallorn&#8217;s Elysee<br \/>\n HD A\/A ED 0:0 silmad puhtad<br \/>\n Optigen prcd-PRA Normal\/Clear<br \/>\n (FIN)<\/td>\n<td rowspan=\"4\">SW CH NORW CH NW&#8217;97 Mambrinos Triumph<br \/>\n (NORW)<\/td>\n<td rowspan=\"2\">N FIN CH                              SW&#8217;91 W&#8217;98 Guideline&#8217;s Copyright<\/td>\n<td>ENG SH CH Rocheby Royal                              Oak<\/td>\n<\/tr>\n<tr>\n<td>Cambremer Copy Cat<\/td>\n<\/tr>\n<tr>\n<td rowspan=\"2\">NORW CH KBHW&#8217;96 NW&#8217;98 Mambrinos Celebration<\/td>\n<td>NORW CH Narjana&#8217;s Thord<\/td>\n<\/tr>\n<tr>\n<td>NORW CH Gretels Haizel<\/td>\n<\/tr>\n<tr>\n<td rowspan=\"4\">FIN CH                              Mallorn&#8217;s Xanadu<br \/>\n (FIN)<\/td>\n<td rowspan=\"2\">Winnie&#8217;s                              Frankfurter Team<\/td>\n<td>Fieldvalley Fabianco<\/td>\n<\/tr>\n<tr>\n<td>Novacroft Madeleine<\/td>\n<\/tr>\n<tr>\n<td rowspan=\"2\">FIN CH Mallorn&#8217;s Poison<\/td>\n<td>FIN CH M&#8217;Lady&#8217;s Snow-Ball<\/td>\n<\/tr>\n<tr>\n<td>Mallorn&#8217;s Kiss Me Kate<\/td>\n<\/tr>\n<\/tbody>\n<\/table>\n<p><br class=\"spacer_\" \/><\/p>\n<h2>N\u00c4ITUSETULEMUSED<\/h2>\n<ul style=\"list-style-image: url(\/wp-content\/gallery\/web\/bullet_gold.gif?1912582694);\">\n<li> V\u00f5itja&#8217;09: &#8220;v\u00e4ga hea&#8221; ja III kolmas noorteklassis (Eva W Mjelde, NOR).<\/li>\n<li>Labradoride erin\u00e4itus&#8217;09: &#8220;v\u00e4ga hea&#8221; juuniorklassis (John Crook, UK).<\/li>\n<li>Retriiverite Puppy &amp; Veteran Show&#8217;08: teine oma klassis (Anna-Liisa Kaitila, FIN).<\/li>\n<\/ul>\n<h2>KOHTUNIKUD ON HAYLEE KOHTA \u00d6ELNUD<\/h2>\n<p>Eva W Mjelde (NORW, kennel Surprisings) Eesti V\u00f5itja n\u00e4itusel 2009 -&#8220;Yellow bitch with sweet head, good pigmentation, lovely neck and shoulders, good ribage and loins, still needs stronger back end, good goat and texture, moves with jump and joy.&#8221;<\/p>\n<p><a name=\"gallery\"><\/a>ngg_shortcode_1_placeholder<\/p>\n<p><a href=\"#wrapper\">[top]<\/a><\/p>\n<p><\/p>","protected":false},"excerpt":{"rendered":"<p>* pildil 3-aastane. Rohkem pilte Hayleest tema galeriis. &#8220;Haylee&#8221; kollane emane (Bbee, kannab pruuni v\u00e4rvi s\u00fcnd: 22.01.2008 puusad C\/C, k\u00fc\u00fcnarliigesed 0:0, silmad puhtad (02\/2011) EIC\u00a0 haige (EIC\/EIC) Kaasomandis Abi- ja Teraapiakoerte \u00dchinguga. Haylee on t\u00f6\u00f6tav pimeda juhtkoer. Elu teeb ootamatuid k\u00e4ike ja Hayleel on olnud kirev elu, mis \u00f5nneks pole tema entusiasmi ja r\u00f5\u00f5msat loomust [&hellip;]<\/p>\n","protected":false},"author":1,"featured_media":0,"parent":5477,"menu_order":0,"comment_status":"closed","ping_status":"closed","template":"","meta":{"ngg_post_thumbnail":0,"footnotes":""},"class_list":["post-142","page","type-page","status-publish","hentry"],"_links":{"self":[{"href":"https:\/\/vana.mybrand.ee\/et\/wp-json\/wp\/v2\/pages\/142","targetHints":{"allow":["GET"]}}],"collection":[{"href":"https:\/\/vana.mybrand.ee\/et\/wp-json\/wp\/v2\/pages"}],"about":[{"href":"https:\/\/vana.mybrand.ee\/et\/wp-json\/wp\/v2\/types\/page"}],"author":[{"embeddable":true,"href":"https:\/\/vana.mybrand.ee\/et\/wp-json\/wp\/v2\/users\/1"}],"replies":[{"embeddable":true,"href":"https:\/\/vana.mybrand.ee\/et\/wp-json\/wp\/v2\/comments?post=142"}],"version-history":[{"count":0,"href":"https:\/\/vana.mybrand.ee\/et\/wp-json\/wp\/v2\/pages\/142\/revisions"}],"up":[{"embeddable":true,"href":"https:\/\/vana.mybrand.ee\/et\/wp-json\/wp\/v2\/pages\/5477"}],"wp:attachment":[{"href":"https:\/\/vana.mybrand.ee\/et\/wp-json\/wp\/v2\/media?parent=142"}],"curies":[{"name":"wp","href":"https:\/\/api.w.org\/{rel}","templated":true}]}}