{"id":144,"date":"2011-02-04T01:15:41","date_gmt":"2011-02-03T23:15:41","guid":{"rendered":"https:\/\/vana.mybrand.ee"},"modified":"2016-11-03T12:49:51","modified_gmt":"2016-11-03T10:49:51","slug":"my-brand-miss-sunshine","status":"publish","type":"page","link":"https:\/\/vana.mybrand.ee\/et\/about-us\/koerad-minevikust\/my-brand-miss-sunshine\/","title":{"rendered":"My Brand Miss Sunshine"},"content":{"rendered":"<p><\/p>\n<table border=\"0\">\n<tbody>\n<tr>\n<td valign=\"top\">\n<p><img loading=\"lazy\" decoding=\"async\" class=\"ngg-singlepic ngg-none\" src=\"https:\/\/vana.mybrand.ee\/\/wp-content\/gallery\/my-brand-miss-sunshine\/fiona-2years.jpg\" alt=\"My Brand Miss Sunshine (2 years of age)\" width=\"400\" height=\"300\" \/><br class=\"spacer_\" \/><\/p>\n<\/td>\n<td valign=\"top\">\n<h3>&#8220;Fiona&#8221;<\/h3>\n<p>must emane (BbEE, kannab pruuni)<br \/>\n s\u00fcnd: 5.07.2009<\/p>\n<ul>\n<li>puusad A\/B, <\/li>\n<li>k\u00fc\u00fcnarliigesed 0:0, <\/li>\n<li>silmad puhtad (veebr&#8217;11).<\/li>\n<li>Optigen prcd-PRA vanemad puhtad.<\/li>\n<li>EIC N\/N (puhas).<\/li>\n<\/ul>\n<p>Olemas k\u00f5ik hambad.<\/p>\n<p><a href=\"http:\/\/register.kennelliit.ee\/reg\/index.php?page=dogCard&amp;dogId=115816\" target=\"_blank\">EKL andmebaasis \u00bb<\/a><\/p>\n<p><em>* pildil 23-kuune. Fionast on veel pilte tema <a href=\"#gallery\">galeriis<\/a>. <\/em><\/p>\n<\/td>\n<\/tr>\n<\/tbody>\n<\/table>\n<ul>\n<li><strong>Eesti &amp; L\u00e4ti juuniort\u0161empion,<\/strong><\/li>\n<li><strong>Rahvusvaheline t\u00f6\u00f6sertifikaat.<\/strong><\/li>\n<\/ul>\n<p>Fiona on p\u00e4rit Mokka ainukesest ja viimasest pesakonnast meie kennelis. Fiona isaks on rahvusvaheliselt tuntud aretusisane Mallorn&#8217;s Romeo.<\/p>\n<p>Fiona on lihtsa iseloomuga koer, nagu ka tema ema. Ta on olnud v\u00e4ikesest peale v\u00e4ga m\u00f5istlik, ei ole teinud pahandusi ning on olnud vaikne ja m\u00e4rkamatu. Sellegipoolest armastab ta m\u00e4ngida ja metsas t\u00f6\u00f6d teha. Tal on hea nina ja ta on paras pugeja, kes tahab hirmsast meeldida. Ta on ka \u00fcks mu lemmikuid &#8220;rattakoeri&#8221;, tema liikumine on kerge ja harmooniline ning ta hoiab jalutusk\u00e4igul igasugust tempot vabalt.<\/p>\n<p>Fiona l\u00e4bis retriiverite t\u00f5ukatsed 14 kuu vanuselt, septembris 2010.<\/p>\n<p><em>* hetkel viibib Fiona Poolas, kus ta loodetavasti saavutab n\u00e4itustel toredaid tulemusi ning saab kena pesakonna <a href=\"http:\/\/www.aquarelle.pl\/\" target=\"_blank\">kennelis Aquarelle<\/a>. <\/em><\/p>\n<p><img decoding=\"async\" class=\"ngg-singlepic ngg-none\" src=\"https:\/\/vana.mybrand.ee\/\/wp-content\/gallery\/my-brand-miss-sunshine\/fiona-21m.jpg\" alt=\"fiona-21m\" \/><\/p>\n<p><strong>FIONA SUGUPUU:<\/strong><\/p>\n<table class=\"tree\" style=\"border: 1px solid #969696; background-color: #dfe1c8;\" border=\"1\">\n<tbody>\n<tr>\n<td class=\"tree\" style=\"width: 25%;\" rowspan=\"8\">Mallorn&#8217;s Romeo<br \/>\n <span style=\"color: #444444;\">HD A\/A, ED 0:0, eyes clear, Optigen prcd-PRA Normal\/Clear (FIN)<\/span><\/td>\n<td class=\"tree\" style=\"width: 25%;\" rowspan=\"4\">Visions                                I&#8217;m Able<br \/>\n <span style=\"color: #444444;\">HD: OFA good, ED: OFA normal, silmad puhtad<br \/>\n (USA)<\/span><\/td>\n<td class=\"tree\" style=\"width: 25%;\" rowspan=\"2\">Multi BISS AM CH Sounder&#8217;s Hear Me Roar<\/td>\n<td class=\"tree\" style=\"width: 25%;\">Guideline&#8217;s                              Fat Cat<\/td>\n<\/tr>\n<tr>\n<td class=\"tree\" style=\"width: 25%;\">Sounder&#8217;s                              Vada Of Somis<\/td>\n<\/tr>\n<tr>\n<td class=\"tree\" style=\"width: 25%;\" rowspan=\"2\">AM CH Kelleygreen                              Amazing Grace<\/td>\n<td class=\"tree\" style=\"width: 25%;\">Visions                              American Express<\/td>\n<\/tr>\n<tr>\n<td class=\"tree\" style=\"width: 25%;\">Kelleygreen                              Starling<\/td>\n<\/tr>\n<tr>\n<td class=\"tree\" style=\"width: 25%;\" rowspan=\"4\">Rosanan                                La Rosa<br \/>\n <span style=\"color: #444444;\">HD A\/B ED 0:0, silmad puhtad, Optigen B<br \/>\n (FIN) <\/span><\/td>\n<td class=\"tree\" style=\"width: 25%;\" rowspan=\"2\">Mallorn&#8217;s Arcturus<\/td>\n<td class=\"tree\" style=\"width: 25%;\">FIN CH                              Mallorn&#8217;s Shenandigan<\/td>\n<\/tr>\n<tr>\n<td class=\"tree\" style=\"width: 25%;\">FIN CH                              Boothgates Miz Showbusiness<\/td>\n<\/tr>\n<tr>\n<td class=\"tree\" style=\"width: 25%;\" rowspan=\"2\">Rosanan                              Desert Rose<\/td>\n<td class=\"tree\" style=\"width: 25%;\">FIN                              CH Junior-WW&#8217;98 Rosanan Chelsea Bun<\/td>\n<\/tr>\n<tr>\n<td class=\"tree\" style=\"width: 25%;\">FIN CH                              Rosanan Purple Rose<\/td>\n<\/tr>\n<tr>\n<td class=\"tree\" style=\"width: 25%;\" rowspan=\"8\">FIN EST LV LTU BALT RUS CH FIN JW&#8217;03 Mallorn&#8217;s Terracotta<br \/>\n <span style=\"color: #444444;\">HD A\/A ED 1:1 eyes clear, Optigen prcd-PRA Normal\/Clear<br \/>\n <\/span>(FIN)<\/td>\n<td class=\"tree\" style=\"width: 25%;\" rowspan=\"4\">SW W&#8217;01 NORW FIN SW SH CH Tjotte&#8217;s Broken Arrow,<br \/>\n <span style=\"color: #444444;\">HD A\/A ED 0:0<br \/>\n <\/span> (SW)<\/td>\n<td class=\"tree\" style=\"width: 25%;\" rowspan=\"2\">NORW SW                              SH CH Mambrino&#8217;s Harvey<\/td>\n<td class=\"tree\" style=\"width: 25%;\">GB CH Cambremer                              Tom Cobbley of Charway<\/td>\n<\/tr>\n<tr>\n<td class=\"tree\" style=\"width: 25%;\">N CH KBHV&#8217;98 Mambrino&#8217;s Veslem\u00f6y<\/td>\n<\/tr>\n<tr>\n<td class=\"tree\" style=\"width: 25%;\" rowspan=\"2\">NORD FIN                              SW NORW CH Tjotte&#8217;s Babysitter&#8217;s Nightmare<\/td>\n<td class=\"tree\" style=\"width: 25%;\">AM CAN CH <span style=\"color: #444444;\">Banner&#8217;s Muskelunge Buckeye<\/span><\/td>\n<\/tr>\n<tr>\n<td class=\"tree\" style=\"width: 25%;\">NORW SW SH CH <span style=\"color: #444444;\">Imp&#8217;s Strictly Business<\/span><\/td>\n<\/tr>\n<tr>\n<td class=\"tree\" style=\"width: 25%;\" rowspan=\"4\">Mallorn&#8217;s MMM Marabou<br \/>\n <span style=\"color: #444444;\">HD B\/B ED 0:0<br \/>\n <\/span>(FIN)<\/td>\n<td class=\"tree\" style=\"width: 25%;\" rowspan=\"2\">FIN CH Loresho Ozzie<\/td>\n<td class=\"tree\" style=\"width: 25%;\">INT FIN EST CH Bubbling Churchill<\/td>\n<\/tr>\n<tr>\n<td class=\"tree\" style=\"width: 25%;\">FIN CH Mallorn&#8217;s Jersey Sour<\/td>\n<\/tr>\n<tr>\n<td class=\"tree\" style=\"width: 25%;\" rowspan=\"2\">FIN CH Boothgates Miz Showbusiness<\/td>\n<td class=\"tree\" style=\"width: 25%;\">Brandhams                              Show Stopper<\/td>\n<\/tr>\n<tr>\n<td class=\"tree\" style=\"width: 25%;\">Oulsmi                              Endless Love<\/td>\n<\/tr>\n<\/tbody>\n<\/table>\n<p><br class=\"spacer_\" \/><\/p>\n<h2>N\u00c4ITUSTE TULEMUSED<\/h2>\n<ul>\n<li> Rahvuslik n\u00e4itus Poolas 22.01.2012: oma klassi v\u00f5itja, sert (Siv Sando, NOR)<\/li>\n<li>Labradoride erin\u00e4itus 3.6.2011: kasutusklassi II koht, r\u00e4ndkarikas parimale Eestis s\u00fcndinud t\u00f6\u00f6koerale (Manuel Queijeiro, MEX)<\/li>\n<li>Kingissepp 2.04.2011: noorteklassi v\u00f5itja, sert (Olga A Gracheva, RUS). <\/li>\n<li>INT Tallinn, 13.02.2011: noorteklassi II koht, serdiringi 4 (Dusan Paunovic, SER).<\/li>\n<li>European Winner 3.10.2010: juuniorklassi &#8220;suurep\u00e4rane&#8221; (Tina Hermann, SLO).<\/li>\n<li>Slovenian Club Show 2.10.2010: juuniorklassi III koht (Margaret Brown, GB).<\/li>\n<li>Minsk INT 28.08.2010: &#8220;suurep\u00e4rane&#8221; juuniorklassis (Maria-Luise Doppelreiter (AUS)<\/li>\n<li>Minsk INT 29.08.2010: &#8220;suurep\u00e4rane&#8221; juuniorklassis (Zhanna Bondar, BLR)<\/li>\n<li>Viimsi 1.08.10: juuniorklassi v\u00f5itja, VSP-juunior, parim emane ja VSP (Elena Belkina, RUS).<\/li>\n<li>Viimsi 31.07.10: juuniorklassi v\u00f5itja, juuniorsert, VSP-juunior, parim emane 2 (Anna Brankovich) = Fiona on n\u00fc\u00fcd Eesti ja L\u00e4ti juuniort\u0161empion!<\/li>\n<li>Haapsalu 18.07.10: juuniorklassi II koht, juuniorsert (Les Chambers).<\/li>\n<li>P\u00e4rnu INT 17.07.10: juuniorklassi v\u00f5itja, juuniorsert (Vera Smirnova, EST).<\/li>\n<li>Luige 3.07.10: juuniorklassi II koht ja parim emane-3 (Galina Zhuk).<\/li>\n<li>Labradoride erin\u00e4itus Orivesi 13.06.2010: &#8220;suurep\u00e4rane&#8221; juuniorklassis (Andrew Brown, UK).<\/li>\n<li>8nda r\u00fchma erin\u00e4itus Luigel 22.05.10: juuniorklassi II koht (Saija Juutilainen, FIN).<\/li>\n<li>L\u00e4ti retriiverite erin\u00e4itus 11.04.10: juuniorklassi v\u00f5itja, juuniorsert (Andrzej St\u0119pi\u0144ski, POL).<\/li>\n<li>Rakvere 10.04.2010: kolmas juuniorklassis (Hannele Jokisilta, FIN).<\/li>\n<li>Tallinn 6.03.10: t\u00f5u parim kutsikas (Matti Tuominen, FIN).<\/li>\n<li>Tallinn INT 14.02.10: t\u00f5u parim kutsikas (Tino Pehar, CR).<\/li>\n<li>Puppy Show 5.12.09: t\u00f5u parim kutsikas (Natalia Sedykh, RUS).<\/li>\n<\/ul>\n<ul style=\"list-style-image: url(\/wp-content\/gallery\/web\/bullet_gold.gif?1912582694);\">\n<\/ul>\n<h2>KATSETE TULEMUSED<\/h2>\n<p>L\u00e4bis retriiverite t\u00f5ukatsed 18.09.2010 (kohtunik Risto Aaltonen, FIN) = rahvusvaheline t\u00f6\u00f6sertifikaat.<\/p>\n<p><img decoding=\"async\" class=\"ngg-singlepic ngg-none\" src=\"https:\/\/vana.mybrand.ee\/\/wp-content\/gallery\/my-brand-miss-sunshine\/fiona-head2-14m.jpg\" alt=\"fiona-head2-14m\" \/><\/p>\n<p><a href=\"#wrapper\">[top]<\/a><\/p>\n<h2>KOHTUNIKUD FIONA KOHTA:<\/h2>\n<p><strong>Manuel Queijeiro <\/strong>(Mehhiko)&#8221;Very good breed type, good neck and shoulders, good topline and tailset.&#8221; Kasutusklassi II koht labradoride erin\u00e4itusel 2011.<\/p>\n<p><strong>Dusan Paunovic<\/strong> (Serbia) &#8220;1,5 years old, correct size, female  proportion, correct female head, good neck, good chest and bones, enough  correct topline, good angulations behind, a bit close behind when  moving, sound from silhouette, nice temperament&#8221; &#8211; noorteklassi II koht, serdiringi 4.<\/p>\n<p><strong>Margaret Brown<\/strong> (UK) &#8220;Well balanced black,  excellent condition, Stands foresquear, excellent topline and tailset,  although on the move she carries it higher than ideal. Her many  qualities out &#8230;?, first class coat, moved soundly, quality bitch.&#8221; &#8211; juuniorklassi III koht, Slovenian Club Show 02.10.2010.<\/p>\n<p><strong>Les Chambers<\/strong> (IRE) &#8220;11 months old black bitch, good head, neck and shoulder placement, good depth of chest, good angulation front and rear, overall very balanced dog.&#8221; SP\/2 juuniorklassis, juuniorsert, Haapsalu 18.07.2010.<\/p>\n<p><strong>Vera Smirnova <\/strong>(EST) &#8220;Suurep\u00e4rane t\u00fc\u00fcp, head proportsioonid, ilus feminiinne pea, kaunis kael, tugev selg, suurep\u00e4rane esirind, mahukas rindkere, head nurgad, t\u00f5uline liikumine.&#8221; &#8211; juuniorklassi v\u00f5itja, juuniorsert, P\u00e4rnu INT 17.07.2010.<\/p>\n<p><strong>Saija Juutilainen<\/strong> (Finland) &#8220;nice bitch with lovely outlines,  proper bones, good spring of ribs, promising forechest, narrow scull,  lovely topline, tailset, correct angulations, strong feet, moves with  excellent drive, carries tail correctly, holding topline, happy  temperament.&#8221; &#8211; juuniorklassi II koht, Luige 8nda r\u00fchma erin\u00e4itus 22.05.2010.<\/p>\n<p><strong>Tino Pehar<\/strong> (CR) &#8220;7 months old, excellent size and proportions,  nice strong bones, correct head, excellent body structure, nice barrel  chest, correct forechest, excellent movement for her age.&#8221; &#8211; t\u00f5u parim kutsikas, Tallinn INT 14.02.2010<\/p>\n<p><strong>Matti Tuominen <\/strong>(Finland) &#8220;excellent type, excellent  proportions, lovely temperament, a bit round eyes, enough bones, good  neck and topline, well presented.&#8221; &#8211; t\u00f5u parim kutsikas.<\/p>\n<p><a href=\"#wrapper\">[top]<\/a><\/p>\n<p><a name=\"gallery\"><\/a>ngg_shortcode_1_placeholder<\/p>\n<p><a href=\"#wrapper\">[top]<\/a><\/p>\n<p><\/p>","protected":false},"excerpt":{"rendered":"<p>&#8220;Fiona&#8221; must emane (BbEE, kannab pruuni) s\u00fcnd: 5.07.2009 puusad A\/B, k\u00fc\u00fcnarliigesed 0:0, silmad puhtad (veebr&#8217;11). Optigen prcd-PRA vanemad puhtad. EIC N\/N (puhas). Olemas k\u00f5ik hambad. EKL andmebaasis \u00bb * pildil 23-kuune. Fionast on veel pilte tema galeriis. Eesti &amp; L\u00e4ti juuniort\u0161empion, Rahvusvaheline t\u00f6\u00f6sertifikaat. Fiona on p\u00e4rit Mokka ainukesest ja viimasest pesakonnast meie kennelis. Fiona isaks [&hellip;]<\/p>\n","protected":false},"author":1,"featured_media":0,"parent":5477,"menu_order":0,"comment_status":"closed","ping_status":"closed","template":"","meta":{"ngg_post_thumbnail":0,"footnotes":""},"class_list":["post-144","page","type-page","status-publish","hentry"],"_links":{"self":[{"href":"https:\/\/vana.mybrand.ee\/et\/wp-json\/wp\/v2\/pages\/144","targetHints":{"allow":["GET"]}}],"collection":[{"href":"https:\/\/vana.mybrand.ee\/et\/wp-json\/wp\/v2\/pages"}],"about":[{"href":"https:\/\/vana.mybrand.ee\/et\/wp-json\/wp\/v2\/types\/page"}],"author":[{"embeddable":true,"href":"https:\/\/vana.mybrand.ee\/et\/wp-json\/wp\/v2\/users\/1"}],"replies":[{"embeddable":true,"href":"https:\/\/vana.mybrand.ee\/et\/wp-json\/wp\/v2\/comments?post=144"}],"version-history":[{"count":0,"href":"https:\/\/vana.mybrand.ee\/et\/wp-json\/wp\/v2\/pages\/144\/revisions"}],"up":[{"embeddable":true,"href":"https:\/\/vana.mybrand.ee\/et\/wp-json\/wp\/v2\/pages\/5477"}],"wp:attachment":[{"href":"https:\/\/vana.mybrand.ee\/et\/wp-json\/wp\/v2\/media?parent=144"}],"curies":[{"name":"wp","href":"https:\/\/api.w.org\/{rel}","templated":true}]}}