{"id":146,"date":"2011-02-04T01:16:19","date_gmt":"2011-02-03T23:16:19","guid":{"rendered":"https:\/\/vana.mybrand.ee"},"modified":"2016-11-03T12:48:34","modified_gmt":"2016-11-03T10:48:34","slug":"my-brand-mademoiselle","status":"publish","type":"page","link":"https:\/\/vana.mybrand.ee\/et\/about-us\/koerad-minevikust\/my-brand-mademoiselle\/","title":{"rendered":"My Brand Mademoiselle"},"content":{"rendered":"<p><\/p>\n<table border=\"0\">\n<tbody>\n<tr>\n<td valign=\"top\"><img loading=\"lazy\" decoding=\"async\" class=\"ngg-singlepic ngg-none\" src=\"https:\/\/vana.mybrand.ee\/\/wp-content\/gallery\/my-brand-mademoiselle\/sissy-3y.jpg\" alt=\"My Brand Mademoiselle \" width=\"400\" height=\"300\" \/> <em>* pildil 3-aastane. Sissyst on veel pilte tema <a href=\"#gallery\">galeriis<\/a>. <\/em><strong> <\/strong><strong> <\/strong><strong> <\/strong><em> <\/em><\/td>\n<td valign=\"top\">\n<h3>&#8220;Sissy&#8221;<\/h3>\n<p>must emane, (BbEE, kannab pruuni),<br \/>\n s\u00fcnd: 5.07.2009<\/p>\n<ul>\n<li>puusad A\/A, <\/li>\n<li>k\u00fc\u00fcnarliigesed 0:0, <\/li>\n<li>silmad terved (dets&#8217;11)<\/li>\n<\/ul>\n<p>Geenitestid:<\/p>\n<ul>\n<li>Optigen prcd-PRA vanemad puhtad.<\/li>\n<li>EIC kandja (N\/EIC)<\/li>\n<\/ul>\n<p>Olemas k\u00f5ik hambad.<\/p>\n<p><a href=\"http:\/\/register.kennelliit.ee\/reg\/index.php?page=dogCard&amp;dogId=115818\" target=\"_blank\">EKL andmebaasis \u00bb<\/a><\/p>\n<p>Kaasomanikuks perekond Voivoda, Harjumaa.<\/p>\n<\/td>\n<\/tr>\n<\/tbody>\n<\/table>\n<p>Sissy on p\u00e4rit Mokka ainukesest ja viimasest pesakonnast meie kennelis. Tema isaks on rahvusvaheliselt tuntud aretusisane Mallorn&#8217;s Romeo.<\/p>\n<p>Sissy on aktiivne ja l\u00f5busa loomuga labradorit\u00fcdruk.<\/p>\n<p>Oma veel v\u00e4ga l\u00fchikese n\u00e4itusekarj\u00e4\u00e4ri jooksul on Sissy j\u00f5udnud juba saavutada h\u00e4id tulemusi.<\/p>\n<table class=\"tree\" style=\"border: 1px solid #969696; background-color: #dfe1c8;\" border=\"1\">\n<tbody>\n<tr>\n<td class=\"tree\" style=\"width: 25%;\" rowspan=\"8\">Mallorn&#8217;s Romeo<br \/>\n <span style=\"color: #444444;\">HD A\/A, ED 0:0, eyes clear, Optigen prcd-PRA Normal\/Clear (FIN)<\/span><\/td>\n<td class=\"tree\" style=\"width: 25%;\" rowspan=\"4\">Visions                                I&#8217;m Able<br \/>\n <span style=\"color: #444444;\">HD: OFA good, ED: OFA normal, silmad puhtad<br \/>\n (USA)<\/span><\/td>\n<td class=\"tree\" style=\"width: 25%;\" rowspan=\"2\">Multi BISS AM CH Sounder&#8217;s Hear Me Roar<\/td>\n<td class=\"tree\" style=\"width: 25%;\">Guideline&#8217;s                              Fat Cat<\/td>\n<\/tr>\n<tr>\n<td class=\"tree\" style=\"width: 25%;\">Sounder&#8217;s                              Vada Of Somis<\/td>\n<\/tr>\n<tr>\n<td class=\"tree\" style=\"width: 25%;\" rowspan=\"2\">AM CH Kelleygreen                              Amazing Grace<\/td>\n<td class=\"tree\" style=\"width: 25%;\">Visions                              American Express<\/td>\n<\/tr>\n<tr>\n<td class=\"tree\" style=\"width: 25%;\">Kelleygreen                              Starling<\/td>\n<\/tr>\n<tr>\n<td class=\"tree\" style=\"width: 25%;\" rowspan=\"4\">Rosanan                                La Rosa<br \/>\n <span style=\"color: #444444;\">HD A\/B ED 0:0, silmad puhtad, Optigen B<br \/>\n (FIN) <\/span><\/td>\n<td class=\"tree\" style=\"width: 25%;\" rowspan=\"2\">Mallorn&#8217;s Arcturus<\/td>\n<td class=\"tree\" style=\"width: 25%;\">FIN CH                              Mallorn&#8217;s Shenandigan<\/td>\n<\/tr>\n<tr>\n<td class=\"tree\" style=\"width: 25%;\">FIN CH                              Boothgates Miz Showbusiness<\/td>\n<\/tr>\n<tr>\n<td class=\"tree\" style=\"width: 25%;\" rowspan=\"2\">Rosanan                              Desert Rose<\/td>\n<td class=\"tree\" style=\"width: 25%;\">FIN                              CH Junior-WW&#8217;98 Rosanan Chelsea Bun<\/td>\n<\/tr>\n<tr>\n<td class=\"tree\" style=\"width: 25%;\">FIN CH                              Rosanan Purple Rose<\/td>\n<\/tr>\n<tr>\n<td class=\"tree\" style=\"width: 25%;\" rowspan=\"8\">FIN EST LV LTU BALT RUS CH FIN JW&#8217;03 Mallorn&#8217;s Terracotta<br \/>\n <span style=\"color: #444444;\">HD A\/A ED 1:1 eyes clear, Optigen prcd-PRA Normal\/Clear<br \/>\n <\/span>(FIN)<\/td>\n<td class=\"tree\" style=\"width: 25%;\" rowspan=\"4\">SW W&#8217;01 NORW FIN SW SH CH Tjotte&#8217;s Broken Arrow,<br \/>\n <span style=\"color: #444444;\">HD A\/A ED 0:0<br \/>\n <\/span> (SW)<\/td>\n<td class=\"tree\" style=\"width: 25%;\" rowspan=\"2\">NORW SW                              SH CH Mambrino&#8217;s Harvey<\/td>\n<td class=\"tree\" style=\"width: 25%;\">GB CH Cambremer                              Tom Cobbley of Charway<\/td>\n<\/tr>\n<tr>\n<td class=\"tree\" style=\"width: 25%;\">N CH KBHV&#8217;98 Mambrino&#8217;s Veslem\u00f6y<\/td>\n<\/tr>\n<tr>\n<td class=\"tree\" style=\"width: 25%;\" rowspan=\"2\">NORD FIN                              SW NORW CH Tjotte&#8217;s Babysitter&#8217;s Nightmare<\/td>\n<td class=\"tree\" style=\"width: 25%;\">AM CAN CH <span style=\"color: #444444;\">Banner&#8217;s Muskelunge Buckeye<\/span><\/td>\n<\/tr>\n<tr>\n<td class=\"tree\" style=\"width: 25%;\">NORW SW SH CH <span style=\"color: #444444;\">Imp&#8217;s Strictly Business<\/span><\/td>\n<\/tr>\n<tr>\n<td class=\"tree\" style=\"width: 25%;\" rowspan=\"4\">Mallorn&#8217;s MMM Marabou<br \/>\n <span style=\"color: #444444;\">HD B\/B ED 0:0<br \/>\n <\/span>(FIN)<\/td>\n<td class=\"tree\" style=\"width: 25%;\" rowspan=\"2\">FIN CH Loresho Ozzie<\/td>\n<td class=\"tree\" style=\"width: 25%;\">INT FIN EST CH Bubbling Churchill<\/td>\n<\/tr>\n<tr>\n<td class=\"tree\" style=\"width: 25%;\">FIN CH Mallorn&#8217;s Jersey Sour<\/td>\n<\/tr>\n<tr>\n<td class=\"tree\" style=\"width: 25%;\" rowspan=\"2\">FIN CH Boothgates Miz Showbusiness<\/td>\n<td class=\"tree\" style=\"width: 25%;\">Brandhams                              Show Stopper<\/td>\n<\/tr>\n<tr>\n<td class=\"tree\" style=\"width: 25%;\">Oulsmi                              Endless Love<\/td>\n<\/tr>\n<\/tbody>\n<\/table>\n<p><br class=\"spacer_\" \/><\/p>\n<h2>N\u00e4ituste tulemused<\/h2>\n<ul>\n<li>Retriever Puppy &amp; Veteran Show&#8217;10: t\u00f5u parim ja BEST IN SHOW-2 (Mairi Siimon, EST).<\/li>\n<li>Puppy Show 5.12.2009: beebiklassi II koht.<\/li>\n<\/ul>\n<ul style=\"list-style-image: url(\/wp-content\/gallery\/web\/bullet_gold.gif?1912582694);\">\n<\/ul>\n<h2>Kohtunikud Sissyst<\/h2>\n<p><strong>&#8230;<\/strong><\/p>\n<p><a name=\"gallery\"><\/a>ngg_shortcode_1_placeholder<\/p>\n<p><\/p>","protected":false},"excerpt":{"rendered":"<p>* pildil 3-aastane. Sissyst on veel pilte tema galeriis. &#8220;Sissy&#8221; must emane, (BbEE, kannab pruuni), s\u00fcnd: 5.07.2009 puusad A\/A, k\u00fc\u00fcnarliigesed 0:0, silmad terved (dets&#8217;11) Geenitestid: Optigen prcd-PRA vanemad puhtad. EIC kandja (N\/EIC) Olemas k\u00f5ik hambad. EKL andmebaasis \u00bb Kaasomanikuks perekond Voivoda, Harjumaa. Sissy on p\u00e4rit Mokka ainukesest ja viimasest pesakonnast meie kennelis. Tema isaks on [&hellip;]<\/p>\n","protected":false},"author":1,"featured_media":0,"parent":5477,"menu_order":0,"comment_status":"closed","ping_status":"closed","template":"","meta":{"ngg_post_thumbnail":0,"footnotes":""},"class_list":["post-146","page","type-page","status-publish","hentry"],"_links":{"self":[{"href":"https:\/\/vana.mybrand.ee\/et\/wp-json\/wp\/v2\/pages\/146","targetHints":{"allow":["GET"]}}],"collection":[{"href":"https:\/\/vana.mybrand.ee\/et\/wp-json\/wp\/v2\/pages"}],"about":[{"href":"https:\/\/vana.mybrand.ee\/et\/wp-json\/wp\/v2\/types\/page"}],"author":[{"embeddable":true,"href":"https:\/\/vana.mybrand.ee\/et\/wp-json\/wp\/v2\/users\/1"}],"replies":[{"embeddable":true,"href":"https:\/\/vana.mybrand.ee\/et\/wp-json\/wp\/v2\/comments?post=146"}],"version-history":[{"count":0,"href":"https:\/\/vana.mybrand.ee\/et\/wp-json\/wp\/v2\/pages\/146\/revisions"}],"up":[{"embeddable":true,"href":"https:\/\/vana.mybrand.ee\/et\/wp-json\/wp\/v2\/pages\/5477"}],"wp:attachment":[{"href":"https:\/\/vana.mybrand.ee\/et\/wp-json\/wp\/v2\/media?parent=146"}],"curies":[{"name":"wp","href":"https:\/\/api.w.org\/{rel}","templated":true}]}}