{"id":1733,"date":"2011-06-13T13:22:06","date_gmt":"2011-06-13T11:22:06","guid":{"rendered":"https:\/\/vana.mybrand.ee"},"modified":"2017-05-08T00:29:42","modified_gmt":"2017-05-07T22:29:42","slug":"my-brand-hidalgo","status":"publish","type":"page","link":"https:\/\/vana.mybrand.ee\/et\/about-us\/koerad-minevikust\/my-brand-hidalgo\/","title":{"rendered":"My Brand Hidalgo"},"content":{"rendered":"<p><\/p>\n<table border=\"0\">\n<tbody>\n<tr>\n<td valign=\"top\"><img loading=\"lazy\" decoding=\"async\" class=\"ngg-singlepic ngg-none\" src=\"https:\/\/vana.mybrand.ee\/\/wp-content\/gallery\/my-brand-hidalgo\/hidalgo2-16m.jpg\" alt=\"My Brand Hidalgo (16 months old)\" width=\"400\" height=\"300\"><\/td>\n<td valign=\"top\">\n<h3>&#8220;Hidalgo&#8221;<\/h3>\n<p>kollane isane (eeBB, ei kanna pruuni)<br \/>\ns\u00fcnd: 14.04.2011<\/p>\n<ul>\n<li>puusad C\/C,<\/li>\n<li>k\u00fc\u00fcnarliigesed 1:0<\/li>\n<li>silmad uuritakse peagi.<\/li>\n<li>Olemas k\u00f5ik hambad.<\/li>\n<\/ul>\n<p>Hidalgo on n\u00fc\u00fcd Christel Ilvese hea hoole all. Ait\u00e4h, Christel!<\/p>\n<p><a href=\"http:\/\/register.kennelliit.ee\/reg\/index.php?page=dogCard&amp;dogId=137259\" target=\"_blank\">EKL andmebaasis \u00bb<\/a><\/p>\n<p><em>* pildil 16-kuune. Rohkem pilte tema <a href=\"#galerii\">galeriis \u00bb <\/a><\/em><\/td>\n<\/tr>\n<\/tbody>\n<\/table>\n<p>Hidalgo on s\u00fcndinud My Brand Edelweissi ja Follies Ivari pesakonnas. Ta on r\u00f5\u00f5msa iseloomuga vallatu poiss, kelle aitasid v\u00e4lja valida s\u00f5brad, kellel on kamba peale kokku \u00fcle 100 aasta labradorikogemust. Neile ei saa ju vastu vaielda?<\/p>\n<p>Oma iseloomult on Hidalgo just selline, nagu \u00fcks labradoripoiss olema peab &#8211; tingimusteta s\u00f5bralik ja alati valmis teistega m\u00e4ngima, samas v\u00e4ga kontaktne ja kuulekas. Me gusta!<\/p>\n<p>Hidalgo on vahel meiega n\u00e4itustele kaasa p\u00e4\u00e4senud ja siiani saavutanud suurep\u00e4raseid tulemusi. J\u00e4\u00e4me p\u00f5nevusega ootama, mida tulevik sellele noormehele toob.<\/p>\n<h2>Hidalgo sugupuu<strong><br \/>\n<\/strong><\/h2>\n<table class=\"tree\" style=\"border: 1px solid #969696; background-color: #dfe1c8;\" border=\"1\">\n<tbody>\n<tr>\n<td class=\"tree\" style=\"width: 25%; text-align: center;\" rowspan=\"8\">GB SH CH EST CH EST JCH Follies Ivar<br \/>\nHD A\/A ED 0:0, Optigen prcd-PRA Normal\/Clear<br \/>\n(FIN)<\/td>\n<td class=\"tree\" style=\"width: 25%; text-align: center;\" rowspan=\"4\">Queijeiro Da Vinci (MEX)<\/td>\n<td class=\"tree\" style=\"width: 25%; text-align: center;\" rowspan=\"2\">Picasso Queijeiro<\/td>\n<td class=\"tree\" style=\"width: 25%; text-align: center;\">AM CH Dickendall Arnold<\/td>\n<\/tr>\n<tr>\n<td class=\"tree\" style=\"width: 25%; text-align: center;\">Loone of Little by Little<\/td>\n<\/tr>\n<tr>\n<td class=\"tree\" style=\"width: 25%; text-align: center;\" rowspan=\"2\">Luciana Queijeiro-Toca<\/td>\n<td class=\"tree\" style=\"width: 25%; text-align: center;\">Dickendall Bruno<\/td>\n<\/tr>\n<tr>\n<td class=\"tree\" style=\"width: 25%; text-align: center;\">Delight Neus Toca Queijeiro<\/td>\n<\/tr>\n<tr>\n<td class=\"tree\" style=\"width: 25%; text-align: center;\" rowspan=\"4\">Follies Big Bertha (FIN)<\/td>\n<td class=\"tree\" style=\"width: 25%; text-align: center;\" rowspan=\"2\">CIB FIN EE LT CH W-06 Follies Mon Oncle<\/td>\n<td class=\"tree\" style=\"width: 25%; text-align: center;\">Mallorn&#8217;s Romeo<\/td>\n<\/tr>\n<tr>\n<td class=\"tree\" style=\"width: 25%; text-align: center;\">Tweedledum Folies Bergerer<\/td>\n<\/tr>\n<tr>\n<td class=\"tree\" style=\"width: 25%; text-align: center;\" rowspan=\"2\">Saskian Twix<\/td>\n<td class=\"tree\" style=\"width: 25%; text-align: center;\">FIN CH Palabras Keep On Movin&#8217;<\/td>\n<\/tr>\n<tr>\n<td class=\"tree\" style=\"width: 25%; text-align: center;\">FIN CH Follies Allie<\/td>\n<\/tr>\n<tr>\n<td class=\"tree\" style=\"width: 25%; text-align: center;\" rowspan=\"8\">My Brand Edelweiss<br \/>\n(EST)<\/td>\n<td class=\"tree\" style=\"width: 25%; text-align: center;\" rowspan=\"4\">NORD SW &amp; NORW CH Licithas Terje Vigen&nbsp; HD A\/A ED 0:0 eyes clear<br \/>\n(NORW)<\/td>\n<td class=\"tree\" style=\"width: 25%; text-align: center;\" rowspan=\"2\">FIN Winner\u201903 Mailiksen Gentleman<\/td>\n<td class=\"tree\" style=\"width: 25%; text-align: center;\">FIN S CH Strongline\u2019s Eternal Flame<\/td>\n<\/tr>\n<tr>\n<td class=\"tree\" style=\"width: 25%; text-align: center;\">FIN CH Mailiksen Lumikki<\/td>\n<\/tr>\n<tr>\n<td class=\"tree\" style=\"width: 25%; text-align: center;\" rowspan=\"2\">NORW CH Licithas Symfoni Norah<\/td>\n<td class=\"tree\" style=\"width: 25%; text-align: center;\">N FIN CH SW\u201991 W\u201998 Guideline\u2019s Copyright<\/td>\n<\/tr>\n<tr>\n<td class=\"tree\" style=\"width: 25%; text-align: center;\">NORW CH Licithas Marigold<\/td>\n<\/tr>\n<tr>\n<td class=\"tree\" style=\"width: 25%; text-align: center;\" rowspan=\"4\">FIN EST LV LTU BALT CH EST LV CH EST LV LTU BALT JCH BALT JW\u201904&nbsp; 9 x BISS&nbsp; Mallorn\u2019s Elysee&nbsp; HD A\/A ED 0:0 eyes clear&nbsp; Optigen prcd-PRA Normal\/Clear&nbsp; (FIN)<\/td>\n<td class=\"tree\" style=\"width: 25%; text-align: center;\" rowspan=\"2\">SW CH NORW CH NW\u201997 Mambrinos Triumph<\/td>\n<td class=\"tree\" style=\"width: 25%; text-align: center;\">N FIN CH SW\u201991 W\u201998 Guideline\u2019s Copyright<\/td>\n<\/tr>\n<tr>\n<td class=\"tree\" style=\"width: 25%; text-align: center;\">NORW CH KBHW\u201996 NW\u201998 Mambrinos Celebration<\/td>\n<\/tr>\n<tr>\n<td class=\"tree\" style=\"width: 25%; text-align: center;\" rowspan=\"2\">FIN CH Mallorn\u2019s Xanadu<\/td>\n<td class=\"tree\" style=\"width: 25%; text-align: center;\">Winnie\u2019s Frankfurter Team<\/td>\n<\/tr>\n<tr>\n<td class=\"tree\" style=\"width: 25%; text-align: center;\">FIN CH Mallorn\u2019s Poison<\/td>\n<\/tr>\n<\/tbody>\n<\/table>\n<p>&nbsp;<\/p>\n<p><img decoding=\"async\" class=\"ngg-singlepic ngg-none\" src=\"https:\/\/vana.mybrand.ee\/\/wp-content\/gallery\/my-brand-hidalgo\/hidalgo-head16m.jpg\" alt=\"My Brand Hidalgo\"><\/p>\n<h2>N\u00e4itusetulemused<\/h2>\n<ul>\n<li>Rakvere 1.04.2012: &#8220;v\u00e4ga hea&#8221; juuniorklassis (Markku M\u00e4honen, FIN)<\/li>\n<li>Rakvere 31.03.2012: &#8220;suurep\u00e4rane&#8221;, IV koht juuniorklassis (Inga Siil, EST)<\/li>\n<li>Tallinn rahvusvaheline 12.02.2012: VSP-juunior, juunior-sert (Alexey Belkin, RUS)<\/li>\n<li>Labradoride erin\u00e4itus Soomes 4.02.2012: &#8220;suurep\u00e4rane&#8221; juuniorklassis (Sussie Wiles, UK)<\/li>\n<li>Tartu rahvusvaheline 6.11.2011: t\u00f5u parim kutsikas (Ewa Nielsen, SW)<\/li>\n<li>Tartu rahvusvaheline 5.11.2011: I kutsikaklassis (Rajandra Salvi, IND)<\/li>\n<li>Rakvere 15.10.2011: t\u00f5u parim kutsikas (Marja Talvitie, FIN)<\/li>\n<li>Retriiverite erin\u00e4itus 1.10.2011: III beebiklassis (Beppe Masia, ITA)<\/li>\n<li>L\u00e4ti retriiverite erin\u00e4itus 18.09.2011: t\u00f5u parim beebi, BEST IN SHOW-2 beebi (Yvonne Saussi, SWI)<\/li>\n<li>Viimsi 11.09.2011: t\u00f5u parim beebi (Olga Koznevnikova, BLR)<\/li>\n<\/ul>\n<p><img loading=\"lazy\" decoding=\"async\" src=\"https:\/\/vana.mybrand.ee\/\/wp-content\/gallery\/my-brand-hidalgo\/hidalgo-bob-baby.jpg\" alt=\"My Brand Hidalgo\" width=\"640\" height=\"480\"><br \/>\nHidalgo oli L\u00e4ti retriiverite erin\u00e4itusel 18.09.2011 t\u00f5u parim beebi ning BEST IN SHOW-2 beebi.<\/p>\n<h2>Kohtunikud temast<\/h2>\n<p><strong>Susanne Wiles<\/strong> (kennel Richbourne, UK): <em>&#8220;Yellow of nice type with a kind eye and expression, good length of muzzle and good pigmentation, good reach of neck, good topline, correct tail, good depth of chest, excellent turn of stifle, strong hindquarters, needs to grow a little longer leg to balance the picture, movement needs to tighten, showed very well.&#8221;<\/em><\/p>\n<p><strong>Beppe Masia<\/strong> (kennel Masialab, ITA):<em> &#8220;5,5 months, good shape with correct proportions in the muzzle and skull, good reach of neck, level topline, good bone front and rear, well down set hocks, moves soundly, very promising.&#8221;<br \/>\n<\/em><\/p>\n<p><strong>Yvonne Saussi<\/strong> (SWI):<em> &#8220;5 months old, already very well developed, typical masculine head, dark eye with soft expression, long neck, excellent front angulations, excellent forechest and chest, excellent topline, excellent tailset and tail carriage, very good hind angulations, excellent bone, moves well, very well shown.&#8221;<\/em> t\u00f5u parim beebi ja BIS-2 beebi.<\/p>\n<h2><strong><a name=\"galerii\"><\/a><\/strong>Hidalgo pildigalerii<strong><br \/>\n<\/strong><\/h2>\nngg_shortcode_1_placeholder\n<h2>Video Hidalgost<\/h2>\n<p>httpv:\/\/www.youtube.com\/watch?v=WOqple42SZM<\/p>","protected":false},"excerpt":{"rendered":"<p>&#8220;Hidalgo&#8221; kollane isane (eeBB, ei kanna pruuni) s\u00fcnd: 14.04.2011 puusad C\/C, k\u00fc\u00fcnarliigesed 1:0 silmad uuritakse peagi. Olemas k\u00f5ik hambad. Hidalgo on n\u00fc\u00fcd Christel Ilvese hea hoole all. Ait\u00e4h, Christel! EKL andmebaasis \u00bb * pildil 16-kuune. Rohkem pilte tema galeriis \u00bb Hidalgo on s\u00fcndinud My Brand Edelweissi ja Follies Ivari pesakonnas. Ta on r\u00f5\u00f5msa iseloomuga vallatu [&hellip;]<\/p>\n","protected":false},"author":1,"featured_media":0,"parent":5477,"menu_order":5,"comment_status":"closed","ping_status":"closed","template":"","meta":{"ngg_post_thumbnail":0,"footnotes":""},"class_list":["post-1733","page","type-page","status-publish","hentry"],"_links":{"self":[{"href":"https:\/\/vana.mybrand.ee\/et\/wp-json\/wp\/v2\/pages\/1733","targetHints":{"allow":["GET"]}}],"collection":[{"href":"https:\/\/vana.mybrand.ee\/et\/wp-json\/wp\/v2\/pages"}],"about":[{"href":"https:\/\/vana.mybrand.ee\/et\/wp-json\/wp\/v2\/types\/page"}],"author":[{"embeddable":true,"href":"https:\/\/vana.mybrand.ee\/et\/wp-json\/wp\/v2\/users\/1"}],"replies":[{"embeddable":true,"href":"https:\/\/vana.mybrand.ee\/et\/wp-json\/wp\/v2\/comments?post=1733"}],"version-history":[{"count":0,"href":"https:\/\/vana.mybrand.ee\/et\/wp-json\/wp\/v2\/pages\/1733\/revisions"}],"up":[{"embeddable":true,"href":"https:\/\/vana.mybrand.ee\/et\/wp-json\/wp\/v2\/pages\/5477"}],"wp:attachment":[{"href":"https:\/\/vana.mybrand.ee\/et\/wp-json\/wp\/v2\/media?parent=1733"}],"curies":[{"name":"wp","href":"https:\/\/api.w.org\/{rel}","templated":true}]}}