{"id":1759,"date":"2011-06-14T00:29:54","date_gmt":"2011-06-13T22:29:54","guid":{"rendered":"https:\/\/vana.mybrand.ee"},"modified":"2020-04-14T13:17:50","modified_gmt":"2020-04-14T11:17:50","slug":"my-brand-ebony-at-aquarelle","status":"publish","type":"page","link":"https:\/\/vana.mybrand.ee\/et\/about-us\/koerad-minevikust\/my-brand-ebony-at-aquarelle\/","title":{"rendered":"My Brand Ebony At Aquarelle"},"content":{"rendered":"<p><\/p>\n<ul>\n<li><strong>POOLA T\u0160EMPION<\/strong><\/li>\n<li><strong>LEEDU T\u0160EMPION<\/strong><\/li>\n<li><strong>EESTI T\u0160EMPION<\/strong><\/li>\n<\/ul>\n<p><img loading=\"lazy\" decoding=\"async\" class=\"ngg-singlepic ngg-none alignnone\" src=\"https:\/\/vana.mybrand.ee\/\/wp-content\/gallery\/my-brand-ebony-at-aquarelle\/img_3804.jpg\" alt=\"My Brand Ebony At Aquarelle\" width=\"640\" height=\"480\"><\/p>\n<h3>&#8220;Ebony&#8221;<\/h3>\n<p><em>* pildil 2,5-aastane.<\/em><\/p>\n<p>kollane emane (BBee, ei j\u00e4ta pruuni)<br \/>\ns\u00fcnd: 22.01.2008<br \/>\nOmanik Maria Magdalena Lisowska, <a href=\"http:\/\/www.aquarelle.pl\/\" target=\"_blank\" rel=\"noopener noreferrer\">kennel Aquarelle<\/a>, Poola.<\/p>\n<h4>TERVISEUURINGUD<\/h4>\n<p>&nbsp;<\/p>\n<ul>\n<li>puusad A\/A,<\/li>\n<li>k\u00fc\u00fcnarliigesed 0:0,<\/li>\n<li>silmad puhtad (juuni&#8217;11).<\/li>\n<li>prcd-PRA puhas.<\/li>\n<li>EIC kandja&nbsp; (N\/EIC)<\/li>\n<li>Olemas k\u00f5ik hambad<\/li>\n<li><a href=\"http:\/\/register.kennelliit.ee\/reg\/index.php?page=dogCard&amp;dogId=94856\" target=\"_blank\" rel=\"noopener noreferrer\">EKL andmebaasis \u00bb<\/a><\/li>\n<\/ul>\n<p><img loading=\"lazy\" decoding=\"async\" class=\"aligncenter\" title=\"\" src=\"https:\/\/vana.mybrand.ee\/wp-content\/gallery\/web\/title-bg.png\" alt=\"\" width=\"466\" height=\"17\"><\/p>\n<p>&nbsp;<\/p>\n<p>Olen t\u00e4nulik Magdale ja Jacekile, Ebony omanikele, kes lubasid Ebony suveks ja s\u00fcgiseks 2011 Eestisse aretuslaenu. Ta sai kena pesakonna Devonshire London Editioniga ja me j\u00e4\u00e4me p\u00f5nevusega ootama, mis nendest pisikestest kasvab.<\/p>\n<p>Ait\u00e4h, Magda &amp; Jacek, selle v\u00f5imaluse eest!<\/p>\n<p><img loading=\"lazy\" decoding=\"async\" class=\"aligncenter\" title=\"\" src=\"https:\/\/vana.mybrand.ee\/wp-content\/gallery\/web\/title-bg.png\" alt=\"\" width=\"466\" height=\"17\"><\/p>\n<p><strong>EBONY <\/strong><strong>SUGUPUU<\/strong><\/p>\n<p>&nbsp;<\/p>\n<table class=\"tree\" border=\"1\">\n<tbody>\n<tr>\n<td rowspan=\"8\">NORD SW &amp; NORW CH Licithas Terje Vigen<br \/>\nHD A\/A ED 0:0 silmad puhtad<br \/>\n(NORW)<\/td>\n<td rowspan=\"4\">FIN Winner&#8217;03 Mailiksen Gentleman<br \/>\n(FIN)<\/td>\n<td rowspan=\"2\">FIN S CH Strongline&#8217;s Eternal Flame<\/td>\n<td>INT FIN EST CH WW&#8217;98 SW&#8217;98 ESTW&#8217;99 FINW&#8217;00 Tawastway&#8217;s Fooling Around<\/td>\n<\/tr>\n<tr>\n<td>INT FIN EST CH<br \/>\nStrongline&#8217;s Jolly Known<\/td>\n<\/tr>\n<tr>\n<td rowspan=\"2\">FIN CH Mailiksen Lumikki<\/td>\n<td>FIN JCH INT NORD NV SV FIN VCh DK SCH FIN CH Biggas Ynga<\/td>\n<\/tr>\n<tr>\n<td>Mailiksen Villi-Ruusu<\/td>\n<\/tr>\n<tr>\n<td rowspan=\"4\">NORW CH Licithas Symfoni Norah<br \/>\n(NORW)<\/td>\n<td rowspan=\"2\">N FIN CH SW&#8217;91 W&#8217;98 Guideline&#8217;s Copyright<\/td>\n<td>ENG SH CH Rocheby Royal Oak<\/td>\n<\/tr>\n<tr>\n<td>Cambremer Copy Cat<\/td>\n<\/tr>\n<tr>\n<td rowspan=\"2\">NORW CH Licithas Marigold<\/td>\n<td>NORW CH Surprising&#8217;s Rhufus<\/td>\n<\/tr>\n<tr>\n<td>Licithas Katinka<\/td>\n<\/tr>\n<tr>\n<td rowspan=\"8\">FIN EST LV LTU BALT CH EST LV CH EST LV LTU BALT JCH BALT JW&#8217;04<br \/>\n9 x BISS<br \/>\nMallorn&#8217;s Elysee<br \/>\nHD A\/A ED 0:0 silmad puhtad<br \/>\nOptigen prcd-PRA Normal\/Clear<br \/>\n(FIN)<\/td>\n<td rowspan=\"4\">SW CH NORW CH NW&#8217;97 Mambrinos Triumph<br \/>\n(NORW)<\/td>\n<td rowspan=\"2\">N FIN CH SW&#8217;91 W&#8217;98 Guideline&#8217;s Copyright<\/td>\n<td>ENG SH CH Rocheby Royal Oak<\/td>\n<\/tr>\n<tr>\n<td>Cambremer Copy Cat<\/td>\n<\/tr>\n<tr>\n<td rowspan=\"2\">NORW CH KBHW&#8217;96 NW&#8217;98 Mambrinos Celebration<\/td>\n<td>NORW CH Narjana&#8217;s Thord<\/td>\n<\/tr>\n<tr>\n<td>NORW CH Gretels Haizel<\/td>\n<\/tr>\n<tr>\n<td rowspan=\"4\">FIN CH Mallorn&#8217;s Xanadu<br \/>\n(FIN)<\/td>\n<td rowspan=\"2\">Winnie&#8217;s Frankfurter Team<\/td>\n<td>Fieldvalley Fabianco<\/td>\n<\/tr>\n<tr>\n<td>Novacroft Madeleine<\/td>\n<\/tr>\n<tr>\n<td rowspan=\"2\">FIN CH Mallorn&#8217;s Poison<\/td>\n<td>FIN CH M&#8217;Lady&#8217;s Snow-Ball<\/td>\n<\/tr>\n<tr>\n<td>Mallorn&#8217;s Kiss Me Kate<\/td>\n<\/tr>\n<\/tbody>\n<\/table>\n<h4>N\u00c4ITUSETULEMUSED<\/h4>\n<ul>\n<li>Retriiverite erin\u00e4itus 1.10.2011: kasutusklassi v\u00f5itja (Beppe Masia, ITA)<\/li>\n<li>L\u00e4ti retriiverite erin\u00e4itus 18.09.2011: kolmas t\u0161empionklassis (Yvonne Saussi, SWI)<\/li>\n<li>Poola t\u0161empion (7 v\u00f5i enam CWC\/CAC Poolast)<\/li>\n<li>Leedu t\u0161empion (kinnitamisel, 4 x CAC Leedust)<\/li>\n<li>3 x res Cacib (Rumeenia, \u0160veits, Leedu)<\/li>\n<li>1 CAC ja 1 res CAC Slovakkiast<\/li>\n<li>1 CAC ja 1 res CAC Rumeeniast<\/li>\n<li>1 CAC ja 1 res CAC \u0160veitsist<\/li>\n<li>2 x res CAC Sloveeniast<\/li>\n<li>kasutusklassi v\u00f5itja ja CQ L\u00e4tist<\/li>\n<li>2 x t\u00f5u parim juunior, juuniorv\u00f5itja<\/li>\n<li>t\u00f5u parim kutsikas<\/li>\n<li>II koht kutsikaklassis (Ungari Labradoride erin\u00e4itus 2008 Budapest)<\/li>\n<li>IV koht kutsikaklassis Eurodog show 2008 Budapest<\/li>\n<li>t\u00f5u parim beebi ja BEST IN SHOW beebi (Poola retriiverite Club Show 2008)<\/li>\n<\/ul>\n<h4>KOHTUNIKUD ON EBONY KOHTA \u00d6ELNUD<\/h4>\n<p><strong>Beppe Masia<\/strong> (kennel Masialab, ITA):<\/p>\n<blockquote><p><em>&#8220;3 years, very well balanced female with beautiful expression, good neck,&nbsp; shoulder and legs, beautiful depth of chest, barrel ribs, correct tight and hocks, beautiful movement of the tail, drive in action.&#8221; &#8211; <\/em>kasutusklassi v\u00f5itja.<\/p><\/blockquote>\n<h4>KATSETE TULEMUSED<\/h4>\n<ul>\n<li>Ebony on l\u00e4binud jahikatsed Poolas ning omab rahvusvahelist t\u00f6\u00f6sertifikaati.<\/li>\n<\/ul>\n<p>ngg_shortcode_1_placeholder<\/p>","protected":false},"excerpt":{"rendered":"<p>POOLA T\u0160EMPION LEEDU T\u0160EMPION EESTI T\u0160EMPION &#8220;Ebony&#8221; * pildil 2,5-aastane. kollane emane (BBee, ei j\u00e4ta pruuni) s\u00fcnd: 22.01.2008 Omanik Maria Magdalena Lisowska, kennel Aquarelle, Poola. TERVISEUURINGUD &nbsp; puusad A\/A, k\u00fc\u00fcnarliigesed 0:0, silmad puhtad (juuni&#8217;11). prcd-PRA puhas. EIC kandja&nbsp; (N\/EIC) Olemas k\u00f5ik hambad EKL andmebaasis \u00bb &nbsp; Olen t\u00e4nulik Magdale ja Jacekile, Ebony omanikele, kes lubasid [&hellip;]<\/p>\n","protected":false},"author":1,"featured_media":0,"parent":5477,"menu_order":0,"comment_status":"closed","ping_status":"closed","template":"","meta":{"ngg_post_thumbnail":0,"footnotes":""},"class_list":["post-1759","page","type-page","status-publish","hentry"],"_links":{"self":[{"href":"https:\/\/vana.mybrand.ee\/et\/wp-json\/wp\/v2\/pages\/1759","targetHints":{"allow":["GET"]}}],"collection":[{"href":"https:\/\/vana.mybrand.ee\/et\/wp-json\/wp\/v2\/pages"}],"about":[{"href":"https:\/\/vana.mybrand.ee\/et\/wp-json\/wp\/v2\/types\/page"}],"author":[{"embeddable":true,"href":"https:\/\/vana.mybrand.ee\/et\/wp-json\/wp\/v2\/users\/1"}],"replies":[{"embeddable":true,"href":"https:\/\/vana.mybrand.ee\/et\/wp-json\/wp\/v2\/comments?post=1759"}],"version-history":[{"count":0,"href":"https:\/\/vana.mybrand.ee\/et\/wp-json\/wp\/v2\/pages\/1759\/revisions"}],"up":[{"embeddable":true,"href":"https:\/\/vana.mybrand.ee\/et\/wp-json\/wp\/v2\/pages\/5477"}],"wp:attachment":[{"href":"https:\/\/vana.mybrand.ee\/et\/wp-json\/wp\/v2\/media?parent=1759"}],"curies":[{"name":"wp","href":"https:\/\/api.w.org\/{rel}","templated":true}]}}