{"id":177,"date":"2011-02-04T01:59:28","date_gmt":"2011-02-03T23:59:28","guid":{"rendered":"https:\/\/vana.mybrand.ee"},"modified":"2023-01-06T22:48:38","modified_gmt":"2023-01-06T20:48:38","slug":"library","status":"publish","type":"page","link":"https:\/\/vana.mybrand.ee\/et\/library\/","title":{"rendered":"Lugemist"},"content":{"rendered":"<p><\/p>\n<ul>\n<li><a href=\"\/et\/library\/fci-toustandard\">FCI labradori retriiveri t\u00f5ustandard<\/a><\/li>\n<li><a href=\"\/et\/library\/toukatse\">Retriiverite t\u00f5ukatsed<\/a><\/li>\n<li><a href=\"\/et\/library\/konti-voi-krobinaid\">Koerale konti v\u00f5i kr\u00f5binaid?<\/a><\/li>\n<li><a href=\"\/et\/library\/sotsialiseerimine\">Sotsialiseerimine<\/a><\/li>\n<li>Vilesignaalid koera treenimiseks<\/li>\n<\/ul>\n<p>LABRADORI RETRIIVERITE KASVATAJAD<\/p>\n<ul>\n<li><a href=\"http:\/\/www.mallorns.com\/\" target=\"_blank\" rel=\"noopener noreferrer\">Mallorn&#8217;s<\/a> (FIN), M. Elysee, Terracotta ja El Dorado kasvataja.<\/li>\n<li><a href=\"http:\/\/www.kolumbus.fi\/loresho\/\" target=\"_blank\" rel=\"noopener noreferrer\">Loresho<\/a> (FIN), L. Love Mail kasvataja.<\/li>\n<li>Waterline&#8217;s (FIN), W. Me And Myself kasvataja.<\/li>\n<li><a href=\"http:\/\/www.nipntucklabs.com\/\" target=\"_blank\" rel=\"noopener noreferrer\">Nipntuck <\/a>(USA), N. First Lady kasvataja.<\/li>\n<li><a href=\"http:\/\/www.aquarelle.pl\/\" target=\"_blank\" rel=\"noopener noreferrer\">Aquarelle <\/a>(POL)<\/li>\n<\/ul>\n<p>KLUBID JA \u00dcHINGUD<\/p>\n<ul>\n<li><a href=\"http:\/\/www.retriiverid.ee\/\" target=\"_blank\" rel=\"noopener noreferrer\">Eesti retriiverite \u00fching<\/a><\/li>\n<li><a href=\"http:\/\/www.labradori.fi\/\" target=\"_blank\" rel=\"noopener noreferrer\">Soome labradoriklubi<\/a><\/li>\n<li><a href=\"http:\/\/eng.retriveriai.lt\/eng\/category\/news\/\" target=\"_blank\" rel=\"noopener noreferrer\">Leedu retriiverite klubi<\/a><\/li>\n<li><a href=\"http:\/\/www.retriever.lv\/\" target=\"_blank\" rel=\"noopener noreferrer\">L\u00e4ti retriiverite klubi<\/a><\/li>\n<li><a href=\"http:\/\/www.labrador.ru\/en\/\" target=\"_blank\" rel=\"noopener noreferrer\">Venemaa retriiverite klubi<\/a><\/li>\n<li><a href=\"http:\/\/www.kennelliit.ee\/\" target=\"_blank\" rel=\"noopener noreferrer\">Eesti kennelliit<\/a><\/li>\n<li><a href=\"http:\/\/wiscoy.com\/kennellinks.html\" target=\"_blank\" rel=\"noopener noreferrer\">Wiscoy kennellingid<\/a><\/li>\n<li><a href=\"http:\/\/www.europeanlabradorbreeders.com\/\" target=\"_blank\" rel=\"noopener noreferrer\">Euroopa labradorikasvatajad<\/a><\/li>\n<\/ul>\n<p><\/p>","protected":false},"excerpt":{"rendered":"<p>FCI labradori retriiveri t\u00f5ustandard Retriiverite t\u00f5ukatsed Koerale konti v\u00f5i kr\u00f5binaid? Sotsialiseerimine Vilesignaalid koera treenimiseks LABRADORI RETRIIVERITE KASVATAJAD Mallorn&#8217;s (FIN), M. Elysee, Terracotta ja El Dorado kasvataja. Loresho (FIN), L. Love Mail kasvataja. Waterline&#8217;s (FIN), W. Me And Myself kasvataja. Nipntuck (USA), N. First Lady kasvataja. Aquarelle (POL) KLUBID JA \u00dcHINGUD Eesti retriiverite \u00fching Soome labradoriklubi [&hellip;]<\/p>\n","protected":false},"author":1,"featured_media":0,"parent":0,"menu_order":9,"comment_status":"closed","ping_status":"closed","template":"","meta":{"ngg_post_thumbnail":0,"footnotes":""},"class_list":["post-177","page","type-page","status-publish","hentry"],"_links":{"self":[{"href":"https:\/\/vana.mybrand.ee\/et\/wp-json\/wp\/v2\/pages\/177","targetHints":{"allow":["GET"]}}],"collection":[{"href":"https:\/\/vana.mybrand.ee\/et\/wp-json\/wp\/v2\/pages"}],"about":[{"href":"https:\/\/vana.mybrand.ee\/et\/wp-json\/wp\/v2\/types\/page"}],"author":[{"embeddable":true,"href":"https:\/\/vana.mybrand.ee\/et\/wp-json\/wp\/v2\/users\/1"}],"replies":[{"embeddable":true,"href":"https:\/\/vana.mybrand.ee\/et\/wp-json\/wp\/v2\/comments?post=177"}],"version-history":[{"count":0,"href":"https:\/\/vana.mybrand.ee\/et\/wp-json\/wp\/v2\/pages\/177\/revisions"}],"wp:attachment":[{"href":"https:\/\/vana.mybrand.ee\/et\/wp-json\/wp\/v2\/media?parent=177"}],"curies":[{"name":"wp","href":"https:\/\/api.w.org\/{rel}","templated":true}]}}