{"id":2166,"date":"2011-10-16T14:50:43","date_gmt":"2011-10-16T12:50:43","guid":{"rendered":"https:\/\/vana.mybrand.ee"},"modified":"2019-06-29T23:14:02","modified_gmt":"2019-06-29T21:14:02","slug":"tabathas-caffu-queijeiro","status":"publish","type":"page","link":"https:\/\/vana.mybrand.ee\/et\/about-us\/koerad-minevikust\/tabathas-caffu-queijeiro\/","title":{"rendered":"Tabatha&#8217;s Caffu Queijeiro"},"content":{"rendered":"<p><\/p>\n<h2>&#8220;Caffu&#8221;<\/h2>\n<ul>\n<li><span style=\"font-family: georgia,palatino;\"><strong>MEHHIKO T\u0160EMPION<br \/>\n<\/strong><\/span><\/li>\n<li><span style=\"font-family: georgia,palatino;\"><strong>EESTI T\u0160EMPION<\/strong><\/span><\/li>\n<li><span style=\"font-family: georgia,palatino;\"><strong>RAHVUSVAHELINE T\u00d6\u00d6SERTIFIKAAT<\/strong><\/span><\/li>\n<\/ul>\n<p><img loading=\"lazy\" decoding=\"async\" class=\"ngg-singlepic ngg-none\" src=\"https:\/\/vana.mybrand.ee\/\/wp-content\/gallery\/tabathas-caffu-queijeiro\/caffu-3.jpg\" alt=\"Tabatha's Caffu Queijeiro\" width=\"615\" height=\"461\"><\/p>\n<p><em>* Pildil 5-aastane.<\/em><\/p>\n<ul>\n<li>must isane (BBEe, kannab kollast)<\/li>\n<li>s\u00fcnd 30.07.2006<\/li>\n<li>kasvataja Carol Heidl, USA<\/li>\n<li>omanik Manuel Queijeiro, Mexico.<\/li>\n<\/ul>\n<h4>TERVISEUURINGUD<\/h4>\n<ul>\n<li>puusad OFA good,<\/li>\n<li>k\u00fc\u00fcnarliigesed OFA normal,<\/li>\n<li>Silmad puhtad (Sept&#8217;16)<\/li>\n<li>Optigen PRA Normal\/Clear<\/li>\n<li>HNPK (kuiv nina) = Normal (N\/N)<\/li>\n<li><a href=\"http:\/\/register.kennelliit.ee\/?page=dogCard&amp;dogId=143847\" target=\"_blank\" rel=\"noopener noreferrer\">EKL andmebaasis \u00bb<\/a><\/li>\n<\/ul>\n<p>Meil on olnud suur au ja r\u00f5\u00f5m v\u00f5\u00f5rustada Eestis Mehhikost saabunud Caffut, v\u00f5rratu iseloomu ja suurep\u00e4rase v\u00e4limikuga koera. Ta on t\u00f5eline d\u017eentelman ja muhe h\u00e4rrasmees, kellel on p\u00f5hjust uhke olla &#8211; aastal 2011 Mehhiko kennelklubi arvestuses TOP 1 ja TOP 2 labradorid on tema lapsed. N\u00fc\u00fcdseks v\u00f5ib ta olla uhke ka Euroopas mitmeid tiitleid ja t\u00f6\u00f6tulemusi saavutanud laste \u00fcle, kellest on pilte ka allolevas galeriis. Ait\u00e4h k\u00f5igile kasvatajatele, kes on valinud Caffu oma aretusprogrammi.&nbsp;<\/p>\n<p>Caffu sugupuust leiad Tabatha&#8217;s ja Dickendall koeri. Tema isaks on Mex CH Dickendall Bucky ja emaks kaunis erin\u00e4ituste v\u00f5itja CH Tabatha&#8217;s Gala WC, kelle vanemad on samuti v\u00f5itnud erin\u00e4itusi.<\/p>\n<p>*Caffu ema, Tabatha&#8217;s Gala v\u00f5itis aretusemaste klassi maailma suurimal labradoride erin\u00e4itusel Potomac 2012! Palju \u00f5nne!<\/p>\n<p>Caffu j\u00e4\u00e4b oma pensionip\u00f5lve veetma Eestisse. Tuhat t\u00e4nu, Manolo, usalduse eest!<\/p>\n<p><img loading=\"lazy\" decoding=\"async\" id=\"__wp-temp-img-id\" class=\"aligncenter\" title=\"\" src=\"https:\/\/vana.mybrand.ee\/wp-content\/gallery\/web\/title-bg.png\" alt=\"\" width=\"466\" height=\"17\"><\/p>\n<p><strong>CAFFU SUGUPUU<\/strong><\/p>\n<table class=\"tree\" border=\"1\">\n<tbody>\n<tr>\n<td style=\"width: 25%;\" rowspan=\"8\">Mex CH Dickendall Bucky<br \/>\n(USA)<\/td>\n<td style=\"width: 25%;\" rowspan=\"4\">NL CH NLV CW &#8217;99 NW &#8217;99 Trendmaker&#8217;s Tycoon<br \/>\n(SW)<\/td>\n<td style=\"width: 25%;\" rowspan=\"2\">SW DEN FIN NORD CH Trendmakers Mugwump<\/td>\n<td style=\"width: 25%;\">Beechcroft&#8217;s Royal Standard<\/td>\n<\/tr>\n<tr>\n<td style=\"width: 25%;\">Guideline&#8217;s Manuscript<\/td>\n<\/tr>\n<tr>\n<td style=\"width: 25%;\" rowspan=\"2\">Trendmakers Traffic Jam<\/td>\n<td style=\"width: 25%;\">Smart Fellow&#8217;s Order From New York<\/td>\n<\/tr>\n<tr>\n<td style=\"width: 25%;\">Blondella Balanced Shades<\/td>\n<\/tr>\n<tr>\n<td style=\"width: 25%;\" rowspan=\"4\">Dickendall Barbie<br \/>\n(USA)<\/td>\n<td style=\"width: 25%;\" rowspan=\"2\">Mex CH Milton of Little By Little<\/td>\n<td style=\"width: 25%;\">Foxrush Poetry In Motion<\/td>\n<\/tr>\n<tr>\n<td style=\"width: 25%;\">Rascal of Claydiggers<\/td>\n<\/tr>\n<tr>\n<td style=\"width: 25%;\" rowspan=\"2\">Tweedledum Calling Texas<\/td>\n<td style=\"width: 25%;\">CH Dickendall Arnold<\/td>\n<\/tr>\n<tr>\n<td style=\"width: 25%;\">Tweedledum Mascara<\/td>\n<\/tr>\n<tr>\n<td style=\"width: 25%;\" rowspan=\"8\">CH Tabatha&#8217;s Gala WC<br \/>\n(USA)<\/td>\n<td style=\"width: 25%;\" rowspan=\"4\">CH Dickendall Davaron Gable<br \/>\n(USA)<\/td>\n<td style=\"width: 25%;\" rowspan=\"2\">CH Dickendall Arnold<\/td>\n<td style=\"width: 25%;\">CH Dickendall Ruffy SH<\/td>\n<\/tr>\n<tr>\n<td style=\"width: 25%;\">Dickendall A-Ha<\/td>\n<\/tr>\n<tr>\n<td style=\"width: 25%;\" rowspan=\"2\">Wolvercote Gaity Girl<\/td>\n<td style=\"width: 25%;\">Eng CH Sandylands Gad-About<\/td>\n<\/tr>\n<tr>\n<td style=\"width: 25%;\">Kimvalley Geisha Girl at Wolvercote<\/td>\n<\/tr>\n<tr>\n<td style=\"width: 25%;\" rowspan=\"4\">CH Tabatha&#8217;s Giggle WC<br \/>\n(USA)<\/td>\n<td style=\"width: 25%;\" rowspan=\"2\">Scent Trails Tug Of War<\/td>\n<td style=\"width: 25%;\">CH Guideline&#8217;s Century Condensed<\/td>\n<\/tr>\n<tr>\n<td style=\"width: 25%;\">Specl Occasion Putwyn Prairie<\/td>\n<\/tr>\n<tr>\n<td style=\"width: 25%;\" rowspan=\"2\">Am &amp; Can CH Tabatha&#8217;s Dazzle WC<\/td>\n<td style=\"width: 25%;\">CH Dickendall Arnold<\/td>\n<\/tr>\n<tr>\n<td style=\"width: 25%;\">CH Tabatha&#8217;s Valleywood Decoy<\/td>\n<\/tr>\n<\/tbody>\n<\/table>\n<p><img loading=\"lazy\" decoding=\"async\" id=\"__wp-temp-img-id\" class=\"aligncenter\" title=\"\" src=\"https:\/\/vana.mybrand.ee\/wp-content\/gallery\/web\/title-bg.png\" alt=\"\" width=\"466\" height=\"17\"><\/p>\n<h4>N\u00c4ITUSTE TULEMUSED<\/h4>\n<ul>\n<li>8. r\u00fchma erin\u00e4itus 11.2.2017: teine veteranklassis (Jari Partanen, NOR)<\/li>\n<li>Labradoride erin\u00e4itus Tallinnas 29.5.2015: III koht veteranklassis, SK (Paul Collins, UK)<\/li>\n<li>INT Minsk 24.11.2013: t\u0161empionklassis neljas (Ligita Zake, LV)<\/li>\n<li>INT Minsk 23.11.2013: t\u0161empionklassis kolmas (Bozena Ovesna, CZH)<\/li>\n<li>Labradoride erin\u00e4itus 3.8.2013: t\u0161empionklassi v\u00f5itja, SK, parim isane-2 (Lene Johansen, DK)<\/li>\n<li>Eesti V\u00f5itja&#8217;13 2.06.2013: t\u0161empionklassis kolmas, parim isane-4 (Juta Haranen, EST)<\/li>\n<li>Retriiverite erin\u00e4itus 1.6.2013: t\u0161empionklassi v\u00f5itja, parim isane, SK, VSP (Saskia Rathenau-Beijerman, NL)<\/li>\n<li>Rakvere 21.10.2012: t\u0161empionklassis teine, parim isane 2 (Elena Ruskovaara, FIN)<\/li>\n<li>Rakvere 20.10.2012: t\u0161empionklassis teine, parim isane 2, SERT (Beata Petkevica (LV)<\/li>\n<li>European Winner 2012: IV koht t\u0161empionklassis (Damir Skok, CRO)<\/li>\n<li>Luige 8.09.2012: t\u0161empionklassi v\u00f5itja, sert, parim isane-3 (Igor Selimovic, SER)<\/li>\n<li>Tallinn rahvusvaheline 12.02.2012: t\u0161empionklassis teine, parim isane-4 (Alexey Belkin, RUS)<\/li>\n<li>Tartu rahvusvaheline 6.11.2011: t\u00f5u parim, sert ja CACIB (Ewa Nielsen, SW)<\/li>\n<li>Tartu rahvusvaheline 5.11.2011: avaklassi v\u00f5itja, parim isane-3 (Rajandra Salvi, IND)<\/li>\n<li>Moskva, Retriever-Osen 22.10.2011: &#8220;suurep\u00e4rane&#8221; avaklassis (John Kuijpers, NL)<\/li>\n<li>Labradoride erin\u00e4itus Twin Cities 27.08.2010: Reserve Winners Dog (Mrs Cindy Vogels, USA)<\/li>\n<\/ul>\n<h4>KATSETE TULEMUSED<\/h4>\n<ul>\n<li>Rahvusvaheline t\u00f6\u00f6sertifikaat.<\/li>\n<\/ul>\n<h4>KOHTUNIKUD TEMAST<\/h4>\n<ul>\n<li>\n<h4>&nbsp;Jari Partanen<strong> (NOR):<\/strong><\/h4>\n<blockquote><p><em>&#8220;Super breed type, noble oldman, excellent head, beautiful expression, super strong neck, excellent body, fabulous croup, active otter tail, hard to access his movement today, this dog melts my heart, I wish you many good moments together!&#8221;<\/em><\/p><\/blockquote>\n<p>&nbsp;<\/li>\n<li><strong>Borje Johanssen <\/strong>(SW):<br \/>\n<blockquote><p><em>&#8220;Excellent type, masculine head, kind expression, dark eye, strong muzzle, strong neck, perfect shoulder and upper arm, good long ribcage, perfect topline, strong in hindquarters, excellent tail, in summer coat, very kind boy, very happy in movement, moves well.&#8221;<\/em><\/p><\/blockquote>\n<\/li>\n<\/ul>\n<ul>\n<li><strong>Paul Collins <\/strong>(UK):<br \/>\n<blockquote><p><em>&#8220;Excellent condition for his age, lovely masculine head, good angulations front and rear, good set of tail, moves better than many dogs half his age! Owner should be very proud of him!&#8221;<\/em><\/p><\/blockquote>\n<\/li>\n<li><strong>Lene Johansen (DK): <\/strong><br \/>\n<blockquote><p><em>&#8220;excellent type, lovely head and expression, good neck and forechest, well angulated, good ribcage, strong topline, very sound mover.&#8221;<\/em><\/p><\/blockquote>\n<\/li>\n<li><strong>Juta Haranen (EST)<\/strong>:<br \/>\n<blockquote><p><em>&#8220;peaaegu 7-aastane, tugev korpus, v\u00e4ga hea esirind, v\u00e4ga head nurgad, ilus saba, maskuliinne pea ja ilme, liigub v\u00e4ga h\u00e4sti, hea t\u00f5ukega, h\u00e4sti esitatud.&#8221;<\/em><\/p><\/blockquote>\n<\/li>\n<li><strong>Saskia Rathenau-Beijerman (NL): <\/strong><br \/>\n<blockquote><p><em>&#8220;Lovely black, shows lot of breed type, supercoat, good angulations and body, very good showing.&#8221;<\/em><\/p><\/blockquote>\n<\/li>\n<li><strong>Beata Petkevica (LV): <\/strong><br \/>\n<blockquote><p><em>&#8220;6,5 years, excellent type, excellent head and expression, strong neck, compact body, good feet, good angulations, good work of tail, excellent temperament.&#8221;<br \/>\n<\/em><\/p><\/blockquote>\n<\/li>\n<li><strong>Susanna Wiles (UK): <\/strong><br \/>\n<blockquote><p><em>\u201eBalanced black of excellent breed type, well proportioned head with a kind eye and expression, strong neck and good depth of chest, good coat and typical tail, good bone, moved ok and showed steadily.\u201c<\/em><\/p><\/blockquote>\n<\/li>\n<li><strong>John Kuijpers (NL): <\/strong><br \/>\n<blockquote><p><em><em>&#8220;5 years old, excellent dog, very nice strong head, good expression, good neck, topline and tailset, excellent front, nice body, excellend hind angulations, loveli bone and feet, moves well.&#8221;<\/em><\/em><\/p><\/blockquote>\n<\/li>\n<\/ul>\n<p><img loading=\"lazy\" decoding=\"async\" id=\"__wp-temp-img-id\" class=\"aligncenter\" title=\"\" src=\"https:\/\/vana.mybrand.ee\/wp-content\/gallery\/web\/title-bg.png\" alt=\"\" width=\"466\" height=\"17\"><\/p>\n<h4>PILDID CAFFUST<\/h4>\nngg_shortcode_2_placeholder\n<h4>PILTE CAFFU KUTSIKATEST \u00dcLE MAAILMA<\/h4>\n<p>ngg_shortcode_3_placeholder<\/p>","protected":false},"excerpt":{"rendered":"<p>&#8220;Caffu&#8221; MEHHIKO T\u0160EMPION EESTI T\u0160EMPION RAHVUSVAHELINE T\u00d6\u00d6SERTIFIKAAT * Pildil 5-aastane. must isane (BBEe, kannab kollast) s\u00fcnd 30.07.2006 kasvataja Carol Heidl, USA omanik Manuel Queijeiro, Mexico. TERVISEUURINGUD puusad OFA good, k\u00fc\u00fcnarliigesed OFA normal, Silmad puhtad (Sept&#8217;16) Optigen PRA Normal\/Clear HNPK (kuiv nina) = Normal (N\/N) EKL andmebaasis \u00bb Meil on olnud suur au ja r\u00f5\u00f5m v\u00f5\u00f5rustada [&hellip;]<\/p>\n","protected":false},"author":1,"featured_media":0,"parent":5477,"menu_order":0,"comment_status":"closed","ping_status":"closed","template":"","meta":{"ngg_post_thumbnail":0,"footnotes":""},"class_list":["post-2166","page","type-page","status-publish","hentry"],"_links":{"self":[{"href":"https:\/\/vana.mybrand.ee\/et\/wp-json\/wp\/v2\/pages\/2166","targetHints":{"allow":["GET"]}}],"collection":[{"href":"https:\/\/vana.mybrand.ee\/et\/wp-json\/wp\/v2\/pages"}],"about":[{"href":"https:\/\/vana.mybrand.ee\/et\/wp-json\/wp\/v2\/types\/page"}],"author":[{"embeddable":true,"href":"https:\/\/vana.mybrand.ee\/et\/wp-json\/wp\/v2\/users\/1"}],"replies":[{"embeddable":true,"href":"https:\/\/vana.mybrand.ee\/et\/wp-json\/wp\/v2\/comments?post=2166"}],"version-history":[{"count":0,"href":"https:\/\/vana.mybrand.ee\/et\/wp-json\/wp\/v2\/pages\/2166\/revisions"}],"up":[{"embeddable":true,"href":"https:\/\/vana.mybrand.ee\/et\/wp-json\/wp\/v2\/pages\/5477"}],"wp:attachment":[{"href":"https:\/\/vana.mybrand.ee\/et\/wp-json\/wp\/v2\/media?parent=2166"}],"curies":[{"name":"wp","href":"https:\/\/api.w.org\/{rel}","templated":true}]}}