{"id":2204,"date":"2011-09-03T16:12:52","date_gmt":"2011-09-03T14:12:52","guid":{"rendered":"https:\/\/vana.mybrand.ee"},"modified":"2017-08-12T14:34:05","modified_gmt":"2017-08-12T12:34:05","slug":"velvetlines-zsanette","status":"publish","type":"page","link":"https:\/\/vana.mybrand.ee\/et\/about-us\/koerad-minevikust\/velvetlines-zsanette\/","title":{"rendered":"Velvetline\u2019s Zsanett"},"content":{"rendered":"<p><strong>EESTI JUUNIORT\u0160EMPION<br \/>\n<\/strong><\/p>\n<p><img loading=\"lazy\" decoding=\"async\" class=\"ngg-singlepic ngg-none\" src=\"https:\/\/vana.mybrand.ee\/\/wp-content\/gallery\/velvetlines-zsanette\/velvetlines-zsanett-10m.jpg\" alt=\"Velvetline's Zsanett\" width=\"640\" height=\"480\"><\/p>\n<h3>&#8220;Victoria&#8221;<\/h3>\n<p><em>* fotol 10-kuune. <\/em><\/p>\n<p>must emane, BbEe (p\u00e4randab kollast ja pruuni)<br \/>\ns\u00fcnd 16.06.2011<br \/>\nkasvataja Mateja Srimpf, Sloveenia<br \/>\nOmanik Piret Lees, Tallinn<\/p>\n<h4>TERVISEUURINGUD:<\/h4>\n<ul>\n<li>puusad B\/B,<\/li>\n<li>k\u00fc\u00fcnarliigesed 0:0<\/li>\n<li>silmad puhtad (sept&#8217;16).<\/li>\n<li>prcd-PRA puhas (vanemad puhtad)<\/li>\n<li>EIC kandja<\/li>\n<li><a href=\"http:\/\/register.kennelliit.ee\/reg\/index.php?page=dogCard&amp;dogId=142962\" target=\"_blank\">EKL andmebaasis<\/a> \u00bb<\/li>\n<\/ul>\n<p>Victoria sai endale justkui iseenesest nime. Ta reisis oma uuele kodumaale, Eestisse, koos Eesti jalgpallimeeskonnaga, kes naases m\u00e4ngult Sloveeniaga, tulemusega 2:1. Nii et mitmel p\u00f5hjusel tundus nimi Victoria ennast \u00f5igustavat \ud83d\ude42<\/p>\n<p>Selles v\u00e4ikese labradorineiu sugupuus on nii palju sellist, mida ma armastan. Loodan, et temas s\u00fcnnib midagi uuesti minu erilisest koerast Dollyst, kes p\u00e4randas oma lastele ja lastelastele nii suurep\u00e4raseid t\u00f6\u00f6omandusi. Samuti ehk on temas killuke Rufusest, sellest nii meeldiva iseloomuga isasest. Hoian p\u00f6idlad-varbad ristis, et k\u00f5ik l\u00e4heks kenasti.<\/p>\n<p>Ait\u00e4h, Mateja, et usaldasid selle kauni t\u00fcdruku meile!<\/p>\n<h4>SUGUPUU:<\/h4>\n<table class=\"tree\" border=\"1\">\n<tbody>\n<tr>\n<td class=\"tree\" style=\"width: 25%;\" rowspan=\"8\">GB SH CH EST CH EST JCH Follies Ivar<br \/>\nHD A\/A ED 0:0, Optigen prcd-PRA Normal\/Clear<br \/>\n(FIN)<\/td>\n<td class=\"tree\" style=\"width: 25%;\" rowspan=\"4\">Queijeiro Da Vinci (MEX)<\/td>\n<td class=\"tree\" style=\"width: 25%;\" rowspan=\"2\">Picasso Queijeiro<\/td>\n<td class=\"tree\" style=\"width: 25%;\">AM CH Dickendall Arnold<\/td>\n<\/tr>\n<tr>\n<td class=\"tree\" style=\"width: 25%;\">Loone of Little by Little<\/td>\n<\/tr>\n<tr>\n<td class=\"tree\" style=\"width: 25%;\" rowspan=\"2\">Luciana Queijeiro-Toca<\/td>\n<td class=\"tree\" style=\"width: 25%;\">Dickendall Bruno<\/td>\n<\/tr>\n<tr>\n<td class=\"tree\" style=\"width: 25%;\">Delight Neus Toca Queijeiro<\/td>\n<\/tr>\n<tr>\n<td class=\"tree\" style=\"width: 25%;\" rowspan=\"4\">Follies Big Bertha (FIN)<\/td>\n<td class=\"tree\" style=\"width: 25%;\" rowspan=\"2\">CIB FIN EE LT CH W-06 Follies Mon Oncle<\/td>\n<td class=\"tree\" style=\"width: 25%;\">Mallorn&#8217;s Romeo<\/td>\n<\/tr>\n<tr>\n<td class=\"tree\" style=\"width: 25%;\">Tweedledum Folies Bergerer<\/td>\n<\/tr>\n<tr>\n<td class=\"tree\" style=\"width: 25%;\" rowspan=\"2\">Saskian Twix<\/td>\n<td class=\"tree\" style=\"width: 25%;\">FIN CH Palabras Keep On Movin&#8217;<\/td>\n<\/tr>\n<tr>\n<td class=\"tree\" style=\"width: 25%;\">FIN CH Follies Allie<\/td>\n<\/tr>\n<tr>\n<td class=\"tree\" style=\"width: 25%;\" rowspan=\"8\">SLO JCH My Brand Black Velvet<br \/>\n(EST)<\/td>\n<td class=\"tree\" style=\"width: 25%;\" rowspan=\"4\">EST JCH Bubbling Xerox HD A\/A ED 0:0 eyes clear prcd-PRA Clear<br \/>\n(FIN)<\/td>\n<td class=\"tree\" style=\"width: 25%;\" rowspan=\"2\">Mallorn&#8217;s Toblerone<\/td>\n<td class=\"tree\" style=\"width: 25%;\">SW W&#8217;01 NORW FIN SW SH CH Tjotte&#8217;s Broken Arrow<\/td>\n<\/tr>\n<tr>\n<td class=\"tree\" style=\"width: 25%;\">Mallorn&#8217;s MMM Marabou<\/td>\n<\/tr>\n<tr>\n<td class=\"tree\" style=\"width: 25%;\" rowspan=\"2\">Bubbling Me-Oh-My<\/td>\n<td class=\"tree\" style=\"width: 25%;\">GB CH Cambremer Tom Cobbley of Charway<\/td>\n<\/tr>\n<tr>\n<td class=\"tree\" style=\"width: 25%;\">Bubbling Claire De Lune<\/td>\n<\/tr>\n<tr>\n<td class=\"tree\" style=\"width: 25%;\" rowspan=\"4\">My Brand Love Story<br \/>\nHD A\/A ED 0:0 eyes clear<br \/>\n(EST)<\/td>\n<td class=\"tree\" style=\"width: 25%;\" rowspan=\"2\">EST LV LTU BALT BLR CH Loresho Love Mail<\/td>\n<td class=\"tree\" style=\"width: 25%;\">FIN Winner&#8217;03 Mailiksen Gentleman<\/td>\n<\/tr>\n<tr>\n<td class=\"tree\" style=\"width: 25%;\">Loresho Get On<\/td>\n<\/tr>\n<tr>\n<td class=\"tree\" style=\"width: 25%;\" rowspan=\"2\">My Brand Design By Angestel<\/td>\n<td class=\"tree\" style=\"width: 25%;\">NL CH NLV CV&#8217;99 NORD W&#8217;99 Trendmaker&#8217;s Tycoon<\/td>\n<\/tr>\n<tr>\n<td class=\"tree\" style=\"width: 25%;\">INT EST LV LTU BALT RUS BLR CH LT CW&#8217;03 EST W&#8217;02 Dolly<\/td>\n<\/tr>\n<\/tbody>\n<\/table>\n<p><img loading=\"lazy\" decoding=\"async\" class=\"ngg-singlepic ngg-none\" src=\"https:\/\/vana.mybrand.ee\/\/wp-content\/gallery\/velvetlines-zsanette\/victoria-head22months.jpg\" alt=\"Velvetline's Zsanett\" width=\"640\" height=\"480\"><\/p>\n<p><em>Victoria on sellel pildil 21-kuune.<br \/>\n<\/em><\/p>\n<h4>N\u00c4ITUSTE TULEMUSED<\/h4>\n<ul>\n<li>INT Minsk 23.11.2014: &#8220;suurep\u00e4rane&#8221; avaklassis (Ozan Belkis, TUR)<\/li>\n<li>INT Minsk 22.11.2014: &#8220;suurep\u00e4rane&#8221; ja III avaklassis (Luis Manuel Calado Catalan (POR)<\/li>\n<li>Labradoride erin\u00e4itus Savastveres 2.8.2014: \u201csuurep\u00e4rane\u201d ja kolmas koht avaklassis (Margaret Brown, UK)<\/li>\n<li>Labradoride erin\u00e4itus 3.8.2013: avaklassi v\u00f5itja, SK, parim emane-3, SERT (Lene Johansen, DK)<\/li>\n<li>Retriiverite erin\u00e4itus 1.6.2013: noorteklassi kolmas (Saskia Rathenau-Beijerman, NL)<\/li>\n<li>Retriiverite erin\u00e4itus Narva 27.01.2013: noorteklassis II koht, SK (Pia Itkonen, FIN)<\/li>\n<li>Narva rahvuslik 24.11.2012: juuniorklassi v\u00f5itja, juunior-sert = EST JCH, VSP-juunior, parim emane-2 (Petar Klaric, HORV)<\/li>\n<li>Luige rahvuslik 8.09.2012: II juuniorklassis, parim emane-4 (Igor Selimovic, SER)<\/li>\n<li>Retriiverite erin\u00e4itus 18.08.2012 Tallinn: II juuniorklassis (Gary Johnson, kennel Cremino, UK)<\/li>\n<li>Labradoride erin\u00e4itus 17.08.2012 Luigel: juuniorklassi v\u00f5itja, juunior-sert, t\u00f5u parim juunior (Cinzia Masetti Fedi, kennel Dolphingham, IT)<\/li>\n<li>Retriiverite erin\u00e4itus 02.06.2012: juuniorklassi v\u00f5itja, juunior-sert, VSP-juunior (Sigrid Holzen, GER)<\/li>\n<li>Kutsikate &amp; veteranide j\u00f5ulushow 17.12.2011: VSP-beebi (Kalvo Kriisk, EST).<\/li>\n<\/ul>\n<h4>KOHTUNIKUD TEMAST<\/h4>\n<p><strong>Margaret Brown <\/strong>(kennel Ramsayville, UK):<em>&#8220;Beautiful outline in this black, so very well balanced overall, excels a neck and shoulders, excellent topline and tailset, has good angulations front and rear, such a lovely bitch and so well presented and handeled, moves soundly.&#8221;<\/em><\/p>\n<p><strong>Lene Johansen <\/strong>(kennel Dee-Fair, DK): <em>&#8220;Excellent type, lovely head and expression, beautiful neck amd topline, good depth of compact body, good bone and feet, good coat texture, sound mover.&#8221;<\/em><\/p>\n<p><strong>Saskia Rathenau-Beijerman (NL): <\/strong><em>&#8220;Almost 2 years, black, with lot of temperament, feminine head and experession, good neck and angulations fine, bit long in body, coat and topline and tailset OK, moves with lot of temperament.&#8221;<br \/>\n<\/em><\/p>\n<p><strong>Cinzia Masetti Fedi <\/strong>(kennel Dolphingham, IT) 17.08.2012: <em>&#8220;Lovely black bitch enjoying the day, beautiful neck set in well laid down shoulders, good body, deep chest, beautifully made angles in front and rear, nice hocks, tail OK, movement fine covering ground well.&#8221; &#8211; TP juunior. <\/em><\/p>\n<p><strong>Kalvo Kriisk<\/strong> (EST), All Breed Puppy &amp; Veteran show 17.12.2011: <em>\u201cSuurep\u00e4rast t\u00fc\u00fcpi, eriti kaunis pea ja ilmse, suurep\u00e4rane seljajoon ja pikkusega kael, kaunis esirind, v\u00e4ga h\u00e4sti nurgistunud eest ja tagant, v\u00e4ga hea iseloom, suurep\u00e4rane liikuja, v\u00e4ga h\u00e4sti esitatud.&#8221; &#8211; <\/em>VSP-beebi. <em><br \/>\n<\/em><\/p>\n<h4><strong>VEEL PILTE VICTORIAST<\/strong><\/h4>\n<p>ngg_shortcode_1_placeholder<\/p>","protected":false},"excerpt":{"rendered":"<p>EESTI JUUNIORT\u0160EMPION &#8220;Victoria&#8221; * fotol 10-kuune. must emane, BbEe (p\u00e4randab kollast ja pruuni) s\u00fcnd 16.06.2011 kasvataja Mateja Srimpf, Sloveenia Omanik Piret Lees, Tallinn TERVISEUURINGUD: puusad B\/B, k\u00fc\u00fcnarliigesed 0:0 silmad puhtad (sept&#8217;16). prcd-PRA puhas (vanemad puhtad) EIC kandja EKL andmebaasis \u00bb Victoria sai endale justkui iseenesest nime. Ta reisis oma uuele kodumaale, Eestisse, koos Eesti jalgpallimeeskonnaga, [&hellip;]<\/p>\n","protected":false},"author":1,"featured_media":0,"parent":5477,"menu_order":0,"comment_status":"closed","ping_status":"closed","template":"","meta":{"ngg_post_thumbnail":0,"footnotes":""},"class_list":["post-2204","page","type-page","status-publish","hentry"],"_links":{"self":[{"href":"https:\/\/vana.mybrand.ee\/et\/wp-json\/wp\/v2\/pages\/2204","targetHints":{"allow":["GET"]}}],"collection":[{"href":"https:\/\/vana.mybrand.ee\/et\/wp-json\/wp\/v2\/pages"}],"about":[{"href":"https:\/\/vana.mybrand.ee\/et\/wp-json\/wp\/v2\/types\/page"}],"author":[{"embeddable":true,"href":"https:\/\/vana.mybrand.ee\/et\/wp-json\/wp\/v2\/users\/1"}],"replies":[{"embeddable":true,"href":"https:\/\/vana.mybrand.ee\/et\/wp-json\/wp\/v2\/comments?post=2204"}],"version-history":[{"count":0,"href":"https:\/\/vana.mybrand.ee\/et\/wp-json\/wp\/v2\/pages\/2204\/revisions"}],"up":[{"embeddable":true,"href":"https:\/\/vana.mybrand.ee\/et\/wp-json\/wp\/v2\/pages\/5477"}],"wp:attachment":[{"href":"https:\/\/vana.mybrand.ee\/et\/wp-json\/wp\/v2\/media?parent=2204"}],"curies":[{"name":"wp","href":"https:\/\/api.w.org\/{rel}","templated":true}]}}