{"id":2441,"date":"2011-12-20T23:07:29","date_gmt":"2011-12-20T21:07:29","guid":{"rendered":"https:\/\/vana.mybrand.ee"},"modified":"2016-11-03T12:49:36","modified_gmt":"2016-11-03T10:49:36","slug":"my-brand-immaterial-girl","status":"publish","type":"page","link":"https:\/\/vana.mybrand.ee\/et\/about-us\/koerad-minevikust\/my-brand-immaterial-girl\/","title":{"rendered":"My Brand Immaterial Girl"},"content":{"rendered":"<p><\/p>\n<table border=\"0\">\n<tbody>\n<tr>\n<td align=\"left\" valign=\"top\">\n<p><img loading=\"lazy\" decoding=\"async\" class=\"ngg-singlepic ngg-left alignnone\" src=\"https:\/\/vana.mybrand.ee\/\/wp-content\/gallery\/loved-by-others\/liisu-aug09.jpg\" alt=\"My Brand Immaterial Girl\" width=\"400\" height=\"300\" \/><\/p>\n<p><br class=\"spacer_\" \/><\/p>\n<\/td>\n<td align=\"left\" valign=\"top\">\n<h3>&#8220;Liisu&#8221;<\/h3>\n<p>pruun emane,<br \/>\n s\u00fcnd 12.01.2007<\/p>\n<ul>\n<li>puusad A\/A,<\/li>\n<li>k\u00fc\u00fcnarliigesed 0:0<\/li>\n<li>silmad puhtad,<\/li>\n<li>prcd-PRA kandja<\/li>\n<li>EIC puhas (N\/N)<\/li>\n<\/ul>\n<p>Olemas k\u00f5ik hambad.<\/p>\n<p><a href=\"http:\/\/register.kennelliit.ee\/reg\/index.php?page=dogCard&amp;dogId=82114\" target=\"_blank\">EKL andmebaasis \u00bb<\/a><\/p>\n<p><em>* pildil 2-aastane. Rohkem pilte Liisu <a href=\"#galerii\">galeriis \u00bb<\/a><\/em><\/p>\n<\/td>\n<\/tr>\n<\/tbody>\n<\/table>\n<ul>\n<li><strong>Eesti t\u0161empion<\/strong><\/li>\n<li><strong>Eesti V\u00f5itja 2008<\/strong><\/li>\n<li><strong>Eesti Juuniorv\u00f5itja 2008<\/strong><\/li>\n<\/ul>\n<p>&#8230; (iseloomustus peagi)<\/p>\n<p><br class=\"spacer_\" \/><\/p>\n<p><strong>LIISU SUGUPUU:<\/strong><\/p>\n<table class=\"tree\" style=\"border: 1px solid #969696; background-color: #dfe1c8;\" border=\"1\">\n<tbody>\n<tr>\n<td style=\"width: 25%;\" rowspan=\"8\">Mallorn&#8217;s Chocomania HD A\/A ED 0:0 eyes clear *qualified in the field<\/td>\n<td rowspan=\"4\">S Sh CH Tjotte&#8217;s Now Or Never HD A\/A ED 0:1 eyes clear<\/td>\n<td rowspan=\"2\">DK &amp; S CH Cassatas Aladdin Aces<\/td>\n<td>Rocksteady By Night<\/td>\n<\/tr>\n<tr>\n<td>S CH Cassatas Ever                                        Bossa Nova<\/td>\n<\/tr>\n<tr>\n<td rowspan=\"2\">FIN &amp; SW &amp; N CH Tjotte&#8217;s Babysitter&#8217;s Nightmare<\/td>\n<td>AM CH Banner&#8217;s Muskelunge                                        Buckeye<\/td>\n<\/tr>\n<tr>\n<td>N CH Imp&#8217;s Strictly                                        Business<\/td>\n<\/tr>\n<tr>\n<td style=\"width: 25%;\" rowspan=\"4\">FIN CH Boothgate Miz Showbusiness HD B\/B ED 0:0 eyes clear<\/td>\n<td style=\"width: 25%;\" rowspan=\"2\">Brandham Show Stopper<\/td>\n<td style=\"width: 25%;\">Boothgates Kountry                                        Kraft<\/td>\n<\/tr>\n<tr>\n<td>Brandhams Hot Choice                                        For Oulsmi<\/td>\n<\/tr>\n<tr>\n<td rowspan=\"2\">Oulsmi Endless Love<\/td>\n<td>Stormley Craftsman                                        At Ludzka<\/td>\n<\/tr>\n<tr>\n<td>Oulsmi Bold As Brass<span style=\"font-size: small;\"><span style=\"font-family: tahoma,arial,helvetica,sans-serif;\"><br \/>\n <\/span><\/span><\/td>\n<\/tr>\n<tr>\n<td rowspan=\"8\">\n<p><span style=\"font-size: small;\"><span style=\"font-family: tahoma,arial,helvetica,sans-serif;\"> <\/span><\/span>EST LV RUS JCH EST JW&#8217;05 EST W&#8217;05 LV JW&#8217;05 Mallorn&#8217;s Rosabrandy<br \/>\n HD A\/A ED 0:0 eyes clear<br \/>\n (FIN)<span style=\"font-size: small;\"><span style=\"font-family: tahoma,arial,helvetica,sans-serif;\"><br \/>\n <\/span><\/span><\/p>\n<\/td>\n<td rowspan=\"4\">Visions I&#8217;m Able <br \/>\n HD OFA good ED OFA normal, eyes OK<\/td>\n<td rowspan=\"2\">Multi BISS AM CH Sounder&#8217;s Hear Me Roar<\/td>\n<td>Guideline&#8217;s Fat Cat<\/td>\n<\/tr>\n<tr>\n<td>Sounder&#8217;s Vada Of Somis<\/td>\n<\/tr>\n<tr>\n<td rowspan=\"2\">AM CH Kelleygreen Amazing Grace<\/td>\n<td>Visions American Express<\/td>\n<\/tr>\n<tr>\n<td>Kelleygreen Starling<\/td>\n<\/tr>\n<tr>\n<td rowspan=\"4\">Rosanan La Rosa <br \/>\n HD A\/B ED 0:0 eyes OK<\/td>\n<td rowspan=\"2\">Mallorn&#8217;s Arcturus<\/td>\n<td>FIN CH Mallorn&#8217;s Shenandigan<\/td>\n<\/tr>\n<tr>\n<td>FIN CH Boothgates Miz                                        Showbusiness<\/td>\n<\/tr>\n<tr>\n<td rowspan=\"2\">Rosanan Desert Rose<\/td>\n<td>FIN CH Junior-WW&#8217;98 Rosanan Chelsea Bun<\/td>\n<\/tr>\n<tr>\n<td>FIN CH Rosanan Purple                                        Rose<\/td>\n<\/tr>\n<\/tbody>\n<\/table>\n<p><br class=\"spacer_\" \/><\/p>\n<h2>N\u00c4ITUSTE TULEMUSED<\/h2>\n<ul>\n<li>Info peagi.<\/li>\n<\/ul>\n<p><br class=\"spacer_\" \/><\/p>\n<p>Liisu on meie J-pesakonna (10.07.2010) ema, <a href=\"https:\/\/picasaweb.google.com\/maarit.z\/JasperLiisu\" target=\"_blank\">pilte sellest pesakonnast siin<\/a>.<\/p>\n<ul>\n<\/ul>\n<p><a href=\"#wrapper\">[top]<\/a><\/p>\n<p><img loading=\"lazy\" decoding=\"async\" class=\"ngg-singlepic ngg-none\" src=\"https:\/\/vana.mybrand.ee\/\/wp-content\/gallery\/my-brand-immaterial-girl\/mb-immaterial-girl-16m-074.jpg\" alt=\"My Brand Immaterial Girl\" width=\"600\" height=\"450\" \/><\/p>\n<h2>KATSETE TULEMUSED<strong><br \/>\n <\/strong><\/h2>\n<ul>\n<li>L\u00e4binud retriiverite t\u00f5ukatsed 13.06.2009 (kohtunik Risto Heikkonen, FIN) = rahvusvaheline t\u00f6\u00f6sertifikaat. <\/li>\n<li>2 x III j\u00e4rk s\u00f5nakuulelikkuse algklassis.<\/li>\n<\/ul>\n<h2>KOHTUNIKUD LIISU KOHTA<\/h2>\n<p><strong>Eva Mjelde<\/strong> (NORW, kennel Surprisings) Eesti  V\u00f5itja\u201909 \u2013 \u201clovely chocolate bitch, sweet feminine head with good  expression, lovely neck and shoulders, well made topline with good rear  end, in good coat, moves with ease and drive.\u201d<\/p>\n<p><strong>Gunilla Ek<\/strong> (SW, kennel Attikonak) Labradoride  erin\u00e4itus 9.11.08 \u2013 \u201cwhat a lovely chocolate nearly 2 years of age,  lovely feminine head, excellent eye colour, well placed shoulders, with  level topline and well set tail, excellent substance in body and bones,  moves very well, excellent coat texture and color.\u201d<\/p>\n<p><strong>Tom Grant<\/strong> (UK, kennel Simandem) Retriiverite  erin\u00e4itus 16.08.08 \u2013 \u201cnice feminine head, good eye shape, would prefer  darker eye, nice neck and topline, good depth and spring of rib, good  angulations front and rear, moved very well, good feet.\u201d<\/p>\n<p><a href=\"#wrapper\">[top]<\/a><\/p>\n<p><a name=\"galerii\"><\/a>ngg_shortcode_1_placeholder<\/p>\n<h2>LIISU VIDEOD<\/h2>\n<p>Sellel videol on Liisu esimene pesakond, mis s\u00fcndis 10.07.2011 ja millest on p\u00e4rit EST JCH My Brand Jamaican Soul, EST LV JCH My Brand June Bug, RUS JCH My Brand Jasmine, t\u00f5ukatsed l\u00e4binud My Brand Jazz Del Mar ja My Brand Jazz Man Do ning mitmed teised toredad koerad. Video tehtud 2,5 n\u00e4dalat peale kutsikate s\u00fcndi.<\/p>\n<p>httpv:\/\/www.youtube.com\/watch?v=BJpqfoDnsFo&amp;feature=g-upl&amp;context=G2db8e2fAUAAAAAAAXAA<\/p>\n<p><a href=\"#wrapper\">[top]<\/a><\/p>\n<p><\/p>","protected":false},"excerpt":{"rendered":"<p>&#8220;Liisu&#8221; pruun emane, s\u00fcnd 12.01.2007 puusad A\/A, k\u00fc\u00fcnarliigesed 0:0 silmad puhtad, prcd-PRA kandja EIC puhas (N\/N) Olemas k\u00f5ik hambad. EKL andmebaasis \u00bb * pildil 2-aastane. Rohkem pilte Liisu galeriis \u00bb Eesti t\u0161empion Eesti V\u00f5itja 2008 Eesti Juuniorv\u00f5itja 2008 &#8230; (iseloomustus peagi) LIISU SUGUPUU: Mallorn&#8217;s Chocomania HD A\/A ED 0:0 eyes clear *qualified in the field [&hellip;]<\/p>\n","protected":false},"author":1,"featured_media":0,"parent":5477,"menu_order":0,"comment_status":"closed","ping_status":"closed","template":"","meta":{"ngg_post_thumbnail":0,"footnotes":""},"class_list":["post-2441","page","type-page","status-publish","hentry"],"_links":{"self":[{"href":"https:\/\/vana.mybrand.ee\/et\/wp-json\/wp\/v2\/pages\/2441","targetHints":{"allow":["GET"]}}],"collection":[{"href":"https:\/\/vana.mybrand.ee\/et\/wp-json\/wp\/v2\/pages"}],"about":[{"href":"https:\/\/vana.mybrand.ee\/et\/wp-json\/wp\/v2\/types\/page"}],"author":[{"embeddable":true,"href":"https:\/\/vana.mybrand.ee\/et\/wp-json\/wp\/v2\/users\/1"}],"replies":[{"embeddable":true,"href":"https:\/\/vana.mybrand.ee\/et\/wp-json\/wp\/v2\/comments?post=2441"}],"version-history":[{"count":0,"href":"https:\/\/vana.mybrand.ee\/et\/wp-json\/wp\/v2\/pages\/2441\/revisions"}],"up":[{"embeddable":true,"href":"https:\/\/vana.mybrand.ee\/et\/wp-json\/wp\/v2\/pages\/5477"}],"wp:attachment":[{"href":"https:\/\/vana.mybrand.ee\/et\/wp-json\/wp\/v2\/media?parent=2441"}],"curies":[{"name":"wp","href":"https:\/\/api.w.org\/{rel}","templated":true}]}}