{"id":2878,"date":"2012-11-11T21:30:34","date_gmt":"2012-11-11T19:30:34","guid":{"rendered":"https:\/\/vana.mybrand.ee"},"modified":"2016-11-03T12:50:02","modified_gmt":"2016-11-03T10:50:02","slug":"tweedledum-baila-baila","status":"publish","type":"page","link":"https:\/\/vana.mybrand.ee\/et\/about-us\/koerad-minevikust\/tweedledum-baila-baila\/","title":{"rendered":"Tweedledum Baila Baila"},"content":{"rendered":"<p><\/p>\n<table border=\"0\">\n<tbody>\n<tr>\n<td valign=\"top\"><img loading=\"lazy\" decoding=\"async\" class=\"ngg-singlepic ngg-none\" src=\"https:\/\/vana.mybrand.ee\/\/wp-content\/gallery\/tweedledum-baila-baila\/ria-5m.jpg\" alt=\"Tweedledum Baila Baila\" width=\"400\" height=\"300\" \/><\/td>\n<td valign=\"top\">\n<h3>&#8220;Riia&#8221;<\/h3>\n<p>kollane emane<br \/>\ns\u00fcnd: 22.5.2012<br \/>\nkasvataja &amp; kaasomanik Kirsi Luomanen, UK<\/p>\n<p><em>* pildil 5-kuune.<\/em><\/p>\n<h4>TERVISEUURINGUD:<\/h4>\n<ul>\n<li>puusad A\/A,<\/li>\n<li>k\u00fc\u00fcnarliigesed 0:0<\/li>\n<li>silmad puhtad (juuli&#8217;14).<\/li>\n<li>prcd-PRA puhas (vanemad puhtad)<\/li>\n<li><a href=\"http:\/\/jalostus.kennelliitto.fi\/frmKoira.aspx?RekNo=FI46193\/12&amp;R=122\" target=\"_blank\">Soome andmebaasis \u00bb<\/a><\/li>\n<\/ul>\n<\/td>\n<\/tr>\n<\/tbody>\n<\/table>\n<p>Riia on meie imeline tulevikulootus, kes saabus Eestisse novembris 2012. Ta on sedasorti kutsikas, kelle peale j\u00e4\u00e4b pilk kogu aeg pidama, sest ka ringi joostes ta mitte lihtsalt ei peatu, vaid v\u00f5tab siise kauni poosi.<\/p>\n<p>P\u00f6idlad-varbad risti, me loodame, et ta j\u00e4\u00e4b sama kauniks ka t\u00e4iskasvanuna.<\/p>\n<p>Ait\u00e4h, Kirsi, et usaldasid selle kauni kutsika meie hoolde!<\/p>\n<p>Suur t\u00e4nu Evale tema abi eest Riia Eestisse j\u00f5udmisel!<\/p>\n<p><span style=\"font-weight: bold;\">RIA SUGUPUU:<\/span><\/p>\n<table class=\"tree\" style=\"border: 1px solid #969696; background-color: #dfe1c8;\" border=\"1\">\n<tbody>\n<tr>\n<td class=\"tree\" style=\"width: 25%;\" rowspan=\"8\">FIN CH Devonshires London Edition<br \/>\nHD B\/B, ED 0:0, Optigen prcd-PRA Normal\/Clear, EIC Clear (N\/N)<br \/>\n(USA)<\/td>\n<td class=\"tree\" style=\"width: 25%;\" rowspan=\"4\">Am Ch Devonshires Limited Edition, WC<br \/>\n(USA)<\/td>\n<td class=\"tree\" style=\"width: 25%;\" rowspan=\"2\">Timberland Woodsman At Lor-Al<\/td>\n<td class=\"tree\" style=\"width: 25%;\">Lor-Al&#8217;s Direct Deposit<\/td>\n<\/tr>\n<tr>\n<td class=\"tree\" style=\"width: 25%;\">Crossfire The Tempest Timberland<\/td>\n<\/tr>\n<tr>\n<td class=\"tree\" style=\"width: 25%;\" rowspan=\"2\">AM CH Devonshires Abby Lane<\/td>\n<td class=\"tree\" style=\"width: 25%;\">Dickendall Davaron Gable<\/td>\n<\/tr>\n<tr>\n<td class=\"tree\" style=\"width: 25%;\">By Jove Millicent Fenwick<\/td>\n<\/tr>\n<tr>\n<td class=\"tree\" style=\"width: 25%;\" rowspan=\"4\">AM CH Devonshires Darjeeling<br \/>\n(USA)<\/td>\n<td class=\"tree\" style=\"width: 25%;\" rowspan=\"2\">AM CH Lobuff&#8217;s Bobwhite at Chucklebrook<\/td>\n<td class=\"tree\" style=\"width: 25%;\">BISS AM CH Boradors By George<\/td>\n<\/tr>\n<tr>\n<td class=\"tree\" style=\"width: 25%;\">BISS AM CH Lobuff&#8217;s Turtle Dove<\/td>\n<\/tr>\n<tr>\n<td class=\"tree\" style=\"width: 25%;\" rowspan=\"2\">Devonshires Jasmine<\/td>\n<td class=\"tree\" style=\"width: 25%;\">AM CH Dickendall Davaron Gable<\/td>\n<\/tr>\n<tr>\n<td class=\"tree\" style=\"width: 25%;\">Devonshires Time For Tia<\/td>\n<\/tr>\n<tr>\n<td class=\"tree\" style=\"width: 25%;\" rowspan=\"8\">Tweedledum Give N Take<br \/>\nHD A\/A ED 0:0, Eyes Clear, prcd-PRA Normal\/Clear<br \/>\n(FIN)<\/td>\n<td class=\"tree\" style=\"width: 25%;\" rowspan=\"4\">Mallorn&#8217;s Ursus Arctos<br \/>\nHD A\/A ED 0:0<br \/>\nprcd-PRA Normal\/Clear<br \/>\n(FIN)<\/td>\n<td class=\"tree\" style=\"width: 25%;\" rowspan=\"2\">Visions I\u2019m Able<\/td>\n<td class=\"tree\" style=\"width: 25%;\">Multi BISS AM CH Sounder\u2019s Hear Me Roar<\/td>\n<\/tr>\n<tr>\n<td class=\"tree\" style=\"width: 25%;\">AM CH Kelleygreen Amazing Grace<\/td>\n<\/tr>\n<tr>\n<td class=\"tree\" style=\"width: 25%;\" rowspan=\"2\">Mallorn\u2019s Mmm Marabou<\/td>\n<td class=\"tree\" style=\"width: 25%;\">FIN CH Loresho Ozzie<\/td>\n<\/tr>\n<tr>\n<td class=\"tree\" style=\"width: 25%;\">FIN CH Boothgates Miz Showbusiness<\/td>\n<\/tr>\n<tr>\n<td class=\"tree\" style=\"width: 25%;\" rowspan=\"4\">FIN EST CH Tweedledum Purple Evening<br \/>\nHD A\/A ED 0:0 eyes clear Optigen prcd-PRA Normal\/Clear (FIN)<\/td>\n<td class=\"tree\" style=\"width: 25%;\" rowspan=\"2\">FIN Winner\u201903 Mailiksen Gentleman<\/td>\n<td class=\"tree\" style=\"width: 25%;\">FIN SW CH Strongline\u2019s Eternal Flame<\/td>\n<\/tr>\n<tr>\n<td class=\"tree\" style=\"width: 25%;\">FIN CH Mailiksen Lumikki<\/td>\n<\/tr>\n<tr>\n<td class=\"tree\" style=\"width: 25%;\" rowspan=\"2\">Tweedledum Curtain Call<\/td>\n<td class=\"tree\" style=\"width: 25%;\">AM CH Dickendall Arnold<\/td>\n<\/tr>\n<tr>\n<td class=\"tree\" style=\"width: 25%;\">Tweedledum Mascara<\/td>\n<\/tr>\n<\/tbody>\n<\/table>\n<p>&nbsp;<\/p>\n<h2>N\u00e4itustetulemused<\/h2>\n<ul>\n<li>Tallinn Winter Cup&#8217;15 15.02.2015: avaklassi v\u00f5itja, SK, parim emane-4 (Hannele Jokisilta, FIN)<\/li>\n<li>Labradoride erin\u00e4itus Savastveres 2.8.2014: \u201csuurep\u00e4rane\u201d avaklassis (Margaret Brown, UK)<\/li>\n<li>Tallinn Winter Cup 9.2.2014: noorteklassi v\u00f5itja, &#8220;suurep\u00e4rane&#8221;, parim emane-2, reserve-CACIB = CACIB (Damir Skok, CRO)<\/li>\n<li>Soome V\u00f5itja 15.12.2013: noorteklassi II koht, &#8220;suurep\u00e4rane&#8221; ja SK (Noreen Harris, AUS)<\/li>\n<li>P\u00f5hjamaade V\u00f5itja 14.12.2013: noorteklassi II koht, &#8220;suurep\u00e4rane&#8221; ja SK (Iren Naarits, EST)<\/li>\n<li>Helsinki V\u00f5itja 13.12.2013: noorteklassi 4.koht &#8220;suurep\u00e4rane&#8221; (Harry Tast, FIN)<\/li>\n<li>Labradoride erin\u00e4itus Luige 3.8.2013: juuniorklassis &#8220;suurep\u00e4rane&#8221; ja 4.koht (Lene Johansen, DK)<\/li>\n<li>Retriiverite erin\u00e4itus Narva 27.01.2013: kutsikaklassi v\u00f5itja, VSP-kutsikas (Pia Itkonen, FIN)<\/li>\n<\/ul>\n<h2>Kohtunikud tema kohta:<\/h2>\n<p><strong>Margaret Brown <\/strong>(kennel Ramsayville, UK):<em>&#8220;Lovely free-moving yellow, pretty feminine head, good length of muzzle, strong clean neck, excellent topline and tailset, good angulations in front and rear, well constructed overally.&#8221;<\/em><\/p>\n<p><strong>Noreen Harris <\/strong>(AUS): <em>&#8220;Quality bitch, with lovely head and expression, well built front and rear, chest deep and well sprung, good bone and feet, moves very well.&#8221;<\/em><\/p>\n<p><strong>Lene Johansen <\/strong>(kennel Dee-Fair, DK): <em>&#8220;1 year and 2 months old, lovely expression, good neck, good topline, showing tail very well, well-angulated, compact body, good depth, strong bone, good feet, excellent mover.&#8221;<\/em><\/p>\n<h3><strong><a name=\"galerii\"><\/a>TEMA GALERII:<\/strong><\/h3>\n<p>ngg_shortcode_1_placeholder<\/p>","protected":false},"excerpt":{"rendered":"<p>&#8220;Riia&#8221; kollane emane s\u00fcnd: 22.5.2012 kasvataja &amp; kaasomanik Kirsi Luomanen, UK * pildil 5-kuune. TERVISEUURINGUD: puusad A\/A, k\u00fc\u00fcnarliigesed 0:0 silmad puhtad (juuli&#8217;14). prcd-PRA puhas (vanemad puhtad) Soome andmebaasis \u00bb Riia on meie imeline tulevikulootus, kes saabus Eestisse novembris 2012. Ta on sedasorti kutsikas, kelle peale j\u00e4\u00e4b pilk kogu aeg pidama, sest ka ringi joostes ta [&hellip;]<\/p>\n","protected":false},"author":1,"featured_media":0,"parent":5477,"menu_order":0,"comment_status":"closed","ping_status":"closed","template":"","meta":{"ngg_post_thumbnail":0,"footnotes":""},"class_list":["post-2878","page","type-page","status-publish","hentry"],"_links":{"self":[{"href":"https:\/\/vana.mybrand.ee\/et\/wp-json\/wp\/v2\/pages\/2878","targetHints":{"allow":["GET"]}}],"collection":[{"href":"https:\/\/vana.mybrand.ee\/et\/wp-json\/wp\/v2\/pages"}],"about":[{"href":"https:\/\/vana.mybrand.ee\/et\/wp-json\/wp\/v2\/types\/page"}],"author":[{"embeddable":true,"href":"https:\/\/vana.mybrand.ee\/et\/wp-json\/wp\/v2\/users\/1"}],"replies":[{"embeddable":true,"href":"https:\/\/vana.mybrand.ee\/et\/wp-json\/wp\/v2\/comments?post=2878"}],"version-history":[{"count":0,"href":"https:\/\/vana.mybrand.ee\/et\/wp-json\/wp\/v2\/pages\/2878\/revisions"}],"up":[{"embeddable":true,"href":"https:\/\/vana.mybrand.ee\/et\/wp-json\/wp\/v2\/pages\/5477"}],"wp:attachment":[{"href":"https:\/\/vana.mybrand.ee\/et\/wp-json\/wp\/v2\/media?parent=2878"}],"curies":[{"name":"wp","href":"https:\/\/api.w.org\/{rel}","templated":true}]}}