{"id":2930,"date":"2012-12-30T22:24:34","date_gmt":"2012-12-30T20:24:34","guid":{"rendered":"https:\/\/vana.mybrand.ee"},"modified":"2016-11-03T11:52:50","modified_gmt":"2016-11-03T09:52:50","slug":"my-brand-chanel-no-five","status":"publish","type":"page","link":"https:\/\/vana.mybrand.ee\/et\/about-us\/koerad-minevikust\/my-brand-chanel-no-five\/","title":{"rendered":"My Brand Chanel No Five"},"content":{"rendered":"<p><img loading=\"lazy\" decoding=\"async\" src=\"https:\/\/vana.mybrand.ee\/wp-content\/gallery\/my-brand-chanel-no-five\/MB-CHANEL-NO-FIVE-may-2016.jpg\" alt=\"My Brand Chanel No Five\" width=\"1000\" height=\"750\" \/><\/p>\n<h2>&#8220;Peppe&#8221;<\/h2>\n<p><em>* pildil 3-aastane.<\/em><\/p>\n<p>must emane (EeBb, kannab kollast ja pruuni)<br \/>\ns\u00fcnd: 19.02.2012<br \/>\nOmanik Kadri Rebane, Eesti<\/p>\n<h4>TERVISEUURINGUD<em><br \/>\n<\/em><\/h4>\n<ul>\n<li>puusad A\/A<\/li>\n<li>k\u00fc\u00fcnarliigesed 1:1<\/li>\n<li>silmad puhtad (m\u00e4rts&#8217;15)<\/li>\n<li>prcd-PRA puhas (N\/N)<\/li>\n<li>HNPK puhas (N\/N)<\/li>\n<li><a href=\"http:\/\/register.kennelliit.ee\/reg\/index.php?page=dogCard&amp;dogId=150042\" target=\"_blank\">EKL andmebaasis \u00bb<\/a><\/li>\n<\/ul>\n<p>Peppe on kena emane, kelle isaks on USA-s s\u00fcndinud MEX CH Tabatha&#8217;s Caffu Queijeiro ja emaks meie kasvandik CH My Brand Immaterial Girl, kes on omakorda imekauni Mallorn&#8217;s Rosabrandy t\u00fctar.<\/p>\n<h4><img decoding=\"async\" id=\"__wp-temp-img-id\" class=\"aligncenter\" title=\"\" src=\"https:\/\/vana.mybrand.ee\/wp-content\/gallery\/web\/title-bg.png\" alt=\"\" \/><\/h4>\n<p><strong>SUGUPUU<\/strong><\/p>\n<table class=\"tree\" border=\"1\">\n<tbody>\n<tr>\n<td class=\"tree\" style=\"width: 25%;\" rowspan=\"8\">MEX EST CH Tabatha\u2019s Caffu Queijeiro puusad OFA good, k\u00fc\u00fcnarliigesed OFA normal, silmad puhtad, prcd-PRA puhas<br \/>\n(USA)<\/td>\n<td class=\"tree\" style=\"width: 25%;\" rowspan=\"4\">MEX CH Dickendall Bucky<br \/>\n(USA)<\/td>\n<td class=\"tree\" style=\"width: 25%;\" rowspan=\"2\">NL CH NLV CW \u201999 NW \u201999 Trendmaker\u2019s Tycoon<\/td>\n<td class=\"tree\" style=\"width: 25%;\">SW DEN FIN NORD CH Trendmakers Mugwump<\/td>\n<\/tr>\n<tr>\n<td class=\"tree\" style=\"width: 25%;\">Trendmakers Traffic Jam<\/td>\n<\/tr>\n<tr>\n<td class=\"tree\" style=\"width: 25%;\" rowspan=\"2\">Dickendall Barbie<\/td>\n<td class=\"tree\" style=\"width: 25%;\">Mex CH Milton of Little By Little<\/td>\n<\/tr>\n<tr>\n<td class=\"tree\" style=\"width: 25%;\">Tweedledum Calling Texas<\/td>\n<\/tr>\n<tr>\n<td class=\"tree\" style=\"width: 25%;\" rowspan=\"4\">AM CH Tabatha\u2019s Gala WC<br \/>\n(USA)<\/td>\n<td class=\"tree\" style=\"width: 25%;\" rowspan=\"2\">AM CH Dickendall Davaron Gable<\/td>\n<td class=\"tree\" style=\"width: 25%;\">CH Dickendall Arnold<\/td>\n<\/tr>\n<tr>\n<td class=\"tree\" style=\"width: 25%;\">Wolvercote Gaity Girl<\/td>\n<\/tr>\n<tr>\n<td class=\"tree\" style=\"width: 25%;\" rowspan=\"2\">AM CH Tabatha\u2019s Giggle WC<\/td>\n<td class=\"tree\" style=\"width: 25%;\">Scent Trails Tug Of War<\/td>\n<\/tr>\n<tr>\n<td class=\"tree\" style=\"width: 25%;\">AM CAN CH Tabatha\u2019s Dazzle WC<\/td>\n<\/tr>\n<tr>\n<td class=\"tree\" style=\"width: 25%;\" rowspan=\"8\">EST CH EST JW&#8217;08 EST W&#8217;08 My Brand Immaterial Girl HD A\/A ED 0:0, Eyes Clear, prcd-PRA Carrier, EIC Clear (N\/N) (EST)<\/td>\n<td class=\"tree\" style=\"width: 25%;\" rowspan=\"4\">PL SK CH Mallorn\u2019s Chocomania HD A\/A ED 0:0 eyes clear<br \/>\n(FIN)<\/td>\n<td class=\"tree\" style=\"width: 25%;\" rowspan=\"2\">S SH CH Tjotte\u2019s Now Or Never<\/td>\n<td class=\"tree\" style=\"width: 25%;\">DK &amp; S CH Cassatas Aladdin Aces<\/td>\n<\/tr>\n<tr>\n<td class=\"tree\" style=\"width: 25%;\">FIN &amp; SW &amp; N CH Tjotte\u2019s Babysitter\u2019s Nightmare<\/td>\n<\/tr>\n<tr>\n<td class=\"tree\" style=\"width: 25%;\" rowspan=\"2\">FIN CH Boothgate Miz Showbusiness<\/td>\n<td class=\"tree\" style=\"width: 25%;\">Brandham Show Stopper<\/td>\n<\/tr>\n<tr>\n<td class=\"tree\" style=\"width: 25%;\">Oulsmi Endless Love<\/td>\n<\/tr>\n<tr>\n<td class=\"tree\" style=\"width: 25%;\" rowspan=\"4\">EST LV RUS JCH EST JW\u201905 EST W\u201905 LV JW\u201905 Mallorn\u2019s Rosabrandy<br \/>\nHD A\/A ED 0:0 eyes clear<br \/>\n(FIN)<\/td>\n<td class=\"tree\" style=\"width: 25%;\" rowspan=\"2\">Visions I\u2019m Able<\/td>\n<td class=\"tree\" style=\"width: 25%;\">Multi BISS AM CH Sounder\u2019s Hear Me Roar<\/td>\n<\/tr>\n<tr>\n<td class=\"tree\" style=\"width: 25%;\">AM CH Kelleygreen Amazing Grace<\/td>\n<\/tr>\n<tr>\n<td class=\"tree\" style=\"width: 25%;\" rowspan=\"2\">Rosanan La Rosa<\/td>\n<td class=\"tree\" style=\"width: 25%;\">Mallorn&#8217;s Arcturus<\/td>\n<\/tr>\n<tr>\n<td class=\"tree\" style=\"width: 25%;\">Rosanan Desert Rose<\/td>\n<\/tr>\n<\/tbody>\n<\/table>\n<p><img loading=\"lazy\" decoding=\"async\" class=\"ngg-singlepic ngg-none\" src=\"https:\/\/vana.mybrand.ee\/\/wp-content\/gallery\/my-brand-chanel-no-five\/peppe-lillega.jpg\" alt=\"My Brand Chanel No Five\" width=\"640\" height=\"480\" \/><\/p>\n<h4>N\u00c4ITUSETULEMUSED<\/h4>\n<ul>\n<li>Labradoride erin\u00e4itus Savastveres 2.8.2014: &#8220;suurep\u00e4rane&#8221; avaklassis (Margaret Brown, UK)<\/li>\n<li>Rakvere 21.04.2013: &#8220;suurep\u00e4rane&#8221; juuniorklassis (Ramune Kazlauskaite, LIT)<\/li>\n<li>Rakvere 20.04.2013: &#8220;suurep\u00e4rane&#8221; juuniorklassis (Satu Yl\u00e4-Mononen, FIN)<\/li>\n<\/ul>\n<h4>KOHTUNIKUD ON \u00d6ELNUD PEPPE KOHTA<\/h4>\n<ul>\n<li><strong>Margaret Brown<\/strong>, kennel Ramsayville, UK:<br \/>\n<blockquote><p><em> &#8220;Well balanced black, looks extremely well on profile, good shoulder angulation and depth of forechest, excellent topline and tailset, feminine kind head, correct eye colour, moves soundly with easy stride.&#8221;<\/em><\/p><\/blockquote>\n<\/li>\n<\/ul>\n<h4><img decoding=\"async\" id=\"__wp-temp-img-id\" class=\"aligncenter\" title=\"\" src=\"https:\/\/vana.mybrand.ee\/wp-content\/gallery\/web\/title-bg.png\" alt=\"\" \/><\/h4>\n<h4>TEMA GALERII<strong><br \/>\n<\/strong><\/h4>\n<p>ngg_shortcode_1_placeholder<\/p>","protected":false},"excerpt":{"rendered":"<p>&#8220;Peppe&#8221; * pildil 3-aastane. must emane (EeBb, kannab kollast ja pruuni) s\u00fcnd: 19.02.2012 Omanik Kadri Rebane, Eesti TERVISEUURINGUD puusad A\/A k\u00fc\u00fcnarliigesed 1:1 silmad puhtad (m\u00e4rts&#8217;15) prcd-PRA puhas (N\/N) HNPK puhas (N\/N) EKL andmebaasis \u00bb Peppe on kena emane, kelle isaks on USA-s s\u00fcndinud MEX CH Tabatha&#8217;s Caffu Queijeiro ja emaks meie kasvandik CH My Brand [&hellip;]<\/p>\n","protected":false},"author":1,"featured_media":0,"parent":5477,"menu_order":0,"comment_status":"closed","ping_status":"closed","template":"","meta":{"ngg_post_thumbnail":0,"footnotes":""},"class_list":["post-2930","page","type-page","status-publish","hentry"],"_links":{"self":[{"href":"https:\/\/vana.mybrand.ee\/et\/wp-json\/wp\/v2\/pages\/2930","targetHints":{"allow":["GET"]}}],"collection":[{"href":"https:\/\/vana.mybrand.ee\/et\/wp-json\/wp\/v2\/pages"}],"about":[{"href":"https:\/\/vana.mybrand.ee\/et\/wp-json\/wp\/v2\/types\/page"}],"author":[{"embeddable":true,"href":"https:\/\/vana.mybrand.ee\/et\/wp-json\/wp\/v2\/users\/1"}],"replies":[{"embeddable":true,"href":"https:\/\/vana.mybrand.ee\/et\/wp-json\/wp\/v2\/comments?post=2930"}],"version-history":[{"count":0,"href":"https:\/\/vana.mybrand.ee\/et\/wp-json\/wp\/v2\/pages\/2930\/revisions"}],"up":[{"embeddable":true,"href":"https:\/\/vana.mybrand.ee\/et\/wp-json\/wp\/v2\/pages\/5477"}],"wp:attachment":[{"href":"https:\/\/vana.mybrand.ee\/et\/wp-json\/wp\/v2\/media?parent=2930"}],"curies":[{"name":"wp","href":"https:\/\/api.w.org\/{rel}","templated":true}]}}