{"id":2933,"date":"2012-12-30T22:44:35","date_gmt":"2012-12-30T20:44:35","guid":{"rendered":"https:\/\/vana.mybrand.ee"},"modified":"2016-11-03T12:01:57","modified_gmt":"2016-11-03T10:01:57","slug":"my-brand-kiss-from-a-rose","status":"publish","type":"page","link":"https:\/\/vana.mybrand.ee\/et\/about-us\/koerad-minevikust\/my-brand-kiss-from-a-rose\/","title":{"rendered":"My Brand Kiss From A Rose"},"content":{"rendered":"<p><img loading=\"lazy\" decoding=\"async\" src=\"https:\/\/vana.mybrand.ee\/wp-content\/gallery\/my-brand-kiss-from-a-rose\/MB-Kiss-From-A-Rose-apr16-00.jpg\" alt=\"My Brand Kiss From A Rose\" width=\"640\" height=\"480\" \/><\/p>\n<h2>&#8220;Roosi&#8221;<\/h2>\n<p><em>* fotol 3,5-aastane. <\/em><\/p>\n<p>must emane (BBEe, j\u00e4tab kollast)<br \/>\ns\u00fcnd: 6.7.2012<br \/>\nRoosi eest kannab head hoolt Helen H\u00e4\u00e4l, Eesti.<\/p>\n<h4>TERVISEUURINGUD<\/h4>\n<ul>\n<li>puusad B\/B,<\/li>\n<li>k\u00fc\u00fcnarliigesed 0:0<\/li>\n<li>silmad puhtad (aprill&#8217;16)<\/li>\n<li>olemas k\u00f5ik hambad<\/li>\n<li>prcd-PRA puhas (vanemad puhtad)<\/li>\n<li>EIC kandja (N\/EIC)<\/li>\n<li>HNPK N\/N puhas (vanemad puhtad)<\/li>\n<li><a href=\"http:\/\/register.kennelliit.ee\/reg\/index.php?page=dogCard&amp;dogId=156004\" target=\"_blank\">EKL andmebaasis \u00bb<\/a><\/li>\n<\/ul>\n<p>Roosi s\u00fcndis \u00fches v\u00e4ga oodatud pesakonnas. Tema vanemad \u00fchendavad Tabatha&#8217;s ja Dickendall liinide h\u00e4id esindajaid ja meil on olnud Roosi ja tema \u00f5dede-vendade suhtes ka alati hea aimdus. Oma iseloomult on ta t\u00fc\u00fcpiline oma vanemate laps &#8211; rahulik, v\u00e4hen\u00f5udlik, lihtne koos elada ja tore koos asju teha, selline t\u00fc\u00fcpiline must heas\u00fcdamlik labrador, kes saab k\u00f5igiga h\u00e4sti l\u00e4bi.<\/p>\n<h4><img decoding=\"async\" id=\"__wp-temp-img-id\" class=\"aligncenter\" title=\"\" src=\"https:\/\/vana.mybrand.ee\/wp-content\/gallery\/web\/title-bg.png\" alt=\"\" \/><\/h4>\n<p><span style=\"font-weight: bold;\">ROOSI SUGUPUU<\/span><\/p>\n<table class=\"tree\" border=\"1\">\n<tbody>\n<tr>\n<td class=\"tree\" style=\"width: 25%;\" rowspan=\"8\">MEX CH Tabatha\u2019s Caffu Queijeiro HD OFA good, ED OFA normal, Eyes Clear, prcd-PRA Normal\/Clear<br \/>\n(USA)<\/td>\n<td class=\"tree\" style=\"width: 25%;\" rowspan=\"4\">MEX CH Dickendall Bucky<br \/>\n(USA)<\/td>\n<td class=\"tree\" style=\"width: 25%;\" rowspan=\"2\">NL CH NLV CW \u201999 NW \u201999 Trendmaker\u2019s Tycoon<\/td>\n<td class=\"tree\" style=\"width: 25%;\">SW DEN FIN NORD CH Trendmakers Mugwump<\/td>\n<\/tr>\n<tr>\n<td class=\"tree\" style=\"width: 25%;\">Trendmakers Traffic Jam<\/td>\n<\/tr>\n<tr>\n<td class=\"tree\" style=\"width: 25%;\" rowspan=\"2\">Dickendall Barbie<\/td>\n<td class=\"tree\" style=\"width: 25%;\">Mex CH Milton of Little By Little<\/td>\n<\/tr>\n<tr>\n<td class=\"tree\" style=\"width: 25%;\">Tweedledum Calling Texas<\/td>\n<\/tr>\n<tr>\n<td class=\"tree\" style=\"width: 25%;\" rowspan=\"4\">AM CH Tabatha\u2019s Gala WC<br \/>\n(USA)<\/td>\n<td class=\"tree\" style=\"width: 25%;\" rowspan=\"2\">AM CH Dickendall Davaron Gable<\/td>\n<td class=\"tree\" style=\"width: 25%;\">CH Dickendall Arnold<\/td>\n<\/tr>\n<tr>\n<td class=\"tree\" style=\"width: 25%;\">Wolvercote Gaity Girl<\/td>\n<\/tr>\n<tr>\n<td class=\"tree\" style=\"width: 25%;\" rowspan=\"2\">AM CH Tabatha\u2019s Giggle WC<\/td>\n<td class=\"tree\" style=\"width: 25%;\">Scent Trails Tug Of War<\/td>\n<\/tr>\n<tr>\n<td class=\"tree\" style=\"width: 25%;\">AM CAN CH Tabatha\u2019s Dazzle WC<\/td>\n<\/tr>\n<tr>\n<td class=\"tree\" style=\"width: 25%;\" rowspan=\"8\">My Brand Rare Stone Rose HD B\/C ED 0:0, Eyes Clear, prcd-PRA Clear, EIC Clear (N\/N) (EST)<\/td>\n<td class=\"tree\" style=\"width: 25%;\" rowspan=\"4\">BISS CH Big Sky\u2019s Stone Kutter<br \/>\n(USA)<\/td>\n<td class=\"tree\" style=\"width: 25%;\" rowspan=\"2\">AM CH Paradoc\u2019s Tabatha Stonehenge<\/td>\n<td class=\"tree\" style=\"width: 25%;\">AM CH Tabatha&#8217;s Rollick At Carowby JH<\/td>\n<\/tr>\n<tr>\n<td class=\"tree\" style=\"width: 25%;\">AM CH Tabahta&#8217;s Tassel<\/td>\n<\/tr>\n<tr>\n<td class=\"tree\" style=\"width: 25%;\" rowspan=\"2\">Big Sky&#8217;s Sable<\/td>\n<td class=\"tree\" style=\"width: 25%;\">AM CH Empress Big Sky&#8217;s Blood And Guts!!<\/td>\n<\/tr>\n<tr>\n<td class=\"tree\" style=\"width: 25%;\">Tabatha&#8217;s Token Talent<\/td>\n<\/tr>\n<tr>\n<td class=\"tree\" style=\"width: 25%;\" rowspan=\"4\">EST LV RUS JCH BALT JW\u201906 Rocheby Liberty Belle<br \/>\n(UK)<\/td>\n<td class=\"tree\" style=\"width: 25%;\" rowspan=\"2\">GB SH CH Rocheby Whisky Mac<\/td>\n<td class=\"tree\" style=\"width: 25%;\">Poolstead Pretentious At Rocheby<\/td>\n<\/tr>\n<tr>\n<td class=\"tree\" style=\"width: 25%;\">ENG SH CH Rocheby Acorn<\/td>\n<\/tr>\n<tr>\n<td class=\"tree\" style=\"width: 25%;\" rowspan=\"2\">Waterbrook Gentle Breeze Over Rocheby<\/td>\n<td class=\"tree\" style=\"width: 25%;\">Rocheby Old Smokey<\/td>\n<\/tr>\n<tr>\n<td class=\"tree\" style=\"width: 25%;\">Waterbrook Morning Breeze<\/td>\n<\/tr>\n<\/tbody>\n<\/table>\n<p><img loading=\"lazy\" decoding=\"async\" id=\"__wp-temp-img-id\" src=\"https:\/\/vana.mybrand.ee\/wp-content\/gallery\/my-brand-kiss-from-a-rose\/MB-Kiss-From-A-Rose-headshot-Apr16.jpg\" alt=\"My Brand Kiss From A Rose\" width=\"640\" height=\"480\" \/><\/p>\n<h4>N\u00c4ITUSTE TULEMUSED<\/h4>\n<ul>\n<li>Rahvuslik n\u00e4itus 6.9.2014: avaklassi v\u00f5itja, SK, parim emane-2 (Orietta Zilli, ITA)<\/li>\n<li>INT Tallinn 23.8.2014: II koht avaklassis (\u00dcmit \u00d6zkanal, Turkey)<\/li>\n<li>Rahvuslik n\u00e4itus 21.6.2014: noorteklassi v\u00f5itja (Lidija Okle\u0161cen, SLO)<\/li>\n<li>Retriiverite erin\u00e4itus Tallinn 31.5.2013: noorteklassis II koht (Barbara Krumpak, SLO)<\/li>\n<li>Retriiverite erin\u00e4itus Tallinn 1.6.2013: juuniorklassi IV koht (Saskia Rathenau-Beijerman, The Netherlands)<\/li>\n<\/ul>\n<h4>KOHTUNIKUD TEMAST<\/h4>\n<ul>\n<li><strong>Barbara Krumpak <\/strong>(SLO):<br \/>\n<blockquote><p><em>&#8220;almost 2 years old, good size and bones, good head and expression, very well laid shoulders, good topline, good coat and angulations, good feet, still some coat there, a kg less will suit her, still moves well.&#8221;<\/em><\/p><\/blockquote>\n<\/li>\n<li><strong>Saskia Rathenau-Beijerman <\/strong>(The Netherlands):<br \/>\n<blockquote><p><em>&#8220;15 months old, lovely head, very balanced, good front and behind angulations, ribbs OK, good topline and tailset, happy tail, fitting bones.&#8221;<\/em><\/p><\/blockquote>\n<\/li>\n<\/ul>\n<h4><img decoding=\"async\" id=\"__wp-temp-img-id\" class=\"aligncenter\" title=\"\" src=\"https:\/\/vana.mybrand.ee\/wp-content\/gallery\/web\/title-bg.png\" alt=\"\" \/><\/h4>\n<h4>ROOSI GALERII<\/h4>\n<p>ngg_shortcode_1_placeholder<\/p>","protected":false},"excerpt":{"rendered":"<p>&#8220;Roosi&#8221; * fotol 3,5-aastane. must emane (BBEe, j\u00e4tab kollast) s\u00fcnd: 6.7.2012 Roosi eest kannab head hoolt Helen H\u00e4\u00e4l, Eesti. TERVISEUURINGUD puusad B\/B, k\u00fc\u00fcnarliigesed 0:0 silmad puhtad (aprill&#8217;16) olemas k\u00f5ik hambad prcd-PRA puhas (vanemad puhtad) EIC kandja (N\/EIC) HNPK N\/N puhas (vanemad puhtad) EKL andmebaasis \u00bb Roosi s\u00fcndis \u00fches v\u00e4ga oodatud pesakonnas. Tema vanemad \u00fchendavad Tabatha&#8217;s [&hellip;]<\/p>\n","protected":false},"author":1,"featured_media":0,"parent":5477,"menu_order":0,"comment_status":"closed","ping_status":"closed","template":"","meta":{"ngg_post_thumbnail":0,"footnotes":""},"class_list":["post-2933","page","type-page","status-publish","hentry"],"_links":{"self":[{"href":"https:\/\/vana.mybrand.ee\/et\/wp-json\/wp\/v2\/pages\/2933","targetHints":{"allow":["GET"]}}],"collection":[{"href":"https:\/\/vana.mybrand.ee\/et\/wp-json\/wp\/v2\/pages"}],"about":[{"href":"https:\/\/vana.mybrand.ee\/et\/wp-json\/wp\/v2\/types\/page"}],"author":[{"embeddable":true,"href":"https:\/\/vana.mybrand.ee\/et\/wp-json\/wp\/v2\/users\/1"}],"replies":[{"embeddable":true,"href":"https:\/\/vana.mybrand.ee\/et\/wp-json\/wp\/v2\/comments?post=2933"}],"version-history":[{"count":0,"href":"https:\/\/vana.mybrand.ee\/et\/wp-json\/wp\/v2\/pages\/2933\/revisions"}],"up":[{"embeddable":true,"href":"https:\/\/vana.mybrand.ee\/et\/wp-json\/wp\/v2\/pages\/5477"}],"wp:attachment":[{"href":"https:\/\/vana.mybrand.ee\/et\/wp-json\/wp\/v2\/media?parent=2933"}],"curies":[{"name":"wp","href":"https:\/\/api.w.org\/{rel}","templated":true}]}}