{"id":3184,"date":"2013-07-28T01:48:19","date_gmt":"2013-07-27T23:48:19","guid":{"rendered":"https:\/\/vana.mybrand.ee"},"modified":"2021-12-17T20:09:33","modified_gmt":"2021-12-17T18:09:33","slug":"genuine-my-brand-optimus-canis","status":"publish","type":"page","link":"https:\/\/vana.mybrand.ee\/et\/males\/genuine-my-brand-optimus-canis\/","title":{"rendered":"CH Genuine My Brand Optimus Canis ~Lucca~"},"content":{"rendered":"<p><img loading=\"lazy\" decoding=\"async\" src=\"https:\/\/vana.mybrand.ee\/wp-content\/gallery\/genuine-my-brand-optimus-canis\/Geuine-My-Brand-Optimus-Canis2-may2016.jpg\" alt=\"Genuine My Brand Optimus Canis\" width=\"1379\" height=\"920\"><\/p>\n<p><strong>EESTI T\u0160EMPION<br \/>\n<\/strong><strong>EESTI JUUNIORT\u0160EMPION<br \/>\n<\/strong><strong>BALTI JUUNIORV\u00d5ITJA 2015<\/strong><\/p>\n<h2>Genuine My Brand Optimus Canis &#8220;Lucca&#8221;<\/h2>\n<p><em>pildil 22-kuune<\/em><\/p>\n<p>pruun isane (bbEEDD, ei kanna kollast ega dilute geeni)<br \/>\ns\u00fcnd: 23.9.2014<br \/>\nkasvataja Dominika Pieczonka, Poola<br \/>\nkaasomanik Ivo Tombak, Eesti<\/p>\n<h4>TERVISEUURINGUD<\/h4>\n<ul>\n<li>puusad A\/A<\/li>\n<li>k\u00fc\u00fcnarliigesed 0:0<\/li>\n<li>silmad puhtad (dets&#8217;18)<\/li>\n<li>prcd-PRA puhas (vanemad puhtad)<\/li>\n<li>Olemas DNA profiil (Laboklin)<\/li>\n<li>EIC puhas (N\/N)<\/li>\n<li>CNM (Centronuclear Myopathy) puhas (n\/n)<\/li>\n<li>CY (Cystinuria) puhas (n\/n)<\/li>\n<li>HNPK (Hereditary Nasal Parakeratosis) kandja (N\/HNPK)<\/li>\n<li>DM (Degenerative Myelopathy) puhas (n\/n)<\/li>\n<li>HUU (Hyperuricosuria) puhas (n\/n)<\/li>\n<li>PKD (Pyruvate Kinase Deficiency) puhas (n\/n)<\/li>\n<li>Ei kanna pikakarvalisuse geeni<\/li>\n<li><a href=\"http:\/\/register.kennelliit.ee\/index.php?page=dogCard&amp;dogId=206672\" target=\"_blank\" rel=\"noopener noreferrer\">EKL andmebaasis \u00bb<\/a><\/li>\n<\/ul>\n<p>Meil on hea meel, et meile saabus Eestisse meie kunagise k\u00fclalise, Mallorn&#8217;s Chocomania lapselaps ja temas on t\u00f5epoolest n\u00e4ha palju sarnaseid omadusi, kui tema vanaisal.&nbsp; Lucca n\u00e4ol on tegemist v\u00e4ga armsa kutsikaga, oma iseloomult on ta rahulik ja s\u00fcmpaatne, v\u00e4ga lubava v\u00e4limuse ja nutika m\u00f5istusega. Ait\u00e4h, Dominika, et usaldasid ta meile!<\/p>\n<p>Lucca l\u00e4bis t\u00f5ukatsed Reeli Kuhi-Thalfeldt k\u00e4e ja juhtimise all (ait\u00e4h, Reeli!) 30.09.2017 L\u00e4\u00e4nemaal, kohtunikuks Ari-Pekka Fontell.<\/p>\n<p>Esimene pesakond Luccalt s\u00fcndis oktoobris 2016, hoiame pisikestele p\u00f6ialt ja lisame pilte niipea kui v\u00f5imalik.<\/p>\n<p><img decoding=\"async\" class=\"aligncenter\" title=\"\" src=\"https:\/\/vana.mybrand.ee\/wp-content\/gallery\/web\/title-bg.png\" alt=\"\"><\/p>\n<p><span style=\"font-weight: bold;\">LUCCA SUGUPUU<\/span><\/p>\n<p>&nbsp;<\/p>\n<table class=\"tree\">\n<tbody>\n<tr>\n<td class=\"tree\" style=\"width: 25%;\" rowspan=\"8\">INT CH POL JCH POL BLK UKR BUL CH Mallorn\u2019s Black Gangsta<br \/>\nHD A\/A, ED 0:0, prcd-PRA Normal\/Clear, EIC Clear<br \/>\n(FIN)<\/td>\n<td class=\"tree\" style=\"width: 25%;\" rowspan=\"4\">Mallorn&#8217;s Romeo<br \/>\nHD A\/A ED 0:0, prcd-PRA Normal\/Clear, EIC N\/N<br \/>\n(FIN)<\/td>\n<td class=\"tree\" style=\"width: 25%;\" rowspan=\"2\">Visions I\u2019m Able<\/td>\n<td class=\"tree\" style=\"width: 25%;\">Multi BISS AM CH Sounder\u2019s Hear Me Roar<\/td>\n<\/tr>\n<tr>\n<td class=\"tree\" style=\"width: 25%;\">AM CH Kelleygreen Amazing Grace<\/td>\n<\/tr>\n<tr>\n<td class=\"tree\" style=\"width: 25%;\" rowspan=\"2\">Rosanan La Rosa<\/td>\n<td class=\"tree\" style=\"width: 25%;\">Mallorn\u2019s Arcturus<\/td>\n<\/tr>\n<tr>\n<td class=\"tree\" style=\"width: 25%;\">Rosanan Desert Rose<\/td>\n<\/tr>\n<tr>\n<td class=\"tree\" style=\"width: 25%;\" rowspan=\"4\">Mallorn&#8217;s Premium Chocolate<br \/>\nHD A\/A&nbsp; ED 0:0 prcd-PRA Normal\/Clear<br \/>\n(FIN)<\/td>\n<td class=\"tree\" style=\"width: 25%;\" rowspan=\"2\">NORW SW SH CH Mementos Mario<\/td>\n<td class=\"tree\" style=\"width: 25%;\">CH Cha&#8217;s Didrik Champ<\/td>\n<\/tr>\n<tr>\n<td class=\"tree\" style=\"width: 25%;\">CH Mementos Fantasia<\/td>\n<\/tr>\n<tr>\n<td class=\"tree\" style=\"width: 25%;\" rowspan=\"2\">Mallorn&#8217;s Chocomotion<\/td>\n<td class=\"tree\" style=\"width: 25%;\">SW CH Tjotte&#8217;s Now Or Never<\/td>\n<\/tr>\n<tr>\n<td class=\"tree\" style=\"width: 25%;\">FIN CH Boothgates Miz Showbusiness<\/td>\n<\/tr>\n<tr>\n<td class=\"tree\" style=\"width: 25%;\" rowspan=\"8\">Amazing Poppy Optimus Canis<br \/>\nHD A\/A ED 0:0, prcd-PRA Normal\/Clear EIC N\/EIC<br \/>\n(POL)<\/td>\n<td class=\"tree\" style=\"width: 25%;\" rowspan=\"4\">PL SK CH Mallorn&#8217;s Chocomania<br \/>\nHD A\/A ED 0:0 prcd-PRA Normal\/Clear<br \/>\n(FIN)<\/td>\n<td class=\"tree\" style=\"width: 25%;\" rowspan=\"2\">SW SH CH Tjotte\u2019s Now Or Never<\/td>\n<td class=\"tree\" style=\"width: 25%;\">DK &amp; S CH Cassatas Aladdin Aces<\/td>\n<\/tr>\n<tr>\n<td class=\"tree\" style=\"width: 25%;\">FIN &amp; SW &amp; N CH Tjotte\u2019s Babysitter\u2019s Nightmare<\/td>\n<\/tr>\n<tr>\n<td class=\"tree\" style=\"width: 25%;\" rowspan=\"2\">FIN CH Boothgate Miz Showbusiness<\/td>\n<td class=\"tree\" style=\"width: 25%;\">Brandham Show Stopper<\/td>\n<\/tr>\n<tr>\n<td class=\"tree\" style=\"width: 25%;\">Oulsmi Endless Love<\/td>\n<\/tr>\n<tr>\n<td class=\"tree\" style=\"width: 25%;\" rowspan=\"4\">POL JCH PL CH Night Night Optimus Canis<br \/>\nHD A\/A ED 0:0<br \/>\n(POL)<\/td>\n<td class=\"tree\" style=\"width: 25%;\" rowspan=\"2\">POL CH Hercules Poirot Ingver<\/td>\n<td class=\"tree\" style=\"width: 25%;\">Mallorn&#8217;s Arcturus<\/td>\n<\/tr>\n<tr>\n<td class=\"tree\" style=\"width: 25%;\">Aretha Franklin Ingver<\/td>\n<\/tr>\n<tr>\n<td class=\"tree\" style=\"width: 25%;\" rowspan=\"2\">GODIVA z Tuszyna<\/td>\n<td class=\"tree\" style=\"width: 25%;\">Istwan Egon z Krywaldowej Koliby<\/td>\n<\/tr>\n<tr>\n<td class=\"tree\" style=\"width: 25%;\">Latka z Tuszyna<\/td>\n<\/tr>\n<\/tbody>\n<\/table>\n<p><img decoding=\"async\" class=\"aligncenter\" title=\"\" src=\"https:\/\/vana.mybrand.ee\/wp-content\/gallery\/web\/title-bg.png\" alt=\"\"><img loading=\"lazy\" decoding=\"async\" class=\"size-full wp-image-6861\" src=\"http:\/\/vana.mybrand.ee\/wp-content\/uploads\/2018\/12\/img_6527.jpg\" width=\"1920\" height=\"1080\" srcset=\"https:\/\/vana.mybrand.ee\/wp-content\/uploads\/2018\/12\/img_6527.jpg 1600w, https:\/\/vana.mybrand.ee\/wp-content\/uploads\/2018\/12\/img_6527-300x169.jpg 300w, https:\/\/vana.mybrand.ee\/wp-content\/uploads\/2018\/12\/img_6527-768x432.jpg 768w, https:\/\/vana.mybrand.ee\/wp-content\/uploads\/2018\/12\/img_6527-1024x576.jpg 1024w\" sizes=\"auto, (max-width: 1920px) 100vw, 1920px\" \/><\/p>\n<p><img loading=\"lazy\" decoding=\"async\" src=\"https:\/\/vana.mybrand.ee\/wp-content\/gallery\/genuine-my-brand-optimus-canis\/Lucca-head-sept-2018.jpg\" alt=\"Genuine My Brand Optimus Canis\" width=\"1200\" height=\"800\"><\/p>\n<h4>TULEMUSED KATSETELT<\/h4>\n<p>Lucca on l\u00e4binud retriiverite t\u00f5ukatsed 30.09.2017 (kohtunik Ari-Pekka Fontell, FIN), tema koolitajaks ja koerajuhiks oli Reeli Kuhi-Thalfeld, suur ait\u00e4h!<\/p>\n<h4>N\u00c4ITUSTE TULEMUSED<\/h4>\n<table>\n<tbody>\n<tr>\n<th>Kuup\u00e4ev<\/th>\n<th>N\u00e4itus<\/th>\n<th>Kohtunik<\/th>\n<th>Klass<\/th>\n<th>Tulemused<\/th>\n<\/tr>\n<tr>\n<td>16.08.2019<\/td>\n<td><a href=\"https:\/\/online.kennelliit.ee\/show\/show.php?lang=0&amp;show=694\">Labradoride Club Winner 2019, Harjumaa<\/a><\/td>\n<td>Lotta Vuorinen (Finland)<\/td>\n<td>Kasutusklass<\/td>\n<td>SP 2 SK PI3<\/td>\n<\/tr>\n<tr>\n<td>12.03.2017<\/td>\n<td><a href=\"https:\/\/online.kennelliit.ee\/show\/show.php?lang=0&amp;show=426\">Rahvuslik n\u00e4itus, Tallinn<\/a><\/td>\n<td>Dorota Witkowska (Poland)<\/td>\n<td>Avaklass<\/td>\n<td>SP 1 SK PI1 TP<\/td>\n<\/tr>\n<tr>\n<td>11.03.2017<\/td>\n<td><a href=\"https:\/\/online.kennelliit.ee\/show\/show.php?lang=0&amp;show=425\">Rahvuslik n\u00e4itus, Tallinn<\/a><\/td>\n<td>Irina Poletaeva (Finland)<\/td>\n<td>Avaklass<\/td>\n<td>SP 1 SK<\/td>\n<\/tr>\n<tr>\n<td>12.02.2017<\/td>\n<td><a href=\"https:\/\/online.kennelliit.ee\/show\/show.php?lang=0&amp;show=418\">INT &#8220;Tallinn Winter Cup 2017&#8221;, Tallinn<\/a><\/td>\n<td>Zvi Kupferberg (Israel)<\/td>\n<td>Avaklass<\/td>\n<td>SP<\/td>\n<\/tr>\n<tr>\n<td>11.02.2017<\/td>\n<td><a href=\"https:\/\/online.kennelliit.ee\/show\/show.php?lang=0&amp;show=411\">VIII ja IX r\u00fchma n\u00e4itus, Tallinn<\/a><\/td>\n<td>Jari Partanen (Norway)<\/td>\n<td>Avaklass<\/td>\n<td>SP 1 SK PI2 SERT<\/td>\n<\/tr>\n<tr>\n<td>16.07.2016<\/td>\n<td><a href=\"https:\/\/online.kennelliit.ee\/show\/show.php?lang=0&amp;show=379\">Retriiverite erin\u00e4itus, L\u00f5una-Eesti<\/a><\/td>\n<td>Rosa Agostini (Italy)<\/td>\n<td>Noorteklass<\/td>\n<td>SP 1 SK<\/td>\n<\/tr>\n<tr>\n<td>05.06.2016<\/td>\n<td><a href=\"https:\/\/online.kennelliit.ee\/show\/show.php?lang=0&amp;show=332\">INT &#8220;Eesti V\u00f5itja 2016&#8221;, Tallinn<\/a><\/td>\n<td>Alessandro Zeppi (Italy)<\/td>\n<td>Noorteklass<\/td>\n<td>SP 2 SK<\/td>\n<\/tr>\n<tr>\n<td>&nbsp;<\/td>\n<td>&nbsp;<\/td>\n<td>&nbsp;<\/td>\n<td>&nbsp;<\/td>\n<td>&nbsp;<\/td>\n<\/tr>\n<tr>\n<td>17.04.2016<\/td>\n<td><a href=\"https:\/\/online.kennelliit.ee\/show\/show.php?lang=0&amp;show=314\">INT &#8220;Tallinna V\u00f5itja 2016&#8221;, Tallinn<\/a><\/td>\n<td>Dina Korna (Eesti)<\/td>\n<td>Noorteklass<\/td>\n<td>SP 2<\/td>\n<\/tr>\n<tr>\n<td>&nbsp;<\/td>\n<td>&nbsp;<\/td>\n<td>&nbsp;<\/td>\n<td>&nbsp;<\/td>\n<td>&nbsp;<\/td>\n<\/tr>\n<tr>\n<td>27.09.2015<\/td>\n<td><a href=\"https:\/\/online.kennelliit.ee\/show\/show.php?lang=0&amp;show=300\">Rahvuslik n\u00e4itus, Tallinn<\/a><\/td>\n<td>Anne Livo Buvik (Norway)<\/td>\n<td>Juunioriklass<\/td>\n<td>SP 1 SK PI1 TPJ Jun SERT VSP<\/td>\n<\/tr>\n<tr>\n<td>26.09.2015<\/td>\n<td><a href=\"https:\/\/online.kennelliit.ee\/show\/show.php?lang=0&amp;show=299\">Rahvuslik n\u00e4itus, Tallinn<\/a><\/td>\n<td>Ivan Vasiljevic (Serbia)<\/td>\n<td>Juunioriklass<\/td>\n<td>SP 1<\/td>\n<\/tr>\n<tr>\n<td>23.08.2015<\/td>\n<td><a href=\"https:\/\/online.kennelliit.ee\/show\/show.php?lang=0&amp;show=297\">INT &#8220;Balti V\u00f5itja 2015&#8221;, Tallinn<\/a><\/td>\n<td>Sverre Sand (Denmark)<\/td>\n<td>Juunioriklass<\/td>\n<td>SP 1 SK VSPJ Jun SERT<\/td>\n<\/tr>\n<tr>\n<td>21.08.2015<\/td>\n<td><a href=\"https:\/\/online.kennelliit.ee\/show\/show.php?lang=0&amp;show=277\">Labradori retriiverite erin\u00e4itus, Tallinn<\/a><\/td>\n<td>Linda Harvey Major (United Kingdom)<\/td>\n<td>Juunioriklass<\/td>\n<td>SP 1 SK VSPJ Jun SERT<\/td>\n<\/tr>\n<tr>\n<td>29.05.2015<\/td>\n<td><a href=\"https:\/\/online.kennelliit.ee\/show\/show.php?lang=0&amp;show=254\">VIII ja IX r\u00fchma , labradoride erin\u00e4itus, Tallinn<\/a><\/td>\n<td>Paul Collins (United Kingdom)<\/td>\n<td>Kutsikaklass<\/td>\n<td>1 EAH TPK<\/td>\n<\/tr>\n<\/tbody>\n<\/table>\n<h4>KOHTUNIKUD TEMA KOHTA<\/h4>\n<p><strong>Dorota Witkowska, POL:<\/strong><\/p>\n<blockquote><p>&#8220;Good size &amp; proportions &amp; expression, very good masculine head, good long strong neck, correct topline, good forechest and deep chest, excellent movement.&#8221;<\/p><\/blockquote>\n<p><strong>Rosa Agostini, kennel Rosemade, ITA: <\/strong><\/p>\n<blockquote><p><em>&#8220;Very nice strong boy, lovely head and expression, excellent reach of neck, correct front, excellent topline and tailset, correct turn of stifle, would gain with less weight on his body, moves very well front and rear, correct coat for the season.&#8221;<\/em><\/p><\/blockquote>\n<p><strong>Sverre Sand, DK:<\/strong><\/p>\n<blockquote><p><em>&#8220;Junior with good size, masculine head, good stop, normal bite, long neck, good forechest, good front, good topline, well ribs, good angulations, good tailset, good bone, moves with long steps, good coat quality, lovely temperament, well handled.&#8221; <\/em><\/p><\/blockquote>\n<p><strong>Linda Harvey Major, UK:<\/strong><\/p>\n<blockquote><p><em>&#8220;Well-made head, good pigment and coat colour, a little light in eye, clean reach of neck on well-set shoulders, lovely forefront, good spring of rib, correct angulations throughout, neat feet, powerful driving movement.&#8221;<\/em><\/p><\/blockquote>\n<p><strong>Paul Collins<\/strong>, UK:<\/p>\n<blockquote><p><em>&#8220;Very attractive well built chocolate dog, little light in eye color, good clean neck, excellent shoulders, <\/em>good depth of chest, well boned legs, nice stiffle, overall very attractive, very matured for his age.&#8221;<\/p><\/blockquote>\n<p><img decoding=\"async\" class=\"aligncenter\" title=\"\" src=\"https:\/\/vana.mybrand.ee\/wp-content\/gallery\/web\/title-bg.png\" alt=\"\"><\/p>\n<h4>PILTE LUCCAST<strong><br \/>\n<\/strong><\/h4>\n<p>ngg_shortcode_1_placeholder<\/p>","protected":false},"excerpt":{"rendered":"<p>EESTI T\u0160EMPION EESTI JUUNIORT\u0160EMPION BALTI JUUNIORV\u00d5ITJA 2015 Genuine My Brand Optimus Canis &#8220;Lucca&#8221; pildil 22-kuune pruun isane (bbEEDD, ei kanna kollast ega dilute geeni) s\u00fcnd: 23.9.2014 kasvataja Dominika Pieczonka, Poola kaasomanik Ivo Tombak, Eesti TERVISEUURINGUD puusad A\/A k\u00fc\u00fcnarliigesed 0:0 silmad puhtad (dets&#8217;18) prcd-PRA puhas (vanemad puhtad) Olemas DNA profiil (Laboklin) EIC puhas (N\/N) CNM (Centronuclear [&hellip;]<\/p>\n","protected":false},"author":1,"featured_media":0,"parent":6,"menu_order":2,"comment_status":"closed","ping_status":"closed","template":"","meta":{"ngg_post_thumbnail":0,"footnotes":""},"class_list":["post-3184","page","type-page","status-publish","hentry"],"_links":{"self":[{"href":"https:\/\/vana.mybrand.ee\/et\/wp-json\/wp\/v2\/pages\/3184","targetHints":{"allow":["GET"]}}],"collection":[{"href":"https:\/\/vana.mybrand.ee\/et\/wp-json\/wp\/v2\/pages"}],"about":[{"href":"https:\/\/vana.mybrand.ee\/et\/wp-json\/wp\/v2\/types\/page"}],"author":[{"embeddable":true,"href":"https:\/\/vana.mybrand.ee\/et\/wp-json\/wp\/v2\/users\/1"}],"replies":[{"embeddable":true,"href":"https:\/\/vana.mybrand.ee\/et\/wp-json\/wp\/v2\/comments?post=3184"}],"version-history":[{"count":0,"href":"https:\/\/vana.mybrand.ee\/et\/wp-json\/wp\/v2\/pages\/3184\/revisions"}],"up":[{"embeddable":true,"href":"https:\/\/vana.mybrand.ee\/et\/wp-json\/wp\/v2\/pages\/6"}],"wp:attachment":[{"href":"https:\/\/vana.mybrand.ee\/et\/wp-json\/wp\/v2\/media?parent=3184"}],"curies":[{"name":"wp","href":"https:\/\/api.w.org\/{rel}","templated":true}]}}