{"id":32,"date":"2011-01-30T19:53:10","date_gmt":"2011-01-30T17:53:10","guid":{"rendered":"https:\/\/vana.mybrand.ee\/"},"modified":"2025-01-06T12:00:05","modified_gmt":"2025-01-06T10:00:05","slug":"mallorns-el-dorado","status":"publish","type":"page","link":"https:\/\/vana.mybrand.ee\/et\/about-us\/koerad-minevikust\/mallorns-el-dorado\/","title":{"rendered":"Mallorn&#8217;s El Dorado &#8220;Tommy&#8221;"},"content":{"rendered":"<p><\/p>\n<ul>\n<li><strong>JUUNIOR-SERT<\/strong><\/li>\n<li><strong>L\u00c4BINUD JAHIKATSED VEELINNULE = RAHVUSVAHELINE T\u00d6\u00d6SERTIFIKAAT<\/strong><\/li>\n<\/ul>\n<p><img loading=\"lazy\" decoding=\"async\" class=\"ngg-singlepic ngg-none\" src=\"https:\/\/vana.mybrand.ee\/\/wp-content\/gallery\/mallorns-el-dorado\/tommy-3y.jpg\" alt=\"Mallorn's El Dorado\" width=\"500\" height=\"375\"><\/p>\n<p><em>* pildi 3-aastane. <\/em><\/p>\n<p>pruun isane, bbEE, ei j\u00e4ta kollast<br \/>\ns\u00fcnd 8.03.2006<br \/>\nKasvataja Anu Honkapirtti, <a href=\"http:\/\/www.mallorns.com\/\" target=\"_blank\" rel=\"noopener\">kennel Mallorns<\/a>, Soome.<\/p>\n<h4>TERVISEUURINGUD:<\/h4>\n<ul>\n<li>puusad A\/A<\/li>\n<li>k\u00fc\u00fcnarliigesed 0:0<\/li>\n<li>silmad puhtad (Dec&#8217;08)<\/li>\n<li>Optigen prcd-PRA kandja<\/li>\n<li>EIC puhas (N\/N)<\/li>\n<li>olemas k\u00f5ik hambad.<\/li>\n<\/ul>\n<p><a href=\"https:\/\/register.kennelliit.ee\/index.php?page=dogCard&amp;dogId=80596\" target=\"_blank\" rel=\"noopener\">Eesti Kennelliidu andmebaasis \u00bb<\/a><\/p>\n<hr>\n<p>Tommy on t\u00e4pselt nagu tema nimekaim Pipi Pikksuka juttudest, m\u00f5istlik, rahulik, arukas poiss. Sellest hoolimata on ta valmis t\u00f6\u00f6ks ja \u00fcllatas meid kutsikana, kui l\u00e4bis jahikatsed peaaegu pool-kogemata ja t\u00f5i veest ja leidis maalt linnud h\u00e4mmastava kergusega.<br \/>\nOleme olnud laisad teda n\u00e4itustele viima, aga ehk paraneb see viga peagi. Siiani on tema tulemused olnud julgustavad.<br \/>\nAit\u00e4h, Anu, et usaldasid meile selle pruuni m\u00f5mmi!<\/p>\n<p>Tommyl on s\u00fcndinud Eestis kaks pesakonda.<\/p>\n<h4>N\u00c4ITUSETULEMUSED<\/h4>\n<ul>\n<li>Tallinn rahvuslik 6.03.10: kasutusklassi v\u00f5itja (Matti Tuominen, FIN).<\/li>\n<li>Baltic Winner&#8217;09 23.08.2009: avaklassi v\u00f5itja.<\/li>\n<li>Labradoride erin\u00e4itus 11.11.2007: II koht isaste noorteklassis (Bolette Heering, DK).<\/li>\n<li>Rakvere&#8217;07: juuniorklassi v\u00f5itja, juunior-sert, vastassoo parim juunior, parim isane 3.<\/li>\n<li>Labradoride erin\u00e4itus Tallinnas, 19.08.2006: III koht isaste beebiklassis (Jan Roger Sauge, NOR).<\/li>\n<\/ul>\n<h4>T\u00d6\u00d6TULEMUSED<\/h4>\n<ul>\n<li>Tommy l\u00e4bis jahikatsed 6 kuu vanuselt!<\/li>\n<\/ul>\n<p><strong>KOHTUNIKUD TEMAST<\/strong><\/p>\n<p><strong> Tom Grant<\/strong> (UK, kennel Simandem) Retriiverite erin\u00e4itus 16.08.08 &#8211; <em>&#8220;Overall well balanced, good masculine head, good reach of neck, level topline, well angulated front quarters, good depth and spring of rib, short-coupled, in good coat, would prefer better front movement.&#8221;<\/em><\/p>\n<p><strong>Jan Roger Sauge<\/strong> (Norway, kennel Mambrinos), 19.08.2006 Labradoride erin\u00e4itus Tallinnas &#8211; <em>&#8220;very good puppy male, 5 months, good head, neck and front, good bones, would prefer better paws, short body, with lovely lines, good angulations, good movements, lovely colour.&#8221;<\/em> (III koht isaste beebiklassis).<\/p>\n<p><strong>TOMMY SUGUPUU<\/strong><\/p>\n<table class=\"tree\" border=\"1\">\n<tbody>\n<tr>\n<td class=\"tree\" style=\"width: 25%;\" rowspan=\"8\">Nordic Junior Winner&#8217;05 Mallorn&#8217;s Cappucino<br \/>\nHD: A\/A ED: 0:0, eyes clear, Optigen prcd-PRA Normal\/Clear<br \/>\n(FIN)<\/td>\n<td class=\"tree\" style=\"width: 25%;\" rowspan=\"4\">FIN JW&#8217;03 Mallorn&#8217;s Valentine<br \/>\n(FIN)<\/td>\n<td class=\"tree\" style=\"width: 25%;\" rowspan=\"2\">FIN Winner&#8217;03 Mailiksen Gentleman<\/td>\n<td class=\"tree\" style=\"width: 25%;\">FIN S CH Strongline&#8217;s Eternal Flame<\/td>\n<\/tr>\n<tr>\n<td class=\"tree\">FIN CH Mailiksen Lumikki<\/td>\n<\/tr>\n<tr>\n<td class=\"tree\" rowspan=\"2\">FIN CH Mallorn&#8217;s Xanadu<\/td>\n<td class=\"tree\">Winnie&#8217;s Frankfurter Team<\/td>\n<\/tr>\n<tr>\n<td class=\"tree\">FIN CH Mallorn&#8217;s Poison<\/td>\n<\/tr>\n<tr>\n<td class=\"tree\" rowspan=\"4\">Mallorn&#8217;s Cafe Au Lait<br \/>\n(FIN)<\/td>\n<td class=\"tree\" rowspan=\"2\">Bubbling Picasso<\/td>\n<td class=\"tree\">GB CH Cambremer Tom Cobbley of Charway<\/td>\n<\/tr>\n<tr>\n<td class=\"tree\">Bubbling Claire De Lune<\/td>\n<\/tr>\n<tr>\n<td class=\"tree\" rowspan=\"2\">Tjotte&#8217;s Pure Colour At Mallorn&#8217;s<\/td>\n<td class=\"tree\">*** FIN CH JWW&#8217;98 Rosanan Chelsea Bun<\/td>\n<\/tr>\n<tr>\n<td class=\"tree\">N UCH S UCH Imp&#8217;s Strictly Business<\/td>\n<\/tr>\n<tr>\n<td class=\"tree\" rowspan=\"8\">Rosanan La Rosa<br \/>\nHD A\/B ED 0:0, eyes clear,<br \/>\nOptigen prcd-PRA Carrier<br \/>\n(FIN)<\/td>\n<td class=\"tree\" rowspan=\"4\">Mallorn&#8217;s Arcturus<br \/>\nHD B\/B ED 1:0,<br \/>\n3 x BIS<br \/>\n(FIN)<\/td>\n<td class=\"tree\" rowspan=\"2\">FIN CH Mallorn&#8217;s Shenandigan<\/td>\n<td class=\"tree\">Rosanan Whisky Sour<\/td>\n<\/tr>\n<tr>\n<td class=\"tree\">FIN CH Mallorn&#8217;s Opium<\/td>\n<\/tr>\n<tr>\n<td class=\"tree\" rowspan=\"2\">FIN CH Boothgates Miz Showbusiness<\/td>\n<td class=\"tree\">Brandhams Show Stopper<\/td>\n<\/tr>\n<tr>\n<td class=\"tree\">Oulsmi Endless Love<\/td>\n<\/tr>\n<tr>\n<td class=\"tree\" rowspan=\"4\">Rosanan Desert Rose<br \/>\nHD A\/A ED 0:0<br \/>\n(FIN)<\/td>\n<td class=\"tree\" rowspan=\"2\">*** FIN CH Junior-WW&#8217;98 Rosanan Chelsea Bun<\/td>\n<td class=\"tree\">Boothgates Headliner<\/td>\n<\/tr>\n<tr>\n<td class=\"tree\">FIN CH Rosanan Imperial Rose<\/td>\n<\/tr>\n<tr>\n<td class=\"tree\" rowspan=\"2\">FIN CH Rosanan Purple Rose<\/td>\n<td class=\"tree\">Tweedledum Modern Talking<\/td>\n<\/tr>\n<tr>\n<td class=\"tree\">FIN CH Tweedledum Sweet&#8217;N&#8217;Rosy<\/td>\n<\/tr>\n<\/tbody>\n<\/table>\n<p>ngg_shortcode_1_placeholder<\/p>","protected":false},"excerpt":{"rendered":"<p>JUUNIOR-SERT L\u00c4BINUD JAHIKATSED VEELINNULE = RAHVUSVAHELINE T\u00d6\u00d6SERTIFIKAAT * pildi 3-aastane. pruun isane, bbEE, ei j\u00e4ta kollast s\u00fcnd 8.03.2006 Kasvataja Anu Honkapirtti, kennel Mallorns, Soome. TERVISEUURINGUD: puusad A\/A k\u00fc\u00fcnarliigesed 0:0 silmad puhtad (Dec&#8217;08) Optigen prcd-PRA kandja EIC puhas (N\/N) olemas k\u00f5ik hambad. Eesti Kennelliidu andmebaasis \u00bb Tommy on t\u00e4pselt nagu tema nimekaim Pipi Pikksuka juttudest, m\u00f5istlik, [&hellip;]<\/p>\n","protected":false},"author":1,"featured_media":0,"parent":5477,"menu_order":4,"comment_status":"closed","ping_status":"closed","template":"","meta":{"ngg_post_thumbnail":0,"footnotes":""},"class_list":["post-32","page","type-page","status-publish","hentry"],"_links":{"self":[{"href":"https:\/\/vana.mybrand.ee\/et\/wp-json\/wp\/v2\/pages\/32","targetHints":{"allow":["GET"]}}],"collection":[{"href":"https:\/\/vana.mybrand.ee\/et\/wp-json\/wp\/v2\/pages"}],"about":[{"href":"https:\/\/vana.mybrand.ee\/et\/wp-json\/wp\/v2\/types\/page"}],"author":[{"embeddable":true,"href":"https:\/\/vana.mybrand.ee\/et\/wp-json\/wp\/v2\/users\/1"}],"replies":[{"embeddable":true,"href":"https:\/\/vana.mybrand.ee\/et\/wp-json\/wp\/v2\/comments?post=32"}],"version-history":[{"count":0,"href":"https:\/\/vana.mybrand.ee\/et\/wp-json\/wp\/v2\/pages\/32\/revisions"}],"up":[{"embeddable":true,"href":"https:\/\/vana.mybrand.ee\/et\/wp-json\/wp\/v2\/pages\/5477"}],"wp:attachment":[{"href":"https:\/\/vana.mybrand.ee\/et\/wp-json\/wp\/v2\/media?parent=32"}],"curies":[{"name":"wp","href":"https:\/\/api.w.org\/{rel}","templated":true}]}}