{"id":3306,"date":"2013-12-29T14:40:12","date_gmt":"2013-12-29T12:40:12","guid":{"rendered":"https:\/\/vana.mybrand.ee"},"modified":"2019-10-18T23:02:32","modified_gmt":"2019-10-18T21:02:32","slug":"lulaby-baby-malmesbury-optimus-canis","status":"publish","type":"page","link":"https:\/\/vana.mybrand.ee\/et\/about-us\/koerad-minevikust\/lulaby-baby-malmesbury-optimus-canis\/","title":{"rendered":"Lulaby Baby Malmesbury Optimus Canis"},"content":{"rendered":"<p><\/p>\n<ul style=\"list-style-type: square;\">\n<li><strong>EESTI JUUNIORT\u0160EMPION<\/strong><\/li>\n<\/ul>\n<p><img loading=\"lazy\" decoding=\"async\" src=\"https:\/\/vana.mybrand.ee\/wp-content\/gallery\/photos\/Lulaby-Baby-Optimus-Canis-Malmesbury.jpg\" alt=\"Lulaby Baby Malmesbury Optimus Canis\" width=\"1000\" height=\"800\"><\/p>\n<h3>&#8220;Loola&#8221;<\/h3>\n<p><em>* 3-aastane pildil. <\/em><\/p>\n<p>must emane (EEBb, kannab pruuni, ei kanna kollast)<br \/>\ns\u00fcnd: 11.04.2013<br \/>\nkasvataja Dominika Pieczonka, Poola<br \/>\nOmanik Birgit Truus, Eesti.<\/p>\n<h4>TERVISEUURINGUD<\/h4>\n<ul>\n<li>puusad A\/A,<\/li>\n<li>k\u00fc\u00fcnarliigesed 0:0<\/li>\n<li>silmad puhtad (november&#8217;17)<\/li>\n<li>prcd-PRA puhas (vanemad puhtad)<\/li>\n<li>EIC puhas (N\/N)<\/li>\n<li>HNPK N\/N puhas (vanemad puhtad)<\/li>\n<li><a href=\"http:\/\/register.kennelliit.ee\/index.php?page=dogCard&amp;dogId=188089\" target=\"_blank\" rel=\"noopener noreferrer\">EKL andmebaasis \u00bb<\/a><\/li>\n<\/ul>\n<p><img decoding=\"async\" class=\"aligncenter\" title=\"\" src=\"https:\/\/vana.mybrand.ee\/wp-content\/gallery\/web\/title-bg.png\" alt=\"\"><\/p>\n<p>Loola on armas must labradorit\u00fcdruk, kes asus elama meie kasvandiku Emma perre ja on alustanud oma n\u00e4ituse- ja katsetekarj\u00e4\u00e4ri v\u00e4ga tunnustustv\u00e4\u00e4rt tulemustega, ait\u00e4h, Birgit!<\/p>\n<p>Olen \u00fctlemata t\u00e4nulik Beatale ja Dominikale, et nad nii toreda labradorineiu raatsisid meile saata!<\/p>\n<p><span style=\"font-weight: bold;\">LOOLA SUGUPUU<\/span><\/p>\n<table class=\"tree\" style=\"border: 1px solid #969696; background-color: #dfe1c8;\" border=\"1\">\n<tbody>\n<tr>\n<td class=\"tree\" style=\"width: 25%;\" rowspan=\"8\">POL JCH Mallorn&#8217;s Black Gangsta<br \/>\nHD A\/A, ED 0:0, prcd-PRA Normal\/Clear, EIC Clear<br \/>\n(FIN)<\/td>\n<td class=\"tree\" style=\"width: 25%;\" rowspan=\"4\">Mallorn&#8217;s Romeo<br \/>\nHD A\/A ED 0:0, prcd-PRA Normal\/Clear, EIC N\/N<br \/>\n(FIN)<\/td>\n<td class=\"tree\" style=\"width: 25%;\" rowspan=\"2\">Visions I\u2019m Able<\/td>\n<td class=\"tree\" style=\"width: 25%;\">Multi BISS AM CH Sounder\u2019s Hear Me Roar<\/td>\n<\/tr>\n<tr>\n<td class=\"tree\" style=\"width: 25%;\">AM CH Kelleygreen Amazing Grace<\/td>\n<\/tr>\n<tr>\n<td class=\"tree\" style=\"width: 25%;\" rowspan=\"2\">Rosanan La Rosa<\/td>\n<td class=\"tree\" style=\"width: 25%;\">Mallorn\u2019s Arcturus<\/td>\n<\/tr>\n<tr>\n<td class=\"tree\" style=\"width: 25%;\">Rosanan Desert Rose<\/td>\n<\/tr>\n<tr>\n<td class=\"tree\" style=\"width: 25%;\" rowspan=\"4\">Mallorn&#8217;s Premium Chocolate<br \/>\nHD A\/A ED 0:0 prcd-PRA Normal\/Clear<br \/>\n(FIN)<\/td>\n<td class=\"tree\" style=\"width: 25%;\" rowspan=\"2\">NORW SW SH CH Mementos Mario<\/td>\n<td class=\"tree\" style=\"width: 25%;\">CH Cha&#8217;s Didrik Champ<\/td>\n<\/tr>\n<tr>\n<td class=\"tree\" style=\"width: 25%;\">CH Mementos Fantasia<\/td>\n<\/tr>\n<tr>\n<td class=\"tree\" style=\"width: 25%;\" rowspan=\"2\">Mallorn&#8217;s Chocomotion<\/td>\n<td class=\"tree\" style=\"width: 25%;\">SW CH Tjotte&#8217;s Now Or Never<\/td>\n<\/tr>\n<tr>\n<td class=\"tree\" style=\"width: 25%;\">FIN CH Boothgates Miz Showbusiness<\/td>\n<\/tr>\n<tr>\n<td class=\"tree\" style=\"width: 25%;\" rowspan=\"8\">Pretty Since Birth Z Grodu Hrabiego Malmesbury<br \/>\nHD A\/A ED 0:0, prcd-PRA Normal\/Clear<br \/>\n(POL)<\/td>\n<td class=\"tree\" style=\"width: 25%;\" rowspan=\"4\">Lab Treasure&#8217;s Windsor<br \/>\nHD A\/A ED 0:0 prcd-PRA Normal\/Clear EIC N\/N<br \/>\n(DK)<\/td>\n<td class=\"tree\" style=\"width: 25%;\" rowspan=\"2\">DK SW CH<br \/>\nGowanvale Balance<\/td>\n<td class=\"tree\" style=\"width: 25%;\">GB SH CH Naiken Kris<\/td>\n<\/tr>\n<tr>\n<td class=\"tree\" style=\"width: 25%;\">Oulsmi Run Away To Gowanvale<\/td>\n<\/tr>\n<tr>\n<td class=\"tree\" style=\"width: 25%;\" rowspan=\"2\">Lab Treasure&#8217;s Hazelnut<\/td>\n<td class=\"tree\" style=\"width: 25%;\">Bonaventure Lubberline Viscount<\/td>\n<\/tr>\n<tr>\n<td class=\"tree\" style=\"width: 25%;\">INT DK SW CH KBH W&#8217;00 NORD W&#8217;00 KBH W&#8217;03 D CH O\u2019Sofina&#8217;s Quite As Nice<\/td>\n<\/tr>\n<tr>\n<td class=\"tree\" style=\"width: 25%;\" rowspan=\"4\">Maroccan Velvet Ushimi HD A\/A ED 0:0, prcd-PRA Normal\/Clear<br \/>\n(POL)<\/td>\n<td class=\"tree\" style=\"width: 25%;\" rowspan=\"2\">SR CH My Faith Tankaram<\/td>\n<td class=\"tree\" style=\"width: 25%;\">Lab Treasure`s Born To Be Wild<\/td>\n<\/tr>\n<tr>\n<td class=\"tree\" style=\"width: 25%;\">Anyan of Great Pleasure<\/td>\n<\/tr>\n<tr>\n<td class=\"tree\" style=\"width: 25%;\" rowspan=\"2\">Maroccan Velvet Misha<\/td>\n<td class=\"tree\" style=\"width: 25%;\">CH Tjotte&#8217;s Buffalo Bandit<\/td>\n<\/tr>\n<tr>\n<td class=\"tree\" style=\"width: 25%;\">PL CH Quite Nice Zandalle<\/td>\n<\/tr>\n<\/tbody>\n<\/table>\n<h4><img loading=\"lazy\" decoding=\"async\" title=\"\" src=\"https:\/\/vana.mybrand.ee\/wp-content\/gallery\/lulaby-baby-malmesbury-optimus-canis\/Juuli-2016-retr-erinaitus-256.jpg\" alt=\"\" width=\"1000\" height=\"667\"><\/h4>\n<h4>N\u00c4ITUSTE TULEMUSED<\/h4>\n<table>\n<tbody>\n<tr>\n<th>Kuup\u00e4ev<\/th>\n<th>N\u00e4itus<\/th>\n<th>Kohtunik<\/th>\n<th>Klass<\/th>\n<th>Tulemused<\/th>\n<\/tr>\n<tr>\n<td>05.08.2018<\/td>\n<td>8 ja 9 r\u00fchma n\u00e4itus, Tartumaa<\/td>\n<td>Viktor Shiyan (Ukraine)<\/td>\n<td>Avaklass<\/td>\n<td>SP 2<\/td>\n<\/tr>\n<tr>\n<td>04.08.2018<\/td>\n<td>8 ja 9 r\u00fchma n\u00e4itus, Tartumaa<\/td>\n<td>Sergii Slukin (Ukraine)<\/td>\n<td>Avaklass<\/td>\n<td>SP 1<\/td>\n<\/tr>\n<tr>\n<td>21.07.2018<\/td>\n<td>Rahvuslik n\u00e4itus, Tartumaa<\/td>\n<td>Dina Korna (Eesti)<\/td>\n<td>Avaklass<\/td>\n<td>SP 3<\/td>\n<\/tr>\n<tr>\n<td>05.02.2017<\/td>\n<td>Rahvuslik n\u00e4itus, Valga spordihall, Valga<\/td>\n<td>James Byrnes (Ireland)<\/td>\n<td>Avaklass<\/td>\n<td>SP 3<\/td>\n<\/tr>\n<tr>\n<td>31.08.2014<\/td>\n<td>K\u00f5ikide t\u00f5ugude n\u00e4itus, V\u00e4imela<\/td>\n<td>Kalvo Kriisk (Eesti)<\/td>\n<td>Noorteklass<\/td>\n<td>SP 1 SK PE1 TP SERT<\/td>\n<\/tr>\n<tr>\n<td>02.08.2014<\/td>\n<td>Labradori retriiverite erin\u00e4itus, Tartu maakond<\/td>\n<td>Margaret Brown (UK)<\/td>\n<td>Juunioriklass<\/td>\n<td>SP 1 SK PE1 VSPJ VSP<\/td>\n<\/tr>\n<tr>\n<td>20.07.2014<\/td>\n<td>K\u00f5ikide t\u00f5ugude n\u00e4itus, Tartumaa<\/td>\n<td>Suncica Lazic (Serbia)<\/td>\n<td>Juunioriklass<\/td>\n<td>SP 1 SK PE2 TPJ Jun SERT<\/td>\n<\/tr>\n<tr>\n<td>19.07.2014<\/td>\n<td>K\u00f5ikide t\u00f5ugude n\u00e4itus, P\u00f5lvamaa<\/td>\n<td>Colm Beattie (Ireland)<\/td>\n<td>Juunioriklass<\/td>\n<td>SP 1 SK PE2 VSPJ Jun SERT<\/td>\n<\/tr>\n<tr>\n<td>14.06.2014<\/td>\n<td>V ja VIII r\u00fchma n\u00e4itus, Tartu maakond, Annikoru, Ratasepa talu<\/td>\n<td>Jo Schepers (Netherlands)<\/td>\n<td>Juunioriklass<\/td>\n<td>SP 1 SK PE1 VSPJ Jun SERT VSP<\/td>\n<\/tr>\n<\/tbody>\n<\/table>\n<h4>KOHTUNIKUD TEMAST<\/h4>\n<p><strong>Margaret Brown <\/strong>(kennel Ramsayville, UK):<\/p>\n<blockquote><p><em>&#8220;&#8230;<\/em><\/p><\/blockquote>\n<h4>PILDID LOOLAST<\/h4>\n<p>ngg_shortcode_1_placeholder<\/p>","protected":false},"excerpt":{"rendered":"<p>EESTI JUUNIORT\u0160EMPION &#8220;Loola&#8221; * 3-aastane pildil. must emane (EEBb, kannab pruuni, ei kanna kollast) s\u00fcnd: 11.04.2013 kasvataja Dominika Pieczonka, Poola Omanik Birgit Truus, Eesti. TERVISEUURINGUD puusad A\/A, k\u00fc\u00fcnarliigesed 0:0 silmad puhtad (november&#8217;17) prcd-PRA puhas (vanemad puhtad) EIC puhas (N\/N) HNPK N\/N puhas (vanemad puhtad) EKL andmebaasis \u00bb Loola on armas must labradorit\u00fcdruk, kes asus elama [&hellip;]<\/p>\n","protected":false},"author":1,"featured_media":0,"parent":5477,"menu_order":2,"comment_status":"closed","ping_status":"closed","template":"","meta":{"ngg_post_thumbnail":0,"footnotes":""},"class_list":["post-3306","page","type-page","status-publish","hentry"],"_links":{"self":[{"href":"https:\/\/vana.mybrand.ee\/et\/wp-json\/wp\/v2\/pages\/3306","targetHints":{"allow":["GET"]}}],"collection":[{"href":"https:\/\/vana.mybrand.ee\/et\/wp-json\/wp\/v2\/pages"}],"about":[{"href":"https:\/\/vana.mybrand.ee\/et\/wp-json\/wp\/v2\/types\/page"}],"author":[{"embeddable":true,"href":"https:\/\/vana.mybrand.ee\/et\/wp-json\/wp\/v2\/users\/1"}],"replies":[{"embeddable":true,"href":"https:\/\/vana.mybrand.ee\/et\/wp-json\/wp\/v2\/comments?post=3306"}],"version-history":[{"count":0,"href":"https:\/\/vana.mybrand.ee\/et\/wp-json\/wp\/v2\/pages\/3306\/revisions"}],"up":[{"embeddable":true,"href":"https:\/\/vana.mybrand.ee\/et\/wp-json\/wp\/v2\/pages\/5477"}],"wp:attachment":[{"href":"https:\/\/vana.mybrand.ee\/et\/wp-json\/wp\/v2\/media?parent=3306"}],"curies":[{"name":"wp","href":"https:\/\/api.w.org\/{rel}","templated":true}]}}