{"id":3316,"date":"2014-01-03T15:54:22","date_gmt":"2014-01-03T13:54:22","guid":{"rendered":"https:\/\/vana.mybrand.ee"},"modified":"2023-09-26T11:41:03","modified_gmt":"2023-09-26T09:41:03","slug":"tawastways-snowholic","status":"publish","type":"page","link":"https:\/\/vana.mybrand.ee\/et\/about-us\/koerad-minevikust\/tawastways-snowholic\/","title":{"rendered":"CH Tawastway\u2019s Snowholic ~Robbie~"},"content":{"rendered":"<p><img loading=\"lazy\" decoding=\"async\" class=\"alignnone\" src=\"https:\/\/vana.mybrand.ee\/wp-content\/gallery\/tawastways-snowholic\/251216-Tawastways-Snowholic_12.jpg\" alt=\"Tawastway's Snowholic\" width=\"1000\" height=\"750\"><\/p>\n<p><strong>EESTI T\u0160EMPION<br \/>\n<\/strong><strong>EESTI JUUNIORT\u0160EMPION<br \/>\n<\/strong><strong>VENEMAA JUUNIORT\u0160EMPION<br \/>\n<\/strong><strong>JUNIOR WINNER TALLINN WINTER CUP&#8217;15<br \/>\n<\/strong><strong>WINNER TALLINN WINTER CUP&#8217;15<br \/>\n<\/strong><strong>L\u00c4BINUD RETRIIVERITE T\u00d5UKATSED &#8211; RAHVUSVAHELINE T\u00d6\u00d6SERTIFIKAAT<\/strong><\/p>\n<h2>Tawastway\u2019s Snowholic &#8220;Robbie&#8221;<\/h2>\n<p><em>pildil 3-aastane <\/em><\/p>\n<p>kollane isane (eeBB, ei j\u00e4ta pruuni)<br \/>\ns\u00fcnd: 21.10.2013<br \/>\nkasvataja P\u00e4ivi Hoffren, kennel Tawastway, Soome<br \/>\nkaasomanik Ele P\u00e4rnpuu, P\u00e4rnu<\/p>\n<h4>TERVISEUURINGUD<em><br \/>\n<\/em><\/h4>\n<ul>\n<li>puusad A\/A<\/li>\n<li>k\u00fc\u00fcnarliigesed 0:0<\/li>\n<li>silmad puhtad (september 2021)<\/li>\n<li>s\u00fcdameuuring ECHO Doppler puhas (september 2021)<\/li>\n<li>olemas k\u00f5ik hambad<\/li>\n<li>prcd-PRA puhas (vanemad puhtad)<\/li>\n<li>EIC Clear N\/N (vanemad puhtad)<\/li>\n<li>CNM (Centronuclear Myopathy) puhas (n\/n)<\/li>\n<li>CY (Cystinuria) puhas (n\/n)<\/li>\n<li>HNPK (Hereditary Nasal Parakeratosis) puhas (N\/N)<\/li>\n<li>DM (Degenerative Myelopathy) puhas (n\/n)<\/li>\n<li>HUU (Hyperuricosuria) puhas (n\/n)<\/li>\n<li>PKD (Pyruvate Kinase Deficiency) puhas (n\/n)<\/li>\n<li><a href=\"http:\/\/jalostus.kennelliitto.fi\/frmKoira.aspx?RekNo=FI55825\/13&amp;R=122\" target=\"_blank\" rel=\"noopener\">Soome andmebaasis \u00bb<\/a><\/li>\n<li><a href=\"http:\/\/register.kennelliit.ee\/index.php?page=dogCard&amp;dogId=194034\" target=\"_blank\" rel=\"noopener\">EKL registris \u00bb<\/a><\/li>\n<\/ul>\n<p><img decoding=\"async\" title=\"\" src=\"https:\/\/vana.mybrand.ee\/wp-content\/gallery\/tawastways-snowholic\/251216-Tawastways-Snowholic_20.jpg\" alt=\"\"><\/p>\n<p><img decoding=\"async\" class=\"aligncenter\" title=\"\" src=\"https:\/\/vana.mybrand.ee\/wp-content\/gallery\/web\/title-bg.png\" alt=\"\"><\/p>\n<h4>M\u00d5NE S\u00d5NAGA ELUST TEMAGA<\/h4>\n<p>M\u00f5ni kutsikas ei lase magada. Selle kutsika pildid ja sugupuu ei lasknud t\u00fckk aega magada, nii et j\u00f5uludeks 2013 j\u00f5udis see armas kollane poiss Eestisse. Tema isaks on USA-s s\u00fcndinud ja Euroopas resideeruv POL JCH JW&#8217;11 SW SH CH Seawind Polish Poker ning emaks kaunis C.I.B. FI EE SW CH Tealway Early Bird.<\/p>\n<p><span style=\"color: #ff0000;\"><strong>NEWS FLASH!<\/strong><\/span> Olles oma elu viiendal ametlikul n\u00e4itusel ning alles 14-kuune, v\u00f5itis Robbie BEST IN SHOW Tartu k\u00f5ikide t\u00f5ugude n\u00e4itusel 11.1.2015! Samal n\u00e4itusel v\u00f5itis ta ka k\u00f5ikide t\u00f5ugude juuniorite BEST IN SHOW v\u00f5istluse! T\u00e4nud kohtunikele, kes pidasid teda selle labradoridele harva osaks langeva au v\u00e4\u00e4riliseks!<\/p>\n<p>Robbie on mitme ilusa pesakonna uhke isa Venemaal, Soomes ja Eestis. Tema terviseuuringud vastavad kehtivatele aretusn\u00f5uetele ja sperma kvaliteet on suurep\u00e4rane (kontrollitud septembris 2021).<\/p>\n<p><strong>ROBBIE SUGUPUU<\/strong><\/p>\n<table class=\"tree\" border=\"1\">\n<tbody>\n<tr>\n<td class=\"tree\" style=\"width: 25%; text-align: left; vertical-align: middle;\" rowspan=\"8\">SW SH CH POL JCH JW&#8217;11 NL CH C.I.B. Seawinds Polish Poker<br \/>\nHD A\/A, ED 0:0, Optigen prcd-PRA Normal\/Clear, EIC Clear (N\/N)<br \/>\n(USA)<\/td>\n<td class=\"tree\" style=\"width: 25%; text-align: left; vertical-align: middle;\" rowspan=\"4\">BISS CH Wit&#8217;s End Jacks Or Better At Blackwing<br \/>\n(USA)<\/td>\n<td class=\"tree\" style=\"width: 25%; text-align: left; vertical-align: middle;\" rowspan=\"2\">BISS CH Blackwing Superfine<\/td>\n<td class=\"tree\" style=\"width: 25%; text-align: left; vertical-align: middle;\">BISS CH Blackwing Santee<\/td>\n<\/tr>\n<tr>\n<td class=\"tree\" style=\"width: 25%; text-align: left; vertical-align: middle;\">AM CH Blackwing Super Freak<\/td>\n<\/tr>\n<tr>\n<td class=\"tree\" style=\"width: 25%; text-align: left; vertical-align: middle;\" rowspan=\"2\">AM CH Wit&#8217;s End Vegas Showgirl<\/td>\n<td class=\"tree\" style=\"width: 25%; text-align: left; vertical-align: middle;\">AM CH Rozzay Hunt Club Clayview Grady<\/td>\n<\/tr>\n<tr>\n<td class=\"tree\" style=\"width: 25%; text-align: left; vertical-align: middle;\">AM CH Windfalls Lubberline Regatta<\/td>\n<\/tr>\n<tr>\n<td class=\"tree\" style=\"width: 25%; text-align: left; vertical-align: middle;\" rowspan=\"4\">AM CH Allegheny&#8217;s Belles Of Ireland<br \/>\n(USA)<\/td>\n<td class=\"tree\" style=\"width: 25%; text-align: left; vertical-align: middle;\" rowspan=\"2\">Dickendall Buckstone Superman JH<\/td>\n<td class=\"tree\" style=\"width: 25%; text-align: left; vertical-align: middle;\">AM CH Dickendall Arnold<\/td>\n<\/tr>\n<tr>\n<td class=\"tree\" style=\"width: 25%; text-align: left; vertical-align: middle;\">AM CH Dickendall Buckstone Lily<\/td>\n<\/tr>\n<tr>\n<td class=\"tree\" style=\"width: 25%; text-align: left; vertical-align: middle;\" rowspan=\"2\">AM CH Allegheny&#8217;s Gem Of Caer Bren JH<\/td>\n<td class=\"tree\" style=\"width: 25%; text-align: left; vertical-align: middle;\">AM CH Tabatha&#8217;s Drifter at Dickendall JH<\/td>\n<\/tr>\n<tr>\n<td class=\"tree\" style=\"width: 25%; text-align: left; vertical-align: middle;\">AM CH Allegheny&#8217;s Crystal JH<\/td>\n<\/tr>\n<tr>\n<td class=\"tree\" style=\"width: 25%; text-align: left; vertical-align: middle;\" rowspan=\"8\">C.I.B FI SW SH EST CH HeVW&#8217;15 EUVW&#8217;16 BENELUXVW&#8217;16 Tealway Early Bird<br \/>\nHD A\/A ED 0:0 eyes clear, prcd-PRA Normal\/Clear, EIC Clear (N\/N)<br \/>\n(FIN)<\/td>\n<td class=\"tree\" style=\"width: 25%; text-align: left; vertical-align: middle;\" rowspan=\"4\">INT &amp; SWISS CH Utter Nonsense of Tintagel Winds HD A\/A ED 0:0 eyes clear<br \/>\n(FRA)<\/td>\n<td class=\"tree\" style=\"width: 25%; text-align: left; vertical-align: middle;\" rowspan=\"2\">Lembas To The Moon And Back JW<\/td>\n<td class=\"tree\" style=\"width: 25%; text-align: left; vertical-align: middle;\">GB SH CH Sandylands Gadabout<\/td>\n<\/tr>\n<tr>\n<td class=\"tree\" style=\"width: 25%; text-align: left; vertical-align: middle;\">Lembas Mysterious Girl<\/td>\n<\/tr>\n<tr>\n<td class=\"tree\" style=\"width: 25%; text-align: left; vertical-align: middle;\" rowspan=\"2\">GB SH CH INT FR SWISS CH&nbsp; Poole&#8217;s Memory of Tintagel Winds<\/td>\n<td class=\"tree\" style=\"width: 25%; text-align: left; vertical-align: middle;\">MULTI-DUAL CH Carromer&#8217;s Charlie Chalk<\/td>\n<\/tr>\n<tr>\n<td class=\"tree\" style=\"width: 25%; text-align: left; vertical-align: middle;\">Trialer Lasting Memory&nbsp; of Tintagel Winds<\/td>\n<\/tr>\n<tr>\n<td class=\"tree\" style=\"width: 25%; text-align: left; vertical-align: middle;\" rowspan=\"4\">FIN CH Bubbling Savannah<br \/>\nHD B\/A ED 0:1 eyes clear<br \/>\n(FIN)<\/td>\n<td class=\"tree\" style=\"width: 25%; text-align: left; vertical-align: middle;\" rowspan=\"2\">C.I.B GB SH CH NORD FIN NO CH Carpenny Walpole<\/td>\n<td class=\"tree\" style=\"width: 25%; text-align: left; vertical-align: middle;\">Hawksmoor Webster<\/td>\n<\/tr>\n<tr>\n<td class=\"tree\" style=\"width: 25%; text-align: left; vertical-align: middle;\">GB SH CH Covetwood Elouise Of Carpenny<\/td>\n<\/tr>\n<tr>\n<td class=\"tree\" style=\"width: 25%; text-align: left; vertical-align: middle;\" rowspan=\"2\">FIN CH&nbsp; Bubbling Me-Oh-My<\/td>\n<td class=\"tree\" style=\"width: 25%; text-align: left; vertical-align: middle;\">GB CH&nbsp; Cambremer Tom Cobbley Of Charway<\/td>\n<\/tr>\n<tr>\n<td class=\"tree\" style=\"width: 25%; text-align: left; vertical-align: middle;\">Bubbling Claire De Lune<\/td>\n<\/tr>\n<\/tbody>\n<\/table>\n<h4>TULEMUSED KATSETELT<\/h4>\n<p>Robbie l\u00e4bis retriiverite t\u00f5ukatsed 24.10.2015 (kohtunik Niko Hiltunen, FIN), tema koolitajaks ja koerajuhiks katsel oli Reeli Kuhi-Thalfeld, suur ait\u00e4h!<\/p>\n<h4>N\u00c4ITUSETULEMUSED<\/h4>\n<ul>\n<li>12.03.2017 Tallinn: t\u0161empionklassi v\u00f5itja, SK, parim isane-4 (Dorota Witkowska, Poola)&nbsp;&nbsp;&nbsp;&nbsp;<\/li>\n<li>11.03.2017 Tallinn: t\u0161empionklassi v\u00f5itja, SK, parim isane-3 (Irina Poletajeva, Soome)<\/li>\n<li>8.r\u00fchma erin\u00e4itus 11.2.2017: III koht t\u0161empionklassis (Jari Partanen, NOR)<\/li>\n<li>Retriiverite erin\u00e4itus Haanjamehe talus 16.7.2016: parim isane, t\u00f5u parim, BEST IN SHOW-3 (Rosa Agostini, kennel Rosemade, ITA)<\/li>\n<li>Retriiverite erin\u00e4itus Luigel 4.6.2016: SP\/3 t\u0161empionklassis, SK (Borje Johansson, SW)<\/li>\n<li>Tallinna V\u00f5itja&#8217;16 17.4.2016: avaklassi v\u00f5itja,parim isane-2, SK, CC = EST CH, reserv-CACIB (Dina Korna, EST)<\/li>\n<li>Balti V\u00f5itja\u201915 Tallinnas 23.8.2015: noorteklassi v\u00f5itja, SK (Sverre Sand, DK)<\/li>\n<li>Labradoride ja siledakarvaliste retriiverite erin\u00e4itus Tallinnas 21.8.2015: II koht noorteklassis, SK, parim isane-4 (Linda Harvey Major, UK)<\/li>\n<li>Eesti V\u00f5itja 31.5.2015: noorteklassi v\u00f5itja, SK (Orlagh Murray, IRE)<\/li>\n<li>Labradoride erin\u00e4itus Tallinnas 29.5.2015: noorteklassi v\u00f5itja, SK, parim isane-3 (Paul Collins, UK)<\/li>\n<li>Tallinn Winter Cup\u201915 15.02.2015: t\u00f5u parim juunior, SK, parim isane, JTWC&#8217;15, TWC&#8217;15 (Hannele Jokisilta, FIN)<\/li>\n<li>Vaimastvere 18.1.2015: II koht juuniorklassis, SK ja parim isane-2 (Zofia Konderla, PL)<\/li>\n<li>Vaimastvere 17.1.2015: II koht juuniorklassis, juunior-sert = EST &amp; RUS JCH, SK ja parim isane-2 (Jerzy Olszewski, PL)<\/li>\n<li>Tartu 11.1.2015: t\u00f5u parim juunior, juunior-SERT, parim isane, t\u00f5u parim! (Anthony Kelly, IRE), r\u00fchma v\u00f5itja (Anthony Kelly, IRE), BIS Juunior (Jose Vidal Montero, SP) &amp; BEST IN SHOW!!! (Anthony Kelly, IRE)<\/li>\n<li>Tartu 10.1.2015: t\u00f5u parim juunior, juunior-SERT, parim isane, t\u00f5u parim! (Jose Vidal Montero, SP), II r\u00fchmas (Igor Vyguzov, RUS) ja BIS-Juunior-3 (Markku Kipin\u00e4, FIN)<\/li>\n<li>Pihkva 28.12.2014: t\u00f5u parim juunior, juunior-SERT (Marina Ostrovskaja, Venemaa)<\/li>\n<li>Narva 29.11.2014: II koht juuniorklassis, &#8220;suurep\u00e4rane&#8221;, SK, parim isane-2 (Vera Smirnova, EST)<\/li>\n<li>Labradoride erin\u00e4itus Savastveres 2.8.2014: \u201csuurep\u00e4rane\u201d juuniorklassis (Margaret Brown, UK)<\/li>\n<li>Retriiverite kutsikate &amp; veteranide show 11.5.2014: oma klassi v\u00f5itja, VSP-kutsikas (Hedi Kumm, EST).<\/li>\n<\/ul>\n<h4>KOHTUNIKUD TEMAST<\/h4>\n<p><strong>Dorota Witkowska, POL:<\/strong><\/p>\n<blockquote><p>&#8220;Good size &amp; proportions &amp; expression, very good head, very good topline, good forechest, enought deep chest, very good movement.&#8221;<\/p><\/blockquote>\n<p><strong>Jari Partanen (NOR):<\/strong><\/p>\n<blockquote><p><em>&#8220;Excellent breed type, super proportions, shown little bit slim condition today, excellent masculine head, very nice expression, good strong neck, good front, nice body depth, excellent croup, nice broad thigh, active otter tail, double coat, well presented.&#8221;<\/em><\/p><\/blockquote>\n<p><strong>Rosa Agostini (kennel Rosemade, ITA):<\/strong><\/p>\n<blockquote><p><em>&#8220;Very nice dog, lovely head and expression, excellent pigment and reach of neck, lovely front, very well balanced overall, short coupled, correct rear and otter tail, moves very well, very well showed.&#8221;<\/em><\/p><\/blockquote>\n<p><strong>Borje Johansson (SW):<\/strong><\/p>\n<blockquote><p><em>&#8220;Well balanced, beautiful head, kind expression, good earset, strong neck &amp; shoulder, marked forechest, excellent ribcage, wide and strong in hindquarters, perfect coat, happy tail, good mover in front.&#8221;<\/em><\/p><\/blockquote>\n<p><strong><strong>Sverre Sand <\/strong><\/strong>(DK):<\/p>\n<blockquote><p><em>&#8220;Nice junior dog, good size, masculine head, good stop, normal bite, well laidback shoulder, good upperarms, good body and well ribs, good angulation, good bone, good coat, moves with long steps, lovely temperament, well handled.&#8221;<\/em><\/p><\/blockquote>\n<p><strong><strong>Linda Harvey Major <\/strong><\/strong>(UK):<\/p>\n<blockquote><p><em>&#8220;Good breed tupe and substance, covered the ring well, lovliest of heads and expression, clean in neck and shoulders, excellent topline and tailset, good depth and spring of rib, powerful hindquarters, steady movement.&#8221;<br \/>\n<\/em><\/p><\/blockquote>\n<p><strong><strong>Orlagh Murray <\/strong><\/strong>(IRE):<\/p>\n<blockquote><p><em>&#8220;Happy animated boy, good angulations front and rear, pleasant head and expression, correct coat, correct tail and tailset, tight feet are settled, moved well and with drive.&#8221;<\/em><\/p><\/blockquote>\n<p><strong><strong>Paul Collins <\/strong><\/strong> (UK):<\/p>\n<blockquote><p><em>&#8220;Very strongly built, good masculine head, excellent shoulders, very good topline, good stiffle, good straight legs from elbow, good hocks, little short in coat, moves well, when settled.&#8221;<\/em><\/p><\/blockquote>\n<p><strong> Zofia Konderla <\/strong>(POL):<\/p>\n<blockquote><p><em>&#8220;Excellent size and proportions of body, excellent top- and underline, excellent set of angulations of legs, excellent forechest &amp; shape of ribs, strong bones, nice head and neck, nice coat, movement and temperament.&#8221;<\/em><\/p><\/blockquote>\n<p><strong>Anthony Kelly <\/strong>(IRE):<\/p>\n<blockquote><p><em> &#8220;Beautiful head, lovely expression, correct earplacement and muzzle, foreleg good and straight , neck and topline good, good body and good depth, hind angulations and hocks ok, coat good, movement could be a little steadier, but overall ok, temperament good.&#8221; <\/em><\/p><\/blockquote>\n<p><strong>Jose Vidal Montero <\/strong>(SP):<\/p>\n<blockquote><p><em>&#8220;masculine, beautiful head and expression, correct bones, good substance of body, excellent chest, topline and angulations, clean movement, excellent proportions of body.&#8221; <\/em><\/p><\/blockquote>\n<p><strong> Vera Smirnova <\/strong>(EST):<\/p>\n<blockquote><p><em>&#8220;Suurep\u00e4rane t\u00fc\u00fcp, hea luustik ja kasv, kaunis pea, tume silm, ilus \u00fclemine joon, hea saba, hea rindkere, head esi- ja taganurgad, hea temperament, liigub h\u00e4sti, v\u00f5imsa tagat\u00f5ukega.&#8221;<\/em><\/p><\/blockquote>\n<p><strong>Hedi Kumm<\/strong> (EST):<\/p>\n<blockquote><p><em>&#8220;Suurep\u00e4rast t\u00fc\u00fcpi ja kasvu r\u00fchikas 6-kuune isane kutsikas, tugev h\u00e4sti v\u00e4ljendunud kael, veel veidi eakohaselt pehme seljajoon, \u00f5ige ilme, tumedate silmadega pea, korrektsed k\u00f5rvad ja hambumus, suurep\u00e4rase asetusega \u00f5lad, hea laiuse ja s\u00fcgavusega \u00fcmar rinnakorv, suurep\u00e4raselt nurgistunud, suurep\u00e4rane tihe ja liibuv ilusa v\u00e4rviga karv, paralleelne hea sammuga r\u00f5\u00f5mus liikuja, kes kasutab h\u00e4sti oma saba, suurep\u00e4rane t\u00f5uomane iseloom, suurep\u00e4raselt n\u00e4idatud.&#8221; <\/em>VSP-kutsikas.<\/p><\/blockquote>\n<h4><img decoding=\"async\" class=\"aligncenter\" title=\"\" src=\"https:\/\/vana.mybrand.ee\/wp-content\/gallery\/web\/title-bg.png\" alt=\"\">GALERII<\/h4>\nngg_shortcode_2_placeholder\n<h4>ROBBIE J\u00c4RGLASED \u00dcLE MAAILMA<\/h4>\n<p>ngg_shortcode_3_placeholder<\/p>","protected":false},"excerpt":{"rendered":"<p>EESTI T\u0160EMPION EESTI JUUNIORT\u0160EMPION VENEMAA JUUNIORT\u0160EMPION JUNIOR WINNER TALLINN WINTER CUP&#8217;15 WINNER TALLINN WINTER CUP&#8217;15 L\u00c4BINUD RETRIIVERITE T\u00d5UKATSED &#8211; RAHVUSVAHELINE T\u00d6\u00d6SERTIFIKAAT Tawastway\u2019s Snowholic &#8220;Robbie&#8221; pildil 3-aastane kollane isane (eeBB, ei j\u00e4ta pruuni) s\u00fcnd: 21.10.2013 kasvataja P\u00e4ivi Hoffren, kennel Tawastway, Soome kaasomanik Ele P\u00e4rnpuu, P\u00e4rnu TERVISEUURINGUD puusad A\/A k\u00fc\u00fcnarliigesed 0:0 silmad puhtad (september 2021) s\u00fcdameuuring ECHO [&hellip;]<\/p>\n","protected":false},"author":1,"featured_media":0,"parent":5477,"menu_order":0,"comment_status":"closed","ping_status":"closed","template":"","meta":{"ngg_post_thumbnail":0,"footnotes":""},"class_list":["post-3316","page","type-page","status-publish","hentry"],"_links":{"self":[{"href":"https:\/\/vana.mybrand.ee\/et\/wp-json\/wp\/v2\/pages\/3316","targetHints":{"allow":["GET"]}}],"collection":[{"href":"https:\/\/vana.mybrand.ee\/et\/wp-json\/wp\/v2\/pages"}],"about":[{"href":"https:\/\/vana.mybrand.ee\/et\/wp-json\/wp\/v2\/types\/page"}],"author":[{"embeddable":true,"href":"https:\/\/vana.mybrand.ee\/et\/wp-json\/wp\/v2\/users\/1"}],"replies":[{"embeddable":true,"href":"https:\/\/vana.mybrand.ee\/et\/wp-json\/wp\/v2\/comments?post=3316"}],"version-history":[{"count":0,"href":"https:\/\/vana.mybrand.ee\/et\/wp-json\/wp\/v2\/pages\/3316\/revisions"}],"up":[{"embeddable":true,"href":"https:\/\/vana.mybrand.ee\/et\/wp-json\/wp\/v2\/pages\/5477"}],"wp:attachment":[{"href":"https:\/\/vana.mybrand.ee\/et\/wp-json\/wp\/v2\/media?parent=3316"}],"curies":[{"name":"wp","href":"https:\/\/api.w.org\/{rel}","templated":true}]}}