{"id":3362,"date":"2014-07-05T02:06:50","date_gmt":"2014-07-05T00:06:50","guid":{"rendered":"https:\/\/vana.mybrand.ee"},"modified":"2020-11-17T15:59:07","modified_gmt":"2020-11-17T13:59:07","slug":"waterlines-think-twice","status":"publish","type":"page","link":"https:\/\/vana.mybrand.ee\/et\/about-us\/koerad-minevikust\/waterlines-think-twice\/","title":{"rendered":"Waterline\u2019s Think Twice"},"content":{"rendered":"<p><img loading=\"lazy\" decoding=\"async\" src=\"https:\/\/vana.mybrand.ee\/wp-content\/gallery\/waterlines-think-twice\/Waterlines-Think-Twice-3y.jpg\" alt=\"Waterline's Think Twice\" width=\"1200\" height=\"800\"><\/p>\n<h2>&#8220;Sammy&#8221;<\/h2>\n<p><em>* fotol 2-aastane.<\/em><\/p>\n<p><span style=\"color: #333333;\">must isane (BBEe, kannab kollast)<\/span><br \/>\n<span style=\"color: #333333;\"> s\u00fcnd 23.11.2013<\/span><br \/>\n<span style=\"color: #333333;\"> Kasvataja Eva Vilamo, Soome.<\/span><\/p>\n<h4><span style=\"color: #333333;\">TERVISEUURINGUD<\/span><\/h4>\n<ul>\n<li><span style=\"color: #333333;\">puusad B\/A<\/span><\/li>\n<li><span style=\"color: #333333;\">k\u00fc\u00fcnarliigesed 0:0<\/span><\/li>\n<li><span style=\"color: #333333;\">silmad puhtad (Nov&#8217;17)<\/span><\/li>\n<li><span style=\"color: #333333;\">prcd-PRA puhas (vanemad puhtad)<\/span><\/li>\n<li><span style=\"color: #333333;\">EIC kandja (n\/EIC)<\/span><\/li>\n<li><span style=\"color: #333333;\">HNPK (Hereditary Nasal Parakeratosis) puhas (n\/n)<\/span><\/li>\n<li><span style=\"color: #333333;\">CNM (<span class=\"ws10\"><span style=\"text-decoration: none;\">Centronuclear Myopathy<\/span><\/span>) puhas (n\/n)<\/span><\/li>\n<li><span style=\"color: #333333;\">CY (Cystinuria) puhas (n\/n)<\/span><\/li>\n<li><span style=\"color: #333333;\">DM (Degenerative Myelopathy) puhas (n\/n)<\/span><\/li>\n<li><span style=\"color: #333333;\">HUU (Hyperuricosuria) puhas (n\/n)<\/span><\/li>\n<li><span style=\"color: #333333;\">PKD (<span class=\"ws10\"><span style=\"text-decoration: none;\">Pyruvate Kinase Deficiency<\/span><\/span>) puhas (n\/n)<\/span><\/li>\n<li><a href=\"http:\/\/jalostus.kennelliitto.fi\/frmKoira.aspx?RekNo=FI26748\/14&amp;R=122\" target=\"_blank\" rel=\"noopener noreferrer\">Soome andmebaasis \u00bb<\/a><\/li>\n<li><a href=\"http:\/\/register.kennelliit.ee\/index.php?page=dogCard&amp;dogId=193826\" target=\"_blank\" rel=\"noopener noreferrer\">EKL registris\u00bb<\/a><\/li>\n<\/ul>\n<p><strong>Sammy viibib 2019 s\u00fcgiseni Hollandis, kennelis <a href=\"http:\/\/tikatrails.nl\" target=\"_blank\" rel=\"noopener noreferrer\">Tika Trails<\/a>.<br \/>\n<\/strong><\/p>\n<p>2016-2017 viibis Sammy aretuslaenus Poolas, kennelis Malmesbury, Beata hea hoole all.<\/p>\n<p>Kui meil avanes v\u00f5imalus Sammy Eestisse tuua, siis olin kohe n\u00f5us, olgugi, et sel hetkel n\u00e4is, et mitte \u00fchtegi koera enam siia majja juurde ei mahu. Kui see noorh\u00e4rra kohale j\u00f5udis, oli tunne, et enam ei saa aru, kuidas me ilma temaga \u00fcldse siin elada saime. Sammy on v\u00e4ga m\u00f5nusa iseloomuga noor isane.<\/p>\n<p>Sellise v\u00f5imsa karva, luustiku ja peaga kutsika puhul on lootused suured ja olin seda rohkem \u00f5nnelik, kui tuli v\u00e4lja, et ka tema terviseuuringud on puhtad.<\/p>\n<p>Oma n\u00e4itusekarj\u00e4\u00e4ri j\u00f5udis ta juba alustada Soomes, labradoride erin\u00e4itusel 7.6.2014. Oma esimesel n\u00e4itusel Eestis, augustis 2014, hinnatud kohtuniku Margaret Browni silma all sai Sammy kutsikaklassis teise koha.<\/p>\n<p><span style=\"font-weight: bold;\">SAMMY SUGUPUU<\/span><\/p>\n<table class=\"tree\" style=\"border: 1px solid #969696; background-color: #dfe1c8;\" border=\"1\">\n<tbody>\n<tr>\n<td class=\"tree\" style=\"width: 25%; vertical-align: middle;\" rowspan=\"8\">AM BISS GCH Mtn Meadow Buckeye Brutus OFA good, ED OFA normal, Eyes Clear, prcd-PRA Normal\/Clear Heart OFA Normal<br \/>\n(USA)<\/td>\n<td class=\"tree\" style=\"width: 25%; vertical-align: middle;\" rowspan=\"4\">AM CH Mtn Meadow Black Eye Affair<br \/>\n(USA)<\/td>\n<td class=\"tree\" style=\"width: 25%; vertical-align: middle;\" rowspan=\"2\">AM CH Kai Den\u00b4s Black Tie Affair JH<\/td>\n<td class=\"tree\" style=\"width: 25%; vertical-align: middle;\">CH Guideline&#8217;s Master Card<\/td>\n<\/tr>\n<tr>\n<td class=\"tree\" style=\"width: 25%; vertical-align: middle;\">CH Hennings Mill Hase&#8217;N to Kai Den WC<\/td>\n<\/tr>\n<tr>\n<td class=\"tree\" style=\"width: 25%; vertical-align: middle;\" rowspan=\"2\">AM CH Mtn Meadow It&#8217;s About Time<\/td>\n<td class=\"tree\" style=\"width: 25%; vertical-align: middle;\">AM CH Dickendall Arnold<\/td>\n<\/tr>\n<tr>\n<td class=\"tree\" style=\"width: 25%; vertical-align: middle;\">Mnt Meadow Party Time<\/td>\n<\/tr>\n<tr>\n<td class=\"tree\" style=\"width: 25%; vertical-align: middle;\" rowspan=\"4\">AM CH Mtn Meadow What a Sight<br \/>\n(USA)<\/td>\n<td class=\"tree\" style=\"width: 25%; vertical-align: middle;\" rowspan=\"2\">AM CH Springbok&#8217;s Out&#8217;A-Sight<\/td>\n<td class=\"tree\" style=\"width: 25%; vertical-align: middle;\">BISS CH Lobuff&#8217;s Bare Necessities CD JH<\/td>\n<\/tr>\n<tr>\n<td class=\"tree\" style=\"width: 25%; vertical-align: middle;\">AM CH Blackthorn Springbok Mujaji<\/td>\n<\/tr>\n<tr>\n<td class=\"tree\" style=\"width: 25%; vertical-align: middle;\" rowspan=\"2\">AM CH Mtn Meadow Lady Godiva<\/td>\n<td class=\"tree\" style=\"width: 25%; vertical-align: middle;\">AM CH Mtn Meadow Romeo<\/td>\n<\/tr>\n<tr>\n<td class=\"tree\" style=\"width: 25%; vertical-align: middle;\">Classic Mt Meadow Lady Luck<\/td>\n<\/tr>\n<tr>\n<td class=\"tree\" style=\"width: 25%; vertical-align: middle;\" rowspan=\"8\">Follies Maryland<br \/>\nHD A\/A ED 0:0, Eyes Clear, prcd-PRA Clear, EIC Carrier (N\/EIC)<br \/>\n(FIN)<\/td>\n<td class=\"tree\" style=\"width: 25%; vertical-align: middle;\" rowspan=\"4\">AM CH Lubberline Martingale<br \/>\n(USA)<\/td>\n<td class=\"tree\" style=\"width: 25%; vertical-align: middle;\" rowspan=\"2\">Hunt Club Clayview Funny Bear<\/td>\n<td class=\"tree\" style=\"width: 25%; vertical-align: middle;\">AM CH Lenches Teddy Bear<\/td>\n<\/tr>\n<tr>\n<td class=\"tree\" style=\"width: 25%; vertical-align: middle;\">Windfall\u00b4s Stand Up Comic<\/td>\n<\/tr>\n<tr>\n<td class=\"tree\" style=\"width: 25%; vertical-align: middle;\" rowspan=\"2\">AM CH Hennings Mill Lubberline Jib<\/td>\n<td class=\"tree\" style=\"width: 25%; vertical-align: middle;\">AM CH Scartho Frost<\/td>\n<\/tr>\n<tr>\n<td class=\"tree\" style=\"width: 25%; vertical-align: middle;\">AM CH Rocheby Rippling Corn<\/td>\n<\/tr>\n<tr>\n<td class=\"tree\" style=\"width: 25%; vertical-align: middle;\" rowspan=\"4\">Tweedledum Folies Bergerer<br \/>\n(FIN)<\/td>\n<td class=\"tree\" style=\"width: 25%; vertical-align: middle;\" rowspan=\"2\">C.I.B FI EE RU CH NORDW-01 FIW-01 FIW-02 Follies Storm Petrel<\/td>\n<td class=\"tree\" style=\"width: 25%; vertical-align: middle;\">FI CH Brookhill\u00b4s Daddy\u00b4s Hope<\/td>\n<\/tr>\n<tr>\n<td class=\"tree\" style=\"width: 25%; vertical-align: middle;\">Follies Olympia<\/td>\n<\/tr>\n<tr>\n<td class=\"tree\" style=\"width: 25%; vertical-align: middle;\" rowspan=\"2\">Tweedledum Curtain Call<\/td>\n<td class=\"tree\" style=\"width: 25%; vertical-align: middle;\">AM CH Dickendall Arnold<\/td>\n<\/tr>\n<tr>\n<td class=\"tree\" style=\"width: 25%; vertical-align: middle;\">Tweedledum Mascara<\/td>\n<\/tr>\n<\/tbody>\n<\/table>\n<p>&nbsp;<\/p>\n<p><img decoding=\"async\" class=\"aligncenter\" title=\"\" src=\"https:\/\/vana.mybrand.ee\/wp-content\/gallery\/web\/title-bg.png\" alt=\"\"><\/p>\n<h4>N\u00c4ITUSTE TULEMUSED<\/h4>\n<ul>\n<li>Labradoride erin\u00e4itus 22.8.2015: noorteklassi v\u00f5itja, SK, SERT, parim isane-2 (Hans Rosenberg, SW)<\/li>\n<li>Labradoride ja siledakarvaliste retriiverite erin\u00e4itus Tallinnas 21.8.2015: III koht noorteklassis, SK (Linda Harvey Major, UK)<\/li>\n<li>Labradoride erin\u00e4itus Tallinnas 29.5.2015: III koht noorteklassis ja &#8220;suurep\u00e4rane&#8221; (Paul Collins, UK)<\/li>\n<li>INT Helsinki 23.5.2015: II koht noorteklassis, SK, parim isane-4 (Hannele Jokisilta, FIN)<\/li>\n<li>R\u00fchman\u00e4itus Savitaipales, Soomes 2.5.2015: noorteklassi v\u00f5itja, parim isane, SERT, t\u00f5u parim (Riitta Liisa Lehtonen, FIN)<\/li>\n<li>Tallinn Winter Cup&#8217;15 15.02.2015: IV koht juuniorklassis ja &#8220;suurep\u00e4rane&#8221; (Hannele Jokisilta, FIN)<\/li>\n<li>INT Minsk &#8220;Autumn&#8217;2014&#8221; 23.11.2014: &#8220;suurep\u00e4rane&#8221; juuniorklassis (Ozan Belkis, Turkey)<\/li>\n<li>INT Minsk &#8220;Belorus&#8217;2014&#8221; 22.11.2014: II koht juuniorklassis ja &#8220;suurep\u00e4rane&#8221; (Luis Manuel Calado Catalan, Portugal)<\/li>\n<li>Labradoride erin\u00e4itus Savastvere 2.8.2014: II koht kutsikaklassis (Margaret Brown, UK)<\/li>\n<li>Labradoride erin\u00e4itus Soomes 7.6.2014: &#8230;<\/li>\n<\/ul>\n<p><img decoding=\"async\" class=\"aligncenter\" title=\"\" src=\"https:\/\/vana.mybrand.ee\/wp-content\/gallery\/web\/title-bg.png\" alt=\"\"><\/p>\n<p>&nbsp;<\/p>\n<h4>KOHTUNIKUD<\/h4>\n<p><strong>Linda Harvey Major <\/strong>(UK)<\/p>\n<blockquote><p><em>&#8220;Strongly made, well muscled throughout, good head and expression, neat feet, good depth of chest, lovely angulation, excellent double coat, powerful mover.&#8221;<br \/>\n<\/em><\/p><\/blockquote>\n<p><strong>Margaret Brown <\/strong>(kennel Ramsayville, UK):<\/p>\n<blockquote><p><em>&#8220;Beautiful head on this black, good balance between head and muzzle, excellent legs and feet, good topline, well balanced overall, moved soundly.&#8221;<\/em><\/p><\/blockquote>\n<h4>PILDID SAMMY&#8217;ST<\/h4>\nngg_shortcode_1_placeholder\n<div id=\"_mcePaste\" style=\"position: absolute; left: -10000px; top: 228px; width: 1px; height: 1px; overflow: hidden;\">http:\/\/jalostus.kennelliitto.fi\/frmKoira.aspx?RekNo=FI26748\/14&amp;R=122<\/div>\n<p><\/p>","protected":false},"excerpt":{"rendered":"<p>&#8220;Sammy&#8221; * fotol 2-aastane. must isane (BBEe, kannab kollast) s\u00fcnd 23.11.2013 Kasvataja Eva Vilamo, Soome. TERVISEUURINGUD puusad B\/A k\u00fc\u00fcnarliigesed 0:0 silmad puhtad (Nov&#8217;17) prcd-PRA puhas (vanemad puhtad) EIC kandja (n\/EIC) HNPK (Hereditary Nasal Parakeratosis) puhas (n\/n) CNM (Centronuclear Myopathy) puhas (n\/n) CY (Cystinuria) puhas (n\/n) DM (Degenerative Myelopathy) puhas (n\/n) HUU (Hyperuricosuria) puhas (n\/n) PKD [&hellip;]<\/p>\n","protected":false},"author":1,"featured_media":0,"parent":5477,"menu_order":4,"comment_status":"closed","ping_status":"closed","template":"","meta":{"ngg_post_thumbnail":0,"footnotes":""},"class_list":["post-3362","page","type-page","status-publish","hentry"],"_links":{"self":[{"href":"https:\/\/vana.mybrand.ee\/et\/wp-json\/wp\/v2\/pages\/3362","targetHints":{"allow":["GET"]}}],"collection":[{"href":"https:\/\/vana.mybrand.ee\/et\/wp-json\/wp\/v2\/pages"}],"about":[{"href":"https:\/\/vana.mybrand.ee\/et\/wp-json\/wp\/v2\/types\/page"}],"author":[{"embeddable":true,"href":"https:\/\/vana.mybrand.ee\/et\/wp-json\/wp\/v2\/users\/1"}],"replies":[{"embeddable":true,"href":"https:\/\/vana.mybrand.ee\/et\/wp-json\/wp\/v2\/comments?post=3362"}],"version-history":[{"count":0,"href":"https:\/\/vana.mybrand.ee\/et\/wp-json\/wp\/v2\/pages\/3362\/revisions"}],"up":[{"embeddable":true,"href":"https:\/\/vana.mybrand.ee\/et\/wp-json\/wp\/v2\/pages\/5477"}],"wp:attachment":[{"href":"https:\/\/vana.mybrand.ee\/et\/wp-json\/wp\/v2\/media?parent=3362"}],"curies":[{"name":"wp","href":"https:\/\/api.w.org\/{rel}","templated":true}]}}