{"id":3492,"date":"2014-10-30T22:20:54","date_gmt":"2014-10-30T20:20:54","guid":{"rendered":"https:\/\/vana.mybrand.ee"},"modified":"2020-05-06T15:39:17","modified_gmt":"2020-05-06T13:39:17","slug":"my-brand-apple-rose","status":"publish","type":"page","link":"https:\/\/vana.mybrand.ee\/et\/about-us\/koerad-minevikust\/my-brand-apple-rose\/","title":{"rendered":"My Brand Apple Rose"},"content":{"rendered":"<p><img loading=\"lazy\" decoding=\"async\" src=\"https:\/\/vana.mybrand.ee\/my-brand-apple-rose\/Rayna-pea.jpg\" alt=\"My Brand Apple Rose\" width=\"640\" height=\"480\"><\/p>\n<h3>&#8220;Rayna&#8221;<\/h3>\n<p>must emane<br \/>\ns\u00fcnd 29.3.2014<br \/>\nkaasomanik Jaana Railamaa, Soome<\/p>\n<h4>TERVISEUURINGUD<\/h4>\n<ul>\n<li>puusad B\/B<\/li>\n<li>k\u00fc\u00fcnarliigesed 0:0<\/li>\n<li>silmad puhtad (aprill 2017)<\/li>\n<li>prcd-PRA puhas (vanemad puhtad)<\/li>\n<li>EIC puhas N\/N (vanemad puhtad)<\/li>\n<li><a href=\"http:\/\/register.kennelliit.ee\/index.php?page=dogCard&amp;dogId=189170\">EKL andmebaasis \u00bb<\/a><\/li>\n<li><a href=\"http:\/\/jalostus.kennelliitto.fi\/frmKoira.aspx?RekNo=FI45641\/14&amp;R=122\" target=\"_blank\" rel=\"noopener noreferrer\">Soome kennelliidu andmebaasis \u00bb<\/a><\/li>\n<\/ul>\n<p>Rohkem infot peagi.<\/p>\n<h4>SUGUPUU:<\/h4>\n<table class=\"tree\" border=\"1\">\n<tbody>\n<tr>\n<td class=\"tree\" style=\"width: 25%;\" rowspan=\"8\">AM BISS GCH Mtn Meadow Buckeye Brutus OFA good, ED OFA normal, Eyes Clear, prcd-PRA Normal\/Clear Heart OFA Normal<br \/>\n(USA)<\/td>\n<td class=\"tree\" style=\"width: 25%;\" rowspan=\"4\">AM CH Mtn Meadow Black Eye Affair (USA)<\/td>\n<td class=\"tree\" style=\"width: 25%;\" rowspan=\"2\">AM CH Kai Den\u00b4s Black Tie Affair JH<\/td>\n<td class=\"tree\" style=\"width: 25%;\">CH Guideline\u2019s Master Card<\/td>\n<\/tr>\n<tr>\n<td class=\"tree\" style=\"width: 25%;\">CH Hennings Mill Hase\u2019N to Kai Den WC<\/td>\n<\/tr>\n<tr>\n<td class=\"tree\" style=\"width: 25%;\" rowspan=\"2\">AM CH Mtn Meadow It\u2019s About Time<\/td>\n<td class=\"tree\" style=\"width: 25%;\">AM CH Dickendall Arnold<\/td>\n<\/tr>\n<tr>\n<td class=\"tree\" style=\"width: 25%;\">Mnt Meadow Party Time<\/td>\n<\/tr>\n<tr>\n<td class=\"tree\" style=\"width: 25%;\" rowspan=\"4\">AM CH Mtn Meadow What a Sight (USA)<\/td>\n<td class=\"tree\" style=\"width: 25%;\" rowspan=\"2\">AM CH Springbok\u2019s Out\u2019A-Sight<\/td>\n<td class=\"tree\" style=\"width: 25%;\">BISS CH Lobuff\u2019s Bare Necessities CD JH<\/td>\n<\/tr>\n<tr>\n<td class=\"tree\" style=\"width: 25%;\">AM CH Blackthorn Springbok Mujaji<\/td>\n<\/tr>\n<tr>\n<td class=\"tree\" style=\"width: 25%;\" rowspan=\"2\">AM CH Mtn Meadow Lady Godiva<\/td>\n<td class=\"tree\" style=\"width: 25%;\">AM CH Mtn Meadow Romeo<\/td>\n<\/tr>\n<tr>\n<td class=\"tree\" style=\"width: 25%;\">Classic Mt Meadow Lady Luck<\/td>\n<\/tr>\n<tr>\n<td class=\"tree\" style=\"width: 25%;\" rowspan=\"8\">My Brand Rare Stone Rose HD B\/C ED 0:0, Eyes Clear, prcd-PRA Clear, EIC Clear (N\/N) (EST)<\/td>\n<td class=\"tree\" style=\"width: 25%;\" rowspan=\"4\">BISS CH Big Sky\u2019s Stone Kutter<br \/>\n(USA)<\/td>\n<td class=\"tree\" style=\"width: 25%;\" rowspan=\"2\">AM CH Paradoc\u2019s Tabatha Stonehenge<\/td>\n<td class=\"tree\" style=\"width: 25%;\">AM CH Tabatha&#8217;s Rollick At Carowby JH<\/td>\n<\/tr>\n<tr>\n<td class=\"tree\" style=\"width: 25%;\">AM CH Tabahta&#8217;s Tassel<\/td>\n<\/tr>\n<tr>\n<td class=\"tree\" style=\"width: 25%;\" rowspan=\"2\">Big Sky&#8217;s Sable<\/td>\n<td class=\"tree\" style=\"width: 25%;\">AM CH Empress Big Sky&#8217;s Blood And Guts!!<\/td>\n<\/tr>\n<tr>\n<td class=\"tree\" style=\"width: 25%;\">Tabatha&#8217;s Token Talent<\/td>\n<\/tr>\n<tr>\n<td class=\"tree\" style=\"width: 25%;\" rowspan=\"4\">EST LV RUS JCH BALT JW\u201906 Rocheby Liberty Belle<br \/>\n(UK)<\/td>\n<td class=\"tree\" style=\"width: 25%;\" rowspan=\"2\">GB SH CH Rocheby Whisky Mac<\/td>\n<td class=\"tree\" style=\"width: 25%;\">Poolstead Pretentious At Rocheby<\/td>\n<\/tr>\n<tr>\n<td class=\"tree\" style=\"width: 25%;\">ENG SH CH Rocheby Acorn<\/td>\n<\/tr>\n<tr>\n<td class=\"tree\" style=\"width: 25%;\" rowspan=\"2\">Waterbrook Gentle Breeze Over Rocheby<\/td>\n<td class=\"tree\" style=\"width: 25%;\">Rocheby Old Smokey<\/td>\n<\/tr>\n<tr>\n<td class=\"tree\" style=\"width: 25%;\">Waterbrook Morning Breeze<\/td>\n<\/tr>\n<\/tbody>\n<\/table>\n<p>&nbsp;<\/p>\n<h4>N\u00c4ITUSTE TULEMUSED<\/h4>\n<ul>\n<li>Helsinki k\u00f5ikide t\u00f5ugude kutsikan\u00e4itus 8.11.2014: 7-9-kuuste emaste kutsikate v\u00f5itja, eriauhind, parim emane kutsikas-2 (Paula Rekiranta, FIN).<\/li>\n<\/ul>\n<h4>GALERII<\/h4>\n<p>ngg_shortcode_1_placeholder<\/p>","protected":false},"excerpt":{"rendered":"<p>&#8220;Rayna&#8221; must emane s\u00fcnd 29.3.2014 kaasomanik Jaana Railamaa, Soome TERVISEUURINGUD puusad B\/B k\u00fc\u00fcnarliigesed 0:0 silmad puhtad (aprill 2017) prcd-PRA puhas (vanemad puhtad) EIC puhas N\/N (vanemad puhtad) EKL andmebaasis \u00bb Soome kennelliidu andmebaasis \u00bb Rohkem infot peagi. SUGUPUU: AM BISS GCH Mtn Meadow Buckeye Brutus OFA good, ED OFA normal, Eyes Clear, prcd-PRA Normal\/Clear Heart [&hellip;]<\/p>\n","protected":false},"author":1,"featured_media":0,"parent":5477,"menu_order":0,"comment_status":"closed","ping_status":"closed","template":"","meta":{"ngg_post_thumbnail":0,"footnotes":""},"class_list":["post-3492","page","type-page","status-publish","hentry"],"_links":{"self":[{"href":"https:\/\/vana.mybrand.ee\/et\/wp-json\/wp\/v2\/pages\/3492","targetHints":{"allow":["GET"]}}],"collection":[{"href":"https:\/\/vana.mybrand.ee\/et\/wp-json\/wp\/v2\/pages"}],"about":[{"href":"https:\/\/vana.mybrand.ee\/et\/wp-json\/wp\/v2\/types\/page"}],"author":[{"embeddable":true,"href":"https:\/\/vana.mybrand.ee\/et\/wp-json\/wp\/v2\/users\/1"}],"replies":[{"embeddable":true,"href":"https:\/\/vana.mybrand.ee\/et\/wp-json\/wp\/v2\/comments?post=3492"}],"version-history":[{"count":0,"href":"https:\/\/vana.mybrand.ee\/et\/wp-json\/wp\/v2\/pages\/3492\/revisions"}],"up":[{"embeddable":true,"href":"https:\/\/vana.mybrand.ee\/et\/wp-json\/wp\/v2\/pages\/5477"}],"wp:attachment":[{"href":"https:\/\/vana.mybrand.ee\/et\/wp-json\/wp\/v2\/media?parent=3492"}],"curies":[{"name":"wp","href":"https:\/\/api.w.org\/{rel}","templated":true}]}}