{"id":3582,"date":"2014-12-05T11:30:28","date_gmt":"2014-12-05T09:30:28","guid":{"rendered":"https:\/\/vana.mybrand.ee"},"modified":"2022-04-30T09:12:37","modified_gmt":"2022-04-30T07:12:37","slug":"my-brand-first-class-five-star","status":"publish","type":"page","link":"https:\/\/vana.mybrand.ee\/et\/about-us\/koerad-minevikust\/my-brand-first-class-five-star\/","title":{"rendered":"My Brand First Class Five Star"},"content":{"rendered":"<p><img loading=\"lazy\" decoding=\"async\" src=\"https:\/\/vana.mybrand.ee\/wp-content\/gallery\/my-brand-first-class-five-star\/dog-show-24.3.jpg\" alt=\"My Brand First Class Five Star\" width=\"1200\" height=\"800\"><\/p>\n<h2>My Brand First Class Five Star &#8220;Tessa&#8221;<\/h2>\n<p><em>* fotol 3-aastane <\/em><\/p>\n<p>must emane (BBEe, kannab kollast)<br \/>\ns\u00fcnd: 10.9.2014<br \/>\nOmanik Tarmo Virkus, Eesti<\/p>\n<h4>TERVISEUURINGUD<\/h4>\n<ul>\n<li>puusad A\/A<\/li>\n<li>k\u00fc\u00fcnarliigesed 0:0<\/li>\n<li>silmad puhtad (m\u00e4rts 2018)<\/li>\n<li>prcd-PRA puhas (vanemad puhtad)<\/li>\n<li>HNPK puhas<\/li>\n<li><a href=\"http:\/\/register.kennelliit.ee\/index.php?page=dogCard&amp;dogId=197777\" target=\"_blank\" rel=\"noopener noreferrer\">EKL andmebaasis \u00bb<\/a><\/li>\n<\/ul>\n<p>Tessat on hea luustiku ja suurep\u00e4rase karvaga must emane, kes on saanud oma esivanematelt kaasa r\u00f5\u00f5msa ja muretu suhtumise ja leebe iseloomu. Samal ajal kui ta leia igas p\u00e4evas midagi, mille \u00fcle r\u00f5\u00f5mustada, ei muutu ta kunagi pealet\u00fckkivaks. Tema veetlev happy-go-lucky suhtumine ellu on inspireeriv.<\/p>\n<p><span style=\"font-weight: bold;\">TESSA SUGUPUU<\/span><\/p>\n<table class=\"tree\" style=\"border: 1px solid #969696; background-color: #dfe1c8;\" border=\"1\">\n<tbody>\n<tr>\n<td class=\"tree\" style=\"width: 25%; vertical-align: middle;\" rowspan=\"8\">MEX EST CH Tabatha\u2019s Caffu Queijeiro HD OFA good, ED OFA normal, Eyes Clear, prcd-PRA Normal\/Clear<br \/>\n(USA)<\/td>\n<td class=\"tree\" style=\"width: 25%; vertical-align: middle;\" rowspan=\"4\">MEX CH Dickendall Bucky<br \/>\n(USA)<\/td>\n<td class=\"tree\" style=\"width: 25%; vertical-align: middle;\" rowspan=\"2\">NL CH NLV CW \u201999 NW \u201999 Trendmaker\u2019s Tycoon<\/td>\n<td class=\"tree\" style=\"width: 25%; vertical-align: middle;\">SW DEN FIN NORD CH Trendmakers Mugwump<\/td>\n<\/tr>\n<tr>\n<td class=\"tree\" style=\"width: 25%; vertical-align: middle;\">Trendmakers Traffic Jam<\/td>\n<\/tr>\n<tr>\n<td class=\"tree\" style=\"width: 25%; vertical-align: middle;\" rowspan=\"2\">Dickendall Barbie<\/td>\n<td class=\"tree\" style=\"width: 25%; vertical-align: middle;\">Mex CH Milton of Little By Little<\/td>\n<\/tr>\n<tr>\n<td class=\"tree\" style=\"width: 25%; vertical-align: middle;\">Tweedledum Calling Texas<\/td>\n<\/tr>\n<tr>\n<td class=\"tree\" style=\"width: 25%; vertical-align: middle;\" rowspan=\"4\">AM CH Tabatha\u2019s Gala WC<br \/>\n(USA)<\/td>\n<td class=\"tree\" style=\"width: 25%; vertical-align: middle;\" rowspan=\"2\">AM CH Dickendall Davaron Gable<\/td>\n<td class=\"tree\" style=\"width: 25%; vertical-align: middle;\">CH Dickendall Arnold<\/td>\n<\/tr>\n<tr>\n<td class=\"tree\" style=\"width: 25%; vertical-align: middle;\">Wolvercote Gaity Girl<\/td>\n<\/tr>\n<tr>\n<td class=\"tree\" style=\"width: 25%; vertical-align: middle;\" rowspan=\"2\">AM CH Tabatha\u2019s Giggle WC<\/td>\n<td class=\"tree\" style=\"width: 25%; vertical-align: middle;\">Scent Trails Tug Of War<\/td>\n<\/tr>\n<tr>\n<td class=\"tree\" style=\"width: 25%; vertical-align: middle;\">AM CAN CH Tabatha\u2019s Dazzle WC<\/td>\n<\/tr>\n<tr>\n<td class=\"tree\" style=\"width: 25%; vertical-align: middle;\" rowspan=\"8\">Tweedledum Baila Baila<br \/>\nHD A\/A ED 0:0, Eyes Clear, prcd-PRA Clear (FIN)<\/td>\n<td class=\"tree\" style=\"width: 25%; vertical-align: middle;\" rowspan=\"4\">FIN CH Devonshires London Edition<br \/>\nHD B\/B, ED 0:0, Optigen prcd-PRA Normal\/Clear, EIC Clear (N\/N)<br \/>\n(USA)<\/td>\n<td class=\"tree\" style=\"width: 25%; vertical-align: middle;\" rowspan=\"2\">Am Ch Devonshires Limited Edition, WC<\/td>\n<td class=\"tree\" style=\"width: 25%; vertical-align: middle;\">Timberland Woodsman At Lor-Al<\/td>\n<\/tr>\n<tr>\n<td class=\"tree\" style=\"width: 25%; vertical-align: middle;\">AM CH Devonshires Abby Lane<\/td>\n<\/tr>\n<tr>\n<td class=\"tree\" style=\"width: 25%; vertical-align: middle;\" rowspan=\"2\">AM CH Devonshires Darjeeling<\/td>\n<td class=\"tree\" style=\"width: 25%; vertical-align: middle;\">AM CH Lobuff\u2019s Bobwhite at Chucklebrook<\/td>\n<\/tr>\n<tr>\n<td class=\"tree\" style=\"width: 25%; vertical-align: middle;\">Devonshires Jasmine<\/td>\n<\/tr>\n<tr>\n<td class=\"tree\" style=\"width: 25%; vertical-align: middle;\" rowspan=\"4\">Tweedledum Give N Take<br \/>\nHD A\/A ED 0:0, Eyes Clear, prcd-PRA Normal\/Clear<br \/>\n(FIN)<\/td>\n<td class=\"tree\" style=\"width: 25%; vertical-align: middle;\" rowspan=\"2\">Mallorn\u2019s Ursus Arctos<\/td>\n<td class=\"tree\" style=\"width: 25%; vertical-align: middle;\">Visions I\u2019m Able<\/td>\n<\/tr>\n<tr>\n<td class=\"tree\" style=\"width: 25%; vertical-align: middle;\">Mallorn\u2019s Mmm Marabou<\/td>\n<\/tr>\n<tr>\n<td class=\"tree\" style=\"width: 25%; vertical-align: middle;\" rowspan=\"2\">FIN EST CH Tweedledum Purple Evening<\/td>\n<td class=\"tree\" style=\"width: 25%; vertical-align: middle;\">FIN W\u201903 Mailiksen Gentleman<\/td>\n<\/tr>\n<tr>\n<td class=\"tree\" style=\"width: 25%; vertical-align: middle;\">Tweedledum Curtain Call<\/td>\n<\/tr>\n<\/tbody>\n<\/table>\n<p>&nbsp;<\/p>\n<h4>N\u00c4ITUSTE TULEMUSED<\/h4>\n<ul>\n<li>25.3.2018 Tallinn: SP\/2 avaklassis (Luis Peixoto, POR)<\/li>\n<\/ul>\n<h4><a name=\"galerii\"><\/a>PILTE TESSAST<\/h4>\n<p>ngg_shortcode_1_placeholder<\/p>","protected":false},"excerpt":{"rendered":"<p>My Brand First Class Five Star &#8220;Tessa&#8221; * fotol 3-aastane must emane (BBEe, kannab kollast) s\u00fcnd: 10.9.2014 Omanik Tarmo Virkus, Eesti TERVISEUURINGUD puusad A\/A k\u00fc\u00fcnarliigesed 0:0 silmad puhtad (m\u00e4rts 2018) prcd-PRA puhas (vanemad puhtad) HNPK puhas EKL andmebaasis \u00bb Tessat on hea luustiku ja suurep\u00e4rase karvaga must emane, kes on saanud oma esivanematelt kaasa r\u00f5\u00f5msa [&hellip;]<\/p>\n","protected":false},"author":1,"featured_media":0,"parent":5477,"menu_order":0,"comment_status":"closed","ping_status":"closed","template":"","meta":{"ngg_post_thumbnail":0,"footnotes":""},"class_list":["post-3582","page","type-page","status-publish","hentry"],"_links":{"self":[{"href":"https:\/\/vana.mybrand.ee\/et\/wp-json\/wp\/v2\/pages\/3582","targetHints":{"allow":["GET"]}}],"collection":[{"href":"https:\/\/vana.mybrand.ee\/et\/wp-json\/wp\/v2\/pages"}],"about":[{"href":"https:\/\/vana.mybrand.ee\/et\/wp-json\/wp\/v2\/types\/page"}],"author":[{"embeddable":true,"href":"https:\/\/vana.mybrand.ee\/et\/wp-json\/wp\/v2\/users\/1"}],"replies":[{"embeddable":true,"href":"https:\/\/vana.mybrand.ee\/et\/wp-json\/wp\/v2\/comments?post=3582"}],"version-history":[{"count":0,"href":"https:\/\/vana.mybrand.ee\/et\/wp-json\/wp\/v2\/pages\/3582\/revisions"}],"up":[{"embeddable":true,"href":"https:\/\/vana.mybrand.ee\/et\/wp-json\/wp\/v2\/pages\/5477"}],"wp:attachment":[{"href":"https:\/\/vana.mybrand.ee\/et\/wp-json\/wp\/v2\/media?parent=3582"}],"curies":[{"name":"wp","href":"https:\/\/api.w.org\/{rel}","templated":true}]}}