{"id":41,"date":"2011-02-01T19:32:13","date_gmt":"2011-02-01T17:32:13","guid":{"rendered":"https:\/\/vana.mybrand.ee"},"modified":"2026-02-17T15:09:45","modified_gmt":"2026-02-17T13:09:45","slug":"puppies","status":"publish","type":"page","link":"https:\/\/vana.mybrand.ee\/et\/puppies\/","title":{"rendered":"Kutsikad"},"content":{"rendered":"<p><em><img loading=\"lazy\" decoding=\"async\" src=\"https:\/\/vana.mybrand.ee\/wp-content\/gallery\/web\/headimage.jpg?i=1341246359\" alt=\"\" width=\"1400\" height=\"425\"><\/em><em>My Brand kennelis s\u00fcnnivad labradori retriiveri kutsikad m\u00f5ned korrad aastas ja vabade kutsikate kohta leiad infot just siit lehelt. Kutsikate vanemad l\u00e4bivad lisaks tavap\u00e4rastele puusa-, k\u00fc\u00fcnarliigeste, silma- ja s\u00fcdameuuringutele ka geenitestid, mis aitavad tagada, et kutsikad ei haigestuks p\u00e4rilikesse haigustesse nagu prcd-PRA, EIC, HNPK jne. Pesakonnaplaanid v\u00f5ivad jooksvalt muutuda vastavalt emaste jooksuaegade algusele, tiinestumise \u00f5nnestumisele ning v\u00f5imalustele teostada just sellised vanemate kombinatsioonid, millesse ise usume. Kui soovite just nimelt kindlalt emaselt kutsikat, v\u00f5tke varakult \u00fchendust.<\/em><\/p>\n<p><em>Kutsikad l\u00e4hevad tavaliselt uude koju 8-9-n\u00e4dalaselt, peale veterinaarkontrolli ja temperamenditesti l\u00e4bimist. Hindame iga kutsikat ka eraldi mitme n\u00e4dala jooksul, et n\u00e4ha, millisesse perre kutsikas sobib. Kui soovid l\u00e4hemalt lugeda, kuidas valime igale kutsikale talle sobivaima pere, <a href=\"https:\/\/vana.mybrand.ee\/et\/puppies\/frequently-asked-questions\/\">k\u00fclasta seda lehte<\/a>. <\/em><em>Suurem osa kutsikatest l\u00e4hevad perelemmikuteks. Kui oled huvitatud m\u00f5nest meie tulevase pesakonna kutsikast, v\u00f5ta julgelt \u00fchendust, tutvusta oma peret ja elustiili ning ootusi tulevasele kutsikale. Maini kindlasti \u00e4ra, kui soovid oma tulevase koeraga midagi harrastada v\u00f5i valmistada teda ette m\u00f5ne t\u00f6\u00f6 jaoks. K\u00f5ik meie kutsikad saavad alustada \u00f5pinguid koos retriiverite jaoks v\u00e4lja t\u00f6\u00f6tatud koolitusgrupis.<br \/>\n<\/em><\/p>\n<p><em>Igast pesakonnast j\u00e4tame m\u00f5ned kutsikad kasvama koju v\u00f5i kaasomandiperre ning nende seast valime hiljem peale terviseuuringuid v\u00e4lja tulevased n\u00e4ituse- ja aretuskoerad. K\u00f5ikidest lubavatest kutsikatest siiski aretuskoera ei tule ning vahel otsib seet\u00f5ttu uut kodu m\u00f5ni noor koer, kes on saanud elementaarse alg\u00f5ppe, hoiab puhtust ja oskab rihma otsas k\u00e4ia. <\/em><\/p>\n<p><em>Kui tunned huvi labradori retriiveri kutsika vastu, v\u00f5ta \u00fchendust <\/em><strong><a href=\"mailto:maarit@mybrand.ee\" target=\"_blank\" rel=\"noopener noreferrer\">maarit@mybrand.ee<\/a> <\/strong>ja <strong><a href=\"tel:+3725040116\">(+372) 5040 116<\/a>.<\/strong><\/p>\n<p><strong>Loe lisaks:<\/strong><\/p>\n<ul>\n<li><a href=\"https:\/\/vana.mybrand.ee\/en\/en\/puppies\/frequently-asked-questions\">Labradori retriiveri kutsikate hind ja korduma kippuvad k\u00fcsimused<\/a><\/li>\n<li><a href=\"https:\/\/vana.mybrand.ee\/en\/en\/puppies\/previous-litters\">Meie eelmised pesakonnad<\/a><\/li>\n<\/ul>\n<p><img decoding=\"async\" class=\"aligncenter\" title=\"\" src=\"https:\/\/vana.mybrand.ee\/wp-content\/gallery\/web\/title-bg.png\" alt=\"\"><\/p>\n<p><em><span style=\"color: #808080;\">Viimati uuendatud 17.02.2026<\/span><\/em><\/p>\n<h2>PESAKONNAD<\/h2>\n<h3>MUSTAD LABRADORI KUTSIKAD S\u00dcNDISID 11.01.2026<\/h3>\n<table width=\"100%\">\n<tbody>\n<tr>\n<td width=\"50%\"><a href=\"https:\/\/vana.mybrand.ee\/males\/my-brand-san-antonio\/\"><img loading=\"lazy\" decoding=\"async\" class=\"alignnone wp-image-10194 size-full\" src=\"https:\/\/vana.mybrand.ee\/wp-content\/gallery\/my-brand-san-antonio\/MB-San-Antonio.jpg?i=1965504288\" alt=\"\" width=\"4326\" height=\"2884\"><\/a><\/td>\n<td width=\"50%\"><a href=\"https:\/\/vana.mybrand.ee\/females\/my-brand-golden-dream\/\"><img loading=\"lazy\" decoding=\"async\" class=\"alignnone\" src=\"https:\/\/vana.mybrand.ee\/wp-content\/gallery\/my-brand-golden-dream\/IMG_9276-web.jpg\" alt=\"My Brand Golden Dream\" width=\"1800\" height=\"1200\"><\/a><\/td>\n<\/tr>\n<tr>\n<td width=\"50%\"><strong>EST JCH EST CH MY BRAND SAN ANTONIO &#8220;Antonio&#8221;<br \/>\n<\/strong>puusad A\/A<br \/>\nk\u00fc\u00fcnarliigesed 0:0<br \/>\nsilma- ja s\u00fcdameuuringud puhtad<\/p>\n<ul>\n<li>l\u00e4binud retriiverite t\u00f5ukatse saagiga<\/li>\n<li>mitmekordne erin\u00e4ituste ja rahvusvaheliste n\u00e4ituste v\u00f5itja &amp; VSP<\/li>\n<\/ul>\n<p><a href=\"https:\/\/vana.mybrand.ee\/males\/my-brand-san-antonio\/\">Loe rohkem Antonio lehelt \u00bb<\/a><\/td>\n<td width=\"50%\"><strong>MY BRAND GOLDEN DREAM &#8220;Roxy&#8221;<br \/>\n<\/strong>puusad A\/A<br \/>\nk\u00fc\u00fcnarliigesed 0:0&nbsp;<br \/>\nsilma- ja s\u00fcdameuuringud puhtad<\/p>\n<ul>\n<li>l\u00e4binud retriiverite t\u00f5ukatse saagiga, regulaarselt jahil k\u00e4iv koer<\/li>\n<li>mitmeid h\u00e4id tulemusi n\u00e4itustelt<\/li>\n<\/ul>\n<p><a href=\"https:\/\/vana.mybrand.ee\/females\/my-brand-golden-dream\/\">Loe rohkem Roxy lehelt \u00bb<\/a><\/td>\n<\/tr>\n<\/tbody>\n<\/table>\n<p data-start=\"135\" data-end=\"261\">Antonio ja Roxy pesakond s\u00fcndis 11.01.2026. \u00dcks must isane ja kolm musta emast kutsikat on valmis kodudesse minema m\u00e4rtsi keskel.&nbsp;<\/p>\n<p data-start=\"263\" data-end=\"920\">M\u00f5lemad vanemad on terved \u2013 puusad, k\u00fc\u00fcnarliigesed ja silmad on kontrollitud ning tulemused korras. Lisaks heale tervisele on nad aktiivsed ja tegutsevad valdkondades, mis labradoritele t\u00f5eliselt r\u00f5\u00f5mu pakuvad.&nbsp;<\/p>\n<p>Vaata pilte ja videoid kutsikate arengust meie kenneli <a href=\"https:\/\/www.facebook.com\/kennelmybrand\" target=\"_blank\" rel=\"noopener\">Facebooki<\/a> ja <a href=\"https:\/\/www.instagram.com\/mybrandlabradors\/\" target=\"_blank\" rel=\"noopener\">Instagrami<\/a> lehelt. Kutsikad l\u00e4bivad enne kojuminekut mitmeid teste ja hindamisi ning neid harjutatakse erinevate keskkondade, h\u00e4\u00e4lte, situatsioonide ja inimestega. Iga kutsikaga tulevad kaasa vajalikud dokumendid (EKL-FCI) ning <a href=\"https:\/\/vana.mybrand.ee\/et\/puppies\/frequently-asked-questions\/#MBpuppy\">kutsikapakk<\/a> esmase vajalikuga. K\u00fcsi lisa tel 5040116 ja maarit@mybrand.ee.<\/p>\n<p>Lisainfot saab meilil <a href=\"mailto:maarit@mybrand.ee\" target=\"_blank\" rel=\"noopener noreferrer\">maarit@mybrand.ee<\/a> v\u00f5i helistades <a href=\"tel:+3725040116\">5040 116<\/a>. Rohkem pilte ja videoid leiad meie <a href=\"https:\/\/www.facebook.com\/kennelmybrand\">Facebooki<\/a> ja <a href=\"https:\/\/www.instagram.com\/mybrandlabradors\/\">Instagrami<\/a> lehtedelt.<\/p>\n<table class=\"tree\" width=\"100%\">\n<tbody>\n<tr>\n<td rowspan=\"4\" width=\"32%\">EST JCH CH TLN W&#8217;23<br \/>\nMy Brand San Antonio<br \/>\nHD A\/A ED 0:0 eyes clear<br \/>\nprcd-PRA, EIC, CM, Narkolepsia, STGD, HNPK,<br \/>\nlong coat, curly coat normal\/clear<br \/>\n(EST)<\/td>\n<td rowspan=\"2\" width=\"32%\">Royal Brown Juampi Mama Te Ama<\/td>\n<td width=\"32%\">AM CH POL CH Dickendall Buckstone Three Dog Night<\/td>\n<\/tr>\n<tr>\n<td width=\"32%\">Royal Brown From Russia With Love<\/td>\n<\/tr>\n<tr>\n<td rowspan=\"2\" width=\"32%\">Pia-Pearl Diamond Heap-Caff<\/td>\n<td width=\"32%\">EST MEX CH Tabatha\u2019s Caffu Queijeiro<\/td>\n<\/tr>\n<tr>\n<td width=\"32%\">Heap Gangsta\u2019s Love Reverie<\/td>\n<\/tr>\n<tr>\n<td rowspan=\"4\" width=\"32%\">My Brand Golden Dream<br \/>\nHD A\/A ED 0:0 Eyes Clear<br \/>\nprcd-PRA, EIC, HNPK, CM, STGD, HU, Narcolepsy, POMC, SD2, long coat, curly coat normal\/clear<br \/>\n(EST)<\/td>\n<td rowspan=\"2\" width=\"32%\">POL LTU CH POL JCH JW JUN Club\u2019W, GDR JUN Club\u2019W Bloomwood Royal Major Globtrotter<\/td>\n<td width=\"32%\">DK CH Lobuff-Shannon US Major Attraction<\/td>\n<\/tr>\n<tr>\n<td width=\"32%\">POL RUS UZ MAC CH Merci Herbu Zadora<\/td>\n<\/tr>\n<tr>\n<td rowspan=\"2\" width=\"32%\">Perfect Sweet Dream Midnight Blue<\/td>\n<td width=\"32%\">EST JCH EST JW\u201918 EST W\u201918 My Brand Sky Wizard<\/td>\n<\/tr>\n<tr>\n<td width=\"32%\">EST JCH Perfect Sweet Dream Rapunzel<\/td>\n<\/tr>\n<\/tbody>\n<\/table>\n<p><img decoding=\"async\" class=\"aligncenter\" title=\"\" src=\"https:\/\/vana.mybrand.ee\/wp-content\/gallery\/web\/title-bg.png\" alt=\"\"><\/p>\n<h2>PLANEERITUD PESAKONNAD<\/h2>\n<h3>PLANEERIME KEVEDEKS-SUVEKS 2026 PAARI PESAKONDA<\/h3>\n<p>Lisainfot saab meilil <a href=\"mailto:maarit@mybrand.ee\" target=\"_blank\" rel=\"noopener noreferrer\">maarit@mybrand.ee<\/a> v\u00f5i helistades <a href=\"tel:+3725040116\">5040 116<\/a>.&nbsp;<\/p>","protected":false},"excerpt":{"rendered":"<p>My Brand kennelis s\u00fcnnivad labradori retriiveri kutsikad m\u00f5ned korrad aastas ja vabade kutsikate kohta leiad infot just siit lehelt. Kutsikate vanemad l\u00e4bivad lisaks tavap\u00e4rastele puusa-, k\u00fc\u00fcnarliigeste, silma- ja s\u00fcdameuuringutele ka geenitestid, mis aitavad tagada, et kutsikad ei haigestuks p\u00e4rilikesse haigustesse nagu prcd-PRA, EIC, HNPK jne. Pesakonnaplaanid v\u00f5ivad jooksvalt muutuda vastavalt emaste jooksuaegade algusele, tiinestumise \u00f5nnestumisele [&hellip;]<\/p>\n","protected":false},"author":1,"featured_media":0,"parent":0,"menu_order":4,"comment_status":"closed","ping_status":"closed","template":"","meta":{"ngg_post_thumbnail":0,"footnotes":""},"class_list":["post-41","page","type-page","status-publish","hentry"],"_links":{"self":[{"href":"https:\/\/vana.mybrand.ee\/et\/wp-json\/wp\/v2\/pages\/41","targetHints":{"allow":["GET"]}}],"collection":[{"href":"https:\/\/vana.mybrand.ee\/et\/wp-json\/wp\/v2\/pages"}],"about":[{"href":"https:\/\/vana.mybrand.ee\/et\/wp-json\/wp\/v2\/types\/page"}],"author":[{"embeddable":true,"href":"https:\/\/vana.mybrand.ee\/et\/wp-json\/wp\/v2\/users\/1"}],"replies":[{"embeddable":true,"href":"https:\/\/vana.mybrand.ee\/et\/wp-json\/wp\/v2\/comments?post=41"}],"version-history":[{"count":4,"href":"https:\/\/vana.mybrand.ee\/et\/wp-json\/wp\/v2\/pages\/41\/revisions"}],"predecessor-version":[{"id":10256,"href":"https:\/\/vana.mybrand.ee\/et\/wp-json\/wp\/v2\/pages\/41\/revisions\/10256"}],"wp:attachment":[{"href":"https:\/\/vana.mybrand.ee\/et\/wp-json\/wp\/v2\/media?parent=41"}],"curies":[{"name":"wp","href":"https:\/\/api.w.org\/{rel}","templated":true}]}}