{"id":4123,"date":"2015-11-20T14:01:05","date_gmt":"2015-11-20T12:01:05","guid":{"rendered":"https:\/\/vana.mybrand.ee\/?page_id=4123"},"modified":"2015-11-30T10:45:43","modified_gmt":"2015-11-30T08:45:43","slug":"kuiva-nina-s%c3%bcndroom-labradori-retriiveritel","status":"publish","type":"page","link":"https:\/\/vana.mybrand.ee\/et\/library\/kuiva-nina-s%c3%bcndroom-labradori-retriiveritel\/","title":{"rendered":"Kuiva nina s\u00fcndroom"},"content":{"rendered":"<p><\/p>\n<h4>MIDA T\u00c4HENDAB HNPK?<\/h4>\n<p>Kuiva nina s\u00fcndroom ehk p\u00e4rilik nasaalne parakeratoos (HNPK<a href=\"#_ftn1\" name=\"_ftnref1\">[1]<\/a>) on nahahaigus, mis kahjustab koera ninapeeglit. Kergematel juhtudel tekib ninapeegli \u00e4\u00e4rde pisut kuiv ja krobeline riba, mis ei h\u00e4iri koera elu ja j\u00e4\u00e4b m\u00f5nikord ka inimesele m\u00e4rkamata. Raskematel juhtudel tekivad nina sisse s\u00fcgavad l\u00f5hed ja veritsevad praod, mis vajavad ravi. On ka juhtumeid, kus kogu nina ja seda \u00fcmbritsevad limaskestad v\u00f5ivad depigmenteeruda.<\/p>\n<p><img loading=\"lazy\" decoding=\"async\" id=\"__wp-temp-img-id\" src=\"https:\/\/vana.mybrand.ee\/wp-content\/gallery\/web\/depigmenteerunud-nina.jpg\" alt=\"\" width=\"640\" height=\"480\" \/><\/p>\n<p><em>T\u00e4ielikult depigmenteerunud nina. Foto My Brand Labradors.<\/em><\/p>\n<h4>KELLEL SEDA ESINEB?<\/h4>\n<p>Haigus esineb labradori retriiveritel v\u00f5i nendest p\u00f5lvnevatel segaverelistel koertel (labradoodle, labradoride ja kuldsete segud jne<a href=\"#_ftn2\" name=\"_ftnref2\">[2]<\/a>). Haigus ilmneb alles suguk\u00fcpseks saades, enamasti 6-12 kuu vanuses ja ilmneb m\u00f5lemast soost koertel. Samuti pole haigus seotud \u00fchegi v\u00e4rviga, seda v\u00f5ib esineda nii mustadel, pruunidel kui kollastel labradoride. Haigus ei ole eluohtlik, ei p\u00f5hjusta koerale muid vaevusi ja v\u00f5ib \u00f5nne korral t\u00e4hendada vaid esteetilist probleemi.<\/p>\n<p><img loading=\"lazy\" decoding=\"async\" id=\"__wp-temp-img-id\" title=\"\" src=\"https:\/\/vana.mybrand.ee\/wp-content\/gallery\/web\/lohedega-nina.jpg\" alt=\"\" width=\"600\" height=\"461\" \/><\/p>\n<p><em>L\u00f5hedega nina enne ravi. Foto My Brand Labradors.<br \/>\n<\/em><\/p>\n<h4>KUIDAS TEADA, KAS MU KOERAL ON SEE?<\/h4>\n<p>Kuigi kuivadest ninadest on kasvatajad kuulnud aastaid, ei ole HNPK diagnoosimine olnud lihtne \u00fclesanne ja seda ei tunta ka t\u00e4nap\u00e4eval iga kord \u00e4ra. Aastate jooksul on esitatud versioone, et koer p\u00f5letas nina vastu kuuma grilli \u00e4ra v\u00f5i armastab kaevata ja ninaga maad k\u00fcnda, tal on p\u00e4ikeseallergia v\u00f5i luupus.<\/p>\n<p>Haiguse nimetus ja kirjeldus ilmus kirjandusse alles alates 2000-ndate l\u00f5pus ja esimesena tuli tasulise geenitestiga v\u00e4lja Genoscoperi labor Soomes. T\u00e4naseks pakuvad patendi alusel HNPK testi mimtmed laborid \u00fcle maailma ja testimine on j\u00f5udnud viimaste aastate jooksul populaarseks saada ka \u00fcle ookeani. Esialgsetel andmetel kannab HNPK geeni umbes 10% labradori retriiveritest, kes ise on siis vastavalt kas haiguse kandjad v\u00f5i p\u00f5dejad<a href=\"#_ftn3\" name=\"_ftnref3\">[3]<\/a>.<\/p>\n<p>HNPK testimine on lihtne ja k\u00e4ttesaadav k\u00f5igile ka kodustes tingimustes. Testimiseks v\u00f5etakse koera p\u00f5sest vatipulgaga proov ja saadetakse \u00fcmbrikus laborisse. Proovi v\u00f5tmine on koerale valutu ja ei vaja narkoosi v\u00f5i tuimestust. Testi vastus annab tulemuseks \u00fche j\u00e4rgmistest variantidest: <strong>Normal<\/strong> (puhas, mutatsiooniga geeni ei leidu), <strong>Carrier<\/strong> (kandja, omab mutatsiooniga geeni) v\u00f5i <strong>Affected<\/strong> (haige, omab kahte mutatsiooniga geeni).<\/p>\n<p>HNPK-d p\u00f5hjustab geenimutatsioon SUV39H2 geenis<a href=\"#_ftn4\" name=\"_ftnref4\">[4]<\/a>. Haigus p\u00e4randumisviis on monogeneetiliselt autosomaalne retsessiivne, mis t\u00e4hendab, et haiguse ilmnemiseks on vaja saada m\u00f5lemalt vanemalt mutatsiooniga geen. Ehk kui koer on saanud kuiva nina s\u00fcndroomi, siis peavad m\u00f5lemad ta vanemad olema v\u00e4hemalt haiguse kandjad.<\/p>\n<h4>KUIDAS RAVIDA?<\/h4>\n<p>Haiguse ravimine t\u00e4hendab ennek\u00f5ike ninapeegli niisutamist ja vajadusel antibiootiliste salvide kasutamist. Kasvatajate foorumites jagatakse edukaid kogemusi E-vitamiinirikka toitumiskava ning looduslike salvide v\u00f5i h\u00fcgieeniliste huulepulkade kasutamise kohta.<\/p>\n<p><img decoding=\"async\" id=\"__wp-temp-img-id\" src=\"https:\/\/vana.mybrand.ee\/wp-content\/gallery\/web\/parast-ravi.jpg\" alt=\"\" \/><\/p>\n<p><em>Sama nina peale \u00fchekuulist ravi toidulisandite ja h\u00fcgieenilise huulepulgaga. Foto My Brand Labradors.<br \/>\n<\/em><\/p>\n<h4>KAS KUIVA NINAGA KOERI TOHIB ARETUSES KASUTADA?<\/h4>\n<p>Allpool on tabel, mis illustreerib HNPK p\u00e4randumismehhanismi:<\/p>\n<p><img loading=\"lazy\" decoding=\"async\" id=\"__wp-temp-img-id\" title=\"\" src=\"https:\/\/vana.mybrand.ee\/wp-content\/gallery\/web\/HNPK-p%C3%A4randumine.jpg\" alt=\"\" width=\"577\" height=\"315\" \/><\/p>\n<p>Kuna kaks mutatsiooniga geeni v\u00f5ivad toota tulemuseks j\u00e4rglase, kes haiguse all kannatab, siis soovitatakse tungivalt paaritada mutatsiooni kandjaid vaid koertega, kelle testi tulemus on puhas, et v\u00e4ltida haigete kutsikate s\u00fcndi.<\/p>\n<hr \/>\n<p>&nbsp;<\/p>\n<p><a href=\"#_ftnref1\" name=\"_ftn1\">[1]<\/a> Hereditial Nasal Parakeratosis (<em>ingl.k<\/em>)<\/p>\n<p><a href=\"#_ftnref2\" name=\"_ftn2\">[2]<\/a> Optigen <a href=\"http:\/\/www.optigen.com\/opt9_hnpk_test.html\">http:\/\/www.optigen.com\/opt9_hnpk_test.html<\/a><\/p>\n<p><a href=\"#_ftnref3\" name=\"_ftn3\">[3]<\/a> Vt eelmist<\/p>\n<p><a href=\"#_ftnref4\" name=\"_ftn4\">[4]<\/a> Jagannathan et al., (2013) A Mutation in the SUV39H2 Gene in Labrador Retrievers with Hereditary Nasal Parakeratosis (HNPK) Provides Insights into the Epigenetics of Keratinocyte Differentiation. PLOS Genetics, 9, e100384.<\/p>\n<p><\/p>","protected":false},"excerpt":{"rendered":"<p>MIDA T\u00c4HENDAB HNPK? Kuiva nina s\u00fcndroom ehk p\u00e4rilik nasaalne parakeratoos (HNPK[1]) on nahahaigus, mis kahjustab koera ninapeeglit. Kergematel juhtudel tekib ninapeegli \u00e4\u00e4rde pisut kuiv ja krobeline riba, mis ei h\u00e4iri koera elu ja j\u00e4\u00e4b m\u00f5nikord ka inimesele m\u00e4rkamata. Raskematel juhtudel tekivad nina sisse s\u00fcgavad l\u00f5hed ja veritsevad praod, mis vajavad ravi. On ka juhtumeid, kus [&hellip;]<\/p>\n","protected":false},"author":1,"featured_media":0,"parent":177,"menu_order":0,"comment_status":"closed","ping_status":"closed","template":"","meta":{"ngg_post_thumbnail":0,"footnotes":""},"class_list":["post-4123","page","type-page","status-publish","hentry"],"_links":{"self":[{"href":"https:\/\/vana.mybrand.ee\/et\/wp-json\/wp\/v2\/pages\/4123","targetHints":{"allow":["GET"]}}],"collection":[{"href":"https:\/\/vana.mybrand.ee\/et\/wp-json\/wp\/v2\/pages"}],"about":[{"href":"https:\/\/vana.mybrand.ee\/et\/wp-json\/wp\/v2\/types\/page"}],"author":[{"embeddable":true,"href":"https:\/\/vana.mybrand.ee\/et\/wp-json\/wp\/v2\/users\/1"}],"replies":[{"embeddable":true,"href":"https:\/\/vana.mybrand.ee\/et\/wp-json\/wp\/v2\/comments?post=4123"}],"version-history":[{"count":0,"href":"https:\/\/vana.mybrand.ee\/et\/wp-json\/wp\/v2\/pages\/4123\/revisions"}],"up":[{"embeddable":true,"href":"https:\/\/vana.mybrand.ee\/et\/wp-json\/wp\/v2\/pages\/177"}],"wp:attachment":[{"href":"https:\/\/vana.mybrand.ee\/et\/wp-json\/wp\/v2\/media?parent=4123"}],"curies":[{"name":"wp","href":"https:\/\/api.w.org\/{rel}","templated":true}]}}