{"id":421,"date":"2011-02-06T13:39:01","date_gmt":"2011-02-06T11:39:01","guid":{"rendered":"https:\/\/vana.mybrand.ee"},"modified":"2016-11-03T12:07:22","modified_gmt":"2016-11-03T10:07:22","slug":"dolly","status":"publish","type":"page","link":"https:\/\/vana.mybrand.ee\/et\/about-us\/koerad-minevikust\/dolly\/","title":{"rendered":"Dolly"},"content":{"rendered":"<p>Kallis Dolly.<\/p>\n<p>httpv:\/\/www.youtube.com\/watch?v=-3IGW5aVyOk<\/p>\n<table border=\"0\">\n<tbody>\n<tr>\n<td valign=\"top\"><img loading=\"lazy\" decoding=\"async\" class=\"ngg-singlepic ngg-none\" src=\"https:\/\/vana.mybrand.ee\/\/wp-content\/gallery\/dolly\/dolly-10y.jpg\" alt=\"Dolly at the age of 10 years\" width=\"500\" height=\"377\" \/><\/p>\n<p>&nbsp;<\/p>\n<p>&nbsp;<\/td>\n<td valign=\"top\">kollane emane (Bbee, j\u00e4tab pruuni)<br \/>\ns\u00fcndinud: 14.06.1998<\/p>\n<ul>\n<li>puusad D\/D<\/li>\n<li>k\u00fc\u00fcnarliigesed 0:0<\/li>\n<li>silmad: OK (8.04.2003)<\/li>\n<\/ul>\n<p>Olemas k\u00f5ik hambad<\/p>\n<p>kasvataja Birgit Erlemann, Tallinn<\/p>\n<p><em>* pildil 10-aastane. Dollyst on veel pilte tema <a href=\"#galerii\">galeriis<\/a>.<\/em><\/td>\n<\/tr>\n<\/tbody>\n<\/table>\n<p>Dollyst sai k\u00f5ik alguse.<br \/>\nTemast pidi saama kodukoer, aga ta haaras mu kaasa labradorimaailma ja innustas tegelema k\u00f5ige sellega, mis eespool kirjas.<br \/>\nTa seadis lati k\u00f5rgele ja j\u00e4\u00e4n talle igavesti t\u00e4nulikuks selle eest.<\/p>\n<h2>N\u00c4ITUSETULEMUSED:<\/h2>\n<ul>\n<li>5 x CACIB, 12 x SERT, mitmeid TP ja VSP kohti,<\/li>\n<li>Leedu retriiverite erin\u00e4itus&#8217;03: parim emane, sert, vastassoo parim,<\/li>\n<li>Palanga rahvusvaheline n\u00e4itus&#8217;03: parim emane, vastassoo parim.<\/li>\n<li>Eesti esimene INTERNATIONAL t\u0161empion.<\/li>\n<\/ul>\n<h2>KATSETE TULEMUSED:<\/h2>\n<ul>\n<li>T\u00f5ukatsed l\u00e4bitud Soomes 9.09.2002<\/li>\n<li>Iseloomutest: +240 punkti<\/li>\n<li>S\u00f5nakuulelikkus: v\u00f5istleb v\u00f5itjaklassis.<\/li>\n<\/ul>\n<p>VIDEO: Dolly brings the mail \ud83d\ude42<\/p>\n<h2>KOHTUNIKUD ON \u00d6ELNUD DOLLY KOHTA:<\/h2>\n<p><strong>Ove Germundsson<\/strong> (Sweden) 27.06.2004, Champion Class &#8211; <em>&#8220;Very happy champion bitch, good scull, ear placement and eyes, good pigment and expression, excellent neck, a bit soft in topline. Correct tail and bone. Moves very well when she wants, shows very well. &#8220;<\/em>(1\/1, Best Female-2, CC = LV &amp; BALT Ch).<\/p>\n<p><strong>Barbara M\u00fcller <\/strong>(Switzerland) 3.08.2002, Champion Class &#8211;<em> &#8220;4 years old, little bigger bitch, nice outline, well proportioned head, good neck, excellent depth of brisket, moves very happily with drive, excellently presented.&#8221;<\/em> (1\/2).<\/p>\n<p><strong>Zivile Povilaitene<\/strong> (Lithuania) 15.06.2002, Champion Class &#8211; <em>&#8220;real champion class bitch in excellent condition.&#8221;<\/em> (1\/1, BB, BOS, CACIB).<\/p>\n<p><strong>Miklos Farkashazi <\/strong>(Hungary) 2.06.2002, Champion Class &#8211; <em>&#8220;Excellent type, ideal form, elegant and harmonic, typical head, excellent balance, correct ears and tail, good movement&#8221;<\/em> (1\/1, BB, BOS, CACIB).<\/p>\n<p><a name=\"galerii\"><\/a>ngg_shortcode_1_placeholder<\/p>","protected":false},"excerpt":{"rendered":"<p>Kallis Dolly. httpv:\/\/www.youtube.com\/watch?v=-3IGW5aVyOk &nbsp; &nbsp; kollane emane (Bbee, j\u00e4tab pruuni) s\u00fcndinud: 14.06.1998 puusad D\/D k\u00fc\u00fcnarliigesed 0:0 silmad: OK (8.04.2003) Olemas k\u00f5ik hambad kasvataja Birgit Erlemann, Tallinn * pildil 10-aastane. Dollyst on veel pilte tema galeriis. Dollyst sai k\u00f5ik alguse. Temast pidi saama kodukoer, aga ta haaras mu kaasa labradorimaailma ja innustas tegelema k\u00f5ige sellega, mis [&hellip;]<\/p>\n","protected":false},"author":1,"featured_media":0,"parent":5477,"menu_order":0,"comment_status":"closed","ping_status":"closed","template":"","meta":{"ngg_post_thumbnail":0,"footnotes":""},"class_list":["post-421","page","type-page","status-publish","hentry"],"_links":{"self":[{"href":"https:\/\/vana.mybrand.ee\/et\/wp-json\/wp\/v2\/pages\/421","targetHints":{"allow":["GET"]}}],"collection":[{"href":"https:\/\/vana.mybrand.ee\/et\/wp-json\/wp\/v2\/pages"}],"about":[{"href":"https:\/\/vana.mybrand.ee\/et\/wp-json\/wp\/v2\/types\/page"}],"author":[{"embeddable":true,"href":"https:\/\/vana.mybrand.ee\/et\/wp-json\/wp\/v2\/users\/1"}],"replies":[{"embeddable":true,"href":"https:\/\/vana.mybrand.ee\/et\/wp-json\/wp\/v2\/comments?post=421"}],"version-history":[{"count":0,"href":"https:\/\/vana.mybrand.ee\/et\/wp-json\/wp\/v2\/pages\/421\/revisions"}],"up":[{"embeddable":true,"href":"https:\/\/vana.mybrand.ee\/et\/wp-json\/wp\/v2\/pages\/5477"}],"wp:attachment":[{"href":"https:\/\/vana.mybrand.ee\/et\/wp-json\/wp\/v2\/media?parent=421"}],"curies":[{"name":"wp","href":"https:\/\/api.w.org\/{rel}","templated":true}]}}