{"id":43,"date":"2011-02-01T19:33:50","date_gmt":"2011-02-01T19:33:50","guid":{"rendered":"https:\/\/vana.mybrand.ee"},"modified":"2021-04-17T00:45:40","modified_gmt":"2021-04-16T22:45:40","slug":"about-us","status":"publish","type":"page","link":"https:\/\/vana.mybrand.ee\/et\/about-us\/","title":{"rendered":"Meist"},"content":{"rendered":"<p><img loading=\"lazy\" decoding=\"async\" class=\"ngg-singlepic ngg-none alignnone\" src=\"https:\/\/vana.mybrand.ee\/\/wp-content\/gallery\/dolly\/dolly-in-memoriam.jpg\" alt=\"Dolly (1998-2009)\" width=\"560\" height=\"419\"><\/p>\n<p>K\u00f5ik sai alguse Dollyst.<\/p>\n<p>Me ei otsinud n\u00e4ituse- ega aretuskoera. Me tahtsime lihtsalt perekoera ja v\u00f5ibolla isegi &#8220;ilma paberiteta&#8221;, sest tollal arvasime, et peale hinna muid erinevusi nende vahel ei ole. \u00d5nneks ei olnud \u201epaberiteta labradore\u201d saada ja 1998 aastal tuli meile Dolly.<\/p>\n<p>Dolly avas minu jaoks uue maailma. Me proovisime osa v\u00f5tta n\u00e4itustest ja tuli v\u00e4lja, et seal ei peagi l\u00e4bi p\u00f5levate r\u00f5ngaste h\u00fcppama v\u00f5i trikke tegema. Proovisime s\u00f5nakuulelikkuse v\u00f5istlustel k\u00e4ia ja see pakkus meile m\u00f5lemale palju v\u00e4ljakutseid ja r\u00f5\u00f5mu. K\u00e4isime isegi agilityrajal, jahikatsetel, t\u00f5ukatsetel, vetelp\u00e4\u00e4ste koolitustel.<\/p>\n<p>Dolly seadis lati k\u00f5rgele ja m\u00f5ne aja p\u00e4rast avastasin end aretust\u00f6\u00f6le m\u00f5tlemas, eesm\u00e4rgiks t\u00f5eliselt mitmek\u00fclgne labradori retriiver: terve perekoer, kes on v\u00f5imeline tegema t\u00f6\u00f6d ja esinema h\u00e4sti n\u00e4itustel. Viimased 10 aastat on toonud nii edu kui tagasisamme, kuid suund on j\u00e4\u00e4nud samaks.<\/p>\n<p>Kennel My Brand on registreeritud FCI-s 2001 aastal.<\/p>\n<p>Esimene pesakond s\u00fcndis 2003. aastal ja sellest pesakonnast tulid:<\/p>\n<p>MB DEEP IN HEART &#8211; p\u00e4\u00e4stekoer, l\u00e4binud retriiverite t\u00f5ukatsed ja jahikatsed, nelja riigi t\u0161empion ja Eesti erin\u00e4ituse v\u00f5itja 2006 veebruaris;<\/p>\n<p>MB DESIGN BY ANGESTEL, narkokoer, kes on n\u00e4itusel saavutanud t\u00f5u parima tiitli serdi ja CACIBiga;<\/p>\n<p>MB DOUBLETROUBLE &amp; DANNY BOY, kes v\u00f5istlevad s\u00f5nakuulelikkuse v\u00f5istlustel ja on samuti n\u00e4itustel saavutanud h\u00e4id tulemusi.<\/p>\n<p>Nende koerte j\u00e4rglased on j\u00e4tkanud p\u00e4\u00e4stekoerte, narkokoerte ja jahikoertena ja saavutanud n\u00e4itustel klassiv\u00f5ite ja ka t\u00f5u parima tiitleid. Hoian neile ka edaspidi p\u00f6ialt ja tunnen uhkust iga tulemuse \u00fcle, mille nad saavutavad.<\/p>\n<p>Mul on v\u00e4ga vedanud suurep\u00e4raste \u00f5petajatega, kes on jaganud oma kogemust, juhendanud ja julgustanud ning aidanud p\u00e4\u00e4seda l\u00e4hemale ja l\u00e4hemale eesm\u00e4rgile.<\/p>\n<p>Kummardus veel meie kutsikaomanike ees! Ei oleks edukaid koeri ilma nende omaniketa. Ait\u00e4h selle hoole, vaeva ja armastuse eest, mida meie pisikesed teie elus ja elamises saavad!<\/p>\n<p>Olen liige:<\/p>\n<ul>\n<li>Eesti Kennelliit,<\/li>\n<li>Eesti retriiverite t\u00f5u\u00fching (aretusalase t\u00f6\u00f6 koordinaator),<\/li>\n<li>Eesti labradoride t\u00f5u\u00fching<\/li>\n<li>Soome labradoriklubi,<\/li>\n<li>Labrador Club of Scotland,<\/li>\n<li>Midland Counties Labrador Retriever Club.<\/li>\n<\/ul>\n<p>Haita-Maarit Zahharov<\/p>\n<p>(+372) 50 40 116,<br \/>\nmaarit [at] mybrand.ee,<br \/>\nSuurupi, Harjumaa,<br \/>\nEesti<\/p>\n<p><strong>KOOLITUSED (t\u00e4iendamisel)<\/strong><\/p>\n<ul>\n<li>13.-14.04.2002 Agility v\u00f5istlusala kohtuniku kursus | Ritva Herrala<\/li>\n<li>30.01.2018 Genetics in Labrador Retrievers | Angela Hughes DVM PhD Wisdom Health<\/li>\n<li>M\u00e4rts 2021 Eesti Kennelliidu koolitaja ja katsekohtuniku p\u00f5hikursus, sooritatud teooria- ja praktikaeksam<\/li>\n<li>September 2020 Praktiline h\u00e4ndleriseminar | Gerard O&#8217;Shea<\/li>\n<li>&nbsp;<\/li>\n<\/ul>\n<p><\/p>","protected":false},"excerpt":{"rendered":"<p>K\u00f5ik sai alguse Dollyst. Me ei otsinud n\u00e4ituse- ega aretuskoera. Me tahtsime lihtsalt perekoera ja v\u00f5ibolla isegi &#8220;ilma paberiteta&#8221;, sest tollal arvasime, et peale hinna muid erinevusi nende vahel ei ole. \u00d5nneks ei olnud \u201epaberiteta labradore\u201d saada ja 1998 aastal tuli meile Dolly. Dolly avas minu jaoks uue maailma. Me proovisime osa v\u00f5tta n\u00e4itustest ja [&hellip;]<\/p>\n","protected":false},"author":1,"featured_media":0,"parent":0,"menu_order":9,"comment_status":"closed","ping_status":"closed","template":"","meta":{"ngg_post_thumbnail":0,"footnotes":""},"class_list":["post-43","page","type-page","status-publish","hentry"],"_links":{"self":[{"href":"https:\/\/vana.mybrand.ee\/et\/wp-json\/wp\/v2\/pages\/43","targetHints":{"allow":["GET"]}}],"collection":[{"href":"https:\/\/vana.mybrand.ee\/et\/wp-json\/wp\/v2\/pages"}],"about":[{"href":"https:\/\/vana.mybrand.ee\/et\/wp-json\/wp\/v2\/types\/page"}],"author":[{"embeddable":true,"href":"https:\/\/vana.mybrand.ee\/et\/wp-json\/wp\/v2\/users\/1"}],"replies":[{"embeddable":true,"href":"https:\/\/vana.mybrand.ee\/et\/wp-json\/wp\/v2\/comments?post=43"}],"version-history":[{"count":0,"href":"https:\/\/vana.mybrand.ee\/et\/wp-json\/wp\/v2\/pages\/43\/revisions"}],"wp:attachment":[{"href":"https:\/\/vana.mybrand.ee\/et\/wp-json\/wp\/v2\/media?parent=43"}],"curies":[{"name":"wp","href":"https:\/\/api.w.org\/{rel}","templated":true}]}}