{"id":4757,"date":"2016-03-10T11:35:53","date_gmt":"2016-03-10T09:35:53","guid":{"rendered":"https:\/\/vana.mybrand.ee\/?page_id=4757"},"modified":"2019-06-04T22:08:33","modified_gmt":"2019-06-04T20:08:33","slug":"my-brand-victorias-secret","status":"publish","type":"page","link":"https:\/\/vana.mybrand.ee\/et\/about-us\/koerad-minevikust\/my-brand-victorias-secret\/","title":{"rendered":"My Brand Victoria&#8217;s Secret"},"content":{"rendered":"<p><\/p>\n<ul>\n<li><strong>EESTI JUUNIORT\u0160EMPION<\/strong><\/li>\n<li><strong>L\u00c4TI JUUNIORT\u0160EMPION<br \/>\n<\/strong><\/li>\n<li><strong>LEEDU JUUNIORT\u0160EMPION<br \/>\n<\/strong><\/li>\n<li><strong>BALTI JUUNIORT\u0160EMPION<br \/>\n<\/strong><\/li>\n<li><strong>EESTI T\u0160EMPION<\/strong><\/li>\n<\/ul>\n<p><img loading=\"lazy\" decoding=\"async\" id=\"__wp-temp-img-id\" src=\"https:\/\/vana.mybrand.ee\/wp-content\/gallery\/my-brand-victorias-secret\/MB-Victorias-Secret-mai2017.jpg\" alt=\"\" width=\"1200\" height=\"811\"><\/p>\n<h3>&#8220;Victoria&#8221;<\/h3>\n<p>must emane (BbEE, p\u00e4randab musta ja pruun, ei p\u00e4randa kollast)<br \/>\ns\u00fcnd: 28.1.2015<br \/>\nKaasomanik Kersti Kuusk, Eesti.<\/p>\n<p><em>* 3,5-kuune pildil.<\/em><\/p>\n<h4>TERVISEUURINGUD:<\/h4>\n<ul>\n<li>puusad B\/A<\/li>\n<li>k\u00fc\u00fcnarliigesed 0:0<\/li>\n<li>silmad puhtad (aprill&#8217;17)<\/li>\n<li>prcd-PRA puhas (vanemad puhtad)<\/li>\n<li>EIC kandja (N\/EIC)<\/li>\n<li>HNPK kandja (N\/HNPK)<\/li>\n<li><a href=\"http:\/\/register.kennelliit.ee\/index.php?page=dogCard&amp;dogId=206478\" target=\"_blank\">EKL andmebaasis \u00bb<\/a><\/li>\n<\/ul>\n<p><img decoding=\"async\" id=\"__wp-temp-img-id\" class=\"aligncenter\" title=\"\" src=\"https:\/\/vana.mybrand.ee\/wp-content\/gallery\/web\/title-bg.png\" alt=\"\"><\/p>\n<p>Victoria (II) on toreda iseloomuga rahulik emane, kes on p\u00e4rit Mallorn&#8217;s Ring My Belli ja Velvetline&#8217;s Zsanetti pesakonnast. Tema sugupuu \u00fchendab nii mitmeid koeri, kellega meil on au olnud oma elu jagada.<\/p>\n<h4>SUGUPUU<\/h4>\n<table class=\"tree\" border=\"1\">\n<tbody>\n<tr>\n<td class=\"tree\" style=\"width: 25%;\" rowspan=\"8\">C.I.E &amp; SW SH CH NORW CH Mallorn&#8217;s Ring My Bell<br \/>\nHD A\/A, ED 0:0, prcd-PRA Clear<br \/>\n(FIN)<\/td>\n<td class=\"tree\" style=\"width: 25%;\" rowspan=\"4\">VDH CH NL CH JW&#8217;07 Chablais Your Place Or Mine<br \/>\nHD A\/A, ED 0:0, prcd-PRA Normal\/Clear, EIC Clear (N\/N), RD\/OSD Clear, HNPK Clear,<br \/>\n(CAN)<\/td>\n<td class=\"tree\" style=\"width: 25%;\" rowspan=\"2\">BISS CH Big Sky\u2019s Stone Kutter<br \/>\n(USA)<\/td>\n<td class=\"tree\" style=\"width: 25%;\">AM CH Paradoc\u2019s Tabatha Stonehenge<br \/>\n(USA)<\/td>\n<\/tr>\n<tr>\n<td class=\"tree\" style=\"width: 25%;\">Big Sky\u2019s Sable<br \/>\n(USA)<\/td>\n<\/tr>\n<tr>\n<td class=\"tree\" style=\"width: 25%;\" rowspan=\"2\">CH Chablais Delorme Ziggy<\/td>\n<td class=\"tree\" style=\"width: 25%;\">CAN CH Superbe Moka des Savanes<\/td>\n<\/tr>\n<tr>\n<td class=\"tree\" style=\"width: 25%;\">CH Chablais Gipsy<\/td>\n<\/tr>\n<tr>\n<td class=\"tree\" style=\"width: 25%;\" rowspan=\"4\">Mallorns Ring Any Bells<br \/>\nHD A\/A, ED 0:0, prcd-PRA Normal\/Clear<br \/>\n(FIN)<\/td>\n<td class=\"tree\" style=\"width: 25%;\" rowspan=\"2\">Mallorn\u2019s Romeo<\/td>\n<td class=\"tree\" style=\"width: 25%;\">Visions I\u2019m Able<\/td>\n<\/tr>\n<tr>\n<td class=\"tree\" style=\"width: 25%;\">Rosanan La Rosa<\/td>\n<\/tr>\n<tr>\n<td class=\"tree\" style=\"width: 25%;\" rowspan=\"2\">FIN EST LV LTU BALT RUS CH FIN JW\u201903 Mallorn\u2019s Terracotta<\/td>\n<td class=\"tree\" style=\"width: 25%;\">SW W\u201901 NORW FIN SW SH CH Tjotte\u2019s Broken Arrow<\/td>\n<\/tr>\n<tr>\n<td class=\"tree\" style=\"width: 25%;\">Mallorn&#8217;s Mmm Marabou<\/td>\n<\/tr>\n<tr>\n<td class=\"tree\" style=\"width: 25%;\" rowspan=\"8\">EST JCH Velvetline&#8217;s Zsanett<br \/>\nHD B\/B ED 0:0, Eyes Clear, prcd-PRA Clear<br \/>\n(SLO)<\/td>\n<td class=\"tree\" style=\"width: 25%;\" rowspan=\"4\">GB SH CH EST CH EST JCH Follies Ivar<br \/>\nHD A\/A ED 0:0, Optigen prcd-PRA Normal\/Clear<br \/>\n(FIN)<\/td>\n<td class=\"tree\" style=\"width: 25%;\" rowspan=\"2\">Queijeiro Da Vinci<\/td>\n<td class=\"tree\" style=\"width: 25%;\">Picasso Queijeiro<\/td>\n<\/tr>\n<tr>\n<td class=\"tree\" style=\"width: 25%;\">Luciana Queijeiro-Toca<\/td>\n<\/tr>\n<tr>\n<td class=\"tree\" style=\"width: 25%;\" rowspan=\"2\">Follies Big Bertha<\/td>\n<td class=\"tree\" style=\"width: 25%;\">CIB FIN EST LT CH W-06 Follies Mon Oncle<\/td>\n<\/tr>\n<tr>\n<td class=\"tree\" style=\"width: 25%;\">Saskian Twix<\/td>\n<\/tr>\n<tr>\n<td class=\"tree\" style=\"width: 25%;\" rowspan=\"4\">SLO JCH My Brand Black Velvet<br \/>\nHD (HD A\/A ED 0:0 prcd-PRA Clear<br \/>\n(EST)<\/td>\n<td class=\"tree\" style=\"width: 25%;\" rowspan=\"2\">EST JCH Bubbling Xerox<\/td>\n<td class=\"tree\" style=\"width: 25%;\">Mallorn\u2019s Toblerone<\/td>\n<\/tr>\n<tr>\n<td class=\"tree\" style=\"width: 25%;\">Bubbling Me-Oh-My<\/td>\n<\/tr>\n<tr>\n<td class=\"tree\" style=\"width: 25%;\" rowspan=\"2\">My Brand Love Story<\/td>\n<td class=\"tree\" style=\"width: 25%;\">EST LV LTU BALT BLR CH Loresho Love Mail<\/td>\n<\/tr>\n<tr>\n<td class=\"tree\" style=\"width: 25%;\">My Brand Design By Angestel<\/td>\n<\/tr>\n<\/tbody>\n<\/table>\n<h4>&nbsp;<img decoding=\"async\" id=\"__wp-temp-img-id\" class=\"aligncenter\" title=\"\" src=\"https:\/\/vana.mybrand.ee\/wp-content\/gallery\/web\/title-bg.png\" alt=\"\">KATSETE TULEMUSED<\/h4>\n<ul>\n<li>Olles ise alles 8-kuune, l\u00e4bis Victoria II 24.10.2015 Harjumaal retriiverite t\u00f5ukatsed (kohtunik Niko Hiltunen, FIN), Victoriat treenis ja viis katsele tema kaasomanik Kersti Kuusk! Palju \u00f5nne!<\/li>\n<li>Vetelp\u00e4\u00e4stetest 18.06.2016 Tallinnas (kohtunik Christian Diedrichs, Saksamaa): 98 punkti 100-st VP1 klassis!<\/li>\n<\/ul>\n<p><img decoding=\"async\" class=\"ngg-singlepic ngg-none\" src=\"https:\/\/vana.mybrand.ee\/wp-content\/gallery\/my-brand-victorias-secret\/22272607520_e120e8d283_c.jpg\" alt=\"my brand victoria's secret\"><\/p>\n<h4>N\u00c4ITUSTE TULEMUSED:<\/h4>\n<ul>\n<li>Valga 5.02.2017: klassiv\u00f5itja, SK, parim emane-2 (James Byrnes, IRE)<\/li>\n<li>Valga 4.02.2017: klassiv\u00f5itja, SK, parim emane-2, SERT = EST CH! (John Walsh, IRE)<\/li>\n<li>Panevezys, Latvia 21.2.2016 juuniorklassi v\u00f5itja (Tatiana Grigorenko, RUS)<\/li>\n<li>Panevezys, Latvia 20.2.2016 juuniorklassi v\u00f5itja, juunior-sert (Dainora Sudeikiene, LTU)<\/li>\n<li>Narva 31.01.2016: juuniorklassi v\u00f5itja, VSP-juunior, juunior-sert, parim emane-3 (Elena Kuleshova, RUS)<\/li>\n<li>Narva 30.01.2016: SP\/3, SK (Giuliano Biasiolo, ITA)<\/li>\n<li>VIII &amp; IX r\u00fchma n\u00e4itus Vaimastvere 17.01.2016: SP\/3 (Annamaria Tarjan, UNG)<\/li>\n<li>VIII &amp; IX r\u00fchma n\u00e4itus Vaimastvere 16.01.2016: juuniorklassi v\u00f5itja, SK, t\u00f5u parim juunior, juunior-sert, parim emane-2 (Dmitri Prozorov, RUS)<\/li>\n<li>Liepaja rahvuslik 06.12.2015:&nbsp; juuniorklassi v\u00f5itja, SK, juunior-sert, parim emane-2 (Olga Goncharuk, UKR)<\/li>\n<li>Liepaja rahvuslik 05.12.2015:&nbsp; SP\/2 juuniorklassis (Sergei Slukin, UKR)<\/li>\n<li>Luige 5.9.2015: t\u00f5u parim kutsikas, eriauhind (Jan Ryk, POL)<\/li>\n<li>Uuem\u00f5isa 30.8.2015: t\u00f5u parim kutsikas, eriauhind (Stephanie Welsh, IRE)<\/li>\n<li>Uuem\u00f5isa 29.8.2015: t\u00f5u parim kutsikas, eriauhind (Tino Pehar, CRO)<\/li>\n<li>Labradoride ja siledakarvaliste retriiverite erin\u00e4itus Tallinn 21.8.2015: II kutsikaklassis, eriauhind (Linda Harvey Major, UK)<\/li>\n<li>V &amp; VIII r\u00fchma n\u00e4itus Tartu 25.07.2015: t\u00f5u parim beebi, eriauhind (Tarja Hovila, FIN)<\/li>\n<li>Luige 28.6.2015: t\u00f5u parim beebi, eriauhind (Beata Petkevica, LV)<\/li>\n<li>Luige 27.6.2015: t\u00f5u parim beebi, eriauhind (Tapio Eerola, FIN)<\/li>\n<li>Harjumaa 20.6.2015: II beebiklassis (Phyllis Poduschka-Aigner, AUSTRIA)<\/li>\n<\/ul>\n<h4>KOHTUNIKUD TEMAST:<\/h4>\n<p><strong>James Byrnes (IRE): <\/strong><\/p>\n<blockquote><p>&#8220;Well constructed, correct head, broad skull, good earset, well defined stop, nice dark eyes, good strength of muzzle, correct bite, good depth of chest, nice clean front, good bone, nice lay of shoulder, well ribbed, good lay of back, strong back end, well muscled hind quarters, correct tailset, good turn of stiffle, moved well.&#8221;<\/p><\/blockquote>\n<p><strong>John Walsh (IRE): <\/strong><\/p>\n<blockquote><p>&#8220;Good size, coat and condition, head balanced, bite correct, good pigmentation, angulation and movement OK, well placed ears, nice dark eyes.&#8221;<\/p><\/blockquote>\n<p><strong>Giuliano Biasiolo (ITA)<\/strong>:<\/p>\n<blockquote><p>\u201c12 months old, correct teeth, good head and body, enough correct topline, good coat and tail, good chest, correct fore- and hindquarters, good movement.\u201d<\/p><\/blockquote>\n<p><strong>Tapio Eerola (FIN): <\/strong><\/p>\n<blockquote><p>&#8220;Almost 5 months old, very promising type, very promising head, strong body already, eyes and ears OK, excellent angulations, typical coat, very promising movement with long steps.&#8221;<\/p><\/blockquote>\n<h4>GALERII:<\/h4>\n<p>ngg_shortcode_1_placeholder<\/p>","protected":false},"excerpt":{"rendered":"<p>EESTI JUUNIORT\u0160EMPION L\u00c4TI JUUNIORT\u0160EMPION LEEDU JUUNIORT\u0160EMPION BALTI JUUNIORT\u0160EMPION EESTI T\u0160EMPION &#8220;Victoria&#8221; must emane (BbEE, p\u00e4randab musta ja pruun, ei p\u00e4randa kollast) s\u00fcnd: 28.1.2015 Kaasomanik Kersti Kuusk, Eesti. * 3,5-kuune pildil. TERVISEUURINGUD: puusad B\/A k\u00fc\u00fcnarliigesed 0:0 silmad puhtad (aprill&#8217;17) prcd-PRA puhas (vanemad puhtad) EIC kandja (N\/EIC) HNPK kandja (N\/HNPK) EKL andmebaasis \u00bb Victoria (II) on toreda [&hellip;]<\/p>\n","protected":false},"author":1,"featured_media":0,"parent":5477,"menu_order":6,"comment_status":"closed","ping_status":"closed","template":"","meta":{"ngg_post_thumbnail":0,"footnotes":""},"class_list":["post-4757","page","type-page","status-publish","hentry"],"_links":{"self":[{"href":"https:\/\/vana.mybrand.ee\/et\/wp-json\/wp\/v2\/pages\/4757","targetHints":{"allow":["GET"]}}],"collection":[{"href":"https:\/\/vana.mybrand.ee\/et\/wp-json\/wp\/v2\/pages"}],"about":[{"href":"https:\/\/vana.mybrand.ee\/et\/wp-json\/wp\/v2\/types\/page"}],"author":[{"embeddable":true,"href":"https:\/\/vana.mybrand.ee\/et\/wp-json\/wp\/v2\/users\/1"}],"replies":[{"embeddable":true,"href":"https:\/\/vana.mybrand.ee\/et\/wp-json\/wp\/v2\/comments?post=4757"}],"version-history":[{"count":0,"href":"https:\/\/vana.mybrand.ee\/et\/wp-json\/wp\/v2\/pages\/4757\/revisions"}],"up":[{"embeddable":true,"href":"https:\/\/vana.mybrand.ee\/et\/wp-json\/wp\/v2\/pages\/5477"}],"wp:attachment":[{"href":"https:\/\/vana.mybrand.ee\/et\/wp-json\/wp\/v2\/media?parent=4757"}],"curies":[{"name":"wp","href":"https:\/\/api.w.org\/{rel}","templated":true}]}}