{"id":5564,"date":"2016-11-04T10:05:36","date_gmt":"2016-11-04T08:05:36","guid":{"rendered":"https:\/\/vana.mybrand.ee\/?page_id=5564"},"modified":"2016-11-04T10:06:04","modified_gmt":"2016-11-04T08:06:04","slug":"mallorns-rosabrandy","status":"publish","type":"page","link":"https:\/\/vana.mybrand.ee\/et\/about-us\/koerad-minevikust\/mallorns-rosabrandy\/","title":{"rendered":"Mallorn&#8217;s Rosabrandy"},"content":{"rendered":"<p><\/p>\n<ul>\n<li><strong>EESTI JUUNIORT\u0160EMPION<\/strong><\/li>\n<li><strong>VENEMAA JUUNIORT\u0160EMPION<\/strong><\/li>\n<li><strong>L\u00c4TI JUUNIORT\u0160EMPION<\/strong><\/li>\n<li><strong>BALTI JUUNIORV\u00d5ITJA 2005<\/strong><\/li>\n<li><strong>EESTI JUUNIORV\u00d5ITJA 2005<\/strong><\/li>\n<li><strong>EESTI V\u00d5ITJA 2005<\/strong><\/li>\n<\/ul>\n<p><img loading=\"lazy\" decoding=\"async\" src=\"https:\/\/vana.mybrand.ee\/mallorns-rosabrandy\/Brandy_2y.jpg\" alt=\"Mallorn's Rosabrandy\" width=\"500\" height=\"375\" \/><\/p>\n<h3>&#8220;Brandy&#8221;<\/h3>\n<p>must emane<br \/>\n6.5.2004 &#8211; 6.5.2013<br \/>\nKasvataja Anu Honkapirtti, Soome<br \/>\nOmanik Laura Erik, Eesti<\/p>\n<h4>TERVISEUURINGUD<\/h4>\n<ul>\n<li>puusad A\/A<\/li>\n<li>k\u00fc\u00fcnarliigesed 0:0<\/li>\n<li>silmad puhtad (aprill 2004)<\/li>\n<li>prcd-PRA kandja<\/li>\n<li><a href=\"http:\/\/register.kennelliit.ee\/?page=dogCard&amp;dogId=54270\">EKL andmebaasis \u00bb<\/a><\/li>\n<\/ul>\n<p>Brandy oli v\u00e4ga eriline koer, kelle k\u00e4paj\u00e4lg on n\u00e4ha mitmes meie koeras ning hinges. Tema seiklustest kutsikap\u00f5lves Lauraga oleks saanud kirjutada teleseriaali ning oma loomult oli ta k\u00f5ike muud kui lihtsalt koer. Ta j\u00e4lgis <span class=\"style8\">\u00fcmbrust stoilise rahuga, kuni saatis j\u00e4lle korda midagi v\u00e4ga naljakat v\u00f5i sai hakkama m\u00f5ne sellise lollusega, mille peale teine koer ei oleks tulnud. Siis taandus ta oma v\u00e4\u00e4rikasse olekusse, mis andis m\u00f5ista, et ta on tegelikult tuhandeid kordi targem, kui keegi v\u00f5iks \u00fcldse aimata. <\/span><\/p>\n<p>Tema n\u00e4itusekarj\u00e4\u00e4r oli sama silmapaistev, oma tiitlid saavutas ta v\u00e4ga l\u00fchikese karj\u00e4\u00e4ri jooksul. Brandy on meie I-pesakonna ema ning sellest pesakonnast sirgus mitmeid olulisi koeri nii meie kui teiste Euroopa kennelite jaoks. Ait\u00e4h!<\/p>\n<p align=\"left\"><span class=\"style8\">Brandy eest kandis head hoolt Laura Erik ja tema tehtud hingeminevaid pilte sellest mustast karvasest kaisuloomast <a href=\"https:\/\/www.flickr.com\/photos\/31947974@N00\/albums\/72157622504604227\" target=\"_blank\">saab vaadata siit<\/a>.<br \/>\n<\/span><\/p>\n<h4>SUGUPUU:<\/h4>\n<table class=\"tree\" border=\"1\">\n<tbody>\n<tr>\n<td class=\"tree\" style=\"width: 25%;\" rowspan=\"8\">Visions I&#8217;m Able HD: OFA good ED: OFA normal, silmad puhtad (USA)<\/td>\n<td class=\"tree\" style=\"width: 25%;\" rowspan=\"4\">Multi BISS AM CH Sounder&#8217;s Hear Me Roar<br \/>\n(USA)<\/td>\n<td class=\"tree\" style=\"width: 25%;\" rowspan=\"2\"><span class=\"style8\">Guideline&#8217;s Fat Cat<\/span><\/td>\n<td class=\"tree\" style=\"width: 25%;\"><span class=\"style8\">Fieldvalley&#8217;s Fabianco<\/span><\/td>\n<\/tr>\n<tr>\n<td class=\"tree\" style=\"width: 25%;\"><span class=\"style8\">Guideline&#8217;s Carbon Copy<\/span><\/td>\n<\/tr>\n<tr>\n<td class=\"tree\" style=\"width: 25%;\" rowspan=\"2\"><span class=\"style8\">Sounder&#8217;s Vada Of Somis<\/span><\/td>\n<td class=\"tree\" style=\"width: 25%;\">AM CH Delby&#8217;s Anchor Steam<\/td>\n<\/tr>\n<tr>\n<td class=\"tree\" style=\"width: 25%;\"><span class=\"style8\">Guideline&#8217;s Dewar&#8217;s Blend<\/span><\/td>\n<\/tr>\n<tr>\n<td class=\"tree\" style=\"width: 25%;\" rowspan=\"4\">AM CH Kelleygreen Amazing Grace<br \/>\n(USA)<\/td>\n<td class=\"tree\" style=\"width: 25%;\" rowspan=\"2\"><span class=\"style8\">Visions American Express<\/span><\/td>\n<td class=\"tree\" style=\"width: 25%;\"><span class=\"style8\">AM CH Guideline&#8217;s Master Card<\/span><\/td>\n<\/tr>\n<tr>\n<td class=\"tree\" style=\"width: 25%;\"><span class=\"style8\">Weathertop Television<\/span><\/td>\n<\/tr>\n<tr>\n<td class=\"tree\" style=\"width: 25%;\" rowspan=\"2\"><span class=\"style8\">Kelleygreen Starling<\/span><\/td>\n<td class=\"tree\" style=\"width: 25%;\"><span class=\"style8\">AM CH Tabatha&#8217;s Drifter At Dickendall<\/span><\/td>\n<\/tr>\n<tr>\n<td class=\"tree\" style=\"width: 25%;\"><span class=\"style8\">Charway Ballywren<\/span><\/td>\n<\/tr>\n<tr>\n<td class=\"tree\" style=\"width: 25%;\" rowspan=\"8\">Rosanan La Rosa<br \/>\nHD A\/B ED 0:0<br \/>\nsilmad puhtad,<br \/>\nprcd-PRA Carrier<br \/>\n(FIN)<\/td>\n<td class=\"tree\" style=\"width: 25%;\" rowspan=\"4\">Mallorn&#8217;s Arcturus<br \/>\n(FIN)<\/td>\n<td class=\"tree\" style=\"width: 25%;\" rowspan=\"2\"><span class=\"style8\">FIN CH Mallorn&#8217;s Shenandigan<\/span><\/td>\n<td class=\"tree\" style=\"width: 25%;\"><span class=\"style8\">Rosanan Whisky Sour<\/span><\/td>\n<\/tr>\n<tr>\n<td class=\"tree\" style=\"width: 25%;\"><span class=\"style8\">FIN CH Mallorn&#8217;s Opium<\/span><\/td>\n<\/tr>\n<tr>\n<td class=\"tree\" style=\"width: 25%;\" rowspan=\"2\"><span class=\"style8\">FIN CH Boothgates Miz Showbusiness<\/span><\/td>\n<td class=\"tree\" style=\"width: 25%;\"><span class=\"style8\">Brandhams Show Stopper<\/span><\/td>\n<\/tr>\n<tr>\n<td class=\"tree\" style=\"width: 25%;\"><span class=\"style8\">Oulsmi Endless Love<\/span><\/td>\n<\/tr>\n<tr>\n<td class=\"tree\" style=\"width: 25%;\" rowspan=\"4\">Rosanan Desert Rose<br \/>\n(FIN)<\/td>\n<td class=\"tree\" style=\"width: 25%;\" rowspan=\"2\">FIN CH Junior-WW&#8217;98 Rosanan Chelsea Bun<\/td>\n<td class=\"tree\" style=\"width: 25%;\"><span class=\"style8\">Boothgates Headliner<\/span><\/td>\n<\/tr>\n<tr>\n<td class=\"tree\" style=\"width: 25%;\"><span class=\"style8\">FIN CH Rosanan Imperial Rose<\/span><\/td>\n<\/tr>\n<tr>\n<td class=\"tree\" style=\"width: 25%;\" rowspan=\"2\"><span class=\"style8\">FIN CH Rosanan Purple Rose<\/span><\/td>\n<td class=\"tree\" style=\"width: 25%;\"><span class=\"style8\">Tweedledum Modern Talking<\/span><\/td>\n<\/tr>\n<tr>\n<td class=\"tree\" style=\"width: 25%;\"><span class=\"style8\">FIN CH Tweedledum Sweet&#8217;N&#8217;Rosy<\/span><\/td>\n<\/tr>\n<\/tbody>\n<\/table>\n<h4>N\u00c4ITUSTE TULEMUSED<\/h4>\n<ul>\n<li>Leedu, 15.10: parim emane, SERT, VSP<\/li>\n<li>Labradoride erin\u00e4itus 19.08.2006: III koht emaste avaklassis<\/li>\n<li>Soome labradoride peaerin\u00e4itus&#8217;06: II koht avaklassis<\/li>\n<li>Luunja, 3.07.2005: t\u00f5u parim, t\u00f5u parim juunior, r\u00fchma-2, juunior-SERT, SERT<\/li>\n<li>Venemaa, 19.06.2005: t\u00f5u parim, t\u00f5u parim juunior, juuniorite Best in Show-2, r\u00fchma parim-2 (juunior-SERT, SERT)<\/li>\n<\/ul>\n<h4>KOHTUNIKUD TEMAST<\/h4>\n<p class=\"style8\" align=\"left\"><strong>Peter F Berchtold<\/strong> (kennel Starchant, Austria), labradoride erin\u00e4itus 25.04.09: &#8221; <em>Excellent type, super head and expression; good reach of neck, topline and tailset; good chest, excellent forechest and angulations, correct coat and tail, happy free mover<\/em>.&#8221;<\/p>\n<p class=\"style8\" align=\"left\"><strong>Eva Mjelde <\/strong>(kennel Surprisings, Norway), 14.-15.05.2005 Estonian Winner Show&#8217;05 in Tallinn &#8211; <em>&#8220;excellent type for bitch, nice head and expression, good neck and shoulder, wellmade body and quarters, good coat and moves well.&#8221;<\/em> (Best of Breed Junior, Best of Females, Best of Breed, ESTONIAN WINNER 2005, ESTONIAN JUNIOR-WINNER 2005)<\/p>\n<p class=\"style8\" align=\"left\"><strong>Kate Crosbie <\/strong>(Ireland), 12-13.02.2005 International Dog Show in Tallinn &#8211; <em>&#8220;Very nice quality black, very well angulated back and front. Good level topline. Good otter tail. Moved very well.&#8221;<\/em> (BOB-Junior, Jun-CC)<\/p>\n<p class=\"style8\"><strong>Anne Taylor <\/strong>(kennel Fabracken, UK), 13.02.2005 Specialty Show for Retrievers &#8211; <em>&#8220;Nice medium size bitch. Would prefer more length of muzzle and a less round eye, bone OK, good length of leg, coat could be tenser, clean outline, good topline and tailset, moved soundly.&#8221;<\/em><\/p>\n<p class=\"style8\"><strong>Marianne Holm-Hansen <\/strong>(Denmark), 12-13.03.2005 Latvian Winner Show&#8217;05 in Riga &#8211; <em>&#8220;10 months, excellent type with good head, well angulated &amp; well developed for age, correct top line &amp; tail set, excellent coat &amp; tail, moves soundly, well presented, would prefer a darker eye.&#8221;<\/em> (Jun-CC, Best Female-2)<\/p>\n<h4>GALERII<\/h4>\n<p>ngg_shortcode_1_placeholder<\/p>","protected":false},"excerpt":{"rendered":"<p>EESTI JUUNIORT\u0160EMPION VENEMAA JUUNIORT\u0160EMPION L\u00c4TI JUUNIORT\u0160EMPION BALTI JUUNIORV\u00d5ITJA 2005 EESTI JUUNIORV\u00d5ITJA 2005 EESTI V\u00d5ITJA 2005 &#8220;Brandy&#8221; must emane 6.5.2004 &#8211; 6.5.2013 Kasvataja Anu Honkapirtti, Soome Omanik Laura Erik, Eesti TERVISEUURINGUD puusad A\/A k\u00fc\u00fcnarliigesed 0:0 silmad puhtad (aprill 2004) prcd-PRA kandja EKL andmebaasis \u00bb Brandy oli v\u00e4ga eriline koer, kelle k\u00e4paj\u00e4lg on n\u00e4ha mitmes meie koeras [&hellip;]<\/p>\n","protected":false},"author":1,"featured_media":0,"parent":5477,"menu_order":0,"comment_status":"closed","ping_status":"closed","template":"","meta":{"ngg_post_thumbnail":0,"footnotes":""},"class_list":["post-5564","page","type-page","status-publish","hentry"],"_links":{"self":[{"href":"https:\/\/vana.mybrand.ee\/et\/wp-json\/wp\/v2\/pages\/5564","targetHints":{"allow":["GET"]}}],"collection":[{"href":"https:\/\/vana.mybrand.ee\/et\/wp-json\/wp\/v2\/pages"}],"about":[{"href":"https:\/\/vana.mybrand.ee\/et\/wp-json\/wp\/v2\/types\/page"}],"author":[{"embeddable":true,"href":"https:\/\/vana.mybrand.ee\/et\/wp-json\/wp\/v2\/users\/1"}],"replies":[{"embeddable":true,"href":"https:\/\/vana.mybrand.ee\/et\/wp-json\/wp\/v2\/comments?post=5564"}],"version-history":[{"count":0,"href":"https:\/\/vana.mybrand.ee\/et\/wp-json\/wp\/v2\/pages\/5564\/revisions"}],"up":[{"embeddable":true,"href":"https:\/\/vana.mybrand.ee\/et\/wp-json\/wp\/v2\/pages\/5477"}],"wp:attachment":[{"href":"https:\/\/vana.mybrand.ee\/et\/wp-json\/wp\/v2\/media?parent=5564"}],"curies":[{"name":"wp","href":"https:\/\/api.w.org\/{rel}","templated":true}]}}