{"id":5661,"date":"2016-11-17T14:07:04","date_gmt":"2016-11-17T12:07:04","guid":{"rendered":"https:\/\/vana.mybrand.ee\/?page_id=5661"},"modified":"2025-02-12T09:55:58","modified_gmt":"2025-02-12T07:55:58","slug":"my-brand-last-minute-delivery","status":"publish","type":"page","link":"https:\/\/vana.mybrand.ee\/et\/females\/my-brand-last-minute-delivery\/","title":{"rendered":"My Brand Last Minute Delivery ~Lilli~"},"content":{"rendered":"<p><img loading=\"lazy\" decoding=\"async\" class=\"alignnone\" src=\"https:\/\/vana.mybrand.ee\/my-brand-last-minute-delivery\/IMG_9082-1400.jpg\" alt=\"\" width=\"1400\" height=\"947\"><\/p>\n<p><strong>EESTI T\u0160EMPION<br \/>\n<\/strong><strong>SOOME T\u0160EMPION<br \/>\n<\/strong><strong>EESTI JUUNIORV\u00d5ITJA 2017<br \/>\n<\/strong><strong>TALLINNA JUUNIORV\u00d5ITJA 2017<br \/>\n<\/strong><strong>EESTI JUUNIORT\u0160EMPION<\/strong><\/p>\n<h2>My Brand Last Minute Delivery &#8220;Lilli&#8221;<\/h2>\n<p><em>* fotol 3-aastane<\/em><\/p>\n<p>must emane (BBEe, kannab kollast v\u00e4rvi)<br \/>\ns\u00fcnd 9.6.2016<br \/>\n<a href=\"http:\/\/register.kennelliit.ee\/index.php?page=dogCard&amp;dogId=232504\" target=\"_blank\" rel=\"noopener noreferrer\">Eesti Kennelliidu registris \u00bb<\/a><\/p>\n<h4>TERVISEUURINGUD<\/h4>\n<ul>\n<li>Puusad C\/B<\/li>\n<li>K\u00fc\u00fcnarliigesed 0:0<\/li>\n<li>Silmad puhtad (mai 2022)<\/li>\n<li>S\u00fcdameuuring puhas (mai 2022)<\/li>\n<li>olemas k\u00f5ik hambad<\/li>\n<\/ul>\n<h4>GEENITESTID<\/h4>\n<ul>\n<li>prcd-PRA puhas (vanemad puhtad)<\/li>\n<li>HNPK puhas (vanemad puhtad)<\/li>\n<li>EIC puhas (N\/N)<\/li>\n<\/ul>\n<h4>SUGUPUU<\/h4>\n<table class=\"tree\" border=\"1\">\n<tbody>\n<tr>\n<td class=\"tree\" style=\"width: 25%;\" rowspan=\"8\">MEX POL AM CH GR CH Vegas Night Bella Mare<br \/>\nHD A\/A ED 0:0 Eyes Clear<br \/>\nprcd-PRA Normal\/Clear<br \/>\nAlso Normal\/Clear on EIC, HNPK, CNM &amp; Narcolepsia<br \/>\n(POL)<\/td>\n<td class=\"tree\" style=\"width: 25%;\" rowspan=\"4\">AM CH POL CH Dickendall Buckstone Three Dog Night<br \/>\n(USA)<\/td>\n<td class=\"tree\" style=\"width: 25%;\" rowspan=\"2\">MBISS AM GRCH CAN CH Saddlehill Late Knight Scramble<\/td>\n<td class=\"tree\" style=\"width: 25%;\">CH Shalane Fly By Knight<\/td>\n<\/tr>\n<tr>\n<td class=\"tree\" style=\"width: 25%;\">CH Saddlehill Don&#8217;t Be Late<\/td>\n<\/tr>\n<tr>\n<td class=\"tree\" style=\"width: 25%;\" rowspan=\"2\">CH Dickendall Princess Phoebe<\/td>\n<td class=\"tree\" style=\"width: 25%;\">CH Dickendall Davaron Gable<\/td>\n<\/tr>\n<tr>\n<td class=\"tree\" style=\"width: 25%;\">Saddlebrook&#8217;s Lauralei<\/td>\n<\/tr>\n<tr>\n<td class=\"tree\" style=\"width: 25%;\" rowspan=\"4\">JCH PL Sandamar HySpire I\u2019m So Vain<br \/>\n(USA)<\/td>\n<td class=\"tree\" style=\"width: 25%;\" rowspan=\"2\">CH Buttonwood Stone Cliff True Grit<\/td>\n<td class=\"tree\" style=\"width: 25%;\">Dickendall Davaron Amigo<\/td>\n<\/tr>\n<tr>\n<td class=\"tree\" style=\"width: 25%;\">CH Buttonwood Fox Hill Ivy<\/td>\n<\/tr>\n<tr>\n<td class=\"tree\" style=\"width: 25%;\" rowspan=\"2\">Hyspire It Had To Be You<\/td>\n<td class=\"tree\" style=\"width: 25%;\">CH Sure Shot HySpire Impressive<\/td>\n<\/tr>\n<tr>\n<td class=\"tree\" style=\"width: 25%;\">Maritime HySpire Sweet Song<\/td>\n<\/tr>\n<tr>\n<td class=\"tree\" style=\"width: 25%;\" rowspan=\"8\">My Brand Kiss From A Rose<br \/>\nHD B\/B ED 0:0 Eyes Clear<br \/>\nprcd-PRA Normal\/Clear<br \/>\nHNPK Clear by Parentage<br \/>\nfull dentition<br \/>\n(EST)<\/td>\n<td class=\"tree\" style=\"width: 25%;\" rowspan=\"4\">MEX EST CH Tabatha\u2019s Caffu Queijeiro<br \/>\n(USA)<\/td>\n<td class=\"tree\" style=\"width: 25%;\" rowspan=\"2\">CH Dickendall Bucky<\/td>\n<td class=\"tree\" style=\"width: 25%;\">NL CH NLV CW \u201999 NW \u201999 Trendmaker\u2019s Tycoon<\/td>\n<\/tr>\n<tr>\n<td class=\"tree\" style=\"width: 25%;\">Dickendall Barbie<\/td>\n<\/tr>\n<tr>\n<td class=\"tree\" style=\"width: 25%;\" rowspan=\"2\">CH Tabatha\u2019s Gala WC<\/td>\n<td class=\"tree\" style=\"width: 25%;\">CH Dickendall Davaron Gable<\/td>\n<\/tr>\n<tr>\n<td class=\"tree\" style=\"width: 25%;\">CH Tabatha\u2019s Giggle WC<\/td>\n<\/tr>\n<tr>\n<td class=\"tree\" style=\"width: 25%;\" rowspan=\"4\">My Brand Rare Stone Rose<br \/>\n(EST)<\/td>\n<td class=\"tree\" style=\"width: 25%;\" rowspan=\"2\">BISS CH Big Sky\u2019s Stone Kutter<\/td>\n<td class=\"tree\" style=\"width: 25%;\">AM CH Paradoc\u2019s Tabatha Stonehenge<\/td>\n<\/tr>\n<tr>\n<td class=\"tree\" style=\"width: 25%;\">Big Sky\u2019s Sable<\/td>\n<\/tr>\n<tr>\n<td class=\"tree\" style=\"width: 25%;\" rowspan=\"2\">EST LV RUS JCH BALT JW\u201906 Rocheby Liberty Belle<\/td>\n<td class=\"tree\" style=\"width: 25%;\">GB SH CH Rocheby Whisky Mac<\/td>\n<\/tr>\n<tr>\n<td class=\"tree\" style=\"width: 25%;\">Waterbrook Gentle Breeze Over Rocheby<\/td>\n<\/tr>\n<\/tbody>\n<\/table>\n<h4><img loading=\"lazy\" decoding=\"async\" class=\"alignnone\" src=\"https:\/\/vana.mybrand.ee\/my-brand-last-minute-delivery\/5FGhwCLA.jpg\" alt=\"\" width=\"1200\" height=\"800\"><\/h4>\n<h4>T\u00d6\u00d6 JA KATSED<\/h4>\n<p><strong>RETRIIVERITE T\u00d6\u00d6KATSE (WT, working test)<\/strong><\/p>\n<ul>\n<li>29.04.2023 Remte, L\u00e4ti, I j\u00e4rk ALG klassis, kohtunik Tomi Sarkkinen ja Anders Carlsson<\/li>\n<li>9.10.2021 P\u00e4rnumaal, I j\u00e4rk ALG klassis, kohtunik Martin Incedi<\/li>\n<li>14.08.2021 Kauksis, II j\u00e4rk ALG klassis, kohtunik Pauliina Ahola<\/li>\n<\/ul>\n<p><strong>RETRIIVERITE TASEMEKATSE (NOME-B)<\/strong><\/p>\n<ul>\n<li>1.10.2023 Remte, L\u00e4ti, I j\u00e4rk CACT avaklassis, kohtunik Ari-Pekka Fontell<\/li>\n<li>16.06.2023 Retriiverite MV Viljandimaal, I j\u00e4rk ALG klassis ja p\u00e4eva parim, kohtunik Vesa Turunen ja Pasi Majuri<\/li>\n<li>13.05.2023 Saarj\u00e4rvel, III j\u00e4lg ALG klassis, kohtunik Susanna Salonen<\/li>\n<li>26.09.2021 Saarj\u00e4rvel, III j\u00e4rk ALG klassis, kohtunik Ari-Pekka Fontell<\/li>\n<li>25.09.2021 Saarj\u00e4rvel, II j\u00e4rk ALG klassis, kohtunik Vesa Turunen<\/li>\n<\/ul>\n<p><strong>RETRIIVERITE T\u00d5UKATSE (NOU)<\/strong><\/p>\n<ul>\n<li>11.09.2020 Saarj\u00e4rvel, <strong>sooritatud<\/strong>, kohtunik Riin Kooli-K\u00f5nnussaar<\/li>\n<\/ul>\n<h4>VALITUD N\u00c4ITUSTE TULEMUSED<\/h4>\n<table style=\"width: 100%;\">\n<tbody>\n<tr style=\"height: 24px;\">\n<th style=\"height: 24px; width: 6.84211%;\">Kuup\u00e4ev<\/th>\n<th style=\"height: 24px; width: 44.2105%;\">N\u00e4itus<\/th>\n<th style=\"height: 24px; width: 21.7293%;\">Kohtunik<\/th>\n<th style=\"height: 24px; width: 7.96993%;\">Klass<\/th>\n<th style=\"height: 24px; width: 18.2707%;\">Tulemused<\/th>\n<\/tr>\n<tr style=\"height: 24px;\">\n<td style=\"height: 24px; width: 6.84211%;\">28.07.2019<\/td>\n<td style=\"height: 24px; width: 44.2105%;\">Rahvuslik n\u00e4itus, Harjumaa<\/td>\n<td style=\"height: 24px; width: 21.7293%;\">Martin Johansson (Sweden)<\/td>\n<td style=\"height: 24px; width: 7.96993%;\">Avaklass<\/td>\n<td style=\"height: 24px; width: 18.2707%;\">SP 1 SK PE-3<\/td>\n<\/tr>\n<tr style=\"height: 24px;\">\n<td style=\"height: 24px; width: 6.84211%;\">27.07.2019<\/td>\n<td style=\"height: 24px; width: 44.2105%;\">Rahvuslik n\u00e4itus, Harjumaa<\/td>\n<td style=\"height: 24px; width: 21.7293%;\">Jetta Tschokkinen (Finland)<\/td>\n<td style=\"height: 24px; width: 7.96993%;\">Avaklass<\/td>\n<td style=\"height: 24px; width: 18.2707%;\">SP 1 SK PE SERT VSP<\/td>\n<\/tr>\n<tr style=\"height: 24px;\">\n<td style=\"height: 24px; width: 6.84211%;\">10.02.2019<\/td>\n<td style=\"height: 24px; width: 44.2105%;\">INT &#8220;Tallinn Winter Cup 2019&#8221;, Tallinn<\/td>\n<td style=\"height: 24px; width: 21.7293%;\">Bo Skalin (Sweden)<\/td>\n<td style=\"height: 24px; width: 7.96993%;\">Avaklass<\/td>\n<td style=\"height: 24px; width: 18.2707%;\">SP 1<\/td>\n<\/tr>\n<tr style=\"height: 24px;\">\n<td style=\"height: 24px; width: 6.84211%;\">09.02.2019<\/td>\n<td style=\"height: 24px; width: 44.2105%;\">8. ja 9. r\u00fchma n\u00e4itus, Tallinn<\/td>\n<td style=\"height: 24px; width: 21.7293%;\">Maja Bubalo (Croatia)<\/td>\n<td style=\"height: 24px; width: 7.96993%;\">Avaklass<\/td>\n<td style=\"height: 24px; width: 18.2707%;\">SP 2 SK PE3<\/td>\n<\/tr>\n<tr style=\"height: 28px;\">\n<td style=\"height: 28px; width: 6.84211%;\">30.06.2018<\/td>\n<td style=\"height: 28px; width: 44.2105%;\">Labradoride erin\u00e4itus Kotka, Soome<\/td>\n<td style=\"height: 28px; width: 21.7293%;\">Manuel Queijeiro (Mexico)<\/td>\n<td style=\"height: 28px; width: 7.96993%;\">Avaklass<\/td>\n<td style=\"height: 28px; width: 18.2707%;\">PE SERT TP BISS<\/td>\n<\/tr>\n<tr style=\"height: 24px;\">\n<td style=\"height: 24px; width: 6.84211%;\">02.06.2018<\/td>\n<td style=\"height: 24px; width: 44.2105%;\">Retriiverite erin\u00e4itus, Harjumaa<\/td>\n<td style=\"height: 24px; width: 21.7293%;\">Carina \u00d6stman (Sweden)<\/td>\n<td style=\"height: 24px; width: 7.96993%;\">Noorte<\/td>\n<td style=\"height: 24px; width: 18.2707%;\">SP 1 SK PE3<\/td>\n<\/tr>\n<tr style=\"height: 24px;\">\n<td style=\"height: 24px; width: 6.84211%;\">01.06.2018<\/td>\n<td style=\"height: 24px; width: 44.2105%;\">VII, VIII ja X r\u00fchma n\u00e4itus, Harju mk<\/td>\n<td style=\"height: 24px; width: 21.7293%;\">Hans Van Den Berg (NL)<\/td>\n<td style=\"height: 24px; width: 7.96993%;\">Noorte<\/td>\n<td style=\"height: 24px; width: 18.2707%;\">SP 1 SK PE1 TP<\/td>\n<\/tr>\n<tr style=\"height: 24px;\">\n<td style=\"height: 24px; width: 6.84211%;\">25.03.2018<\/td>\n<td style=\"height: 24px; width: 44.2105%;\">Rahvuslik koerten\u00e4itus, Tallinn<\/td>\n<td style=\"height: 24px; width: 21.7293%;\">Luis Peixoto (Portugal)<\/td>\n<td style=\"height: 24px; width: 7.96993%;\">Noorte<\/td>\n<td style=\"height: 24px; width: 18.2707%;\">SP 1 SK PE1 TP<\/td>\n<\/tr>\n<tr style=\"height: 24px;\">\n<td style=\"height: 24px; width: 6.84211%;\">24.03.2018<\/td>\n<td style=\"height: 24px; width: 44.2105%;\">Rahvuslik koerten\u00e4itus, Tallinn<\/td>\n<td style=\"height: 24px; width: 21.7293%;\">Tina Peixoto (Portugal)<\/td>\n<td style=\"height: 24px; width: 7.96993%;\">Noorte<\/td>\n<td style=\"height: 24px; width: 18.2707%;\">SP 1 SK PE2<\/td>\n<\/tr>\n<tr style=\"height: 24px;\">\n<td style=\"height: 24px; width: 6.84211%;\">11.02.2018<\/td>\n<td style=\"height: 24px; width: 44.2105%;\">INT &#8220;Tallinn Winter Cup 2018&#8221;, Tallinn<\/td>\n<td style=\"height: 24px; width: 21.7293%;\">Jo Schepers (Netherlands)<\/td>\n<td style=\"height: 24px; width: 7.96993%;\">Noorte<\/td>\n<td style=\"height: 24px; width: 18.2707%;\">SP 1 SK PE4<\/td>\n<\/tr>\n<tr style=\"height: 24px;\">\n<td style=\"height: 24px; width: 6.84211%;\">09.07.2017<\/td>\n<td style=\"height: 24px; width: 44.2105%;\">Rahvusvaheline n\u00e4itus, P\u00e4rnumaa<\/td>\n<td style=\"height: 24px; width: 21.7293%;\">Tino Pehar (Croatia)<\/td>\n<td style=\"height: 24px; width: 7.96993%;\">Juunior<\/td>\n<td style=\"height: 24px; width: 18.2707%;\">SP 1 SK TPJ<\/td>\n<\/tr>\n<tr style=\"height: 24px;\">\n<td style=\"height: 24px; width: 6.84211%;\">08.07.2017<\/td>\n<td style=\"height: 24px; width: 44.2105%;\">Rahvusvaheline n\u00e4itus, P\u00e4rnumaa<\/td>\n<td style=\"height: 24px; width: 21.7293%;\">Jelena Kruus (Eesti)<\/td>\n<td style=\"height: 24px; width: 7.96993%;\">Juunior<\/td>\n<td style=\"height: 24px; width: 18.2707%;\">SP 1 SK PE1 TPJ VSP<\/td>\n<\/tr>\n<tr style=\"height: 24px;\">\n<td style=\"height: 24px; width: 6.84211%;\">04.06.2017<\/td>\n<td style=\"height: 24px; width: 44.2105%;\">INT &#8220;Eesti V\u00f5itja 2017&#8221;, Tallinn<\/td>\n<td style=\"height: 24px; width: 21.7293%;\">Catherine Collins (Ireland)<\/td>\n<td style=\"height: 24px; width: 7.96993%;\">Juunior<\/td>\n<td style=\"height: 24px; width: 18.2707%;\">SP 1 SK PE2 TPJ<\/td>\n<\/tr>\n<tr style=\"height: 24px;\">\n<td style=\"height: 24px; width: 6.84211%;\">09.04.2017<\/td>\n<td style=\"height: 24px; width: 44.2105%;\">INT &#8220;Tallinna V\u00f5itja 2017&#8221;, Tallinn<\/td>\n<td style=\"height: 24px; width: 21.7293%;\">Eeva Rautala (Finland)<\/td>\n<td style=\"height: 24px; width: 7.96993%;\">Juunior<\/td>\n<td style=\"height: 24px; width: 18.2707%;\">SP 1 SK VSPJ JSERT<\/td>\n<\/tr>\n<tr style=\"height: 24px;\">\n<td style=\"height: 24px; width: 6.84211%;\">12.03.2017<\/td>\n<td style=\"height: 24px; width: 44.2105%;\">Rahvuslik n\u00e4itus, Tallinn<\/td>\n<td style=\"height: 24px; width: 21.7293%;\">Dorota Witkowska (Poland)<\/td>\n<td style=\"height: 24px; width: 7.96993%;\">Juunior<\/td>\n<td style=\"height: 24px; width: 18.2707%;\">SP 1 SK PE2 VSPJ JSERT<\/td>\n<\/tr>\n<tr style=\"height: 48px;\">\n<td style=\"height: 48px; width: 6.84211%;\">11.03.2017<\/td>\n<td style=\"height: 48px; width: 44.2105%;\">Rahvuslik n\u00e4itus, Tallinn<\/td>\n<td style=\"height: 48px; width: 21.7293%;\">Irina Poletaeva (Finland)<\/td>\n<td style=\"height: 48px; width: 7.96993%;\">Juunior<\/td>\n<td style=\"height: 48px; width: 18.2707%;\">SP 1 SK PE1 TPJ JSERT VSP<\/td>\n<\/tr>\n<tr style=\"height: 24px;\">\n<td style=\"height: 24px; width: 6.84211%;\">12.02.2017<\/td>\n<td style=\"height: 24px; width: 44.2105%;\">INT &#8220;Tallinn Winter Cup 2017&#8221;, Tallinn<\/td>\n<td style=\"height: 24px; width: 21.7293%;\">Zvi Kupferberg (Israel)<\/td>\n<td style=\"height: 24px; width: 7.96993%;\">Kutsika<\/td>\n<td style=\"height: 24px; width: 18.2707%;\">1 EAH VSPK<\/td>\n<\/tr>\n<\/tbody>\n<\/table>\n<h4>KOHTUNIKUD TEMAST<\/h4>\n<p><strong>Siv Sand\u00f8, kennel Eyecatching, Norra<br \/>\n<\/strong><\/p>\n<blockquote><p>&#8220;Strong set feminine, excellent type, carries very well on the move, beautiful head, lovely neck and shoulder, good forechest, well set tail, good proportions in body, good coat quality, moves very well, very showy.&#8221;<\/p><\/blockquote>\n<p><strong>Manuel Queijeiro, kennel Queijeiro, MEX<br \/>\n<\/strong><\/p>\n<blockquote><p>&#8220;Very nice head, with good reach of neck, good front and rear angulation, good topline and tailset, good mover.&#8221;<\/p><\/blockquote>\n<p><strong>Gitte Finnich Pedersen, DEN<br \/>\n<\/strong><\/p>\n<blockquote><p>&#8220;Beautiful head, very feminine expression, excellent skull and muzzle, beautiful neck and topline and chest and ribcage, good angulations, excellent bone, tail quality, moves with pride.&#8221;<\/p><\/blockquote>\n<p><strong>Jo Schepers, HOL<br \/>\n<\/strong><\/p>\n<blockquote><p>&#8220;21 months, nice bitch, good type, feminine face, good eyes, ears, teeth, very good topline, deep chest, very good angulations, straight legs, compact feet, nice black coat, very good tailaction, good moving and showing.&#8221;<\/p><\/blockquote>\n<p><strong>Dorota Witkowska, POL<\/strong><\/p>\n<blockquote><p>&#8220;Good size, proportions and expression, strong, beautiful head, very good topline, deep chest, excellent movement.&#8221;<\/p><\/blockquote>\n<p><strong>Irina Poletajeva, FIN<\/strong><\/p>\n<blockquote><p>&#8220;9 months old lovely young female, excellent size and proportions, very promising head, scissor bite, typical shape of body and tail, correct angulations, super temperament.&#8221;<\/p><\/blockquote>\n<p><strong>Jari Partanen, NOR<\/strong><\/p>\n<blockquote><p>&#8220;Very promising puppy, excellent breed type, promising feminine head, good expression, very promising forechest, well bodied for age, nice short loin, active otter tail, good bone and feet, promising movement and coat, well presented.&#8221;<\/p><\/blockquote>\n<h4>GALERII<\/h4>\n<p>ngg_shortcode_1_placeholder<\/p>","protected":false},"excerpt":{"rendered":"<p>EESTI T\u0160EMPION SOOME T\u0160EMPION EESTI JUUNIORV\u00d5ITJA 2017 TALLINNA JUUNIORV\u00d5ITJA 2017 EESTI JUUNIORT\u0160EMPION My Brand Last Minute Delivery &#8220;Lilli&#8221; * fotol 3-aastane must emane (BBEe, kannab kollast v\u00e4rvi) s\u00fcnd 9.6.2016 Eesti Kennelliidu registris \u00bb TERVISEUURINGUD Puusad C\/B K\u00fc\u00fcnarliigesed 0:0 Silmad puhtad (mai 2022) S\u00fcdameuuring puhas (mai 2022) olemas k\u00f5ik hambad GEENITESTID prcd-PRA puhas (vanemad puhtad) HNPK [&hellip;]<\/p>\n","protected":false},"author":1,"featured_media":0,"parent":39,"menu_order":1,"comment_status":"closed","ping_status":"closed","template":"","meta":{"ngg_post_thumbnail":0,"footnotes":""},"class_list":["post-5661","page","type-page","status-publish","hentry"],"_links":{"self":[{"href":"https:\/\/vana.mybrand.ee\/et\/wp-json\/wp\/v2\/pages\/5661","targetHints":{"allow":["GET"]}}],"collection":[{"href":"https:\/\/vana.mybrand.ee\/et\/wp-json\/wp\/v2\/pages"}],"about":[{"href":"https:\/\/vana.mybrand.ee\/et\/wp-json\/wp\/v2\/types\/page"}],"author":[{"embeddable":true,"href":"https:\/\/vana.mybrand.ee\/et\/wp-json\/wp\/v2\/users\/1"}],"replies":[{"embeddable":true,"href":"https:\/\/vana.mybrand.ee\/et\/wp-json\/wp\/v2\/comments?post=5661"}],"version-history":[{"count":0,"href":"https:\/\/vana.mybrand.ee\/et\/wp-json\/wp\/v2\/pages\/5661\/revisions"}],"up":[{"embeddable":true,"href":"https:\/\/vana.mybrand.ee\/et\/wp-json\/wp\/v2\/pages\/39"}],"wp:attachment":[{"href":"https:\/\/vana.mybrand.ee\/et\/wp-json\/wp\/v2\/media?parent=5661"}],"curies":[{"name":"wp","href":"https:\/\/api.w.org\/{rel}","templated":true}]}}