{"id":5729,"date":"2016-11-18T06:58:42","date_gmt":"2016-11-18T04:58:42","guid":{"rendered":"https:\/\/vana.mybrand.ee\/?page_id=5729"},"modified":"2022-10-30T13:20:24","modified_gmt":"2022-10-30T11:20:24","slug":"my-brand-golden-days","status":"publish","type":"page","link":"https:\/\/vana.mybrand.ee\/et\/about-us\/koerad-minevikust\/my-brand-golden-days\/","title":{"rendered":"My Brand Golden Days ~Luna~"},"content":{"rendered":"<p><a href=\"https:\/\/vana.mybrand.ee\/my-brand-last-minute-delivery\/MB-Last-Minute-Delivery.jpg\"><img loading=\"lazy\" decoding=\"async\" src=\"https:\/\/vana.mybrand.ee\/wp-content\/gallery\/my-brand-golden-days\/MB-Golden-Days-9m_stance.jpg\" alt=\"\" width=\"996\" height=\"664\"><\/a><\/p>\n<h2>&#8220;Luna&#8221;<\/h2>\n<p><em>* 9-kuune pildil.<\/em><\/p>\n<p>kollane emane<br \/>\ns\u00fcnd 17.04.2020<br \/>\nkaasomanik Martin Sillaots, Tallinn<\/p>\n<h4>TERVISEUURINGUD<\/h4>\n<ul>\n<li>puusad, k\u00fc\u00fcnarliigesed ja silmad uuritakse aastal 2021.<\/li>\n<li>prcd-PRA puhas (vanemad puhtad)<\/li>\n<li>EIC puhas (vanemad puhtad)<\/li>\n<li>HNPK puhas (vanemad puhtad)<\/li>\n<li><a href=\"https:\/\/register.kennelliit.ee\/index.php?page=dogCard&amp;dogId=303510\" target=\"_blank\" rel=\"noopener noreferrer\">EKL registris \u00bb<\/a><\/li>\n<\/ul>\n<p><img decoding=\"async\" class=\"aligncenter\" title=\"\" src=\"https:\/\/vana.mybrand.ee\/wp-content\/gallery\/web\/title-bg.png\" alt=\"\"><\/p>\n<p>See v\u00e4ike kutsikas Radeki ja Elsa pesakonnast j\u00e4i kasvama toredate kaasomanike juurde. Hoiame talle ja tema pesakonnakaaslastele p\u00f6ialt.<\/p>\n<h4>SUGUPUU<\/h4>\n<table class=\"tree\" border=\"1\">\n<tbody>\n<tr>\n<td class=\"tree\" style=\"width: 25%;\" rowspan=\"8\">POL LTU CH POL JCH JW JUN Club\u2019W, GDR JUN Club\u2019W Bloomwood Royal Major Globtrotter<br \/>\nHD A\/A ED 0:0 Eyes Clear<br \/>\nEIC, HNPK, CNM prcd-PRA Normal\/Clear<\/td>\n<td class=\"tree\" style=\"width: 25%;\" rowspan=\"4\">DK CH Lobuff-Shannon US Major Attraction<br \/>\nHD A\/A ED 0:0 Eyes Clear<br \/>\nprcd-PRA Normal\/Clear, EIC Clear HNPK Clear CNM Clear<br \/>\n(USA)<\/td>\n<td class=\"tree\" style=\"width: 25%;\" rowspan=\"2\"><span class=\"\u0441\u0442\u0438\u043b\u044c7\">AM CAN CH Lobuff Hollyridge The Aviator WC<\/span><\/td>\n<td class=\"tree\" style=\"width: 25%;\">AM CH Rozzay Hunt Club Clayview Grady<\/td>\n<\/tr>\n<tr>\n<td class=\"tree\" style=\"width: 25%;\"><span class=\"style118\">CH BISS Lobuffs Sandpiper At Hollyridge<\/span><\/td>\n<\/tr>\n<tr>\n<td class=\"tree\" style=\"width: 25%;\" rowspan=\"2\">Shannon\u2019s Amethyst Dreams<\/td>\n<td class=\"tree\" style=\"width: 25%;\">AM CH Ridge View Bugs Bunny<\/td>\n<\/tr>\n<tr>\n<td class=\"tree\" style=\"width: 25%;\">Shannon\u2019s Rainbow In The Mist<\/td>\n<\/tr>\n<tr>\n<td class=\"tree\" style=\"width: 25%;\" rowspan=\"4\">POL RUS UZ MAC CH Merci Herbu Zadora<br \/>\nHD A\/A ED 0:0 Eyes Clear<br \/>\nprcd-PRA Normal\/Clear, EIC Clear<br \/>\n(POL)<\/td>\n<td class=\"tree\" style=\"width: 25%;\" rowspan=\"2\">POL CH Kimleigh\u2019s New Moon Rising<\/td>\n<td class=\"tree\" style=\"width: 25%;\">BISS AM CH Windfall\u2019s Pipe Major<\/td>\n<\/tr>\n<tr>\n<td class=\"tree\" style=\"width: 25%;\">AM CH Kimleigh\u2019s Once In A Blue Moon<\/td>\n<\/tr>\n<tr>\n<td class=\"tree\" style=\"width: 25%;\" rowspan=\"2\">Yunta Yara Herbu Zadora<\/td>\n<td class=\"tree\" style=\"width: 25%;\">Nimloth Logan At Herbu Zadora<\/td>\n<\/tr>\n<tr>\n<td class=\"tree\" style=\"width: 25%;\">Zebu Zadziora Herbu Zadora<\/td>\n<\/tr>\n<tr>\n<td class=\"tree\" style=\"width: 25%;\" rowspan=\"8\">Perfect Sweet Dream Midnight Blue<br \/>\nA\/A 0:0 Eyes Clear<br \/>\nprcd-PRA, HNPK &amp; EIC Normal\/Clear<\/td>\n<td class=\"tree\" style=\"width: 25%;\" rowspan=\"4\">EST JCH EST JW\u201918 EST W\u201918<br \/>\nMy Brand Sky Wizard<br \/>\nHD A\/A, ED 0:0, Optigen prcd-PRA Normal\/Clear, EIC Clear (N\/N), HNPK Normal\/Clear<br \/>\n(EST)<\/td>\n<td class=\"tree\" style=\"width: 25%;\" rowspan=\"2\">World Winner\u201916 European Winner\u201916 European Winner\u201917 CIB CIE RUS JCH RUS FIN LTU KZS RKF CH<br \/>\nWest Sib Story Aidaho<\/td>\n<td class=\"tree\" style=\"width: 25%;\">Larkspur Lynx<\/td>\n<\/tr>\n<tr>\n<td class=\"tree\" style=\"width: 25%;\">INT RUS USB KAZ GR RKF CH Lab\u2019Spb Alabama Girl<\/td>\n<\/tr>\n<tr>\n<td class=\"tree\" style=\"width: 25%;\" rowspan=\"2\">Arctic Sky Aquarelle<\/td>\n<td class=\"tree\" style=\"width: 25%;\">POL CH JCH LUX JCH JCW\u201911 Arthus Sarracenia Majestic Chameleon<\/td>\n<\/tr>\n<tr>\n<td class=\"tree\" style=\"width: 25%;\">POL EST LTU CH My Brand Ebony At Aquarelle<\/td>\n<\/tr>\n<tr>\n<td class=\"tree\" style=\"width: 25%;\" rowspan=\"4\">EST JCH Perfect Sweet Dream Rapunzel<br \/>\nHD A\/B ED 0:0, Eyes Clear<br \/>\n<span role=\"heading\" aria-level=\"4\">PRA clear, HNPK clear, EIC clear<\/span><br \/>\n(EST)<\/td>\n<td class=\"tree\" style=\"width: 25%;\" rowspan=\"2\">EST JCH LVA JW14 OgreW15 LTU LTU BALT JCH Lonely Without You Teczowy Gaj<\/td>\n<td class=\"tree\" style=\"width: 25%;\"><span class=\"style8\">CH Kimleigh New Moon Rising<\/span><\/td>\n<\/tr>\n<tr>\n<td class=\"tree\" style=\"width: 25%;\"><span class=\"style8\">CH Mirana Teczowy Gaj<\/span><\/td>\n<\/tr>\n<tr>\n<td class=\"tree\" style=\"width: 25%;\" rowspan=\"2\">EST JCH Perfect Sweet Dream N Makes Rules<\/td>\n<td class=\"tree\" style=\"width: 25%;\">FR NDL SW LUX VDH INT EST RUS LV RKF BUNDESSIEGER\u201906 Jahrhundertsieger\u201906 Amsterdam Winner\u201906 Aston de l\u2019Etang Balancet<\/td>\n<\/tr>\n<tr>\n<td class=\"tree\" style=\"width: 25%;\">EST J CH EST CH C.I.B C.I.E EurVetW18 POL Vet CH FIN CH LTU JCH CH Vet CH LVA CH LVA JCH EST Vet CH BALT CH BALT J CH Perfect Sweet Dream Break Every Rule<\/td>\n<\/tr>\n<\/tbody>\n<\/table>\n<h4>&nbsp;N\u00c4ITUSTE TULEMUSED<\/h4>\n<ul>\n<li>loodetavasti varsti<\/li>\n<\/ul>\n<h4>KOHTUNIKUD TEMAST<\/h4>\n<ul>\n<li>loodetavasti varsti<\/li>\n<\/ul>\n<h4>GALERII<\/h4>\n<p>ngg_shortcode_1_placeholder<\/p>","protected":false},"excerpt":{"rendered":"<p>&#8220;Luna&#8221; * 9-kuune pildil. kollane emane s\u00fcnd 17.04.2020 kaasomanik Martin Sillaots, Tallinn TERVISEUURINGUD puusad, k\u00fc\u00fcnarliigesed ja silmad uuritakse aastal 2021. prcd-PRA puhas (vanemad puhtad) EIC puhas (vanemad puhtad) HNPK puhas (vanemad puhtad) EKL registris \u00bb See v\u00e4ike kutsikas Radeki ja Elsa pesakonnast j\u00e4i kasvama toredate kaasomanike juurde. Hoiame talle ja tema pesakonnakaaslastele p\u00f6ialt. SUGUPUU POL [&hellip;]<\/p>\n","protected":false},"author":1,"featured_media":0,"parent":5477,"menu_order":21,"comment_status":"closed","ping_status":"closed","template":"","meta":{"ngg_post_thumbnail":0,"footnotes":""},"class_list":["post-5729","page","type-page","status-publish","hentry"],"_links":{"self":[{"href":"https:\/\/vana.mybrand.ee\/et\/wp-json\/wp\/v2\/pages\/5729","targetHints":{"allow":["GET"]}}],"collection":[{"href":"https:\/\/vana.mybrand.ee\/et\/wp-json\/wp\/v2\/pages"}],"about":[{"href":"https:\/\/vana.mybrand.ee\/et\/wp-json\/wp\/v2\/types\/page"}],"author":[{"embeddable":true,"href":"https:\/\/vana.mybrand.ee\/et\/wp-json\/wp\/v2\/users\/1"}],"replies":[{"embeddable":true,"href":"https:\/\/vana.mybrand.ee\/et\/wp-json\/wp\/v2\/comments?post=5729"}],"version-history":[{"count":0,"href":"https:\/\/vana.mybrand.ee\/et\/wp-json\/wp\/v2\/pages\/5729\/revisions"}],"up":[{"embeddable":true,"href":"https:\/\/vana.mybrand.ee\/et\/wp-json\/wp\/v2\/pages\/5477"}],"wp:attachment":[{"href":"https:\/\/vana.mybrand.ee\/et\/wp-json\/wp\/v2\/media?parent=5729"}],"curies":[{"name":"wp","href":"https:\/\/api.w.org\/{rel}","templated":true}]}}