{"id":5895,"date":"2016-12-21T16:21:09","date_gmt":"2016-12-21T14:21:09","guid":{"rendered":"https:\/\/vana.mybrand.ee\/?page_id=5895"},"modified":"2023-04-13T11:17:16","modified_gmt":"2023-04-13T09:17:16","slug":"my-brand-zillion-kisses","status":"publish","type":"page","link":"https:\/\/vana.mybrand.ee\/et\/about-us\/koerad-minevikust\/my-brand-zillion-kisses\/","title":{"rendered":"My Brand Zillion Kisses ~Pusu~"},"content":{"rendered":"<p><strong>TLN JUNIOR WINNER Cup18<\/strong><\/p>\n<p><a href=\"https:\/\/vana.mybrand.ee\/my-brand-last-minute-delivery\/MB-Last-Minute-Delivery.jpg\"><img loading=\"lazy\" decoding=\"async\" src=\"https:\/\/vana.mybrand.ee\/my-brand-zillion-kisses\/MB-Zillion-Kisses-4y-web.jpg\" alt=\"\" width=\"1800\" height=\"1200\"><\/a><\/p>\n<h2>&#8220;Pusu&#8221;<\/h2>\n<p><em>* pildil 4-aastane<br \/>\n<\/em><\/p>\n<p>pruun emane (bbEE, ei kanna kollast)<br \/>\ns\u00fcnd 19.9.2016<br \/>\nOmanik Jaana Railamaa, kennel Adventurer&#8217;s, Soome.<\/p>\n<h4>TERVISEUURINGUD<\/h4>\n<ul>\n<li>puusad B\/C<\/li>\n<li>k\u00fc\u00fcnarliigesed 0:0<\/li>\n<li>silmauuring leiuta\/puhas (jaanuar 2020)<\/li>\n<li>s\u00fcdameuuring puhas<\/li>\n<li>prcd-PRA kandja<\/li>\n<li>EIC puhas (vanemad puhtad)<\/li>\n<li>HNPK puhas<\/li>\n<li><a href=\"http:\/\/register.kennelliit.ee\/index.php?page=dogCard&amp;dogId=235579\" target=\"_blank\" rel=\"noopener noreferrer\">EKL registris \u00bb<\/a><\/li>\n<li><a href=\"https:\/\/jalostus.kennelliitto.fi\/frmKoira.aspx?RekNo=FI16242\/17&amp;R=122\" target=\"_blank\" rel=\"noopener noreferrer\">Soome andmebaasis \u00bb<\/a><\/li>\n<\/ul>\n<p><img decoding=\"async\" class=\"aligncenter\" title=\"\" src=\"https:\/\/vana.mybrand.ee\/wp-content\/gallery\/web\/title-bg.png\" alt=\"\"><\/p>\n<p>Sellest v\u00e4ikesest lummavast kutsikast on kasvanud kena pruun emane, kes saavutab j\u00e4rjest toredaid tulemusi n\u00e4itustel Soomes ja mujal maailmas. Ait\u00e4h, Jaana ja Sanna, selle t\u00f6\u00f6 ja tulemuste eest, mida olete Pusuga saavutanud!&nbsp;<\/p>\n<h4>SUGUPUU<\/h4>\n<table class=\"tree\" border=\"1\">\n<tbody>\n<tr>\n<td class=\"tree\" style=\"width: 25%;\" rowspan=\"8\">EST LV LT BALT JUN CH EST LV CH<br \/>\nNorbon Hill Double Action<br \/>\nHD A\/A ED 0:0 Eyes Clear<br \/>\nEIC Clear<br \/>\nQualified on the field<br \/>\n(EST)<\/td>\n<td class=\"tree\" style=\"width: 25%;\" rowspan=\"4\">RKF BLR UKR FIN INT CH Stenveyz Get Popular<br \/>\n(RUS)<\/td>\n<td class=\"tree\" style=\"width: 25%;\" rowspan=\"2\">FIN EST RUS CH Palabras Keep On Movin\u2019<\/td>\n<td class=\"tree\" style=\"width: 25%;\">N CH Birchbrook Barley Wine of Charway<\/td>\n<\/tr>\n<tr>\n<td class=\"tree\" style=\"width: 25%;\">FIN CH Tweedledum Palabras Kleo<\/td>\n<\/tr>\n<tr>\n<td class=\"tree\" style=\"width: 25%;\" rowspan=\"2\">Stenveyz Part of Million<\/td>\n<td class=\"tree\" style=\"width: 25%;\">FIN CH Follies Rule of Thumb<\/td>\n<\/tr>\n<tr>\n<td class=\"tree\" style=\"width: 25%;\">INT GR RUS LT UKR BLR RKF CH CLUB W&#8217;01 W&#8217;03 Evellan&#8217;s Halfmillion Kisses For Stenveyz<\/td>\n<\/tr>\n<tr>\n<td class=\"tree\" style=\"width: 25%;\" rowspan=\"4\">EST JCH EST JW\u201910 EST LV LTU BALT RUS CH Gilbron Pride One Sweet Bon-Bon<br \/>\n(LV)<\/td>\n<td class=\"tree\" style=\"width: 25%;\" rowspan=\"2\">DNK NORD DEU VDH CHL C.I.B SW NOR POL CH KBHV\u201906 KBHV\u201907 S KVA CH DNKW\u201904 DNKV\u201906 DNKV\u201907 Lab Treasure\u2019s Dario<\/td>\n<td class=\"tree\" style=\"width: 25%;\">CIB GB SH CH NORD CH FIN CH GB MVA NO CH Carpenny Walpole<\/td>\n<\/tr>\n<tr>\n<td class=\"tree\" style=\"width: 25%;\">DKCH SECH INTCH DEVDHCH O&#8217;Sofinas Quite As Nice<\/td>\n<\/tr>\n<tr>\n<td class=\"tree\" style=\"width: 25%;\" rowspan=\"2\">EST JW\u201904 EST LV LTU BALT BLR JCH LVA W\u201905 EST LV LTU BALT BLR CH C.I.B Stormley\u2019s Anaka<\/td>\n<td class=\"tree\" style=\"width: 25%;\">Stormley Karlos<\/td>\n<\/tr>\n<tr>\n<td class=\"tree\" style=\"width: 25%;\">Stormley Haley<\/td>\n<\/tr>\n<tr>\n<td class=\"tree\" style=\"width: 25%;\" rowspan=\"8\">Lulaby Baby Malmesbury Optimus Canis<br \/>\nHD A\/A ED 0:0 Eyes Clear<br \/>\nprcd-PRA &amp; EIC &amp; HNPK Normal\/Clear<br \/>\n(POL)<\/td>\n<td class=\"tree\" style=\"width: 25%;\" rowspan=\"4\">POL JCH Mallorn\u2019s Black Gangsta<br \/>\n(POL)<\/td>\n<td class=\"tree\" style=\"width: 25%;\" rowspan=\"2\">Mallorn\u2019s Romeo<\/td>\n<td class=\"tree\" style=\"width: 25%;\">Vision&#8217;s I&#8217;m Able<\/td>\n<\/tr>\n<tr>\n<td class=\"tree\" style=\"width: 25%;\">Rosanan La Rosa<\/td>\n<\/tr>\n<tr>\n<td class=\"tree\" style=\"width: 25%;\" rowspan=\"2\">Mallorn\u2019s Premium Chocolate<\/td>\n<td class=\"tree\" style=\"width: 25%;\">SW N CH Mementos Mario<\/td>\n<\/tr>\n<tr>\n<td class=\"tree\" style=\"width: 25%;\">Mallorn&#8217;s Chocomotion<\/td>\n<\/tr>\n<tr>\n<td class=\"tree\" style=\"width: 25%;\" rowspan=\"4\">Pretty Since Birth Z Grodu Hrabiego Malmesbury<br \/>\n(POL)<\/td>\n<td class=\"tree\" style=\"width: 25%;\" rowspan=\"2\">Lab Treasure\u2019s Windsor<\/td>\n<td class=\"tree\" style=\"width: 25%;\"><span class=\"style8\">DK SW CH Gowanvale Balance<\/span><\/td>\n<\/tr>\n<tr>\n<td class=\"tree\" style=\"width: 25%;\"><span class=\"style8\">Lab Treasure&#8217;s Hazelnut<\/span><\/td>\n<\/tr>\n<tr>\n<td class=\"tree\" style=\"width: 25%;\" rowspan=\"2\">Maroccan Velvet Ushimi<\/td>\n<td class=\"tree\" style=\"width: 25%;\">SR CH My Faith Tankaram<\/td>\n<\/tr>\n<tr>\n<td class=\"tree\" style=\"width: 25%;\">Maroccan Velvet Misha<\/td>\n<\/tr>\n<\/tbody>\n<\/table>\n<h4>&nbsp;<img decoding=\"async\" class=\"aligncenter\" title=\"\" src=\"https:\/\/vana.mybrand.ee\/wp-content\/gallery\/web\/title-bg.png\" alt=\"\"><\/h4>\n<h4>N\u00c4ITUSTE TULEMUSED<\/h4>\n<ul>\n<li><span class=\"_5yl5\">13.5.2017 Koski n\u00e4itus: t\u00f5u parim kutsikas (Pekka Teini, FIN)<br \/>\n<\/span><\/li>\n<li>29.04.2017 Ruovesi r\u00fchman\u00e4itus: t\u00f5u parim kutsikas (Hilkka Salohalla, FIN)<\/li>\n<li>24.04.2017 Helsinki k\u00f5ikide t\u00f5ugude kutsikan\u00e4itus (\u00fcle 400 osaleja): t\u00f5u parim kutsikas, r\u00fchmav\u00f5itja &amp; BEST IN SHOW kutsikas! (labradoride ja grupi kohtunik Marja Kosonen, BIS Annukka Paloheimo)<\/li>\n<\/ul>\n<p><img decoding=\"async\" class=\"aligncenter\" title=\"\" src=\"https:\/\/vana.mybrand.ee\/wp-content\/gallery\/web\/title-bg.png\" alt=\"\"><\/p>\n<h4>GALERII<\/h4>\n<p>ngg_shortcode_1_placeholder<\/p>","protected":false},"excerpt":{"rendered":"<p>TLN JUNIOR WINNER Cup18 &#8220;Pusu&#8221; * pildil 4-aastane pruun emane (bbEE, ei kanna kollast) s\u00fcnd 19.9.2016 Omanik Jaana Railamaa, kennel Adventurer&#8217;s, Soome. TERVISEUURINGUD puusad B\/C k\u00fc\u00fcnarliigesed 0:0 silmauuring leiuta\/puhas (jaanuar 2020) s\u00fcdameuuring puhas prcd-PRA kandja EIC puhas (vanemad puhtad) HNPK puhas EKL registris \u00bb Soome andmebaasis \u00bb Sellest v\u00e4ikesest lummavast kutsikast on kasvanud kena pruun [&hellip;]<\/p>\n","protected":false},"author":1,"featured_media":5906,"parent":5477,"menu_order":0,"comment_status":"closed","ping_status":"closed","template":"","meta":{"ngg_post_thumbnail":0,"footnotes":""},"class_list":["post-5895","page","type-page","status-publish","has-post-thumbnail","hentry"],"_links":{"self":[{"href":"https:\/\/vana.mybrand.ee\/et\/wp-json\/wp\/v2\/pages\/5895","targetHints":{"allow":["GET"]}}],"collection":[{"href":"https:\/\/vana.mybrand.ee\/et\/wp-json\/wp\/v2\/pages"}],"about":[{"href":"https:\/\/vana.mybrand.ee\/et\/wp-json\/wp\/v2\/types\/page"}],"author":[{"embeddable":true,"href":"https:\/\/vana.mybrand.ee\/et\/wp-json\/wp\/v2\/users\/1"}],"replies":[{"embeddable":true,"href":"https:\/\/vana.mybrand.ee\/et\/wp-json\/wp\/v2\/comments?post=5895"}],"version-history":[{"count":0,"href":"https:\/\/vana.mybrand.ee\/et\/wp-json\/wp\/v2\/pages\/5895\/revisions"}],"up":[{"embeddable":true,"href":"https:\/\/vana.mybrand.ee\/et\/wp-json\/wp\/v2\/pages\/5477"}],"wp:featuredmedia":[{"embeddable":true,"href":"https:\/\/vana.mybrand.ee\/et\/wp-json\/wp\/v2\/media\/5906"}],"wp:attachment":[{"href":"https:\/\/vana.mybrand.ee\/et\/wp-json\/wp\/v2\/media?parent=5895"}],"curies":[{"name":"wp","href":"https:\/\/api.w.org\/{rel}","templated":true}]}}