{"id":6245,"date":"2017-05-05T10:23:34","date_gmt":"2017-05-05T08:23:34","guid":{"rendered":"https:\/\/vana.mybrand.ee\/?page_id=6245"},"modified":"2022-10-30T13:18:30","modified_gmt":"2022-10-30T11:18:30","slug":"my-brand-sky-spirit","status":"publish","type":"page","link":"https:\/\/vana.mybrand.ee\/et\/about-us\/koerad-minevikust\/my-brand-sky-spirit\/","title":{"rendered":"My Brand Sky Spirit ~Adele~"},"content":{"rendered":"<p><a href=\"https:\/\/vana.mybrand.ee\/my-brand-last-minute-delivery\/MB-Last-Minute-Delivery.jpg\"><img loading=\"lazy\" decoding=\"async\" class=\"ngg-singlepic ngg-none alignnone\" src=\"https:\/\/vana.mybrand.ee\/my-brand-sky-spirit\/MB-Sky-Spirit-05.jpg\" alt=\"\" width=\"1200\" height=\"812\"><\/a><\/p>\n<h2>&#8220;Adele&#8221;<\/h2>\n<p><em>* 11-n\u00e4dalane pildil.<\/em><\/p>\n<p>kollane emane (BBee, ei p\u00e4randa pruuni)<br \/>\ns\u00fcnd 1.1.2017<br \/>\nKaasomanik Elen Han, kennel Cheyas, Holland<\/p>\n<h4>TERVISEUURINGUD<\/h4>\n<ul>\n<li>puusad A\/A,<\/li>\n<li>k\u00fc\u00fcnarliigesed 0:0<\/li>\n<li>silmad puhtad (sept&#8217;18)<\/li>\n<li>prcd-PRA puhas (vanemad puhtad)<\/li>\n<li>HNPK puhas (vanemad puhtad)<\/li>\n<li>EIC kandja (N\/EIC)<\/li>\n<li><a href=\"http:\/\/register.kennelliit.ee\/index.php?page=dogCard&amp;dogId=240624\" target=\"_blank\" rel=\"noopener noreferrer\">EKL registris \u00bb<\/a><\/li>\n<\/ul>\n<p><img decoding=\"async\" class=\"aligncenter\" title=\"\" src=\"https:\/\/vana.mybrand.ee\/wp-content\/gallery\/web\/title-bg.png\" alt=\"\"><\/p>\n<p>Adeline on kena armas kutsikas West Sib Story Aidaho &amp; Arctic Sky Aquarelle pesakonnast, mis on s\u00fcndinud kasvatajate rahvusvahelise koost\u00f6\u00f6 tulemusena.<\/p>\n<p>See v\u00e4ike kollane t\u00fcdruk on kogu aeg r\u00f5\u00f5mus ja \u00f5nnelik. Loodetavasti on ta p\u00e4rinud oma vanemate parimad omadused ning me hoiame p\u00f6ialt, et nii tema kui ka tema \u00f5ed-vennad, kes l\u00e4ksid elama nii Eestisse kui v\u00e4lismaale, saavad olema terved ja tublid. Hoian p\u00f6idlaid!<\/p>\n<h4>SUGUPUU<\/h4>\n<table class=\"tree\" border=\"1\">\n<tbody>\n<tr>\n<td class=\"tree\" style=\"width: 25%;\" rowspan=\"8\">isa:&nbsp; World Winner\u201916 EUR Winner\u201916 CIB CIE RUS JCH RUS FIN LTU KZS RKF CH<br \/>\nWest Sib Story Idaho<br \/>\nHD A\/A ED 0:0<br \/>\nPRA-prcd Normal\/Clear<br \/>\nEIC Carrier<br \/>\n(RUS)<\/td>\n<td class=\"tree\" style=\"width: 25%;\" rowspan=\"4\">Larkspur Lynx<br \/>\n(USA)<\/td>\n<td class=\"tree\" style=\"width: 25%;\" rowspan=\"2\">CH Larkspur\u2019s Lothario<\/td>\n<td class=\"tree\" style=\"width: 25%;\">AMCAN CH Paradocs Tabatha&#8217;s Caillou<\/td>\n<\/tr>\n<tr>\n<td class=\"tree\" style=\"width: 25%;\">Nirvana&#8217;s Flashpoint<\/td>\n<\/tr>\n<tr>\n<td class=\"tree\" style=\"width: 25%;\" rowspan=\"2\">Nirvana\u2019s Jade Gate<\/td>\n<td class=\"tree\" style=\"width: 25%;\">CH Tabatha&#8217;s Sport WC<\/td>\n<\/tr>\n<tr>\n<td class=\"tree\" style=\"width: 25%;\">Pipeline Zelda<\/td>\n<\/tr>\n<tr>\n<td class=\"tree\" style=\"width: 25%;\" rowspan=\"4\">INT RUS USB KAZ GR RKF CH Lab\u2019Spb Alabama Girl<br \/>\n(RUS)<\/td>\n<td class=\"tree\" style=\"width: 25%;\" rowspan=\"2\">CH Gateway\u2019s Nothin\u2019 But Trouble<\/td>\n<td class=\"tree\" style=\"width: 25%;\">CH Julsby Hey Good Lookin&#8217;<\/td>\n<\/tr>\n<tr>\n<td class=\"tree\" style=\"width: 25%;\">Gateway&#8217;s White Dove<\/td>\n<\/tr>\n<tr>\n<td class=\"tree\" style=\"width: 25%;\" rowspan=\"2\">CH Mallorn\u2019s Esencia<\/td>\n<td class=\"tree\" style=\"width: 25%;\">\u0421H&nbsp;<span lang=\"en-us\">Follies Traveller<\/span><\/td>\n<\/tr>\n<tr>\n<td class=\"tree\" style=\"width: 25%;\">Mallorn&#8217;s Eternity<\/td>\n<\/tr>\n<tr>\n<td class=\"tree\" style=\"width: 25%;\" rowspan=\"8\">ema: Arctic Sky Aquarelle<br \/>\nHD C\/C ED 0:0 Eyes Clear<br \/>\nprcd-PRA Clear By Parentage<br \/>\nEIC Normal\/Clear<br \/>\nHNPK Clear By Parentage<br \/>\n(POL)<\/td>\n<td class=\"tree\" style=\"width: 25%;\" rowspan=\"4\">POL CH JCH LUX JCH JCW\u201911 Arthus Sarracenia Majestic Chameleon<br \/>\n(POL)<\/td>\n<td class=\"tree\" style=\"width: 25%;\" rowspan=\"2\">Buttonwood McIntosh<\/td>\n<td class=\"tree\" style=\"width: 25%;\">MBISS AM CAN CH Beechcroft\u2019s Study In Black<\/td>\n<\/tr>\n<tr>\n<td class=\"tree\" style=\"width: 25%;\">AM CH Buttonwood Fox Hill Ivy<\/td>\n<\/tr>\n<tr>\n<td class=\"tree\" style=\"width: 25%;\" rowspan=\"2\">Wenie Malmesbury Sable Blues<\/td>\n<td class=\"tree\" style=\"width: 25%;\">CZ SK CH Tapeatom Choir Master<\/td>\n<\/tr>\n<tr>\n<td class=\"tree\" style=\"width: 25%;\">CH Domenika Sable Blues<\/td>\n<\/tr>\n<tr>\n<td class=\"tree\" style=\"width: 25%;\" rowspan=\"4\">POL EST LTU CH My Brand Ebony At Aquarelle<br \/>\n(EST)<\/td>\n<td class=\"tree\" style=\"width: 25%;\" rowspan=\"2\">NORD SW &amp; NORW CH Licithas Terje Vigen<\/td>\n<td class=\"tree\" style=\"width: 25%;\">FIN Winner\u201903 Mailiksen Gentleman<\/td>\n<\/tr>\n<tr>\n<td class=\"tree\" style=\"width: 25%;\">NORW CH Licithas Symfoni Norah<\/td>\n<\/tr>\n<tr>\n<td class=\"tree\" style=\"width: 25%;\" rowspan=\"2\">FIN EST LV LTU BALT CH EST LV CH EST LV LTU BALT JCH BALT JW\u201904 9 x BISS Mallorn\u2019s Elysee<\/td>\n<td class=\"tree\" style=\"width: 25%;\">SW CH NORW CH NW\u201997 Mambrinos Triumph<\/td>\n<\/tr>\n<tr>\n<td class=\"tree\" style=\"width: 25%;\">FIN CH Mallorn\u2019s Xanadu<\/td>\n<\/tr>\n<\/tbody>\n<\/table>\n<h4>&nbsp;<img decoding=\"async\" class=\"aligncenter\" title=\"\" src=\"https:\/\/vana.mybrand.ee\/wp-content\/gallery\/web\/title-bg.png\" alt=\"\"><\/h4>\n<h4>N\u00c4ITUSTE TULEMUSED<\/h4>\n<ul>\n<li>Loodetavasti peagi.<br \/>\n<img decoding=\"async\" class=\"aligncenter\" title=\"\" src=\"https:\/\/vana.mybrand.ee\/wp-content\/gallery\/web\/title-bg.png\" alt=\"\"><\/li>\n<\/ul>\n<h4>KOHTUNIKUD TEMAST<\/h4>\n<ul>\n<li>Loodetavasti peagi.<\/li>\n<\/ul>\n<h4>GALERII<\/h4>\n<p>ngg_shortcode_1_placeholder<\/p>","protected":false},"excerpt":{"rendered":"<p>&#8220;Adele&#8221; * 11-n\u00e4dalane pildil. kollane emane (BBee, ei p\u00e4randa pruuni) s\u00fcnd 1.1.2017 Kaasomanik Elen Han, kennel Cheyas, Holland TERVISEUURINGUD puusad A\/A, k\u00fc\u00fcnarliigesed 0:0 silmad puhtad (sept&#8217;18) prcd-PRA puhas (vanemad puhtad) HNPK puhas (vanemad puhtad) EIC kandja (N\/EIC) EKL registris \u00bb Adeline on kena armas kutsikas West Sib Story Aidaho &amp; Arctic Sky Aquarelle pesakonnast, mis [&hellip;]<\/p>\n","protected":false},"author":1,"featured_media":0,"parent":5477,"menu_order":6,"comment_status":"closed","ping_status":"closed","template":"","meta":{"ngg_post_thumbnail":0,"footnotes":""},"class_list":["post-6245","page","type-page","status-publish","hentry"],"_links":{"self":[{"href":"https:\/\/vana.mybrand.ee\/et\/wp-json\/wp\/v2\/pages\/6245","targetHints":{"allow":["GET"]}}],"collection":[{"href":"https:\/\/vana.mybrand.ee\/et\/wp-json\/wp\/v2\/pages"}],"about":[{"href":"https:\/\/vana.mybrand.ee\/et\/wp-json\/wp\/v2\/types\/page"}],"author":[{"embeddable":true,"href":"https:\/\/vana.mybrand.ee\/et\/wp-json\/wp\/v2\/users\/1"}],"replies":[{"embeddable":true,"href":"https:\/\/vana.mybrand.ee\/et\/wp-json\/wp\/v2\/comments?post=6245"}],"version-history":[{"count":0,"href":"https:\/\/vana.mybrand.ee\/et\/wp-json\/wp\/v2\/pages\/6245\/revisions"}],"up":[{"embeddable":true,"href":"https:\/\/vana.mybrand.ee\/et\/wp-json\/wp\/v2\/pages\/5477"}],"wp:attachment":[{"href":"https:\/\/vana.mybrand.ee\/et\/wp-json\/wp\/v2\/media?parent=6245"}],"curies":[{"name":"wp","href":"https:\/\/api.w.org\/{rel}","templated":true}]}}