{"id":6250,"date":"2017-05-07T23:25:47","date_gmt":"2017-05-07T21:25:47","guid":{"rendered":"https:\/\/vana.mybrand.ee\/?page_id=6250"},"modified":"2021-12-17T20:09:39","modified_gmt":"2021-12-17T18:09:39","slug":"my-brand-sky-wizard","status":"publish","type":"page","link":"https:\/\/vana.mybrand.ee\/et\/males\/my-brand-sky-wizard\/","title":{"rendered":"CH My Brand Sky Wizard ~Blue~"},"content":{"rendered":"<p><img loading=\"lazy\" decoding=\"async\" class=\"alignnone\" src=\"https:\/\/vana.mybrand.ee\/my-brand-sky-wizard\/MB-Sky-Wizard-veebr21_5.jpg\" alt=\"\" width=\"996\" height=\"664\"><\/p>\n<p><strong>EESTI JUUNIORT\u0160EMPION<br \/>\n<\/strong><strong>EESTI JUUNIORV\u00d5ITJA 2018<br \/>\n<\/strong><strong>EESTI V\u00d5ITJA 2018<br \/>\n<\/strong><strong>EESTI T\u0160EMPION<\/strong><\/p>\n<h2>My Brand Sky Wizard &#8220;Blue&#8221;<\/h2>\n<p>kollane isane (BBee, ei p\u00e4randa pruuni)<br \/>\ns\u00fcnd 1.1.2017<br \/>\nkaasomanik Priit Nuka, Eesti<\/p>\n<h4>TERVISEUURINGUD<\/h4>\n<ul>\n<li>puusad A\/A<\/li>\n<li>k\u00fc\u00fcnarliigesed 0:0<\/li>\n<li>silmad puhtad (veebruar 2019)<\/li>\n<li>prcd-PRA puhas (vanemad puhtad)<\/li>\n<li>HNPK puhas (vanemad puhtad)<\/li>\n<li>EIC puhas (N\/N)<\/li>\n<li>ei kanna pikakarvalisuse geeni<\/li>\n<li><a href=\"http:\/\/register.kennelliit.ee\/index.php?page=dogCard&amp;dogId=240622\" target=\"_blank\" rel=\"noopener noreferrer\">EKL registris \u00bb<\/a><\/li>\n<\/ul>\n<p><img decoding=\"async\" class=\"aligncenter\" title=\"\" src=\"https:\/\/vana.mybrand.ee\/wp-content\/gallery\/web\/title-bg.png\" alt=\"\"><\/p>\n<p>Blue on rahuliku ja s\u00fcdamliku iseloomuga isane West Sib Story Aidaho &amp; Arctic Sky Aquarelle pesakonnast, s\u00fcndinud kasvatajate rahvusvahelise koost\u00f6\u00f6 tulemusena.<\/p>\n<p>Blue on alustanud Eliko k\u00e4e all treeninguid retriiverite t\u00f6\u00f6katseteks ja l\u00e4bis tema k\u00e4e all ka t\u00f5ukatse 2020 juulis. Edu ja jaksu!<\/p>\n<h4>SUGUPUU<\/h4>\n<table class=\"tree\" border=\"1\">\n<tbody>\n<tr>\n<td class=\"tree\" style=\"width: 25%;\" rowspan=\"8\">isa:&nbsp; World Winner\u201916 European Winner\u201916 European Winner&#8217;17 CIB CIE RUS JCH RUS FIN LTU KZS RKF CH<br \/>\nWest Sib Story Aidaho<br \/>\nHD A\/A ED 0:0<br \/>\nPRA-prcd Normal\/Clear<br \/>\nEIC Carrier<br \/>\n(RUS)<\/td>\n<td class=\"tree\" style=\"width: 25%;\" rowspan=\"4\">Larkspur Lynx<br \/>\n(USA)<\/td>\n<td class=\"tree\" style=\"width: 25%;\" rowspan=\"2\">CH Larkspur\u2019s Lothario<\/td>\n<td class=\"tree\" style=\"width: 25%;\">AMCAN CH Paradocs Tabatha&#8217;s Caillou<\/td>\n<\/tr>\n<tr>\n<td class=\"tree\" style=\"width: 25%;\">Nirvana&#8217;s Flashpoint<\/td>\n<\/tr>\n<tr>\n<td class=\"tree\" style=\"width: 25%;\" rowspan=\"2\">Nirvana\u2019s Jade Gate<\/td>\n<td class=\"tree\" style=\"width: 25%;\">CH Tabatha&#8217;s Sport WC<\/td>\n<\/tr>\n<tr>\n<td class=\"tree\" style=\"width: 25%;\">Pipeline Zelda<\/td>\n<\/tr>\n<tr>\n<td class=\"tree\" style=\"width: 25%;\" rowspan=\"4\">INT RUS USB KAZ GR RKF CH Lab\u2019Spb Alabama Girl<br \/>\n(RUS)<\/td>\n<td class=\"tree\" style=\"width: 25%;\" rowspan=\"2\">CH Gateway\u2019s Nothin\u2019 But Trouble<\/td>\n<td class=\"tree\" style=\"width: 25%;\">CH Julsby Hey Good Lookin&#8217;<\/td>\n<\/tr>\n<tr>\n<td class=\"tree\" style=\"width: 25%;\">Gateway&#8217;s White Dove<\/td>\n<\/tr>\n<tr>\n<td class=\"tree\" style=\"width: 25%;\" rowspan=\"2\">CH Mallorn\u2019s Esencia<\/td>\n<td class=\"tree\" style=\"width: 25%;\">\u0421H&nbsp;<span lang=\"en-us\">Follies Traveller<\/span><\/td>\n<\/tr>\n<tr>\n<td class=\"tree\" style=\"width: 25%;\">Mallorn&#8217;s Eternity<\/td>\n<\/tr>\n<tr>\n<td class=\"tree\" style=\"width: 25%;\" rowspan=\"8\">ema: Arctic Sky Aquarelle<br \/>\nHD C\/C ED 0:0 Eyes Clear<br \/>\nprcd-PRA Clear By Parentage<br \/>\nEIC Normal\/Clear<br \/>\nHNPK Clear By Parentage<br \/>\n(POL)<\/td>\n<td class=\"tree\" style=\"width: 25%;\" rowspan=\"4\">POL CH JCH LUX JCH JCW\u201911 Arthus Sarracenia Majestic Chameleon<br \/>\n(POL)<\/td>\n<td class=\"tree\" style=\"width: 25%;\" rowspan=\"2\">Buttonwood McIntosh<\/td>\n<td class=\"tree\" style=\"width: 25%;\">MBISS AM CAN CH Beechcroft\u2019s Study In Black<\/td>\n<\/tr>\n<tr>\n<td class=\"tree\" style=\"width: 25%;\">AM CH Buttonwood Fox Hill Ivy<\/td>\n<\/tr>\n<tr>\n<td class=\"tree\" style=\"width: 25%;\" rowspan=\"2\">Wenie Malmesbury Sable Blues<\/td>\n<td class=\"tree\" style=\"width: 25%;\">CZ SK CH Tapeatom Choir Master<\/td>\n<\/tr>\n<tr>\n<td class=\"tree\" style=\"width: 25%;\">CH Domenika Sable Blues<\/td>\n<\/tr>\n<tr>\n<td class=\"tree\" style=\"width: 25%;\" rowspan=\"4\">POL EST LTU CH My Brand Ebony At Aquarelle<br \/>\n(EST)<\/td>\n<td class=\"tree\" style=\"width: 25%;\" rowspan=\"2\">NORD SW &amp; NORW CH Licithas Terje Vigen<\/td>\n<td class=\"tree\" style=\"width: 25%;\">FIN Winner\u201903 Mailiksen Gentleman<\/td>\n<\/tr>\n<tr>\n<td class=\"tree\" style=\"width: 25%;\">NORW CH Licithas Symfoni Norah<\/td>\n<\/tr>\n<tr>\n<td class=\"tree\" style=\"width: 25%;\" rowspan=\"2\">FIN EST LV LTU BALT CH EST LV CH EST LV LTU BALT JCH BALT JW\u201904 9 x BISS Mallorn\u2019s Elysee<\/td>\n<td class=\"tree\" style=\"width: 25%;\">SW CH NORW CH NW\u201997 Mambrinos Triumph<\/td>\n<\/tr>\n<tr>\n<td class=\"tree\" style=\"width: 25%;\">FIN CH Mallorn\u2019s Xanadu<\/td>\n<\/tr>\n<\/tbody>\n<\/table>\n<h4>&nbsp;<\/h4>\n<h4><img loading=\"lazy\" decoding=\"async\" class=\"ngg-singlepic ngg-none alignnone\" src=\"https:\/\/vana.mybrand.ee\/my-brand-sky-wizard\/IMG_8784.jpg\" alt=\"\" width=\"1800\" height=\"1200\"><\/h4>\n<h4><img decoding=\"async\" class=\"aligncenter\" title=\"\" src=\"https:\/\/vana.mybrand.ee\/wp-content\/gallery\/web\/title-bg.png\" alt=\"\"><\/h4>\n<h4>KATSETE TULEMUSED<\/h4>\n<p>25.09.2021 Retriiverite tasemekatse (NOME-B) Saarj\u00e4rvel, I j\u00e4rk algklassis, kohtunik Vesa Turunen (FIN), koerajuht Eliko Nuka<br \/>\n25.07.2021 Retriiverite t\u00f5ukatse Ellamaal sooritatud, kohtunik Vesa Turunen (FIN), koerajuht Eliko Nuka<\/p>\n<h4>N\u00c4ITUSTE TULEMUSED<\/h4>\n<table>\n<tbody>\n<tr>\n<th>Kuup\u00e4ev<\/th>\n<th>N\u00e4itus<\/th>\n<th>Kohtunik<\/th>\n<th>Klass<\/th>\n<th>Tulemused<\/th>\n<\/tr>\n<tr>\n<td>03.06.2018<\/td>\n<td>INT &#8220;Eesti V\u00f5itja 2018<\/td>\n<td>Chantal Varaine (France)<\/td>\n<td>Juunioriklass<\/td>\n<td>SP 1 SK PI1 VSPJ VSP<\/td>\n<\/tr>\n<tr>\n<td>02.06.2018<\/td>\n<td>Retriiverite erin\u00e4itus<\/td>\n<td>Carina \u00d6stman (Sweden)<\/td>\n<td>Juunioriklass<\/td>\n<td>SP 1 SK VSPJ<\/td>\n<\/tr>\n<tr>\n<td>01.06.2018<\/td>\n<td>VIII r\u00fchma n\u00e4itus, Luige<\/td>\n<td>Hans Van Den Berg (Netherlands)<\/td>\n<td>Juunioriklass<\/td>\n<td>VSPJ Jun SERT<\/td>\n<\/tr>\n<tr>\n<td>15.04.2018<\/td>\n<td>INT Tallinna V\u00f5itja 2018<\/td>\n<td>Panche Dameski (Macedonia)<\/td>\n<td>Juunioriklass<\/td>\n<td>SP 3<\/td>\n<\/tr>\n<tr>\n<td>25.03.2018<\/td>\n<td>Rahvuslik, Tallinn<\/td>\n<td>Luis Peixoto (Portugal)<\/td>\n<td>Juunioriklass<\/td>\n<td>SP 1 SK PI2 TPJ Jun SERT<\/td>\n<\/tr>\n<tr>\n<td>24.03.2018<\/td>\n<td>Rahvuslik, Tallinn<\/td>\n<td>Tina Peixoto (Portugal)<br \/>\nZaur Agabeyli (AZE)<\/td>\n<td>Juunioriklass<\/td>\n<td>SP 1 SK PI2 TPJ Jun SERT &amp; BIS-4 J<\/td>\n<\/tr>\n<tr>\n<td>11.02.2018<\/td>\n<td>INT Tln Winter Cup 2018<\/td>\n<td>Jo Schepers (Netherlands)<\/td>\n<td>Juunioriklass<\/td>\n<td>SP 3<\/td>\n<\/tr>\n<tr>\n<td>10.02.2018<\/td>\n<td>8 &amp; 9 r\u00fchma n\u00e4itus, Tallinn<\/td>\n<td>Mariia Gvozdieva (Ukraine)<\/td>\n<td>Juunioriklass<\/td>\n<td>SP 3<\/td>\n<\/tr>\n<tr>\n<td>03.06.2017<\/td>\n<td>Retriiverite erin\u00e4itus<\/td>\n<td>Jef Verrees (Belgium)<\/td>\n<td>Beebiklass<\/td>\n<td>1 EAH VSPB<\/td>\n<\/tr>\n<\/tbody>\n<\/table>\n<h4>KOHTUNIKUD TEMAST<\/h4>\n<p><strong>Chantal Varaine, FRA:<\/strong><\/p>\n<blockquote><p>&#8220;Excellent type and proportion, lines with good proportions in head, strong neck, angulations front and rear excellent, deep chest, topline, tailset, movement, a little clamped back.&#8221;<\/p><\/blockquote>\n<p><strong>Carina \u00d6stman, SWE:<\/strong><\/p>\n<blockquote><p>&#8220;Lovely masculine head with lovely proportions and expression, ecellent neck and topline, good tail, good front angulations, very good in back angulations, excellent body, very good bone, parrallel in front and back, moves very nice from behind, coat not the best today.&#8221;<\/p><\/blockquote>\n<p><strong>Hans Van Den Berg, NL:<\/strong><\/p>\n<blockquote><p>&#8220;17 months old, nice in type, very nice in head shape, strong muzzle, very nice ear ste and dark eye, good front and rear, he is compact with a good croup, very nice in temperament, like in movement very much.&#8221;<\/p><\/blockquote>\n<p><strong>Jef Verres, kennel Lucifer&#8217;s Delight, Belgium<\/strong><\/p>\n<blockquote><p>&#8220;4,5 months old lovely yellow boy, sweet temperament, sweet head, good pigmentation, good reach of neck, correct topline, tail well set, in good summer coat, enough angulation, moved and showed well.&#8221;<\/p><\/blockquote>\n<h4>GALERII<\/h4>\n<p>ngg_shortcode_1_placeholder<\/p>","protected":false},"excerpt":{"rendered":"<p>EESTI JUUNIORT\u0160EMPION EESTI JUUNIORV\u00d5ITJA 2018 EESTI V\u00d5ITJA 2018 EESTI T\u0160EMPION My Brand Sky Wizard &#8220;Blue&#8221; kollane isane (BBee, ei p\u00e4randa pruuni) s\u00fcnd 1.1.2017 kaasomanik Priit Nuka, Eesti TERVISEUURINGUD puusad A\/A k\u00fc\u00fcnarliigesed 0:0 silmad puhtad (veebruar 2019) prcd-PRA puhas (vanemad puhtad) HNPK puhas (vanemad puhtad) EIC puhas (N\/N) ei kanna pikakarvalisuse geeni EKL registris \u00bb Blue [&hellip;]<\/p>\n","protected":false},"author":1,"featured_media":0,"parent":6,"menu_order":3,"comment_status":"closed","ping_status":"closed","template":"","meta":{"ngg_post_thumbnail":0,"footnotes":""},"class_list":["post-6250","page","type-page","status-publish","hentry"],"_links":{"self":[{"href":"https:\/\/vana.mybrand.ee\/et\/wp-json\/wp\/v2\/pages\/6250","targetHints":{"allow":["GET"]}}],"collection":[{"href":"https:\/\/vana.mybrand.ee\/et\/wp-json\/wp\/v2\/pages"}],"about":[{"href":"https:\/\/vana.mybrand.ee\/et\/wp-json\/wp\/v2\/types\/page"}],"author":[{"embeddable":true,"href":"https:\/\/vana.mybrand.ee\/et\/wp-json\/wp\/v2\/users\/1"}],"replies":[{"embeddable":true,"href":"https:\/\/vana.mybrand.ee\/et\/wp-json\/wp\/v2\/comments?post=6250"}],"version-history":[{"count":0,"href":"https:\/\/vana.mybrand.ee\/et\/wp-json\/wp\/v2\/pages\/6250\/revisions"}],"up":[{"embeddable":true,"href":"https:\/\/vana.mybrand.ee\/et\/wp-json\/wp\/v2\/pages\/6"}],"wp:attachment":[{"href":"https:\/\/vana.mybrand.ee\/et\/wp-json\/wp\/v2\/media?parent=6250"}],"curies":[{"name":"wp","href":"https:\/\/api.w.org\/{rel}","templated":true}]}}