{"id":6444,"date":"2018-03-10T21:47:36","date_gmt":"2018-03-10T19:47:36","guid":{"rendered":"https:\/\/vana.mybrand.ee\/?page_id=6444"},"modified":"2021-12-17T19:58:39","modified_gmt":"2021-12-17T17:58:39","slug":"touch-my-soul-reverie-stream","status":"publish","type":"page","link":"https:\/\/vana.mybrand.ee\/et\/about-us\/koerad-minevikust\/touch-my-soul-reverie-stream\/","title":{"rendered":"Touch My Soul Reverie Stream"},"content":{"rendered":"<p><img loading=\"lazy\" decoding=\"async\" class=\"ngg-singlepic ngg-none alignnone\" src=\"https:\/\/vana.mybrand.ee\/touch-my-soul-reverie-stream\/koerad-juuni-2019-007-web.jpg\" alt=\"\" width=\"1200\" height=\"800\"><\/p>\n<h3>&#8220;Hera&#8221;<\/h3>\n<p>kollane emane (BBee, ei kanna pruuni)<br \/>\ns\u00fcnd: 30.08.2017<br \/>\nKasvataja Guna Rize, L\u00e4ti<br \/>\nKaasomanik Anneliis Poll, Tallinn<\/p>\n<p><em>* fotol 22-kuune. <\/em><\/p>\n<h4>TERVISEUURINGUD:<\/h4>\n<ul>\n<li>puusad A\/A<\/li>\n<li>k\u00fc\u00fcnarliigesed 0:0<\/li>\n<li>silmauuring leiuta\/puhas (veebruar 2019)<\/li>\n<li>prcd-PRA puhas (vanemad puhtad)<\/li>\n<li>EIC kandja<\/li>\n<li>HNPK puhas (vanemad puhtad)<\/li>\n<li>pikakarvalisuse geeni kandja<\/li>\n<li><a href=\"https:\/\/register.kennelliit.ee\/index.php?page=dogCard&amp;dogId=261403\">EKL andmebaasis \u00bb<\/a><\/li>\n<\/ul>\n<p><img decoding=\"async\" class=\"aligncenter\" title=\"\" src=\"https:\/\/vana.mybrand.ee\/wp-content\/gallery\/web\/title-bg.png\" alt=\"\"><\/p>\n<p>See on kaunis noor emane, kes s\u00fcndis L\u00e4tis, Stronglines Money For Nothing ja My Brand Rose Is A Rose pesakonnas.<\/p>\n<p>Ait\u00e4h usalduse eest, Guna!<\/p>\n<h4>SUGUPUU<\/h4>\n<table class=\"tree\" border=\"1\">\n<tbody>\n<tr>\n<td class=\"tree\" style=\"width: 25%;\" rowspan=\"8\">FI CH Strongline&#8217;s Money For Nothing<br \/>\nHD A\/A, ED 0:0, Optigen prcd-PRA Normal\/Clear, EIC Clear (N\/N)<br \/>\n(FIN)<\/td>\n<td class=\"tree\" style=\"width: 25%;\" rowspan=\"4\">LCD JGD CH Flying Firecracker v.d.Weeward<\/td>\n<td class=\"tree\" style=\"width: 25%;\" rowspan=\"2\">Hunt Club Clayview Super Nova At Belquest<\/td>\n<td class=\"tree\" style=\"width: 25%;\">BISS CH Blackwing Superfine<\/td>\n<\/tr>\n<tr>\n<td class=\"tree\" style=\"width: 25%;\"><span class=\"style118\">Hunt Club Clayview Irish Cream <\/span><\/td>\n<\/tr>\n<tr>\n<td class=\"tree\" style=\"width: 25%;\" rowspan=\"2\">Xtra Ordinairy Xara V.d. Weeward<\/td>\n<td class=\"tree\" style=\"width: 25%;\">Kindly American Eagle v\/d Weeward<\/td>\n<\/tr>\n<tr>\n<td class=\"tree\" style=\"width: 25%;\">Hunterleigh v\/d Weeward Chanel<\/td>\n<\/tr>\n<tr>\n<td class=\"tree\" style=\"width: 25%;\" rowspan=\"4\">FI EST CH Strongline&#8217;s Xantamaria<\/td>\n<td class=\"tree\" style=\"width: 25%;\" rowspan=\"2\">Sidewild Northern Frost<\/td>\n<td class=\"tree\" style=\"width: 25%;\">SW SH CH Cambremer Wellington<\/td>\n<\/tr>\n<tr>\n<td class=\"tree\" style=\"width: 25%;\">FIN CH JW-03 W-03 Sidewild Down Under<\/td>\n<\/tr>\n<tr>\n<td class=\"tree\" style=\"width: 25%;\" rowspan=\"2\">FI CH Strongline&#8217;s Quantanamera<\/td>\n<td class=\"tree\" style=\"width: 25%;\">GB CH Carpenny Anchorman<\/td>\n<\/tr>\n<tr>\n<td class=\"tree\" style=\"width: 25%;\">SE UCH FI MVA Strongline&#8217;s Piggywiggy<\/td>\n<\/tr>\n<tr>\n<td class=\"tree\" style=\"width: 25%;\" rowspan=\"8\">LV CH My Brand Rose Is A Rose<br \/>\nHD A\/A ED 0:0, Eyes Clear,<br \/>\nprcd-PRA puhas, HNPK puhas<br \/>\nEIC kandja<br \/>\n(EST)<\/td>\n<td class=\"tree\" style=\"width: 25%;\" rowspan=\"4\">EST RUS JCH JTWC\u201915 TWC\u201915 Tawastway\u2019s Snowholic<br \/>\nHD A\/A, ED 0:0, Optigen prcd-PRA Normal\/Clear, EIC Clear (N\/N)<br \/>\n(FIN)<\/td>\n<td class=\"tree\" style=\"width: 25%;\" rowspan=\"2\">SW SH CH POL JCH JW\u201911 NL CH C.I.B. Seawinds Polish Poker<\/td>\n<td class=\"tree\" style=\"width: 25%;\">BISS CH Wit\u2019s End Jacks Or Better At Blackwing<\/td>\n<\/tr>\n<tr>\n<td class=\"tree\" style=\"width: 25%;\">AM CH Allegheny\u2019s Belles Of Ireland<\/td>\n<\/tr>\n<tr>\n<td class=\"tree\" style=\"width: 25%;\" rowspan=\"2\">C.I.B FI SW&nbsp; EST CH Tealway Early Bird<\/td>\n<td class=\"tree\" style=\"width: 25%;\">INT &amp; SWISS CH Utter Nonsense of Tintagel Winds<\/td>\n<\/tr>\n<tr>\n<td class=\"tree\" style=\"width: 25%;\">FIN CH Bubbling Savannah<\/td>\n<\/tr>\n<tr>\n<td class=\"tree\" style=\"width: 25%;\" rowspan=\"4\">My Brand Kiss From A Rose<br \/>\nHD B\/B ED 0:0, Eyes Clear, prcd-PRA Clear, HNPK N\/N Clear<br \/>\n(EST)<\/td>\n<td class=\"tree\" style=\"width: 25%;\" rowspan=\"2\">MEX EST CH Tabatha\u2019s Caffu Queijeiro<\/td>\n<td class=\"tree\" style=\"width: 25%;\">MEX CH Dickendall Bucky<\/td>\n<\/tr>\n<tr>\n<td class=\"tree\" style=\"width: 25%;\">AM CH Tabatha\u2019s Gala WC<\/td>\n<\/tr>\n<tr>\n<td class=\"tree\" style=\"width: 25%;\" rowspan=\"2\">My Brand Rare Stone Rose<\/td>\n<td class=\"tree\" style=\"width: 25%;\">BISS CH Big Sky\u2019s Stone Kutter<\/td>\n<\/tr>\n<tr>\n<td class=\"tree\" style=\"width: 25%;\">EST LV RUS JCH BALT JW\u201906 Rocheby Liberty Belle<\/td>\n<\/tr>\n<\/tbody>\n<\/table>\n<p><img loading=\"lazy\" decoding=\"async\" class=\"ngg-singlepic ngg-none\" src=\"https:\/\/vana.mybrand.ee\/touch-my-soul-reverie-stream\/koerad-juuni-2019-017-web.jpg\" alt=\"Touch My Soul Reverie Stream\" width=\"1200\" height=\"800\"><\/p>\n<h4>N\u00c4ITUSTE TULEMUSED<\/h4>\n<table>\n<tbody>\n<tr>\n<th>Kuup\u00e4ev<\/th>\n<th>N\u00e4itus<\/th>\n<th>Kohtunik<\/th>\n<th>Klass<\/th>\n<th>Tulemused<\/th>\n<\/tr>\n<tr>\n<td>03.06.2018<\/td>\n<td>RV &#8220;Eesti V\u00f5itja 2018&#8221;, Luige<\/td>\n<td>Chantal Varaine (France)<\/td>\n<td>Juunioriklass<\/td>\n<td>SP 4 SK<\/td>\n<\/tr>\n<tr>\n<td>02.06.2018<\/td>\n<td>Retriiverite erin\u00e4itus, Harjumaa<\/td>\n<td>Carina \u00d6stman (Sweden)<\/td>\n<td>Juunioriklass<\/td>\n<td>SP<\/td>\n<\/tr>\n<tr>\n<td>25.03.2018<\/td>\n<td>Rahvuslik koerten\u00e4itus, Tallinn<\/td>\n<td>(Luis Peixoto, POR &amp; Dina Korna, EST)<\/td>\n<td>Kutsikaklass<\/td>\n<td>TPK &#8211; BEST IN SHOW KUTSIKAS!<\/td>\n<\/tr>\n<tr>\n<td>24.03.2018<\/td>\n<td>Rahvuslik koerten\u00e4itus, Tallinn<\/td>\n<td>(Tina Peixoto, POR &amp; Zaur Agabeyli, AZE)<\/td>\n<td>Kutsikaklass<\/td>\n<td>TPK &#8211; BEST IN SHOW-2 KUTSIKAS!<\/td>\n<\/tr>\n<\/tbody>\n<\/table>\n<h4>KATSETE TULEMUSED<\/h4>\n<p>Hera l\u00e4bis retriiverite t\u00f5ukatsed (saagiga) 9-kuuselt 26.05.2018 J\u00f5gevamaal, kohtunikuks Ari-Pekka Fontell, Soomest. Teda koolitas ja juhtis katsel Anneliis Poll.<\/p>\n<h4>KOHTUNIKUD TEMAST:<\/h4>\n<p><strong>Chantal Varaine, FRA<\/strong><\/p>\n<blockquote><p>&#8220;Excellent type and proportions, sweet head, full correct teeth, excellent neck, angulations, topline, tailset, pasterns, deep chest, movement, presentation &#8211; excellent.&#8221;<\/p><\/blockquote>\n<p><strong>Carina \u00d6stman, SWE<\/strong><\/p>\n<blockquote><p>&#8220;Feminine, lovely head and expression, excellent neck, tailset and tail both moving and standing, excellently angulated front, very good back, body under development, ecellent bone and coat, moves super from all sides.&#8221;<\/p><\/blockquote>\n<h4 class=\"wpview-selection-before\">GALERII<\/h4>\n<p>ngg_shortcode_1_placeholder<\/p>","protected":false},"excerpt":{"rendered":"<p>&#8220;Hera&#8221; kollane emane (BBee, ei kanna pruuni) s\u00fcnd: 30.08.2017 Kasvataja Guna Rize, L\u00e4ti Kaasomanik Anneliis Poll, Tallinn * fotol 22-kuune. TERVISEUURINGUD: puusad A\/A k\u00fc\u00fcnarliigesed 0:0 silmauuring leiuta\/puhas (veebruar 2019) prcd-PRA puhas (vanemad puhtad) EIC kandja HNPK puhas (vanemad puhtad) pikakarvalisuse geeni kandja EKL andmebaasis \u00bb See on kaunis noor emane, kes s\u00fcndis L\u00e4tis, Stronglines Money [&hellip;]<\/p>\n","protected":false},"author":1,"featured_media":0,"parent":5477,"menu_order":8,"comment_status":"closed","ping_status":"closed","template":"","meta":{"ngg_post_thumbnail":0,"footnotes":""},"class_list":["post-6444","page","type-page","status-publish","hentry"],"_links":{"self":[{"href":"https:\/\/vana.mybrand.ee\/et\/wp-json\/wp\/v2\/pages\/6444","targetHints":{"allow":["GET"]}}],"collection":[{"href":"https:\/\/vana.mybrand.ee\/et\/wp-json\/wp\/v2\/pages"}],"about":[{"href":"https:\/\/vana.mybrand.ee\/et\/wp-json\/wp\/v2\/types\/page"}],"author":[{"embeddable":true,"href":"https:\/\/vana.mybrand.ee\/et\/wp-json\/wp\/v2\/users\/1"}],"replies":[{"embeddable":true,"href":"https:\/\/vana.mybrand.ee\/et\/wp-json\/wp\/v2\/comments?post=6444"}],"version-history":[{"count":0,"href":"https:\/\/vana.mybrand.ee\/et\/wp-json\/wp\/v2\/pages\/6444\/revisions"}],"up":[{"embeddable":true,"href":"https:\/\/vana.mybrand.ee\/et\/wp-json\/wp\/v2\/pages\/5477"}],"wp:attachment":[{"href":"https:\/\/vana.mybrand.ee\/et\/wp-json\/wp\/v2\/media?parent=6444"}],"curies":[{"name":"wp","href":"https:\/\/api.w.org\/{rel}","templated":true}]}}